{"id":32212,"date":"2025-08-20T18:04:28","date_gmt":"2025-08-20T17:04:28","guid":{"rendered":"https:\/\/www.marrakechtaxi.com\/tour-3-giorni-marrakech-fes-deserto-merzouga\/"},"modified":"2025-08-21T08:07:26","modified_gmt":"2025-08-21T07:07:26","slug":"tour-3-giorni-marrakech-fes-deserto-merzouga","status":"publish","type":"product","link":"https:\/\/www.marrakechtaxi.com\/it\/tour-3-giorni-marrakech-fes-deserto-merzouga\/","title":{"rendered":"Tour 3 giorni Marrakech a F\u00e8s via Merzouga \u2013 Viaggio privato nel Sahara"},"content":{"rendered":"\n<h2 class=\"wp-block-heading has-luminous-vivid-orange-color has-text-color has-link-color wp-elements-f47f706488e3e614a8fdb7da0a1ff70d\"><strong>Panoramica<\/strong><\/h2>\n\n<p>Questo <strong>tour di 3 giorni nel deserto da Marrakech a F\u00e8s<\/strong> \u00e8 il modo pi\u00f9 popolare per scoprire i paesaggi del Marocco in breve tempo. Parti dalla vivace <strong>Marrakech<\/strong>, attraversa i <strong>Monti dell&#8217;Atlante<\/strong>, scopri la famosa <strong>Kasbah di A\u00eft Ben Haddou<\/strong>, passeggia attraverso gole spettacolari e cavalca i cammelli tra le dune dorate dell&#8217;<strong>Erg Chebbi<\/strong>. Trascorri la notte in un accampamento nel deserto prima di raggiungere <strong>Fes<\/strong>, la capitale culturale del Marocco.  <\/p>\n\n<h2 class=\"wp-block-heading has-luminous-vivid-orange-color has-text-color has-link-color wp-elements-7524c0addf712f5abed58e0fb2e6bd76\"><strong>Punti salienti<\/strong><\/h2>\n\n<p>\u2705 Viaggio panoramico sulle <strong>montagne dell&#8217;Alto Atlante<\/strong> attraverso il passo Tizi n&#8217;Tichka <br\/>\u2705 Visita guidata di <strong>A\u00eft Ben Haddou<\/strong> (patrimonio mondiale dell&#8217;UNESCO) <br\/>\u2705 Scopri <strong>Ouarzazate<\/strong> e i paesaggi cinematografici del Marocco meridionale <br\/>\u2705 Pernottamento nelle spettacolari <strong>Gole del Dades<\/strong><br\/>\u2705 Esplora le <strong>Gole del Todra<\/strong> e le valli delle palme  <br\/>\u2705 Escursione in cammello nel deserto del Sahara a <strong>Merzouga (dune dell&#8217;Erg Chebbi)<\/strong><br\/>\u2705 Tramonto e alba sulle dune del Sahara <br\/>\u2705 Pernottamento in un <strong>accampamento nel deserto<\/strong> con musica berbera  <br\/>\u2705 Viaggio attraverso la <strong>foresta di cedri di Azrou<\/strong> e <strong>Ifrane<\/strong> prima di raggiungere F\u00e8s  <\/p>\n\n<h2 class=\"wp-block-heading has-luminous-vivid-orange-color has-text-color has-link-color wp-elements-fe681839fa64ab31361d527fe470cdbc\"><strong>Itinerario <\/strong><\/h2>\n\n<h3 class=\"wp-block-heading has-vivid-red-color has-text-color has-link-color wp-elements-0d2f7482af791dc655396d4eb0b12d77\"><strong><strong>Giorno 1 \u2013 Marrakech \u2192 Alto Atlante \u2192 A\u00eft Benhaddou \u2192 Gole del Dades<\/strong><\/strong><\/h3>\n\n<p>Partenza da Marrakech, attraversando le <strong>montagne dell&#8217;Alto Atlante<\/strong> e il <strong>passo del Tizi n&#8217;Tichka<\/strong> (2260 m). Sosta alla <strong>Kasbah di A\u00eft Ben Haddou<\/strong> per una visita guidata e il pranzo. Proseguimento attraverso <strong>Ouarzazate<\/strong> e la <strong>Valle delle Rose<\/strong> prima di raggiungere le <strong>Gole del Dades<\/strong> per il pernottamento.  <\/p>\n\n<h3 class=\"wp-block-heading has-vivid-red-color has-text-color has-link-color wp-elements-e1610b246a219f8907d193aa196e71a5\"><strong>Giorno 2 \u2013 Gole del Dades \u2192 Gole del Todra \u2192 Accampamento nel deserto di Merzouga<\/strong><\/h3>\n\n<p>Dopo la colazione, dirigetevi verso le spettacolari <strong>Gole del Todra<\/strong>. Proseguite per <strong>Erfoud<\/strong> e <strong>Merzouga<\/strong>. Al tramonto, godetevi un&#8217;escursione in <strong>cammello attraverso<\/strong> le dune di <strong>Erg Chebbi<\/strong> fino al vostro accampamento nel deserto. Cena e pernottamento in un accampamento di lusso o standard sotto le stelle.   <\/p>\n\n<h3 class=\"wp-block-heading has-vivid-red-color has-text-color has-link-color wp-elements-885dacd1dfeafee6d1d153023040a5d7\"><strong><strong>Giorno 3 \u2013 Merzouga \u2192 Midelt \u2192 Azrou \u2192 F\u00e8s<\/strong><\/strong><\/h3>\n\n<p>Sveglia presto per ammirare l&#8217;alba sulle dune. Dopo colazione, proseguite verso nord attraverso la <strong>valle dello Ziz<\/strong>, <strong>Midelt<\/strong>, le foreste di cedri vicino ad <strong>Azrou<\/strong> e la citt\u00e0 alpina di <strong>Ifrane<\/strong>. Arrivo a <strong>F\u00e8s <\/strong>in serata, dove il tour si conclude.  <\/p>\n\n<h2 class=\"wp-block-heading has-luminous-vivid-orange-color has-text-color has-link-color wp-elements-835cd58b8dc64122dbc6bb345c3fbe1f\"><strong> \u2705 Cosa \u00e8 incluso \/ Non incluso<\/strong><\/h2>\n\n<h3 class=\"wp-block-heading\"><strong>\u2705 Incluso:<\/strong><\/h3>\n\n<p>\u2705 Trasporto privato in comodo veicolo con aria condizionata<br\/>\u2705 Autista\/guida professionista<br\/>\u2705 1 notte nelle Gole del Dades (cena e colazione)<br\/>\u2705 1 notte in un accampamento nel deserto del Sahara con cena e colazione<br\/>\u2705 Escursione in cammello nelle dune dell&#8217;Erg Chebbi<br\/>\u2705 Sandboarding e intrattenimento attorno al fuoco<\/p>\n\n<h3 class=\"wp-block-heading\"><strong>\u274c Non incluso<\/strong><\/h3>\n\n<p>Voli internazionali<br\/>Pranzi e bevande<br\/>Biglietti d&#8217;ingresso (visite facoltative)<br\/>Pernottamento a Marrakech e Fez<\/p>\n\n<h2 class=\"wp-block-heading has-luminous-vivid-orange-color has-text-color has-link-color wp-elements-2ab51d15eb3307663b425b2e1df30e56\"><strong>Informazioni pratiche<\/strong><\/h2>\n\n<ul class=\"wp-block-list\">\n<li><strong>Durata<\/strong>: 3 giorni \/ 2 notti<\/li>\n\n\n\n<li><strong>Partenza<\/strong>: giornaliera, da Marrakech<\/li>\n\n\n\n<li><strong>Arrivo<\/strong>: Rientro a Fez<\/li>\n\n\n\n<li><strong>Tipo di tour<\/strong>: privato (personalizzabile)<\/li>\n<\/ul>\n\n<h2 class=\"wp-block-heading has-luminous-vivid-orange-color has-text-color has-link-color wp-elements-ebef43bb4679b8915848d964820def5c\"><strong>Perch\u00e9 prenotare questo tour?<\/strong><\/h2>\n\n<p>\ud83d\ude97 <strong>Privato e flessibile<\/strong>: viaggia al tuo ritmo con un autista privato.<br\/>\ud83d\udc2a <strong>Autentica esperienza nel deserto<\/strong>: giro in cammello, musica berbera e osservazione delle stelle.<br\/>\ud83c\udfdc\ufe0f <strong>Scopri di pi\u00f9 in meno tempo<\/strong>: ideale per chi ha solo 3 giorni a disposizione.<br\/>\u2b50 <strong>Pi\u00f9 votato<\/strong>: questo \u00e8 uno dei<strong> tour nel deserto da Marrakech a Fez<\/strong> pi\u00f9 prenotati.<\/p>\n\n<hr class=\"wp-block-separator has-alpha-channel-opacity\"\/>\n\n<h2 class=\"wp-block-heading has-luminous-vivid-orange-color has-text-color has-link-color wp-elements-d0e9c0c7064f65cfb4cea311c34a4eba\"><strong>Domande frequenti<\/strong><\/h2>\n<div id=\"rank-math-faq\" class=\"rank-math-block\">\n<div class=\"rank-math-list \">\n<div id=\"faq-question-1755704542551\" class=\"rank-math-list-item\">\n<h3 class=\"rank-math-question \"><strong>3 giorni sono sufficienti per un tour nel deserto da Marrakech a Fez?<\/strong><\/h3>\n<div class=\"rank-math-answer \">\n\n<p>S\u00ec, 3 giorni sono il minimo consigliato per visitare il deserto del Sahara e viaggiare comunque comodamente da Marrakech a Fez.<\/p>\n\n<\/div>\n<\/div>\n<div id=\"faq-question-1755704559704\" class=\"rank-math-list-item\">\n<h3 class=\"rank-math-question \"><strong>Il tour include anche le passeggiate sui cammelli?<\/strong><\/h3>\n<div class=\"rank-math-answer \">\n\n<p>S\u00ec. \u00c8 inclusa un&#8217;escursione in cammello al tramonto tra le dune di Erg Chebbi, oltre alla possibilit\u00e0 di scattare foto all&#8217;alba. <\/p>\n\n<\/div>\n<\/div>\n<div id=\"faq-question-1755704581564\" class=\"rank-math-list-item\">\n<h3 class=\"rank-math-question \"><strong>Effettuate il prelievo dagli hotel di Marrakech?<\/strong><\/h3>\n<div class=\"rank-math-answer \">\n\n<p>S\u00ec, il prelievo dal tuo hotel\/riad a Marrakech \u00e8 incluso. \u00c8 incluso anche il rientro a Fez presso il tuo alloggio. <\/p>\n\n<\/div>\n<\/div>\n<div id=\"faq-question-1755704606465\" class=\"rank-math-list-item\">\n<h3 class=\"rank-math-question \"><strong>Questo tour \u00e8 privato o condiviso?<\/strong><\/h3>\n<div class=\"rank-math-answer \">\n\n<p>Si tratta di un tour privato, ma su richiesta \u00e8 possibile organizzare anche tour condivisi per gruppi.<\/p>\n\n<\/div>\n<\/div>\n<\/div>\n<\/div>","protected":false},"excerpt":{"rendered":"<p>Scopri il Marocco con un <strong>tour di 3 giorni nel deserto da Marrakech a F\u00e8s passando per Merzouga<\/strong>. Attraversa le montagne dell&#8217;Alto Atlante, esplora <strong>A\u00eft Ben Haddou<\/strong>, fai un giro in cammello nell&#8217;<strong>Erg Chebbi<\/strong> e dormi sotto le stelle del Sahara in un accampamento nel deserto di lusso o standard. Trasferimenti privati \u200b\u200binclusi.  <\/p>\n","protected":false},"featured_media":32196,"comment_status":"open","ping_status":"closed","template":"","meta":{"inline_featured_image":false,"_monsterinsights_skip_tracking":false,"_monsterinsights_sitenote_active":false,"_monsterinsights_sitenote_note":"","_monsterinsights_sitenote_category":0},"product_brand":[],"product_cat":[135,138,71],"product_tag":[],"class_list":{"0":"post-32212","1":"product","2":"type-product","3":"status-publish","4":"has-post-thumbnail","6":"product_cat-tour-marocco","7":"product_cat-tour-da-marrakech","8":"product_cat-tour-deserto-marocco","10":"first","11":"instock","12":"virtual","13":"sold-individually","14":"purchasable","15":"product-type-booking"},"booking_location":"","booking_location_type":"","booking_duration":1,"booking_duration_unit":"day","booking_buffer":0,"booking_cost":680,"booking_resources":[],"exclude_global_add_ons":[],"addons":[],"_links":{"self":[{"href":"https:\/\/www.marrakechtaxi.com\/it\/wp-json\/wp\/v2\/product\/32212","targetHints":{"allow":["GET"]}}],"collection":[{"href":"https:\/\/www.marrakechtaxi.com\/it\/wp-json\/wp\/v2\/product"}],"about":[{"href":"https:\/\/www.marrakechtaxi.com\/it\/wp-json\/wp\/v2\/types\/product"}],"replies":[{"embeddable":true,"href":"https:\/\/www.marrakechtaxi.com\/it\/wp-json\/wp\/v2\/comments?post=32212"}],"wp:featuredmedia":[{"embeddable":true,"href":"https:\/\/www.marrakechtaxi.com\/it\/wp-json\/wp\/v2\/media\/32196"}],"wp:attachment":[{"href":"https:\/\/www.marrakechtaxi.com\/it\/wp-json\/wp\/v2\/media?parent=32212"}],"wp:term":[{"taxonomy":"product_brand","embeddable":true,"href":"https:\/\/www.marrakechtaxi.com\/it\/wp-json\/wp\/v2\/product_brand?post=32212"},{"taxonomy":"product_cat","embeddable":true,"href":"https:\/\/www.marrakechtaxi.com\/it\/wp-json\/wp\/v2\/product_cat?post=32212"},{"taxonomy":"product_tag","embeddable":true,"href":"https:\/\/www.marrakechtaxi.com\/it\/wp-json\/wp\/v2\/product_tag?post=32212"}],"curies":[{"name":"wp","href":"https:\/\/api.w.org\/{rel}","templated":true}]}}