{"id":32044,"date":"2025-08-06T22:42:43","date_gmt":"2025-08-06T21:42:43","guid":{"rendered":"https:\/\/www.marrakechtaxi.com\/transfer-privato-giardino-majorelle-marrakech\/"},"modified":"2025-11-12T15:10:14","modified_gmt":"2025-11-12T14:10:14","slug":"transfer-privato-giardino-majorelle-marrakech","status":"publish","type":"product","link":"https:\/\/www.marrakechtaxi.com\/it\/transfer-privato-giardino-majorelle-marrakech\/","title":{"rendered":"Visita al Giardino Majorelle \u2013 Solo trasferimenti privati"},"content":{"rendered":"\n<h2 class=\"wp-block-heading has-luminous-vivid-orange-color has-text-color has-link-color wp-elements-d71c05b290fe971a133df55ffc1a0e97\"><strong>\ud83c\udf3f Panoramica<\/strong><\/h2>\n\n<p>Evita lo stress dei taxi o le lunghe code e viaggia in tutta comodit\u00e0 con i nostri <strong>trasferimenti privati per il Giardino Majorelle<\/strong>, una delle attrazioni pi\u00f9 iconiche di Marrakech. Questo <strong>servizio non include i biglietti d&#8217;ingresso<\/strong>, dandoti la libert\u00e0 di esplorare la zona al tuo ritmo una volta arrivato. <\/p>\n\n<p>Perfetto per coppie, famiglie e viaggiatori singoli che cercano un <strong>modo senza pensieri per visitare<\/strong> lo splendido <strong>Giardino Majorelle<\/strong>, noto per la sua vivace architettura blu, le piante esotiche e l&#8217;atmosfera serena.<\/p>\n\n<h2 class=\"wp-block-heading has-luminous-vivid-orange-color has-text-color has-link-color wp-elements-41bae1aee1d3df52ae6944e9bfb1ed29\"><strong>Cosa aspettarsi<\/strong><\/h2>\n\n<p>\u2705 Prelievo dal tuo hotel o riad a Marrakech (o dal punto accessibile pi\u00f9 vicino)<br\/>\u2705 Veicolo privato confortevole e climatizzato<br\/>\u2705 Rientro all&#8217;ingresso del Giardino Majorelle<br\/>\u2705 Tempo libero per esplorare il giardino al tuo ritmo (biglietto non incluso)<br\/>\u2705 Trasferimento di ritorno al tuo alloggio<\/p>\n\n<h2 class=\"wp-block-heading has-luminous-vivid-orange-color has-text-color has-link-color wp-elements-45dc4673ef1b7bc653f29959696531c8\"><strong>\u2139\ufe0f Informazioni aggiuntive<\/strong><\/h2>\n\n<ul class=\"wp-block-list\">\n<li>\ud83d\udccdDestinazione: Giardini Majorelle, Marrakech<\/li>\n\n\n\n<li>\ud83d\udd52 Durata: flessibile (trasporto totale circa 1h-1h30 andata e ritorno)<\/li>\n\n\n\n<li>\ud83c\udfab Biglietti NON inclusi (prenota online o all&#8217;ingresso)<\/li>\n\n\n\n<li>\ud83e\uddd2 Esperienza adatta alle famiglie<\/li>\n\n\n\n<li>\ud83e\uddcd\u200d\u2640\ufe0f Adatto a single, coppie e gruppi<\/li>\n\n\n\n<li>\ud83d\ude98 Opzioni di veicolo in base alle dimensioni del gruppo (auto o minivan)<\/li>\n<\/ul>\n\n<blockquote class=\"wp-block-quote is-layout-flow wp-block-quote-is-layout-flow\">\n<p>Se alloggi <strong>fuori citt\u00e0<\/strong> (ad esempio Palmeraie, Ourika Road), contattaci per verificare la disponibilit\u00e0 e l&#8217;adeguamento dei prezzi prima di prenotare.<\/p>\n<\/blockquote>\n\n<h2 class=\"wp-block-heading has-luminous-vivid-orange-color has-text-color has-link-color wp-elements-b7ef893cad7a6fa1836d58453578ed28\"><strong>\ud83d\udcc5 Informazioni sulla prenotazione:<\/strong><\/h2>\n\n<ul class=\"wp-block-list\">\n<li>Esperienza disponibile <strong>quotidianamente<\/strong><\/li>\n\n\n\n<li>Per confermare la prenotazione \u00e8 richiesto un <strong>deposito <\/strong>(tramite PayPal)<\/li>\n\n\n\n<li>Saldo rimanente pagato all&#8217;autista il giorno dell&#8217;esperienza<\/li>\n\n\n\n<li>Conferma immediata via email o WhatsApp<\/li>\n<\/ul>\n\n<hr class=\"wp-block-separator has-alpha-channel-opacity\"\/>\n\n<h2 class=\"wp-block-heading has-luminous-vivid-orange-color has-text-color has-link-color wp-elements-d0e9c0c7064f65cfb4cea311c34a4eba\"><strong>Domande frequenti<\/strong><\/h2>\n<div id=\"rank-math-faq\" class=\"rank-math-block\">\n<div class=\"rank-math-list \">\n<div id=\"faq-question-1754516252450\" class=\"rank-math-list-item\">\n<h3 class=\"rank-math-question \"><strong>Fornite biglietti d&#8217;ingresso?<\/strong><\/h3>\n<div class=\"rank-math-answer \">\n\n<p>No, questo pacchetto include solo <strong>trasferimenti privati<\/strong>. Puoi acquistare il biglietto online in anticipo o all&#8217;ingresso. <\/p>\n\n<\/div>\n<\/div>\n<div id=\"faq-question-1754516270059\" class=\"rank-math-list-item\">\n<h3 class=\"rank-math-question \"><strong>Quanto tempo possiamo trascorrere in giardino?<\/strong><\/h3>\n<div class=\"rank-math-answer \">\n\n<p>Scegli tu! Il tuo trasferimento di ritorno sar\u00e0 coordinato in base al tempo che desideri dedicare alla visita. <\/p>\n\n<\/div>\n<\/div>\n<div id=\"faq-question-1754516281196\" class=\"rank-math-list-item\">\n<h3 class=\"rank-math-question \"><strong>\u00c8 adatto a famiglie o visitatori anziani?<\/strong><\/h3>\n<div class=\"rank-math-answer \">\n\n<p>S\u00ec, \u00e8 un&#8217;attivit\u00e0 rilassante e adatta alle famiglie. Gli spostamenti sono comodi e il giardino \u00e8 per lo pi\u00f9 accessibile. <\/p>\n\n<\/div>\n<\/div>\n<div id=\"faq-question-1754516292018\" class=\"rank-math-list-item\">\n<h3 class=\"rank-math-question \"><strong>Posso abbinare questa attrazione a un&#8217;altra nelle vicinanze?<\/strong><\/h3>\n<div class=\"rank-math-answer \">\n\n<p>S\u00ec, puoi richiedere una sosta al <strong>Museo Yves Saint Laurent<\/strong> o a <strong>Gueliz <\/strong>per fare shopping o prendere un caff\u00e8 (potrebbe essere applicato un costo aggiuntivo).<\/p>\n\n<\/div>\n<\/div>\n<div id=\"faq-question-1754516311569\" class=\"rank-math-list-item\">\n<h3 class=\"rank-math-question \"><strong>Dove \u00e8 disponibile il ritiro?<\/strong><\/h3>\n<div class=\"rank-math-answer \">\n\n<p>Il prelievo avviene da qualsiasi hotel, riad o luogo accessibile nel centro di Marrakech.<\/p>\n\n<\/div>\n<\/div>\n<\/div>\n<\/div>","protected":false},"excerpt":{"rendered":"<p>Goditi un trasporto senza stress per il famoso Giardino Majorelle di Marrakech. Include trasferimenti privati di andata e ritorno dal tuo hotel o riad (biglietto non incluso). <\/p>\n","protected":false},"featured_media":31591,"comment_status":"open","ping_status":"closed","template":"","meta":{"inline_featured_image":false,"_monsterinsights_skip_tracking":false,"_monsterinsights_sitenote_active":false,"_monsterinsights_sitenote_note":"","_monsterinsights_sitenote_category":0},"product_brand":[],"product_cat":[74],"product_tag":[],"class_list":{"0":"post-32044","1":"product","2":"type-product","3":"status-publish","4":"has-post-thumbnail","6":"product_cat-attivita-marrakech","8":"first","9":"instock","10":"virtual","11":"sold-individually","12":"purchasable","13":"product-type-booking"},"booking_location":"","booking_location_type":"","booking_duration":1,"booking_duration_unit":"day","booking_buffer":0,"booking_cost":45,"booking_resources":[],"exclude_global_add_ons":[],"addons":[],"_links":{"self":[{"href":"https:\/\/www.marrakechtaxi.com\/it\/wp-json\/wp\/v2\/product\/32044","targetHints":{"allow":["GET"]}}],"collection":[{"href":"https:\/\/www.marrakechtaxi.com\/it\/wp-json\/wp\/v2\/product"}],"about":[{"href":"https:\/\/www.marrakechtaxi.com\/it\/wp-json\/wp\/v2\/types\/product"}],"replies":[{"embeddable":true,"href":"https:\/\/www.marrakechtaxi.com\/it\/wp-json\/wp\/v2\/comments?post=32044"}],"wp:featuredmedia":[{"embeddable":true,"href":"https:\/\/www.marrakechtaxi.com\/it\/wp-json\/wp\/v2\/media\/31591"}],"wp:attachment":[{"href":"https:\/\/www.marrakechtaxi.com\/it\/wp-json\/wp\/v2\/media?parent=32044"}],"wp:term":[{"taxonomy":"product_brand","embeddable":true,"href":"https:\/\/www.marrakechtaxi.com\/it\/wp-json\/wp\/v2\/product_brand?post=32044"},{"taxonomy":"product_cat","embeddable":true,"href":"https:\/\/www.marrakechtaxi.com\/it\/wp-json\/wp\/v2\/product_cat?post=32044"},{"taxonomy":"product_tag","embeddable":true,"href":"https:\/\/www.marrakechtaxi.com\/it\/wp-json\/wp\/v2\/product_tag?post=32044"}],"curies":[{"name":"wp","href":"https:\/\/api.w.org\/{rel}","templated":true}]}}