{"id":32035,"date":"2025-07-24T17:35:03","date_gmt":"2025-07-24T16:35:03","guid":{"rendered":"https:\/\/www.marrakechtaxi.com\/biglietto-giardino-majorelle-transfer-privato-marrakech\/"},"modified":"2026-01-05T19:01:08","modified_gmt":"2026-01-05T18:01:08","slug":"biglietto-giardino-majorelle-transfer-privato-marrakech","status":"publish","type":"product","link":"https:\/\/www.marrakechtaxi.com\/it\/biglietto-giardino-majorelle-transfer-privato-marrakech\/","title":{"rendered":"Visita al Giardino Majorelle \u2013 Biglietto e trasferimenti privati"},"content":{"rendered":"\n<h3 class=\"wp-block-heading\">\ud83c\udf3f Scopri il Giardino Majorelle con stile<\/h3>\n\n<p>Entra nel mondo di Yves Saint Laurent ed esplora il vivace <strong>Giardino Majorelle<\/strong>, un&#8217;oasi di pace nel cuore di Marrakech. Il nostro autista privato ti verr\u00e0 a prendere direttamente al tuo alloggio e ti accompagner\u00e0 al giardino con facilit\u00e0 e comfort. Niente stress da taxi o lunghe code: solo tu, il tuo gruppo e la rilassante bellezza di questa oasi botanica di fama mondiale.  <\/p>\n\n<h2 class=\"wp-block-heading has-luminous-vivid-orange-color has-text-color has-link-color wp-elements-5ce799589848391a6b7e0523ad74d5f9\"><strong>\u2705 Cosa \u00e8 incluso:<\/strong><\/h2>\n\n<ul class=\"wp-block-list\">\n<li>Trasporto privato di andata e ritorno dal tuo alloggio a Marrakech (1\u201317 persone)<\/li>\n\n\n\n<li>Biglietti d&#8217;ingresso) al <strong>Jardin Majorelle<\/strong><\/li>\n\n\n\n<li>Veicolo con aria condizionata e autista professionista<\/li>\n\n\n\n<li>Assistenza all&#8217;ingresso (consegna biglietti)<\/li>\n<\/ul>\n\n<h2 class=\"wp-block-heading has-luminous-vivid-orange-color has-text-color has-link-color wp-elements-3c176d2180e99785f7f475b11345e164\"><strong>\u274c Non incluso:<\/strong><\/h2>\n\n<ul class=\"wp-block-list\">\n<li>Mance all&#8217;autista (facoltative)<\/li>\n\n\n\n<li>Guida turistica all&#8217;interno del giardino<\/li>\n\n\n\n<li>Musei o attrazioni aggiuntivi<\/li>\n\n\n\n<li>Prelievo fuori citt\u00e0 di Marrakech (contattateci prima di prenotare)<\/li>\n<\/ul>\n\n<h2 class=\"wp-block-heading has-luminous-vivid-orange-color has-text-color has-link-color wp-elements-a312df2e85f2a12cff9b9e397178f40d\"><strong>\ud83d\udccd Informazioni sul ritiro:<\/strong><\/h2>\n\n<p>Offriamo il <strong>servizio di prelievo porta a porta<\/strong> da qualsiasi hotel, riad o indirizzo nel centro di Marrakech. Se alloggiate <strong>fuori citt\u00e0<\/strong> (ad esempio, Palmeraie, Ourika Road), vi preghiamo di contattarci per verificare la disponibilit\u00e0 e le tariffe prima di prenotare. <\/p>\n\n<h2 class=\"wp-block-heading has-luminous-vivid-orange-color has-text-color has-link-color wp-elements-b7ef893cad7a6fa1836d58453578ed28\"><strong>\ud83d\udcc5 Informazioni sulla prenotazione:<\/strong><\/h2>\n\n<ul class=\"wp-block-list\">\n<li>Esperienza disponibile <strong>quotidianamente<\/strong><\/li>\n\n\n\n<li>Si consiglia vivamente la prenotazione anticipata a causa della <strong>disponibilit\u00e0 limitata dei biglietti<\/strong><\/li>\n\n\n\n<li>Per confermare la prenotazione \u00e8 richiesto un <strong>deposito <\/strong>(tramite PayPal)<\/li>\n\n\n\n<li>Saldo rimanente pagato all&#8217;autista il giorno dell&#8217;esperienza<\/li>\n\n\n\n<li>Conferma immediata via email o WhatsApp<\/li>\n<\/ul>\n\n<h2 class=\"wp-block-heading has-luminous-vivid-orange-color has-text-color has-link-color wp-elements-c7520c65fc2c4454b259f2886f4f9c52\"><strong>\u26a0\ufe0f Nota importante sulla disponibilit\u00e0 dei biglietti<\/strong><\/h2>\n\n<p>I biglietti per il Jardin Majorelle sono soggetti a <strong>disponibilit\u00e0 giornaliera limitata<\/strong>. Se i biglietti non sono <strong>disponibili <\/strong>nella data selezionata, la prenotazione verr\u00e0 <strong>annullata <\/strong>e l&#8217;acconto verr\u00e0 <strong>rimborsato<\/strong> per intero. <\/p>\n\n<p>Ti consigliamo di prenotare il prima possibile per assicurarti la visita.<\/p>\n\n<hr class=\"wp-block-separator has-alpha-channel-opacity\"\/>\n\n<h2 class=\"wp-block-heading has-luminous-vivid-orange-color has-text-color has-link-color wp-elements-d0e9c0c7064f65cfb4cea311c34a4eba\"><strong>Domande frequenti<\/strong><\/h2>\n<div id=\"rank-math-faq\" class=\"rank-math-block\">\n<div class=\"rank-math-list \">\n<div id=\"faq-question-1753366603808\" class=\"rank-math-list-item\">\n<h3 class=\"rank-math-question \"><strong>Il biglietto d&#8217;ingresso al giardino \u00e8 incluso nel prezzo?<\/strong><\/h3>\n<div class=\"rank-math-answer \">\n\n<p>S\u00ec, l&#8217;ingresso al <strong>Jardin Majorelle<\/strong> \u00e8 incluso. Riceverai il biglietto direttamente dall&#8217;autista. <\/p>\n\n<\/div>\n<\/div>\n<div id=\"faq-question-1753367056098\" class=\"rank-math-list-item\">\n<h3 class=\"rank-math-question \"><strong>Effettuate il ritiro presso i riad all&#8217;interno della Medina?<\/strong><\/h3>\n<div class=\"rank-math-answer \">\n\n<p>S\u00ec! Coordiniamo un punto di ritiro nelle vicinanze se la tua strada non \u00e8 accessibile in auto. <\/p>\n\n<\/div>\n<\/div>\n<div id=\"faq-question-1753367065820\" class=\"rank-math-list-item\">\n<h3 class=\"rank-math-question \"><strong>Posso abbinare questa visita a un&#8217;altra attrazione?<\/strong><\/h3>\n<div class=\"rank-math-answer \">\n\n<p>Questa esperienza \u00e8 incentrata sul Giardino Majorelle. Per tour combinati (come i biglietti aggiuntivi per il museo), consultate i nostri altri prodotti. <\/p>\n\n<\/div>\n<\/div>\n<div id=\"faq-question-1753367079850\" class=\"rank-math-list-item\">\n<h3 class=\"rank-math-question \"><strong>Quanto dura l&#8217;esperienza?<\/strong><\/h3>\n<div class=\"rank-math-answer \">\n\n<p>Il viaggio di andata e ritorno completo dura in genere da 1,5 a 2 ore, compresa la visita al giardino.<\/p>\n\n<\/div>\n<\/div>\n<div id=\"faq-question-1753367101686\" class=\"rank-math-list-item\">\n<h3 class=\"rank-math-question \"><strong>I bambini possono entrare gratuitamente?<\/strong><\/h3>\n<div class=\"rank-math-answer \">\n\n<p>S\u00ec, i bambini di et\u00e0 inferiore ai 10 anni non hanno bisogno di un biglietto per il Jardin Majorelle.<\/p>\n\n<\/div>\n<\/div>\n<\/div>\n<\/div>","protected":false},"excerpt":{"rendered":"<p>Visita l&#8217;iconico <strong>Jardin Majorelle<\/strong> con trasferimenti privati di andata e ritorno dal tuo hotel o riad a Marrakech. Include biglietti salta fila e prelievo dal tuo alloggio. Un modo veloce, comodo e senza stress per esplorare una delle principali attrazioni di Marrakech.  <\/p>\n","protected":false},"featured_media":31579,"comment_status":"open","ping_status":"closed","template":"","meta":{"inline_featured_image":false,"_monsterinsights_skip_tracking":false,"_monsterinsights_sitenote_active":false,"_monsterinsights_sitenote_note":"","_monsterinsights_sitenote_category":0},"product_brand":[],"product_cat":[74],"product_tag":[],"class_list":{"0":"post-32035","1":"product","2":"type-product","3":"status-publish","4":"has-post-thumbnail","6":"product_cat-attivita-marrakech","8":"first","9":"instock","10":"virtual","11":"sold-individually","12":"purchasable","13":"product-type-booking"},"booking_location":"","booking_location_type":"","booking_duration":1,"booking_duration_unit":"hour","booking_buffer":0,"booking_cost":45,"booking_resources":[],"exclude_global_add_ons":false,"addons":[{"name":"Biglietti","type":"heading","position":0,"required":false,"title_format":"label","default":"","description_enable":false,"description":null,"placeholder_enable":false,"placeholder":null,"display":"select","restrictions_type":"any_text","adjust_price":false,"price":"","price_type":"flat_fee","restrictions":false,"min":"0","max":"0","options":[],"id":1754516003},{"name":"Adulto:","type":"input_multiplier","position":1,"required":true,"title_format":"label","default":"","description_enable":false,"description":null,"placeholder_enable":false,"placeholder":null,"display":"select","restrictions_type":"any_text","adjust_price":true,"price":"19","price_type":"quantity_based","restrictions":true,"min":"1","max":"0","options":[],"id":1754516004},{"name":"Bambini dai 10 anni in su:","type":"input_multiplier","position":2,"required":false,"title_format":"label","default":"","description_enable":false,"description":null,"placeholder_enable":false,"placeholder":null,"display":"select","restrictions_type":"any_text","adjust_price":true,"price":"10","price_type":"quantity_based","restrictions":false,"min":"0","max":"0","options":[],"id":1754516005},{"name":"Bambini sotto i 10 anni","type":"input_multiplier","position":3,"required":false,"title_format":"label","default":"","description_enable":false,"description":null,"placeholder_enable":false,"placeholder":null,"display":"select","restrictions_type":"any_text","adjust_price":true,"price":"","price_type":"quantity_based","restrictions":false,"min":"0","max":"0","options":[],"id":1754516006}],"_links":{"self":[{"href":"https:\/\/www.marrakechtaxi.com\/it\/wp-json\/wp\/v2\/product\/32035","targetHints":{"allow":["GET"]}}],"collection":[{"href":"https:\/\/www.marrakechtaxi.com\/it\/wp-json\/wp\/v2\/product"}],"about":[{"href":"https:\/\/www.marrakechtaxi.com\/it\/wp-json\/wp\/v2\/types\/product"}],"replies":[{"embeddable":true,"href":"https:\/\/www.marrakechtaxi.com\/it\/wp-json\/wp\/v2\/comments?post=32035"}],"wp:featuredmedia":[{"embeddable":true,"href":"https:\/\/www.marrakechtaxi.com\/it\/wp-json\/wp\/v2\/media\/31579"}],"wp:attachment":[{"href":"https:\/\/www.marrakechtaxi.com\/it\/wp-json\/wp\/v2\/media?parent=32035"}],"wp:term":[{"taxonomy":"product_brand","embeddable":true,"href":"https:\/\/www.marrakechtaxi.com\/it\/wp-json\/wp\/v2\/product_brand?post=32035"},{"taxonomy":"product_cat","embeddable":true,"href":"https:\/\/www.marrakechtaxi.com\/it\/wp-json\/wp\/v2\/product_cat?post=32035"},{"taxonomy":"product_tag","embeddable":true,"href":"https:\/\/www.marrakechtaxi.com\/it\/wp-json\/wp\/v2\/product_tag?post=32035"}],"curies":[{"name":"wp","href":"https:\/\/api.w.org\/{rel}","templated":true}]}}