{"id":31938,"date":"2025-02-26T23:58:21","date_gmt":"2025-02-26T23:58:21","guid":{"rendered":"https:\/\/www.marrakechtaxi.com\/montagne-atlante-3-valli-cascate\/"},"modified":"2025-10-15T14:33:45","modified_gmt":"2025-10-15T13:33:45","slug":"montagne-atlante-3-valli-cascate","status":"publish","type":"product","link":"https:\/\/www.marrakechtaxi.com\/it\/montagne-atlante-3-valli-cascate\/","title":{"rendered":"Montagne dell&#8217;Atlante, 3 Valli e Cascate"},"content":{"rendered":"\n<h3 class=\"wp-block-heading\"> <span style=\"font-size: x-large;\"><i class=\"fa fa-clock-o\" aria-hidden=\"true\"><\/i> <strong><span style=\"color: #ff6900;\">Durata 8 &#8211; 10 ore<\/span><\/strong><\/span><br\/>\ud83d\udcc5 <strong>Disponibilit\u00e0:<\/strong> Partenze giornaliere<\/h3>\n\n<p><strong>Fuggi dalla citt\u00e0 ed esplora le montagne mozzafiato dell&#8217;Atlante in questa avventura di un giorno intero da Marrakech! Scopri i villaggi berberi nascosti, fai un&#8217;escursione alle cascate mozzafiato e goditi un pranzo berbero tradizionale con viste panoramiche sulle montagne. Una gita di un giorno da non perdere da Marrakech!  <\/strong><\/p>\n\n<h2 class=\"wp-block-heading\">\u2b50 <strong>Perch\u00e9 prenotare questa escursione?<\/strong><\/h2>\n\n<p>\u2705 <strong>Scopri le montagne dell&#8217;Atlante<\/strong> ed esplora le sue tre valli pi\u00f9 famose<br\/>\u2705 <strong>Fai un&#8217;escursione alle cascate panoramiche<\/strong> della valle di Ourika con una guida locale<br\/>\u2705 <strong>Visita un tradizionale villaggio berbero<\/strong> e incontra le famiglie locali<br\/>\u2705 <strong>Goditi un delizioso pranzo berbero fatto<\/strong> in casa nella nostra casa privata di Sidi Fares, con vista mozzafiato sulle montagne<br\/>\u2705 <strong>Vivi l&#8217;autentica cultura berbera<\/strong> con una guida locale<br\/>\u2705 <strong>Trasporto privato<\/strong> da e per il tuo hotel a Marrakech<\/p>\n\n<h2 class=\"wp-block-heading\">\ud83d\udccc <strong>Cosa \u00e8 incluso?<\/strong><\/h2>\n\n<p>\u2714\ufe0f <strong>Trasporto privato<\/strong> da e per il tuo hotel a Marrakech<br\/>\u2714\ufe0f <strong>Escursione guidata<\/strong> alle cascate nella valle di Ourika<br\/>\u2714\ufe0f <strong>Pranzo tradizionale berbero<\/strong> nella nostra casa privata a Sidi Fares con viste mozzafiato<br\/>\u2714\ufe0f <strong>Soste panoramiche<\/strong> per foto e panorami mozzafiato<\/p>\n\n<h2 class=\"wp-block-heading\">\ud83d\uddfa\ufe0f <strong>Cosa aspettarsi?<\/strong><\/h2>\n\n<p>La tua avventura inizia con un <strong>prelievo dall&#8217;hotel a Marrakech<\/strong>, seguito da un viaggio panoramico nelle <strong>montagne dell&#8217;Atlante<\/strong>. Lungo il percorso, visita affascinanti <strong>villaggi berberi<\/strong>, interagisci con la gente del posto e scopri le loro tradizioni. <\/p>\n\n<p>Goditi un&#8217;escursione guidata alle <strong>cascate nella valle dell&#8217;Ourika<\/strong>, dove potrai ammirare le splendide cascate e i rigogliosi dintorni. Dopo, rilassati con un <strong>delizioso pranzo berbero<\/strong> nella nostra <strong>casa privata di Sidi Fares<\/strong>, con piatti marocchini preparati al momento e una vista spettacolare sulle montagne. <\/p>\n\n<p>Durante il viaggio, la guida vi fornir\u00e0 informazioni affascinanti sulla cultura berbera, sulla storia e sulle bellezze naturali della regione.<\/p>\n\n<h2 class=\"wp-block-heading\">\u2139\ufe0f <strong>Buono a sapersi:<\/strong><\/h2>\n\n<p>\ud83d\udccd <g id=\"gid_0\">Punto di incontro<\/g>: il tuo hotel o riad a Marrakech<br\/>\u23f3 <g id=\"gid_1\">Durata<\/g>: circa <g id=\"gid_2\">8 ore<br\/>\u23f1\ufe0f <g id=\"gid_3\">Prelievo<\/g>: 08:00 AM<br\/>\ud83d\udc55 <g id=\"gid_4\">Cosa portare<\/g>: scarpe comode, crema solare e una macchina fotografica<br\/>\ud83d\ude99 <g id=\"gid_5\">Trasporto<\/g>: 4&#215;4 privato con aria condizionata o minivan<br\/>\ud83d\udc68\u200d\ud83d\udc69\u200d\ud83d\udc67\u200d\ud83d\udc66 <g id=\"gid_6\">Perfetto per<\/g>: famiglie, coppie, viaggiatori singoli e piccoli gruppi<\/g><\/p>\n\n<h2 class=\"wp-block-heading\"><strong>\u2753 Domande frequenti<\/strong><\/h2>\n<div id=\"rank-math-faq\" class=\"rank-math-block\">\n<div class=\"rank-math-list \">\n<div id=\"faq-question-1740615568267\" class=\"rank-math-list-item\">\n<h3 class=\"rank-math-question \">Quanto dura il tour?<\/h3>\n<div class=\"rank-math-answer \">\n\n<p>Il tour dura circa <strong>8 ore<\/strong>, compreso il viaggio di andata e ritorno da Marrakech.<\/p>\n\n<\/div>\n<\/div>\n<div id=\"faq-question-1740615606645\" class=\"rank-math-list-item\">\n<h3 class=\"rank-math-question \">Il servizio di prelievo e rientro in hotel \u00e8 incluso?<\/h3>\n<div class=\"rank-math-answer \">\n\n<p>S\u00ec! Forniamo il <strong>trasporto privato<\/strong> da e per il tuo hotel o riad a Marrakech. <\/p>\n\n<\/div>\n<\/div>\n<div id=\"faq-question-1740615621892\" class=\"rank-math-list-item\">\n<h3 class=\"rank-math-question \">Quanto \u00e8 difficile l&#8217;escursione alle cascate?<\/h3>\n<div class=\"rank-math-answer \">\n\n<p>L&#8217;escursione alle <strong>cascate della valle dell&#8217;Ourika<\/strong> \u00e8 moderata e adatta alla maggior parte dei viaggiatori. Tuttavia, si consigliano scarpe comode da passeggio. Se avete problemi di mobilit\u00e0, vi preghiamo di comunicarcelo in anticipo.  <\/p>\n\n<\/div>\n<\/div>\n<div id=\"faq-question-1740615633513\" class=\"rank-math-list-item\">\n<h3 class=\"rank-math-question \">Cosa \u00e8 incluso nel pranzo berbero?<\/h3>\n<div class=\"rank-math-answer \">\n\n<p>Gusterete un autentico <strong>pranzo berbero<\/strong> fatto in casa nella nostra casa privata a <strong>Sidi Fares<\/strong>, con <strong>tajine o couscous, pane fresco e frutta di stagione<\/strong>, il tutto ammirando viste mozzafiato sulle montagne.<\/p>\n\n<\/div>\n<\/div>\n<div id=\"faq-question-1740615665315\" class=\"rank-math-list-item\">\n<h3 class=\"rank-math-question \">Cosa dovrei portare per il viaggio?<\/h3>\n<div class=\"rank-math-answer \">\n\n<p>Consigliamo di portare:<br \/>\u2714\ufe0f Scarpe comode da passeggio<br \/>\u2714\ufe0f Occhiali da sole e crema solare<br \/>\u2714\ufe0f Una giacca leggera (in montagna pu\u00f2 fare pi\u00f9 fresco)<br \/>\u2714\ufe0f Una macchina fotografica per catturare le viste mozzafiato<\/p>\n\n<\/div>\n<\/div>\n<div id=\"faq-question-1740615672621\" class=\"rank-math-list-item\">\n<h3 class=\"rank-math-question \">Il tour \u00e8 privato o condiviso?<\/h3>\n<div class=\"rank-math-answer \">\n\n<p>Questo \u00e8 un <strong>tour privato<\/strong>, il che significa che avrai una guida dedicata e un trasporto solo per il tuo gruppo.<\/p>\n\n<\/div>\n<\/div>\n<div id=\"faq-question-1740615684114\" class=\"rank-math-list-item\">\n<h3 class=\"rank-math-question \">Ci sono costi aggiuntivi?<\/h3>\n<div class=\"rank-math-answer \">\n\n<p>No, tutto ci\u00f2 che \u00e8 elencato nella sezione &#8220;<strong>Cosa \u00e8 incluso<\/strong>&#8221; \u00e8 coperto. Potresti voler portare un po&#8217; di contanti se vuoi acquistare souvenir o dare la mancia alla tua guida. <\/p>\n\n<\/div>\n<\/div>\n<div id=\"faq-question-1740615704238\" class=\"rank-math-list-item\">\n<h3 class=\"rank-math-question \">A che ora inizia il tour?<\/h3>\n<div class=\"rank-math-answer \">\n\n<p>Solitamente iniziamo alle <strong>8:00 AM<\/strong>, ma possiamo modificare l&#8217;orario in base alle tue preferenze.<\/p>\n\n<\/div>\n<\/div>\n<div id=\"faq-question-1740615715526\" class=\"rank-math-list-item\">\n<h3 class=\"rank-math-question \">Cosa succede se il tempo \u00e8 brutto?<\/h3>\n<div class=\"rank-math-answer \">\n\n<p>Il tour si svolge nella maggior parte delle condizioni meteorologiche, ma in caso di condizioni meteorologiche estreme, offriremo una <strong>riprogrammazione o un rimborso completo<\/strong>.<\/p>\n\n<\/div>\n<\/div>\n<\/div>\n<\/div>","protected":false},"excerpt":{"rendered":"<p>Questa gita di un giorno sui Monti dell&#8217;Atlante da Marrakech \u00e8 uno dei modi migliori per vivere la bellezza naturale del Marocco e la cultura berbera. Prenota il tuo posto oggi e crea ricordi indimenticabili! <\/p>\n","protected":false},"featured_media":25451,"comment_status":"open","ping_status":"closed","template":"","meta":{"inline_featured_image":false,"_monsterinsights_skip_tracking":false,"_monsterinsights_sitenote_active":false,"_monsterinsights_sitenote_note":"","_monsterinsights_sitenote_category":0},"product_brand":[],"product_cat":[69,68],"product_tag":[],"class_list":{"0":"post-31938","1":"product","2":"type-product","3":"status-publish","4":"has-post-thumbnail","6":"product_cat-escursioni-private-marrakech","7":"product_cat-escursioni-gite-marrakech","9":"first","10":"instock","11":"virtual","12":"sold-individually","13":"purchasable","14":"product-type-booking"},"booking_location":"","booking_location_type":"","booking_duration":1,"booking_duration_unit":"day","booking_buffer":0,"booking_cost":129,"booking_resources":[],"exclude_global_add_ons":false,"addons":[{"name":"Auto di lusso (+20\u20ac)","type":"checkbox","position":0,"required":false,"title_format":"hide","default":"","description_enable":false,"description":null,"placeholder_enable":false,"placeholder":null,"display":"select","restrictions_type":"any_text","adjust_price":false,"price":"","price_type":"flat_fee","restrictions":false,"min":"0","max":"0","options":[{"label":"Auto di lusso (+20\u20ac)","price":"25","price_type":"flat_fee","image":0,"visibility":true}],"id":1760536235},{"name":"Guida locale (+20\u20ac)","type":"checkbox","position":1,"required":false,"title_format":"hide","default":"0","description_enable":false,"description":null,"placeholder_enable":false,"placeholder":null,"display":"select","restrictions_type":"any_text","adjust_price":false,"price":"","price_type":"flat_fee","restrictions":false,"min":"0","max":"0","options":[{"label":"Guida locale (+20\u20ac)","price":"20","price_type":"flat_fee","image":0,"visibility":true}],"id":1760536236}],"_links":{"self":[{"href":"https:\/\/www.marrakechtaxi.com\/it\/wp-json\/wp\/v2\/product\/31938","targetHints":{"allow":["GET"]}}],"collection":[{"href":"https:\/\/www.marrakechtaxi.com\/it\/wp-json\/wp\/v2\/product"}],"about":[{"href":"https:\/\/www.marrakechtaxi.com\/it\/wp-json\/wp\/v2\/types\/product"}],"replies":[{"embeddable":true,"href":"https:\/\/www.marrakechtaxi.com\/it\/wp-json\/wp\/v2\/comments?post=31938"}],"wp:featuredmedia":[{"embeddable":true,"href":"https:\/\/www.marrakechtaxi.com\/it\/wp-json\/wp\/v2\/media\/25451"}],"wp:attachment":[{"href":"https:\/\/www.marrakechtaxi.com\/it\/wp-json\/wp\/v2\/media?parent=31938"}],"wp:term":[{"taxonomy":"product_brand","embeddable":true,"href":"https:\/\/www.marrakechtaxi.com\/it\/wp-json\/wp\/v2\/product_brand?post=31938"},{"taxonomy":"product_cat","embeddable":true,"href":"https:\/\/www.marrakechtaxi.com\/it\/wp-json\/wp\/v2\/product_cat?post=31938"},{"taxonomy":"product_tag","embeddable":true,"href":"https:\/\/www.marrakechtaxi.com\/it\/wp-json\/wp\/v2\/product_tag?post=31938"}],"curies":[{"name":"wp","href":"https:\/\/api.w.org\/{rel}","templated":true}]}}