{"id":31907,"date":"2025-08-03T09:39:05","date_gmt":"2025-08-03T08:39:05","guid":{"rendered":"https:\/\/www.marrakechtaxi.com\/volo-mongolfiera-marrakech\/"},"modified":"2025-12-26T21:19:38","modified_gmt":"2025-12-26T20:19:38","slug":"volo-mongolfiera-marrakech","status":"publish","type":"product","link":"https:\/\/www.marrakechtaxi.com\/it\/volo-mongolfiera-marrakech\/","title":{"rendered":"Giro in mongolfiera a Marrakech"},"content":{"rendered":"\n<p>Parti per un <strong>viaggio mozzafiato in mongolfiera all&#8217;alba<\/strong> sulla citt\u00e0 rossa di Marrakech. Scivola dolcemente sopra palmeti, villaggi berberi e dolci paesaggi desertici. Ideale per coppie, famiglie e amanti del brivido, questa \u00e8 <strong>una delle esperienze pi\u00f9 popolari e fotografate<\/strong> in Marocco.  <\/p>\n\n<p>Che tu voglia festeggiare un momento speciale o semplicemente vedere Marrakech da una prospettiva completamente nuova, questo viaggio promette <strong>un&#8217;avventura magica e indimenticabile<\/strong>.<\/p>\n\n<h2 class=\"wp-block-heading has-luminous-vivid-orange-color has-text-color has-link-color wp-elements-a09db4db12e4f2705f57200ad583f9d0\"><strong>\ud83d\udd0d Cosa aspettarsi<\/strong><\/h2>\n\n<ul class=\"wp-block-list\">\n<li>\ud83d\udd53 Prelievo al mattino presto dal tuo hotel o riad (in genere tra le 4:30 e le 6:00)<\/li>\n\n\n\n<li>\ud83d\ude8c Trasferimento privato al sito di lancio (30-40 minuti da Marrakech)<\/li>\n\n\n\n<li>\ud83e\udd50 T\u00e8 di benvenuto e rinfreschi leggeri prima del decollo<\/li>\n\n\n\n<li>\ud83c\udf88 45\u201360 minuti di volo panoramico all&#8217;alba<\/li>\n\n\n\n<li>\ud83d\udcf8 Splendide viste sulle montagne dell&#8217;Atlante, sui palmeti e sugli altipiani desertici<\/li>\n\n\n\n<li>\ud83e\udd58 Colazione tradizionale marocchina servita dopo l&#8217;atterraggio<\/li>\n\n\n\n<li>\ud83d\ude97 Trasferimento di ritorno al tuo alloggio<\/li>\n<\/ul>\n\n<h2 class=\"wp-block-heading has-luminous-vivid-orange-color has-text-color has-link-color wp-elements-066dacfcab2f2a94b2814d8c8ef89d8b\"><strong>\u2705 Cosa \u00e8 incluso<\/strong><\/h2>\n\n<ul class=\"wp-block-list\">\n<li>Prelievo e rientro in hotel\/Riad a Marrakech<\/li>\n\n\n\n<li>T\u00e8 e pasticcini di benvenuto prima del volo<\/li>\n\n\n\n<li>Giro in mongolfiera (~60 min)<\/li>\n\n\n\n<li>Pilota esperto e autorizzato<\/li>\n\n\n\n<li>Colazione in una tradizionale tenda berbera<\/li>\n\n\n\n<li>Assistenza in inglese \/ francese \/ arabo<\/li>\n<\/ul>\n\n<h2 class=\"wp-block-heading has-luminous-vivid-orange-color has-text-color has-link-color wp-elements-f94fbb9dbe9614faf5b0a59a327c4839\"><strong>\u274c Non incluso<\/strong><\/h2>\n\n<ul class=\"wp-block-list\">\n<li>Mance per l&#8217;equipaggio (facoltative)<\/li>\n\n\n\n<li>Foto\/video (potrebbero essere disponibili a un costo aggiuntivo)<\/li>\n\n\n\n<li>Trasporto fuori Marrakech (su richiesta)<\/li>\n<\/ul>\n\n<h2 class=\"wp-block-heading has-luminous-vivid-orange-color has-text-color has-link-color wp-elements-0d33bdbacdfc3bb8a92f40d86b79cd93\"><strong>\ud83d\udccd Informazioni sul ritiro<\/strong><\/h2>\n\n<p>Il prelievo \u00e8 disponibile da tutti gli hotel, riad e dai principali punti di incontro della citt\u00e0 di Marrakech.<br\/>I clienti che soggiornano fuori Marrakech sono pregati di <strong>contattarci in anticipo<\/strong>.<br\/>Confermeremo l&#8217;orario e il luogo esatto del prelievo il giorno prima.<\/p>\n\n<h2 class=\"wp-block-heading has-luminous-vivid-orange-color has-text-color has-link-color wp-elements-eb4d654ea14a5808120b1501dec013aa\"><strong>\ud83d\udcc5 Informazioni sulla prenotazione<\/strong><\/h2>\n\n<ul class=\"wp-block-list\">\n<li><strong>Disponibile tutti i giorni<\/strong>, tempo permettendo<\/li>\n\n\n\n<li>Si consiglia vivamente la prenotazione anticipata (questo tour \u00e8 molto richiesto)<\/li>\n\n\n\n<li>Bambini sotto i 4 anni non ammessi<\/li>\n\n\n\n<li>Non raccomandato per le viaggiatrici in gravidanza<\/li>\n\n\n\n<li>Durata del tour: ~4 ore totali (porta a porta)<\/li>\n<\/ul>\n\n<h2 class=\"wp-block-heading has-luminous-vivid-orange-color has-text-color has-link-color wp-elements-08a0915714f9ea3ae00b35dc82f53f61\"><strong>\u26a0\ufe0f Nota importante<\/strong><\/h2>\n\n<blockquote class=\"wp-block-quote is-layout-flow wp-block-quote-is-layout-flow\">\n<p><em>In rari casi, se le condizioni meteorologiche impediscono il volo della mongolfiera o i biglietti non sono disponibili, la prenotazione verr\u00e0 annullata e il deposito verr\u00e0 rimborsato per intero.<\/em><\/p>\n<\/blockquote>\n\n<hr class=\"wp-block-separator has-alpha-channel-opacity\"\/>\n\n<h2 class=\"wp-block-heading has-luminous-vivid-orange-color has-text-color has-link-color wp-elements-d0e9c0c7064f65cfb4cea311c34a4eba\"><strong>Domande frequenti<\/strong><\/h2>\n<div id=\"rank-math-faq\" class=\"rank-math-block\">\n<div class=\"rank-math-list \">\n<div id=\"faq-question-1754207381289\" class=\"rank-math-list-item\">\n<h3 class=\"rank-math-question \"><strong>Il giro in mongolfiera \u00e8 sicuro?<\/strong><\/h3>\n<div class=\"rank-math-answer \">\n\n<p>S\u00ec, \u00e8 gestito da piloti esperti e autorizzati ed \u00e8 completamente assicurato.<\/p>\n\n<\/div>\n<\/div>\n<div id=\"faq-question-1754207393229\" class=\"rank-math-list-item\">\n<h3 class=\"rank-math-question \">Quanto in alto voleremo?<\/h3>\n<div class=\"rank-math-answer \">\n\n<p>Solitamente tra 1000 e 1500 piedi, a seconda del vento e delle condizioni.<\/p>\n\n<\/div>\n<\/div>\n<div id=\"faq-question-1754207403853\" class=\"rank-math-list-item\">\n<h3 class=\"rank-math-question \"><strong>Possono partecipare i bambini?<\/strong><\/h3>\n<div class=\"rank-math-answer \">\n\n<p>S\u00ec, i bambini dai 4 anni in su possono partecipare se accompagnati da un adulto.<\/p>\n\n<\/div>\n<\/div>\n<div id=\"faq-question-1754207464984\" class=\"rank-math-list-item\">\n<h3 class=\"rank-math-question \"><strong>Cosa dovrei indossare?<\/strong><\/h3>\n<div class=\"rank-math-answer \">\n\n<p>Abiti comodi, scarpe chiuse e una giacca leggera (la mattina presto fa freddo).<\/p>\n\n<\/div>\n<\/div>\n<div id=\"faq-question-1754207477378\" class=\"rank-math-list-item\">\n<h3 class=\"rank-math-question \"><strong>Posso prenotare all&#8217;ultimo minuto?<\/strong><\/h3>\n<div class=\"rank-math-answer \">\n\n<p>Si consiglia di prenotare con 2-3 giorni di anticipo, soprattutto durante l&#8217;alta stagione.<\/p>\n\n<\/div>\n<\/div>\n<div id=\"faq-question-1754207529591\" class=\"rank-math-list-item\">\n<h3 class=\"rank-math-question \"><strong>Cosa succede in caso di maltempo?<\/strong><\/h3>\n<div class=\"rank-math-answer \">\n\n<p>La sicurezza dei nostri passeggeri \u00e8 la nostra massima priorit\u00e0. In caso di condizioni meteorologiche avverse, i voli potrebbero essere posticipati o riprogrammati. Il nostro team vi terr\u00e0 informati e lavorer\u00e0 per trovare la soluzione migliore per la vostra esperienza.  <\/p>\n\n<\/div>\n<\/div>\n<\/div>\n<\/div>","protected":false},"excerpt":{"rendered":"<p data-start=\"726\" data-end=\"896\">Goditi un indimenticabile volo in mongolfiera sopra Marrakech all&#8217;alba. Include il prelievo in hotel, una colazione tradizionale marocchina e viste spettacolari.  \ud83d\udd50 Il tour inizia all&#8217;alba: prenota subito il tuo posto!<\/p>\n","protected":false},"featured_media":31883,"comment_status":"open","ping_status":"closed","template":"","meta":{"inline_featured_image":false,"_monsterinsights_skip_tracking":false,"_monsterinsights_sitenote_active":false,"_monsterinsights_sitenote_note":"","_monsterinsights_sitenote_category":0},"product_brand":[],"product_cat":[74],"product_tag":[],"class_list":{"0":"post-31907","1":"product","2":"type-product","3":"status-publish","4":"has-post-thumbnail","6":"product_cat-attivita-marrakech","8":"first","9":"instock","10":"virtual","11":"sold-individually","12":"purchasable","13":"product-type-booking"},"booking_location":"","booking_location_type":"","booking_duration":1,"booking_duration_unit":"day","booking_buffer":0,"booking_cost":129,"booking_resources":[],"exclude_global_add_ons":[],"addons":[],"_links":{"self":[{"href":"https:\/\/www.marrakechtaxi.com\/it\/wp-json\/wp\/v2\/product\/31907","targetHints":{"allow":["GET"]}}],"collection":[{"href":"https:\/\/www.marrakechtaxi.com\/it\/wp-json\/wp\/v2\/product"}],"about":[{"href":"https:\/\/www.marrakechtaxi.com\/it\/wp-json\/wp\/v2\/types\/product"}],"replies":[{"embeddable":true,"href":"https:\/\/www.marrakechtaxi.com\/it\/wp-json\/wp\/v2\/comments?post=31907"}],"wp:featuredmedia":[{"embeddable":true,"href":"https:\/\/www.marrakechtaxi.com\/it\/wp-json\/wp\/v2\/media\/31883"}],"wp:attachment":[{"href":"https:\/\/www.marrakechtaxi.com\/it\/wp-json\/wp\/v2\/media?parent=31907"}],"wp:term":[{"taxonomy":"product_brand","embeddable":true,"href":"https:\/\/www.marrakechtaxi.com\/it\/wp-json\/wp\/v2\/product_brand?post=31907"},{"taxonomy":"product_cat","embeddable":true,"href":"https:\/\/www.marrakechtaxi.com\/it\/wp-json\/wp\/v2\/product_cat?post=31907"},{"taxonomy":"product_tag","embeddable":true,"href":"https:\/\/www.marrakechtaxi.com\/it\/wp-json\/wp\/v2\/product_tag?post=31907"}],"curies":[{"name":"wp","href":"https:\/\/api.w.org\/{rel}","templated":true}]}}