{"id":31698,"date":"2025-07-25T18:32:51","date_gmt":"2025-07-25T17:32:51","guid":{"rendered":"https:\/\/www.marrakechtaxi.com\/tour-4-giorni-deserto-marrakech-merzouga\/"},"modified":"2025-08-20T16:18:41","modified_gmt":"2025-08-20T15:18:41","slug":"tour-4-giorni-deserto-marrakech-merzouga","status":"publish","type":"product","link":"https:\/\/www.marrakechtaxi.com\/it\/tour-4-giorni-deserto-marrakech-merzouga\/","title":{"rendered":"Tour di 4 giorni da Marrakech al deserto di Merzouga"},"content":{"rendered":"\n<p>Parti per un indimenticabile tour privato di 4 giorni nel deserto da Marrakech a Merzouga. Viaggia attraverso le montagne dell&#8217;Alto Atlante, esplora Ait Benhaddou, patrimonio dell&#8217;UNESCO, pernotta in hotel di charme e vivi la magia del Sahara con un giro in cammello tra le dune dorate di Merzouga. Questo tour immersivo \u00e8 perfetto per i viaggiatori alla ricerca dei veri paesaggi e della cultura marocchina.  <\/p>\n\n<h2 class=\"wp-block-heading has-luminous-vivid-orange-color has-text-color has-link-color wp-elements-3a71fa3d4c787ad3f392f0229f21513b\"><strong>Itinerario<\/strong><\/h2>\n\n<h3 class=\"wp-block-heading\"><strong>\ud83d\uddd3 Giorno 1: Marrakech \u2013 Ait Benhaddou \u2013 Ouarzazate \u2013 Dades<\/strong><\/h3>\n\n<ul class=\"wp-block-list\">\n<li>Partenza da Marrakech attraverso il passo montano del Tizi n&#8217;Tichka<\/li>\n\n\n\n<li>Visita Ait Benhaddou (guida locale inclusa)<\/li>\n\n\n\n<li>Pranzo facoltativo ad Ait Benhaddou (non incluso)<\/li>\n\n\n\n<li>Attraversa Ouarzazate, Skoura e la Valle delle Rose<\/li>\n\n\n\n<li>Arrivo a Boumalne Dades \u2013 Pernottamento in hotel<\/li>\n<\/ul>\n\n<h3 class=\"wp-block-heading\"><strong>\ud83d\uddd3 Giorno 2: Dades \u2013 Tinghir \u2013 Gole del Todra \u2013 Merzouga<\/strong><\/h3>\n\n<ul class=\"wp-block-list\">\n<li>Visita Tinghir con soste nei negozi di tappeti e argenteria locali<\/li>\n\n\n\n<li>Scopri le Gole del Todra<\/li>\n\n\n\n<li>Sosta per il pranzo a Tinjdad o Touroug (non incluso)<\/li>\n\n\n\n<li>Sosta facoltativa a Meelaab per acquistare la sciarpa del deserto<\/li>\n\n\n\n<li>Arrivo a Merzouga \u2013 Pernottamento in hotel vicino alle dune<\/li>\n<\/ul>\n\n<h3 class=\"wp-block-heading\"><strong>\ud83d\uddd3 Giorno 3: Merzouga \u2013 Erfoud \u2013 Nkob\/Agdez \u2013 Ouarzazate<\/strong><\/h3>\n\n<ul class=\"wp-block-list\">\n<li>Dopo la colazione, viaggio attraverso Erfoud (capitale dei fossili e dei datteri)<\/li>\n\n\n\n<li>Sosta a Rissani, Alnif (pausa caff\u00e8)<\/li>\n\n\n\n<li>Pranzo a Nkob o Agdez (non incluso)<\/li>\n\n\n\n<li>Arrivo a Ouarzazate \u2013 Pernottamento in hotel<\/li>\n<\/ul>\n\n<h3 class=\"wp-block-heading\"><strong>\ud83d\uddd3 Giorno 4: Ouarzazate \u2013 Visita allo studio \u2013 Ritorno a Marrakech<\/strong><\/h3>\n\n<ul class=\"wp-block-list\">\n<li>Visita facoltativa agli studi cinematografici di Ouarzazate<\/li>\n\n\n\n<li>Ritorno a Marrakech attraverso l&#8217;Alto Atlante<\/li>\n<\/ul>\n\n<h2 class=\"wp-block-heading has-luminous-vivid-orange-color has-text-color has-link-color wp-elements-3d75e161cf6ae49e866b2a7f98dd3484\">\u2705 <strong>Punti salienti del tour<\/strong><\/h2>\n\n<p>\u2705 Attraversa le montagne dell&#8217;Alto Atlante attraverso il passo di Tizi n&#8217;Tichka<br\/>\u2705 Esplora Ait Benhaddou con una guida autorizzata<br\/>\u2705 Passeggia nelle Gole del Todra<br\/>\u2705 Giro in cammello tra le dune di Merzouga<br\/>\u2705 Ammira il tramonto sull&#8217;Erg Chebbi<br\/>\u2705 Dormi sotto le stelle in un accampamento nel deserto<br\/>\u2705 Goditi la musica berbera e una cena tradizionale<br\/>\u2705 Trasporto privato con autista professionista<\/p>\n\n<h2 class=\"wp-block-heading has-luminous-vivid-orange-color has-text-color has-link-color wp-elements-008dc1c4a1b746460103c24eb96c1e19\"><strong>\u2705 Cosa \u00e8 incluso \/ Non incluso<\/strong><\/h2>\n\n<h3 class=\"wp-block-heading\">\u2705 <strong>Incluso:<\/strong><\/h3>\n\n<ul class=\"wp-block-list\">\n<li>Veicolo privato con autista parlante inglese<\/li>\n\n\n\n<li>3 notti in un confortevole hotel o pensione (camere private con bagno privato)<\/li>\n\n\n\n<li>Giro in cammello a Merzouga al tramonto<\/li>\n\n\n\n<li>Guida locale ad Ait Benhaddou<\/li>\n\n\n\n<li>Prelievo e rientro presso il tuo alloggio<\/li>\n\n\n\n<li>Carburante, spese di guida, tariffe autostradali e di parcheggio<\/li>\n<\/ul>\n\n<h3 class=\"wp-block-heading\">\u26d4 <strong>Non incluso:<\/strong><\/h3>\n\n<ul class=\"wp-block-list\">\n<li>Pranzi<\/li>\n\n\n\n<li>Bevande<\/li>\n\n\n\n<li>Spese personali<\/li>\n\n\n\n<li>Ingresso facoltativo agli studi di Ouarzazate<\/li>\n\n\n\n<li>Mance per autisti e guide locali<\/li>\n<\/ul>\n\n<h2 class=\"wp-block-heading has-luminous-vivid-orange-color has-text-color has-link-color wp-elements-7d4d7c002cde981ae888b05ba263d033\">\ud83d\udccd<strong> Informazioni sul ritiro:<\/strong><\/h2>\n\n<p>Preleviamo da qualsiasi hotel, riad o alloggio a Marrakech. Per prelievi fuori citt\u00e0, contattateci prima di prenotare. <\/p>\n\n<h2 class=\"wp-block-heading has-luminous-vivid-orange-color has-text-color has-link-color wp-elements-2d6962fb339f732b05ff882e9bc1feb8\">\ud83d\udcc5 <strong>Informazioni sulla prenotazione:<\/strong><\/h2>\n\n<p>Per confermare la prenotazione, \u00e8 <strong>richiesto un acconto tramite PayPal<\/strong>.<br\/>Se prenoti tramite il nostro sito web, il modulo richieder\u00e0 direttamente il deposito.<br\/>Se prenoti tramite WhatsApp, ti invieremo i dettagli di PayPal.<br\/><\/p>\n\n<hr class=\"wp-block-separator has-alpha-channel-opacity\"\/>\n\n<h2 class=\"wp-block-heading has-luminous-vivid-orange-color has-text-color has-link-color wp-elements-d0e9c0c7064f65cfb4cea311c34a4eba\"><strong>Domande frequenti<\/strong><\/h2>\n<div id=\"rank-math-faq\" class=\"rank-math-block\">\n<div class=\"rank-math-list \">\n<div id=\"faq-question-1749149442262\" class=\"rank-math-list-item\">\n<h3 class=\"rank-math-question \"><strong>Il giro in cammello a Merzouga \u00e8 incluso?<\/strong><\/h3>\n<div class=\"rank-math-answer \">\n\n<p>S\u00ec! Un giro in cammello al tramonto tra le dune di Merzouga (Erg Chebbi) \u00e8 incluso di default: non \u00e8 necessario alcun upgrade. <\/p>\n\n<\/div>\n<\/div>\n<div id=\"faq-question-1749149464343\" class=\"rank-math-list-item\">\n<h3 class=\"rank-math-question \"><strong>Sono inclusi pranzi o cene?<\/strong><\/h3>\n<div class=\"rank-math-answer \">\n\n<p>Colazioni e cene sono incluse negli hotel. Il pranzo \u00e8 a vostro carico, quindi potete scegliere liberamente. <\/p>\n\n<\/div>\n<\/div>\n<div id=\"faq-question-1749149490628\" class=\"rank-math-list-item\">\n<h3 class=\"rank-math-question \"><strong>Che tipo di hotel utilizzate?<\/strong><\/h3>\n<div class=\"rank-math-answer \">\n\n<p>Offriamo sistemazioni pulite e ben valutate, dotate di bagno privato. Fateci sapere se preferite un upgrade di lusso. <\/p>\n\n<\/div>\n<\/div>\n<div id=\"faq-question-1749149505131\" class=\"rank-math-list-item\">\n<h3 class=\"rank-math-question \"><strong>Posso personalizzare questo tour?<\/strong><\/h3>\n<div class=\"rank-math-answer \">\n\n<p>S\u00ec, questo tour pu\u00f2 essere adattato al tuo programma, alle dimensioni del gruppo o ai tuoi interessi. Contattaci per un preventivo personalizzato. <\/p>\n\n<\/div>\n<\/div>\n<div id=\"faq-question-1749153498059\" class=\"rank-math-list-item\">\n<h3 class=\"rank-math-question \"><strong>Quanto dista Merzouga da Marrakech?<\/strong><\/h3>\n<div class=\"rank-math-answer \">\n\n<p>Merzouga dista circa 560 km da Marrakech, percorribili in due giorni di viaggio con numerose soste panoramiche.<\/p>\n\n<\/div>\n<\/div>\n<div id=\"faq-question-1749153540122\" class=\"rank-math-list-item\">\n<h3 class=\"rank-math-question \"><strong>Che tipo di alloggio viene offerto nel deserto?<\/strong><\/h3>\n<div class=\"rank-math-answer \">\n\n<p>Dormirete in una tenda privata in stile tradizionale berbero in un accampamento nel deserto vicino a Merzouga. Il pacchetto include cena, musica e una calda atmosfera sotto le stelle. <\/p>\n\n<\/div>\n<\/div>\n<div id=\"faq-question-1749153619618\" class=\"rank-math-list-item\">\n<h3 class=\"rank-math-question \"><strong>Ci sono servizi igienici e docce nel campeggio?<\/strong><\/h3>\n<div class=\"rank-math-answer \">\n\n<p>S\u00ec. I nostri campi dispongono di servizi igienici condivisi o privati, a seconda dell&#8217;opzione scelta. <\/p>\n\n<\/div>\n<\/div>\n<\/div>\n<\/div>","protected":false},"excerpt":{"rendered":"<p>Fuggi da Marrakech per un tour privato di 4 giorni nel deserto a Merzouga, con visite guidate ad Ait Benhaddou, alle Gole del Todra e un&#8217;escursione in cammello nel Sahara. Hotel inclusi. Prenota ora per un&#8217;avventura indimenticabile nel deserto.  <\/p>\n","protected":false},"featured_media":31693,"comment_status":"open","ping_status":"closed","template":"","meta":{"inline_featured_image":false,"_monsterinsights_skip_tracking":false,"_monsterinsights_sitenote_active":false,"_monsterinsights_sitenote_note":"","_monsterinsights_sitenote_category":0},"product_brand":[],"product_cat":[135,138,71],"product_tag":[],"class_list":{"0":"post-31698","1":"product","2":"type-product","3":"status-publish","4":"has-post-thumbnail","6":"product_cat-tour-marocco","7":"product_cat-tour-da-marrakech","8":"product_cat-tour-deserto-marocco","10":"first","11":"instock","12":"virtual","13":"sold-individually","14":"purchasable","15":"product-type-booking"},"booking_location":"","booking_location_type":"","booking_duration":1,"booking_duration_unit":"day","booking_buffer":0,"booking_cost":620,"booking_resources":[],"exclude_global_add_ons":[],"addons":[],"_links":{"self":[{"href":"https:\/\/www.marrakechtaxi.com\/it\/wp-json\/wp\/v2\/product\/31698","targetHints":{"allow":["GET"]}}],"collection":[{"href":"https:\/\/www.marrakechtaxi.com\/it\/wp-json\/wp\/v2\/product"}],"about":[{"href":"https:\/\/www.marrakechtaxi.com\/it\/wp-json\/wp\/v2\/types\/product"}],"replies":[{"embeddable":true,"href":"https:\/\/www.marrakechtaxi.com\/it\/wp-json\/wp\/v2\/comments?post=31698"}],"wp:featuredmedia":[{"embeddable":true,"href":"https:\/\/www.marrakechtaxi.com\/it\/wp-json\/wp\/v2\/media\/31693"}],"wp:attachment":[{"href":"https:\/\/www.marrakechtaxi.com\/it\/wp-json\/wp\/v2\/media?parent=31698"}],"wp:term":[{"taxonomy":"product_brand","embeddable":true,"href":"https:\/\/www.marrakechtaxi.com\/it\/wp-json\/wp\/v2\/product_brand?post=31698"},{"taxonomy":"product_cat","embeddable":true,"href":"https:\/\/www.marrakechtaxi.com\/it\/wp-json\/wp\/v2\/product_cat?post=31698"},{"taxonomy":"product_tag","embeddable":true,"href":"https:\/\/www.marrakechtaxi.com\/it\/wp-json\/wp\/v2\/product_tag?post=31698"}],"curies":[{"name":"wp","href":"https:\/\/api.w.org\/{rel}","templated":true}]}}