{"id":30914,"date":"2025-07-09T01:44:31","date_gmt":"2025-07-09T00:44:31","guid":{"rendered":"https:\/\/www.marrakechtaxi.com\/autista-serale-marrakech\/"},"modified":"2025-11-01T22:56:17","modified_gmt":"2025-11-01T21:56:17","slug":"autista-serale-marrakech","status":"publish","type":"product","link":"https:\/\/www.marrakechtaxi.com\/it\/autista-serale-marrakech\/","title":{"rendered":"Servizio autista serale a Marrakech"},"content":{"rendered":"\n<p><strong>Autista privato dalle 18:00 a tarda notte | Tariffa fissa<\/strong><\/p>\n\n<p>Stai pianificando una cena romantica, una serata con gli amici o un evento speciale a Marrakech? Dimentica lo stress dei taxi e delle contrattazioni: noleggia il tuo autista privato per la sera. <\/p>\n\n<p>I nostri autisti locali esperti vi verranno a prendere al vostro hotel o riad e vi accompagneranno ovunque vogliate andare a Marrakech. Che siate diretti a un ristorante panoramico, a una location per matrimoni o a diversi locali notturni, abbiamo tutto ci\u00f2 che vi serve. <\/p>\n\n<h2 class=\"wp-block-heading has-luminous-vivid-orange-color has-text-color has-link-color wp-elements-50126cd2abee72bd387b1754ccb8e47f\"><strong>Scegli l&#8217;opzione giusta per il tuo gruppo<\/strong><\/h2>\n\n<p><strong>Per un furgone (fino a 7 persone):<\/strong><br\/>\u2705 Dalle 18:00 a mezzanotte \u2013 <strong>60 \u20ac<\/strong><br\/>\u2705 Dalle 18:00 a tarda notte* \u2013 <strong>80 \u20ac<\/strong><\/p>\n\n<p><strong>Per un minibus (fino a 17 persone):<\/strong><br\/>\u2705 Dalle 18:00 a mezzanotte \u2013 <strong>80 \u20ac<\/strong><br\/>\u2705 Dalle 18:00 a tarda notte* \u2013 <strong>100 \u20ac<\/strong><\/p>\n\n<p>Che tu stia pianificando una cena tranquilla o una serata vivace, goditi Marrakech nel comfort, nella privacy e senza la pressione del tempo.<\/p>\n\n<pre class=\"wp-block-preformatted\">* Massimo 2:00 AM<\/pre>\n\n<h2 class=\"wp-block-heading has-luminous-vivid-orange-color has-text-color has-link-color wp-elements-066dacfcab2f2a94b2814d8c8ef89d8b\"><strong>\u2705 Cosa \u00e8 incluso<\/strong><\/h2>\n\n<ul class=\"wp-block-list\">\n<li>Veicolo privato con aria condizionata<\/li>\n\n\n\n<li>Autista professionista disponibile per tutta la sera<\/li>\n\n\n\n<li>Fermate urbane illimitate<\/li>\n\n\n\n<li>Carburante e parcheggio<\/li>\n\n\n\n<li>Prelievo e rientro in hotel<\/li>\n\n\n\n<li>Servizio multilingue: inglese, francese, arabo<\/li>\n<\/ul>\n\n<h2 class=\"wp-block-heading has-luminous-vivid-orange-color has-text-color has-link-color wp-elements-f94fbb9dbe9614faf5b0a59a327c4839\"><strong>\u274c Non incluso<\/strong><\/h2>\n\n<ul class=\"wp-block-list\">\n<li>Pasti, bevande o acquisti personali<\/li>\n\n\n\n<li>Ingresso a locali o eventi<\/li>\n\n\n\n<li>Servizi di guida o tour<\/li>\n\n\n\n<li>Mance all&#8217;autista<\/li>\n<\/ul>\n\n<h3 class=\"wp-block-heading has-luminous-vivid-orange-color has-text-color has-link-color wp-elements-307eba52c01469a1aed69b7c149a7b0d\">\ud83d\udccd <strong>Nota importante: servizio solo in citt\u00e0<\/strong><\/h3>\n\n<p>Questo servizio \u00e8 <strong>strettamente limitato al centro di Marrakech e ai quartieri circostanti<\/strong> (Gueliz, Medina, Hivernage, Palmeraie).<br\/><strong>I viaggi fuori citt\u00e0 o regionali (ad esempio, Ourika, Agafay o Imlil) non sono inclusi<\/strong> in questo prodotto.<\/p>\n\n<p>Se hai bisogno di un trasporto fuori Marrakech, contattaci per un preventivo personalizzato.<br\/>\ud83d\udcde WhatsApp: +212 600-316681<\/p>\n\n<hr class=\"wp-block-separator has-alpha-channel-opacity\"\/>\n\n<h2 class=\"wp-block-heading has-luminous-vivid-orange-color has-text-color has-link-color wp-elements-d0e9c0c7064f65cfb4cea311c34a4eba\"><strong>Domande frequenti<\/strong><\/h2>\n<div id=\"rank-math-faq\" class=\"rank-math-block\">\n<div class=\"rank-math-list \">\n<div id=\"faq-question-1752019311770\" class=\"rank-math-list-item\">\n<h3 class=\"rank-math-question \"><strong>Posso fermarmi in pi\u00f9 posti durante la notte?<\/strong><\/h3>\n<div class=\"rank-math-answer \">\n\n<p>S\u00ec! L&#8217;autista serale include fermate illimitate a Marrakech. <\/p>\n\n<\/div>\n<\/div>\n<div id=\"faq-question-1752019323010\" class=\"rank-math-list-item\">\n<h3 class=\"rank-math-question \"><strong>Si tratta di un viaggio condiviso o privato?<\/strong><\/h3>\n<div class=\"rank-math-answer \">\n\n<p>Riservatezza al 100%. Auto e autista saranno a tua completa disposizione. <\/p>\n\n<\/div>\n<\/div>\n<div id=\"faq-question-1752019345890\" class=\"rank-math-list-item\">\n<h3 class=\"rank-math-question \"><strong>Cosa succede se la mia serata finisce pi\u00f9 tardi di mezzanotte?<\/strong><\/h3>\n<div class=\"rank-math-answer \">\n\n<p>Scegli l&#8217;opzione &#8220;Dalle 18:00 a tardi&#8221; oppure chiedi un&#8217;estensione direttamente all&#8217;autista (potrebbero essere applicati dei costi).<\/p>\n\n<\/div>\n<\/div>\n<div id=\"faq-question-1752019372552\" class=\"rank-math-list-item\">\n<h3 class=\"rank-math-question \"><strong>Posso prenotare all&#8217;ultimo minuto?<\/strong><\/h3>\n<div class=\"rank-math-answer \">\n\n<p>Consigliamo di prenotare in anticipo per garantire la disponibilit\u00e0, ma faremo del nostro meglio per soddisfare anche le richieste dell&#8217;ultimo minuto.<\/p>\n\n<\/div>\n<\/div>\n<div id=\"faq-question-1752019380600\" class=\"rank-math-list-item\">\n<h3 class=\"rank-math-question \"><strong>Come posso confermare la prenotazione?<\/strong><\/h3>\n<div class=\"rank-math-answer \">\n\n<p>\u00c8 richiesto un acconto di 20 \u20ac tramite PayPal. Se prenoti tramite WhatsApp, ti invieremo il link. <\/p>\n\n<\/div>\n<\/div>\n<div id=\"faq-question-1752323376090\" class=\"rank-math-list-item\">\n<h3 class=\"rank-math-question \"><strong>L&#8217;autista pu\u00f2 portarci fuori Marrakech?<\/strong><\/h3>\n<div class=\"rank-math-answer \">\n\n<p>Questo servizio \u00e8 valido solo per viaggi all&#8217;interno dei confini della citt\u00e0 di Marrakech. Per viaggi fuori citt\u00e0, offriamo trasferimenti privati personalizzati: non esitate a contattarci per maggiori dettagli. <\/p>\n\n<\/div>\n<\/div>\n<\/div>\n<\/div>","protected":false},"excerpt":{"rendered":"<p>Sfrutta al meglio le tue notti a Marrakech con un autista privato. Dalle 18:00 fino a mezzanotte o pi\u00f9 tardi, goditi la citt\u00e0 in tutta comodit\u00e0 e sicurezza con un autista discreto e professionale al tuo servizio. Perfetto per cene, eventi e vita notturna.  <\/p>\n","protected":false},"featured_media":29778,"comment_status":"open","ping_status":"closed","template":"","meta":{"inline_featured_image":false,"_monsterinsights_skip_tracking":false,"_monsterinsights_sitenote_active":false,"_monsterinsights_sitenote_note":"","_monsterinsights_sitenote_category":0},"product_brand":[],"product_cat":[153],"product_tag":[],"class_list":{"0":"post-30914","1":"product","2":"type-product","3":"status-publish","4":"has-post-thumbnail","6":"product_cat-autisti-privati-chauffeur-marrakech","8":"first","9":"instock","10":"virtual","11":"sold-individually","12":"purchasable","13":"product-type-booking"},"booking_location":"","booking_location_type":"","booking_duration":1,"booking_duration_unit":"day","booking_buffer":0,"booking_cost":60,"booking_resources":[],"exclude_global_add_ons":false,"addons":[{"name":"Fascia oraria","type":"multiple_choice","position":2,"required":true,"title_format":"heading","default":"","description_enable":false,"description":null,"placeholder_enable":false,"placeholder":null,"display":"radiobutton","restrictions_type":"any_text","adjust_price":false,"price":"","price_type":"flat_fee","restrictions":false,"min":"0","max":"0","options":[{"label":"\u201cSera 18:00 \u2013 24:00\u201d \u2192 \u20ac60","price":"","price_type":"flat_fee","image":0,"visibility":true},{"label":"\u201cSera 18:00 \u2013 02:00\u201d \u2192 \u20ac80","price":"20","price_type":"flat_fee","image":0,"visibility":true}],"id":1754513491}],"_links":{"self":[{"href":"https:\/\/www.marrakechtaxi.com\/it\/wp-json\/wp\/v2\/product\/30914","targetHints":{"allow":["GET"]}}],"collection":[{"href":"https:\/\/www.marrakechtaxi.com\/it\/wp-json\/wp\/v2\/product"}],"about":[{"href":"https:\/\/www.marrakechtaxi.com\/it\/wp-json\/wp\/v2\/types\/product"}],"replies":[{"embeddable":true,"href":"https:\/\/www.marrakechtaxi.com\/it\/wp-json\/wp\/v2\/comments?post=30914"}],"wp:featuredmedia":[{"embeddable":true,"href":"https:\/\/www.marrakechtaxi.com\/it\/wp-json\/wp\/v2\/media\/29778"}],"wp:attachment":[{"href":"https:\/\/www.marrakechtaxi.com\/it\/wp-json\/wp\/v2\/media?parent=30914"}],"wp:term":[{"taxonomy":"product_brand","embeddable":true,"href":"https:\/\/www.marrakechtaxi.com\/it\/wp-json\/wp\/v2\/product_brand?post=30914"},{"taxonomy":"product_cat","embeddable":true,"href":"https:\/\/www.marrakechtaxi.com\/it\/wp-json\/wp\/v2\/product_cat?post=30914"},{"taxonomy":"product_tag","embeddable":true,"href":"https:\/\/www.marrakechtaxi.com\/it\/wp-json\/wp\/v2\/product_tag?post=30914"}],"curies":[{"name":"wp","href":"https:\/\/api.w.org\/{rel}","templated":true}]}}