{"id":28952,"date":"2025-05-27T15:50:02","date_gmt":"2025-05-27T14:50:02","guid":{"rendered":"https:\/\/www.marrakechtaxi.com\/passeggiata-cavallo-marrakech-palmeraie\/"},"modified":"2025-08-06T20:35:50","modified_gmt":"2025-08-06T19:35:50","slug":"passeggiata-cavallo-marrakech-palmeraie","status":"publish","type":"product","link":"https:\/\/www.marrakechtaxi.com\/it\/passeggiata-cavallo-marrakech-palmeraie\/","title":{"rendered":"Esperienza di equitazione a Marrakech con prelievo in hotel"},"content":{"rendered":"\n<p>Scopri la bellezza della campagna di Marrakech a cavallo! Che tu sia un principiante o un esperto, cerchi un&#8217;attivit\u00e0 all&#8217;aperto memorabile a Marrakech? Salta in sella per un&#8217;<strong>esperienza a cavallo di 1 ora<\/strong>, perfetta per famiglie, coppie e amanti della natura!  <\/p>\n\n<p>Vi verremo a prendere in hotel e vi accompagneremo al nostro centro equestre professionale, dove vi aspettano personale cordiale e cavalli ben curati. Che siate alle prime armi o principianti esperti, i nostri cavalli calmi e la guida esperta renderanno la vostra passeggiata a cavallo fluida e piacevole per tutti. <\/p>\n\n<p>Esplorerai splendidi sentieri di campagna appena fuori Marrakech, lontano dai rumori della citt\u00e0. Dopo la pedalata, goditi un rinfrescante bicchiere di tradizionale t\u00e8 alla menta marocchino. <\/p>\n\n<p>Offriamo anche giri sui <strong>pony per bambini a partire dai 2 anni<\/strong>, ideali per i membri pi\u00f9 giovani della famiglia che vogliono unirsi al divertimento.<\/p>\n\n<p>Si tratta di un&#8217;<strong>attivit\u00e0 sicura e adatta alle famiglie<\/strong>, che unisce natura, cultura e ospitalit\u00e0 marocchina.<\/p>\n\n<h2 class=\"wp-block-heading has-luminous-vivid-orange-color has-text-color has-link-color wp-elements-7524c0addf712f5abed58e0fb2e6bd76\"><strong>Punti salienti<\/strong><\/h2>\n\n<p>\u2705 Escursione guidata a cavallo di 1 ora vicino a Marrakech<br\/>\u2705 Prelievo e rientro in hotel inclusi<br\/>\u2705 Personale cordiale e professionale<br\/>\u2705 Cavalli calmi e ben addestrati per principianti<br\/>\u2705 T\u00e8 marocchino servito dopo la passeggiata<br\/>\u2705 Gite in pony disponibili per bambini (dai 2 anni)<br\/>\u2705 Ideale per coppie, famiglie e piccoli gruppi<\/p>\n\n<h2 class=\"wp-block-heading has-luminous-vivid-orange-color has-text-color has-link-color wp-elements-5c365a40ce4314a265d4daad740dfb7a\"><strong>Include\/Non include<\/strong><\/h2>\n\n<p>\u2705 Escursione a cavallo di 1 ora<br\/>\u2705 Prelievo e rientro in hotel (solo a Marrakech)<br\/>\u2705 T\u00e8 alla menta marocchino<br\/>\u2705 Casco e equipaggiamento di sicurezza<br\/>\u2705 Staff equestre professionista<\/p>\n\n<p>\u274c Cibo e altre bevande<br\/>\u274c Mancia (facoltativa)<\/p>\n\n<h2 class=\"wp-block-heading has-luminous-vivid-orange-color has-text-color has-link-color wp-elements-913b874d00072dbf40aba15e2e22e5df\"><strong>Buono a sapersi<\/strong><\/h2>\n\n<p>Non \u00e8 richiesta alcuna esperienza di equitazione.<br\/>Si consigliano abiti comodi e scarpe chiuse.<br\/>Caschi forniti.<br\/>\u00c8 disponibile un supplemento per il giro sul pony: 250 MAD a bambino.<br\/>Disponibile tutto l&#8217;anno.<\/p>\n\n<h2 class=\"wp-block-heading has-luminous-vivid-orange-color has-text-color has-link-color wp-elements-4b712d7e7565f583871a05ee68388b89\"><strong>Prezzo<\/strong><\/h2>\n\n<p>Passeggiata a cavallo (1 ora): 350 MAD \/ persona<br\/>Passeggiata sui pony (1 ora): 250 MAD \/ bambino<\/p>\n\n<hr class=\"wp-block-separator has-alpha-channel-opacity\"\/>\n\n<h2 class=\"wp-block-heading has-luminous-vivid-orange-color has-text-color has-link-color wp-elements-d0e9c0c7064f65cfb4cea311c34a4eba\"><strong>Domande frequenti<\/strong><\/h2>\n<div id=\"rank-math-faq\" class=\"rank-math-block\">\n<div class=\"rank-math-list \">\n<div id=\"faq-question-1748348013344\" class=\"rank-math-list-item\">\n<h3 class=\"rank-math-question \"><strong>Questa attivit\u00e0 \u00e8 adatta ai principianti?<\/strong><\/h3>\n<div class=\"rank-math-answer \">\n\n<p>S\u00ec, assolutamente! I nostri cavalli sono calmi e addestrati, e il nostro team di professionisti garantisce un&#8217;esperienza sicura e piacevole per tutti. <\/p>\n\n<\/div>\n<\/div>\n<div id=\"faq-question-1748348053023\" class=\"rank-math-list-item\">\n<h3 class=\"rank-math-question \"><strong>I bambini devono cavalcare cavalli a grandezza naturale?<\/strong><\/h3>\n<div class=\"rank-math-answer \">\n\n<p>Non necessariamente. I bambini dai 2 anni in su possono divertirsi facendo un giro sui pony. <\/p>\n\n<\/div>\n<\/div>\n<div id=\"faq-question-1748350126281\" class=\"rank-math-list-item\">\n<h3 class=\"rank-math-question \"><strong>Vengono forniti i caschi?<\/strong><\/h3>\n<div class=\"rank-math-answer \">\n\n<p>S\u00ec, la sicurezza \u00e8 la nostra priorit\u00e0. I \u200b\u200bcaschi sono disponibili e inclusi per tutti i partecipanti. <\/p>\n\n<\/div>\n<\/div>\n<div id=\"faq-question-1748351000544\" class=\"rank-math-list-item\">\n<h3 class=\"rank-math-question \"><strong>Cosa \u00e8 incluso nel viaggio?<\/strong><\/h3>\n<div class=\"rank-math-answer \">\n\n<p>Il giro, la guida professionale e un tradizionale t\u00e8 alla menta marocchino (al ranch o con la gente del posto, a seconda della durata).<\/p>\n\n<\/div>\n<\/div>\n<div id=\"faq-question-1748351021381\" class=\"rank-math-list-item\">\n<h3 class=\"rank-math-question \"><strong>Possiamo prenotare come gruppo o famiglia?<\/strong><\/h3>\n<div class=\"rank-math-answer \">\n\n<p>Certo! Accogliamo famiglie e piccoli gruppi. \u00c8 un&#8217;attivit\u00e0 all&#8217;aperto fantastica per tutti.  <\/p>\n\n<\/div>\n<\/div>\n<div id=\"faq-question-1748351039648\" class=\"rank-math-list-item\">\n<h3 class=\"rank-math-question \"><strong>Cosa dovrei indossare?<\/strong><\/h3>\n<div class=\"rank-math-answer \">\n\n<p>Consigliamo abiti comodi e scarpe chiuse. I caschi sono forniti. <\/p>\n\n<\/div>\n<\/div>\n<div id=\"faq-question-1748353538178\" class=\"rank-math-list-item\">\n<h3 class=\"rank-math-question \"><strong>Il trasporto dal mio hotel \u00e8 incluso?<\/strong><\/h3>\n<div class=\"rank-math-answer \">\n\n<p>S\u00ec, il trasporto di andata e ritorno da e per il tuo hotel a Marrakech \u00e8 incluso.<\/p>\n\n<\/div>\n<\/div>\n<\/div>\n<\/div>","protected":false},"excerpt":{"rendered":"<p>Cavalca per un&#8217;ora attraverso i tranquilli sentieri di Marrakech in sella a un cavallo ben addestrato. Prelievo e rientro in hotel inclusi. Pony a disposizione per i bambini. Dopo la cavalcata, verr\u00e0 offerto un t\u00e8 tradizionale.    (Max: 7 persone)<\/p>\n","protected":false},"featured_media":28923,"comment_status":"open","ping_status":"closed","template":"","meta":{"inline_featured_image":false,"_monsterinsights_skip_tracking":false,"_monsterinsights_sitenote_active":false,"_monsterinsights_sitenote_note":"","_monsterinsights_sitenote_category":0},"product_brand":[],"product_cat":[74],"product_tag":[],"class_list":{"0":"post-28952","1":"product","2":"type-product","3":"status-publish","4":"has-post-thumbnail","6":"product_cat-attivita-marrakech","8":"first","9":"instock","10":"virtual","11":"sold-individually","12":"purchasable","13":"product-type-booking"},"booking_location":"","booking_location_type":"","booking_duration":1,"booking_duration_unit":"hour","booking_buffer":0,"booking_cost":30,"booking_resources":[],"exclude_global_add_ons":false,"addons":[{"name":"Passeggiate a cavallo (adulti) (+35\u20ac)","type":"input_multiplier","position":0,"required":false,"title_format":"label","default":"","description_enable":false,"description":null,"placeholder_enable":false,"placeholder":null,"display":"select","restrictions_type":"any_text","adjust_price":true,"price":"35","price_type":"quantity_based","restrictions":true,"min":"0","max":"7","options":[],"id":1754510460},{"name":"Giro sui pony (bambini) (+25\u20ac)","type":"input_multiplier","position":1,"required":false,"title_format":"label","default":"","description_enable":false,"description":null,"placeholder_enable":false,"placeholder":null,"display":"select","restrictions_type":"any_text","adjust_price":true,"price":"25","price_type":"quantity_based","restrictions":true,"min":"0","max":"6","options":[],"id":1754510461}],"_links":{"self":[{"href":"https:\/\/www.marrakechtaxi.com\/it\/wp-json\/wp\/v2\/product\/28952","targetHints":{"allow":["GET"]}}],"collection":[{"href":"https:\/\/www.marrakechtaxi.com\/it\/wp-json\/wp\/v2\/product"}],"about":[{"href":"https:\/\/www.marrakechtaxi.com\/it\/wp-json\/wp\/v2\/types\/product"}],"replies":[{"embeddable":true,"href":"https:\/\/www.marrakechtaxi.com\/it\/wp-json\/wp\/v2\/comments?post=28952"}],"wp:featuredmedia":[{"embeddable":true,"href":"https:\/\/www.marrakechtaxi.com\/it\/wp-json\/wp\/v2\/media\/28923"}],"wp:attachment":[{"href":"https:\/\/www.marrakechtaxi.com\/it\/wp-json\/wp\/v2\/media?parent=28952"}],"wp:term":[{"taxonomy":"product_brand","embeddable":true,"href":"https:\/\/www.marrakechtaxi.com\/it\/wp-json\/wp\/v2\/product_brand?post=28952"},{"taxonomy":"product_cat","embeddable":true,"href":"https:\/\/www.marrakechtaxi.com\/it\/wp-json\/wp\/v2\/product_cat?post=28952"},{"taxonomy":"product_tag","embeddable":true,"href":"https:\/\/www.marrakechtaxi.com\/it\/wp-json\/wp\/v2\/product_tag?post=28952"}],"curies":[{"name":"wp","href":"https:\/\/api.w.org\/{rel}","templated":true}]}}