{"id":27854,"date":"2025-04-10T16:49:39","date_gmt":"2025-04-10T15:49:39","guid":{"rendered":"https:\/\/www.marrakechtaxi.com\/tour-palazzi-marrakech-koutoubia-bahia-badi\/"},"modified":"2025-04-15T08:03:58","modified_gmt":"2025-04-15T07:03:58","slug":"tour-palazzi-marrakech-koutoubia-bahia-badi","status":"publish","type":"product","link":"https:\/\/www.marrakechtaxi.com\/it\/tour-palazzi-marrakech-koutoubia-bahia-badi\/","title":{"rendered":"Tour dei palazzi imperiali di Marrakech: Koutoubia, Bahia ed El Badi"},"content":{"rendered":"\n<h2 class=\"wp-block-heading\"><strong><span style=\"color: #ff6600;\">Durata: circa 3 ore<\/span><\/strong><\/h2>\n\n<p>Immergiti nel ricco patrimonio della Marrakech imperiale con questo tour culturale curato nei minimi dettagli, condotto da una guida autorizzata dal Ministero del Turismo marocchino.<\/p>\n\n<p>Iniziate dall&#8217;iconica Moschea della Koutoubia, simbolo spirituale della citt\u00e0 e meraviglia dell&#8217;architettura almohade del XII secolo. La vostra guida vi racconter\u00e0 la storia e il significato di questo monumento, mentre ne ammirerete l&#8217;elegante minareto e la tranquillit\u00e0 circostante. <\/p>\n\n<p>Prosegui verso il Palazzo Bahia, un capolavoro del XIX secolo ricco di cortili mozzafiato, intricate piastrelle zellij e un tranquillo giardino che riflette il lusso reale marocchino.<\/p>\n\n<p>Infine, passeggiate tra le suggestive rovine del Palazzo El Badi, un tempo uno dei palazzi pi\u00f9 sontuosi del mondo. Sebbene oggi sia un maestoso guscio, racconta storie di potere, arte e gloria marocchina. <\/p>\n\n<p>Viaggerete comodamente a bordo di un mezzo privato con aria condizionata, con servizio di prelievo e rientro in hotel incluso. Questo tour \u00e8 perfetto per i viaggiatori che desiderano scoprire l&#8217;eredit\u00e0 imperiale di Marrakech in tutta comodit\u00e0, guidati da un vero esperto locale. <\/p>\n\n<h2 class=\"wp-block-heading\"><strong><span style=\"color: #ff6600;\">Punti salienti<\/span><\/strong><\/h2>\n\n<p>\u2705 Visita l&#8217;iconica Moschea della Koutoubia e scopri il suo significato spirituale e storico<br\/>\u2705 Esplora l&#8217;elegante Palazzo Bahia, noto per la sua intricata architettura e i suoi giardini tranquilli<br\/>\u2705 Passeggia tra le imponenti rovine dell&#8217;un tempo magnifico Palazzo El Badi<br\/>\u2705 Ascolta le spiegazioni di una guida autorizzata e approvata dal Ministero del Turismo<br\/>\u2705 Viaggia con un comodo trasporto privato con prelievo e rientro in hotel<br\/>\u2705 Vivi un tour di mezza giornata rilassante e stimolante, ideale per gli amanti della cultura e per chi visita il Marocco per la prima volta<\/p>\n\n<h2 class=\"wp-block-heading has-luminous-vivid-orange-color has-text-color has-link-color wp-elements-fe5f4333e7a78fee95c62630cfb56c24\"><strong><span style=\"color: #ff6600;\">Include\/Non include<\/span><\/strong><\/h2>\n\n<p>\u2705 Trasporto privato (prelievo e rientro in hotel)<br\/>\u2705 Guida locale<\/p>\n\n<p>\u274c Pasti<br\/>\u274c Spese personali<br\/>\u274c Biglietti d&#8217;ingresso ai monumenti<br\/>Palazzo Bahia (Adulti: 100 MAD &#8211; Bambini: 50 MAD)<br\/>Palazzo El Badi (Adulti: 100 MAD &#8211; Bambini: 50 MAD)<\/p>\n\n<h2 class=\"wp-block-heading has-luminous-vivid-orange-color has-text-color has-link-color wp-elements-0bf49f87a271a67e705d935a94e7fc16\"><strong><span style=\"color: #ff6600;\">Informazioni importanti<\/span><\/strong><\/h2>\n\n<p>Cosa portare:<\/p>\n\n<ul class=\"wp-block-list\">\n<li>Scarpe comode<\/li>\n\n\n\n<li>Occhiali da sole<\/li>\n\n\n\n<li>Cappello da sole<\/li>\n\n\n\n<li>Protezione solare<\/li>\n<\/ul>\n\n<h2 class=\"wp-block-heading\"><strong><span style=\"color: #ff6600;\">Domande frequenti<\/span><\/strong><\/h2>\n<div id=\"rank-math-faq\" class=\"rank-math-block\">\n<div class=\"rank-math-list \">\n<div id=\"faq-question-1744299217217\" class=\"rank-math-list-item\">\n<h3 class=\"rank-math-question \">D: I biglietti d&#8217;ingresso sono inclusi nel prezzo?<\/h3>\n<div class=\"rank-math-answer \">\n\n<p>R: No, i biglietti d&#8217;ingresso al Palazzo Bahia e al Palazzo El Badi non sono inclusi. Puoi pagarli direttamente in loco. La tua guida ti assister\u00e0 con i biglietti sul posto.  <\/p>\n\n<\/div>\n<\/div>\n<div id=\"faq-question-1744299232329\" class=\"rank-math-list-item\">\n<h3 class=\"rank-math-question \">D: Possiamo entrare nella Moschea della Koutoubia?<\/h3>\n<div class=\"rank-math-answer \">\n\n<p>R: Ai non musulmani non \u00e8 permesso entrare nella moschea. Tuttavia, potrete esplorarne gli splendidi esterni e i giardini, scoprendone l&#8217;affascinante storia. <\/p>\n\n<\/div>\n<\/div>\n<div id=\"faq-question-1744299257463\" class=\"rank-math-list-item\">\n<h3 class=\"rank-math-question \">D: Chi sar\u00e0 la nostra guida?<\/h3>\n<div class=\"rank-math-answer \">\n\n<p>R: Sarete accompagnati da una guida professionista autorizzata dal Ministero del Turismo marocchino, esperta, competente e appassionata nel condividere la storia di Marrakech.<\/p>\n\n<\/div>\n<\/div>\n<div id=\"faq-question-1744299273246\" class=\"rank-math-list-item\">\n<h3 class=\"rank-math-question \">D: Il tour \u00e8 privato o condiviso?<\/h3>\n<div class=\"rank-math-answer \">\n\n<p>R: Questo \u00e8 un tour privato con trasporto privato, riservato esclusivamente al tuo gruppo. Offre maggiore comfort e flessibilit\u00e0 rispetto ai tour di gruppo. <\/p>\n\n<\/div>\n<\/div>\n<div id=\"faq-question-1744299292968\" class=\"rank-math-list-item\">\n<h3 class=\"rank-math-question \">D: Cosa \u00e8 incluso nel tour?<\/h3>\n<div class=\"rank-math-answer \">\n\n<p>R: Il tour include una guida certificata, trasporto privato con aria condizionata, prelievo e rientro in hotel e visite guidate complete. Biglietti d&#8217;ingresso e spese personali non sono inclusi. <\/p>\n\n<\/div>\n<\/div>\n<div id=\"faq-question-1744299325302\" class=\"rank-math-list-item\">\n<h3 class=\"rank-math-question \">D: Quanto dura il tour?<\/h3>\n<div class=\"rank-math-answer \">\n\n<p>R: L&#8217;esperienza dura circa 3 ore, a seconda del ritmo e dell&#8217;interesse dimostrato in ogni sito.<\/p>\n\n<\/div>\n<\/div>\n<div id=\"faq-question-1744299354285\" class=\"rank-math-list-item\">\n<h3 class=\"rank-math-question \">D: Il tour \u00e8 disponibile in altre lingue?<\/h3>\n<div class=\"rank-math-answer \">\n\n<p>R: S\u00ec! Il tour \u00e8 disponibile in inglese, francese, spagnolo, arabo e italiano: basta comunicarci la propria preferenza al momento della prenotazione. <\/p>\n\n<\/div>\n<\/div>\n<\/div>\n<\/div>","protected":false},"excerpt":{"rendered":"<p>Esplora i leggendari monumenti di Marrakech con una guida certificata e un trasporto privato. Scopri la Moschea della Koutoubia, il Palazzo Bahia e le rovine del Palazzo El Badi. <\/p>\n","protected":false},"featured_media":27846,"comment_status":"open","ping_status":"closed","template":"","meta":{"inline_featured_image":false,"_monsterinsights_skip_tracking":false,"_monsterinsights_sitenote_active":false,"_monsterinsights_sitenote_note":"","_monsterinsights_sitenote_category":0},"product_brand":[],"product_cat":[74,122],"product_tag":[],"class_list":{"0":"post-27854","1":"product","2":"type-product","3":"status-publish","4":"has-post-thumbnail","6":"product_cat-attivita-marrakech","7":"product_cat-tour-guidati-marrakech","9":"first","10":"instock","11":"virtual","12":"sold-individually","13":"purchasable","14":"product-type-booking"},"booking_location":"","booking_location_type":"","booking_duration":3,"booking_duration_unit":"hour","booking_buffer":0,"booking_cost":79,"booking_resources":[],"exclude_global_add_ons":[],"addons":[],"_links":{"self":[{"href":"https:\/\/www.marrakechtaxi.com\/it\/wp-json\/wp\/v2\/product\/27854","targetHints":{"allow":["GET"]}}],"collection":[{"href":"https:\/\/www.marrakechtaxi.com\/it\/wp-json\/wp\/v2\/product"}],"about":[{"href":"https:\/\/www.marrakechtaxi.com\/it\/wp-json\/wp\/v2\/types\/product"}],"replies":[{"embeddable":true,"href":"https:\/\/www.marrakechtaxi.com\/it\/wp-json\/wp\/v2\/comments?post=27854"}],"wp:featuredmedia":[{"embeddable":true,"href":"https:\/\/www.marrakechtaxi.com\/it\/wp-json\/wp\/v2\/media\/27846"}],"wp:attachment":[{"href":"https:\/\/www.marrakechtaxi.com\/it\/wp-json\/wp\/v2\/media?parent=27854"}],"wp:term":[{"taxonomy":"product_brand","embeddable":true,"href":"https:\/\/www.marrakechtaxi.com\/it\/wp-json\/wp\/v2\/product_brand?post=27854"},{"taxonomy":"product_cat","embeddable":true,"href":"https:\/\/www.marrakechtaxi.com\/it\/wp-json\/wp\/v2\/product_cat?post=27854"},{"taxonomy":"product_tag","embeddable":true,"href":"https:\/\/www.marrakechtaxi.com\/it\/wp-json\/wp\/v2\/product_tag?post=27854"}],"curies":[{"name":"wp","href":"https:\/\/api.w.org\/{rel}","templated":true}]}}