{"id":27842,"date":"2025-04-09T13:50:27","date_gmt":"2025-04-09T12:50:27","guid":{"rendered":"https:\/\/www.marrakechtaxi.com\/tour-monumenti-marrakech-koutoubia-bahia-saaditi\/"},"modified":"2025-05-27T21:28:43","modified_gmt":"2025-05-27T20:28:43","slug":"tour-monumenti-marrakech-koutoubia-bahia-saaditi","status":"publish","type":"product","link":"https:\/\/www.marrakechtaxi.com\/it\/tour-monumenti-marrakech-koutoubia-bahia-saaditi\/","title":{"rendered":"Tour dei monumenti di Marrakech: Koutoubia, Palazzo Bahia e Tombe Saadiane"},"content":{"rendered":"\n<h2 class=\"wp-block-heading has-luminous-vivid-orange-color has-text-color has-link-color wp-elements-b19b0102187e13dad04528f532e7fd49\"><strong><span style=\"color: #ff6600;\">Durata: circa 3 ore<\/span><\/strong><\/h2>\n\n<p>Immergiti nel cuore della ricca storia di Marrakech con questo tour guidato dei monumenti pi\u00f9 famosi della citt\u00e0.<\/p>\n\n<p>Inizia il tuo viaggio dalla magnifica Moschea della Koutoubia, simbolo spirituale di Marrakech, con il suo minareto del XII secolo che svetta sulla medina. Prosegui verso lo splendido Palazzo Bahia, un capolavoro dell&#8217;architettura marocchina con i suoi intricati mosaici, i lussureggianti giardini e la sua storia reale. Poi, scopri il mistero delle Tombe Saadiane, nascoste per secoli e ora splendidamente restaurate, che offrono uno scorcio sulla grandezza della dinastia Saadiana del Marocco.  <\/p>\n\n<p>Sarete accompagnati da una guida giurata accreditata dal Ministero del Turismo del Marocco, che condivider\u00e0 con voi storie affascinanti, approfondimenti locali e contesto culturale. Godetevi il comfort e la comodit\u00e0 di un trasporto privato con aria condizionata per tutta la durata dell&#8217;esperienza. <\/p>\n\n<p>Questo \u00e8 pi\u00f9 di un semplice tour: \u00e8 un viaggio culturale nel tempo. Perfetto per chi visita Marrakech per la prima volta, per gli amanti della storia e per chiunque desideri un legame pi\u00f9 profondo con Marrakech. <\/p>\n\n<h2 class=\"wp-block-heading has-luminous-vivid-orange-color has-text-color has-link-color wp-elements-d18b002f6afba987d6458f6d2f52b58c\"><strong><span style=\"color: #ff6600;\">Punti salienti<\/span><\/strong><\/h2>\n\n<p>\u2705 Visita l&#8217;iconica Moschea della Koutoubia dall&#8217;esterno<br\/>\u2705 Esplora l&#8217;elegante Palazzo Bahia e i suoi giardini reali<br\/>\u2705 Scopri le Tombe Saadiane, nascoste per secoli<br\/>\u2705 Impara da una guida professionista autorizzata<br\/>\u2705 Viaggia con un comodo mezzo di trasporto privato<br\/>\u2705 Disponibili opzioni di tour privati \u200b\u200bo per piccoli gruppi<br\/>\u2705 Prelievo\/rientro in hotel<\/p>\n\n<h2 class=\"wp-block-heading has-luminous-vivid-orange-color has-text-color has-link-color wp-elements-fe5f4333e7a78fee95c62630cfb56c24\"><strong><span style=\"color: #ff6600;\">Include\/Non include<\/span><\/strong><\/h2>\n\n<p>\u2705 Trasporto privato (prelievo e rientro in hotel)<br\/>\u2705 Guida locale<\/p>\n\n<p>\u274c Pasti<br\/>\u274c Spese personali<br\/>\u274c Biglietti d&#8217;ingresso ai monumenti<br\/>Palazzo Bahia (Adulti: 100 MAD &#8211; Bambini: 50 MAD)<br\/>Tombe Saadiane (Adulti: 100 MAD &#8211; Bambini: 50 MAD)<\/p>\n\n<h2 class=\"wp-block-heading has-luminous-vivid-orange-color has-text-color has-link-color wp-elements-0bf49f87a271a67e705d935a94e7fc16\"><strong><span style=\"color: #ff6600;\">Informazioni importanti<\/span><\/strong><\/h2>\n\n<p>Cosa portare:<\/p>\n\n<ul class=\"wp-block-list\">\n<li>Scarpe comode<\/li>\n\n\n\n<li>Occhiali da sole<\/li>\n\n\n\n<li>Cappello da sole<\/li>\n\n\n\n<li>Protezione solare<\/li>\n<\/ul>\n\n<h2 class=\"wp-block-heading has-luminous-vivid-orange-color has-text-color has-link-color wp-elements-e2a7818fae1e7b1f03d5b87f4c8f11ae\"><strong><span style=\"color: #ff6600;\">Domande frequenti<\/span><\/strong><\/h2>\n<div id=\"rank-math-faq\" class=\"rank-math-block\">\n<div class=\"rank-math-list \">\n<div id=\"faq-question-1744235635607\" class=\"rank-math-list-item\">\n<h3 class=\"rank-math-question \">D: L&#8217;ingresso a tutti i monumenti \u00e8 incluso?<\/h3>\n<div class=\"rank-math-answer \">\n\n<p>No, i biglietti d&#8217;ingresso al Palazzo Bahia e alle Tombe Saadiane non sono inclusi nel prezzo.<\/p>\n\n<\/div>\n<\/div>\n<div id=\"faq-question-1744235679340\" class=\"rank-math-list-item\">\n<h3 class=\"rank-math-question \">D: Posso entrare nella Moschea della Koutoubia?<\/h3>\n<div class=\"rank-math-answer \">\n\n<p>Se non sei musulmano, puoi visitare l&#8217;esterno e i giardini circostanti, ma l&#8217;ingresso all&#8217;interno \u00e8 limitato.<\/p>\n\n<\/div>\n<\/div>\n<div id=\"faq-question-1744235694172\" class=\"rank-math-list-item\">\n<h3 class=\"rank-math-question \">D: Questo tour \u00e8 privato?<\/h3>\n<div class=\"rank-math-answer \">\n\n<p>S\u00ec, offriamo tour privati \u200b\u200bdi default. Su richiesta, potrebbero essere disponibili anche opzioni per piccoli gruppi. <\/p>\n\n<\/div>\n<\/div>\n<div id=\"faq-question-1744235706614\" class=\"rank-math-list-item\">\n<h3 class=\"rank-math-question \">D: Che tipo di veicolo viene utilizzato?<\/h3>\n<div class=\"rank-math-answer \">\n\n<p>Mettiamo a disposizione un veicolo moderno e climatizzato, adatto alle dimensioni del vostro gruppo, con un autista professionista.<\/p>\n\n<\/div>\n<\/div>\n<div id=\"faq-question-1744235718592\" class=\"rank-math-list-item\">\n<h3 class=\"rank-math-question \">D: Posso personalizzare il tour?<\/h3>\n<div class=\"rank-math-answer \">\n\n<p>Assolutamente! Fateci sapere se desiderate aggiungere altre tappe o modificare l&#8217;itinerario. <\/p>\n\n<\/div>\n<\/div>\n<div id=\"faq-question-1744235731941\" class=\"rank-math-list-item\">\n<h3 class=\"rank-math-question \">D: La guida \u00e8 ufficialmente certificata?<\/h3>\n<div class=\"rank-math-answer \">\n\n<p>S\u00ec, la tua guida \u00e8 ufficialmente autorizzata e giurata dal Ministero del Turismo marocchino.<\/p>\n\n<\/div>\n<\/div>\n<\/div>\n<\/div>\n<p><\/p>\n","protected":false},"excerpt":{"rendered":"<p>Visita i luoghi pi\u00f9 iconici di Marrakech con una guida autorizzata e un trasporto privato. Scopri la Moschea della Koutoubia, il Palazzo Bahia e le Tombe Saadiane in questo indimenticabile tour culturale. <\/p>\n","protected":false},"featured_media":27802,"comment_status":"open","ping_status":"closed","template":"","meta":{"inline_featured_image":false,"_monsterinsights_skip_tracking":false,"_monsterinsights_sitenote_active":false,"_monsterinsights_sitenote_note":"","_monsterinsights_sitenote_category":0},"product_brand":[],"product_cat":[74,122],"product_tag":[],"class_list":{"0":"post-27842","1":"product","2":"type-product","3":"status-publish","4":"has-post-thumbnail","6":"product_cat-attivita-marrakech","7":"product_cat-tour-guidati-marrakech","9":"first","10":"instock","11":"virtual","12":"sold-individually","13":"purchasable","14":"product-type-booking"},"booking_location":"","booking_location_type":"","booking_duration":3,"booking_duration_unit":"hour","booking_buffer":0,"booking_cost":79,"booking_resources":[],"exclude_global_add_ons":[],"addons":[],"_links":{"self":[{"href":"https:\/\/www.marrakechtaxi.com\/it\/wp-json\/wp\/v2\/product\/27842","targetHints":{"allow":["GET"]}}],"collection":[{"href":"https:\/\/www.marrakechtaxi.com\/it\/wp-json\/wp\/v2\/product"}],"about":[{"href":"https:\/\/www.marrakechtaxi.com\/it\/wp-json\/wp\/v2\/types\/product"}],"replies":[{"embeddable":true,"href":"https:\/\/www.marrakechtaxi.com\/it\/wp-json\/wp\/v2\/comments?post=27842"}],"wp:featuredmedia":[{"embeddable":true,"href":"https:\/\/www.marrakechtaxi.com\/it\/wp-json\/wp\/v2\/media\/27802"}],"wp:attachment":[{"href":"https:\/\/www.marrakechtaxi.com\/it\/wp-json\/wp\/v2\/media?parent=27842"}],"wp:term":[{"taxonomy":"product_brand","embeddable":true,"href":"https:\/\/www.marrakechtaxi.com\/it\/wp-json\/wp\/v2\/product_brand?post=27842"},{"taxonomy":"product_cat","embeddable":true,"href":"https:\/\/www.marrakechtaxi.com\/it\/wp-json\/wp\/v2\/product_cat?post=27842"},{"taxonomy":"product_tag","embeddable":true,"href":"https:\/\/www.marrakechtaxi.com\/it\/wp-json\/wp\/v2\/product_tag?post=27842"}],"curies":[{"name":"wp","href":"https:\/\/api.w.org\/{rel}","templated":true}]}}