{"id":26292,"date":"2025-02-28T14:37:43","date_gmt":"2025-02-28T14:37:43","guid":{"rendered":"https:\/\/www.marrakechtaxi.com\/gita-di-un-giorno-alle-cascate-di-ouzoud-private\/"},"modified":"2026-01-05T19:02:51","modified_gmt":"2026-01-05T18:02:51","slug":"tour-privato-cascate-ouzoud-marrakech","status":"publish","type":"product","link":"https:\/\/www.marrakechtaxi.com\/it\/tour-privato-cascate-ouzoud-marrakech\/","title":{"rendered":"Gita giornaliera privata alle cascate Ouzoud"},"content":{"rendered":"\n<h2 class=\"wp-block-heading has-luminous-vivid-orange-color has-text-color has-link-color wp-elements-b09c1a231ebc6d706192dd4ac93efc4c\"><strong>\ud83c\udf04 Panoramica dell&#8217;esperienza<\/strong><\/h2>\n\n<p>L&#8217;escursione privata di un <strong>giorno alle cascate di Ouzoud<\/strong> offre una fuga di un&#8217;intera giornata in uno dei siti naturali pi\u00f9 spettacolari del Marocco. Situate sui Monti dell&#8217;Atlante, le cascate precipitano per oltre 100 metri nel canyon sottostante, offrendo panorami mozzafiato, nebbia fresca e un&#8217;esperienza rigenerante lontano dal trambusto di Marrakech. <\/p>\n\n<p>Goditi la flessibilit\u00e0 di un viaggio privato con prelievo e rientro in hotel, un&#8217;escursione guidata facoltativa alla base delle cascate e tanto tempo per rilassarti lungo il fiume o fare un giro in barca vicino alle acque a cascata.<\/p>\n\n<h2 class=\"wp-block-heading has-luminous-vivid-orange-color has-text-color has-link-color wp-elements-df0611a23873461858c6fea6ee085427\"><strong>\u2b50 In evidenza<\/strong><\/h2>\n\n<p>\u2714\ufe0f Trasferimento privato da Marrakech a Ouzoud (andata e ritorno)<br\/>\u2714\ufe0f Visita a una delle cascate pi\u00f9 alte e belle del Marocco<br\/>\u2714\ufe0f Escursione guidata facoltativa ai punti panoramici e alla base delle cascate<br\/>\u2714\ufe0f Pranzo in un bar sul fiume (non incluso)<br\/>\u2714\ufe0f Esplora i villaggi berberi e incontra le scimmie locali<br\/>\u2714\ufe0f Tempo libero per foto, passeggiate nella natura o un giro in barca<\/p>\n\n<h2 class=\"wp-block-heading has-luminous-vivid-orange-color has-text-color has-link-color wp-elements-eaf397ddf4432d06a263af53ee7a2995\"><strong>\ud83d\uddfa\ufe0f Cosa aspettarsi<\/strong><\/h2>\n\n<ul class=\"wp-block-list\">\n<li>\ud83d\ude97 Prelievo in hotel intorno alle 08:00 da Marrakech<\/li>\n\n\n\n<li>\u26f0\ufe0f Viaggio panoramico di 2,5-3 ore attraverso la campagna dell&#8217;Atlante<\/li>\n\n\n\n<li>\ud83d\udc12 Avvista le scimmie bertucce e la fauna selvatica locale intorno alle cascate<\/li>\n\n\n\n<li>\ud83e\udd7e Escursione facoltativa di 1 ora con una guida locale (livello moderato)<\/li>\n\n\n\n<li>\ud83d\udef6 Giro in barca facoltativo vicino alla base della cascata (piccolo supplemento)<\/li>\n\n\n\n<li>\ud83c\udf7d\ufe0f Tempo libero per il pranzo in un ristorante locale (non incluso)<\/li>\n\n\n\n<li>\ud83c\udf05 Rientro a Marrakech nel tardo pomeriggio<\/li>\n<\/ul>\n\n<h2 class=\"wp-block-heading has-luminous-vivid-orange-color has-text-color has-link-color wp-elements-45dc4673ef1b7bc653f29959696531c8\"><strong>\u2139\ufe0f Informazioni aggiuntive<\/strong><\/h2>\n\n<ul class=\"wp-block-list\">\n<li>\ud83d\udd57 Durata: giornata intera (circa 10 ore)<\/li>\n\n\n\n<li>\ud83e\uddd2 Adatto a tutte le et\u00e0: l&#8217;escursionismo moderato \u00e8 facoltativo<\/li>\n\n\n\n<li>\ud83e\udde2 Indossare scarpe comode e portare la protezione solare<\/li>\n\n\n\n<li>\u2744\ufe0f Temperature pi\u00f9 fresche nella valle: porta una giacca leggera<\/li>\n\n\n\n<li>\ud83e\udded Questo \u00e8 un <strong>viaggio privato<\/strong>, completamente personalizzabile<\/li>\n<\/ul>\n\n<h2 class=\"wp-block-heading has-luminous-vivid-orange-color has-text-color has-link-color wp-elements-0d33bdbacdfc3bb8a92f40d86b79cd93\"><strong>\ud83d\udccd Informazioni sul ritiro<\/strong><\/h2>\n\n<ul class=\"wp-block-list\">\n<li>\u2705 Prelievo in hotel o riad incluso (centro di Marrakech)<\/li>\n\n\n\n<li>\ud83d\udccd Se il tuo alloggio non \u00e8 raggiungibile in auto, verr\u00e0 concordato un punto di incontro nelle vicinanze<\/li>\n<\/ul>\n\n<h2 class=\"wp-block-heading has-luminous-vivid-orange-color has-text-color has-link-color wp-elements-eb4d654ea14a5808120b1501dec013aa\"><strong>\ud83d\udcc5 Informazioni sulla prenotazione<\/strong><\/h2>\n\n<ul class=\"wp-block-list\">\n<li>\u2705 Tour privati giornalieri<\/li>\n\n\n\n<li>\ud83d\udd52 Orario di inizio flessibile (predefinito 08:00)<\/li>\n\n\n\n<li>\ud83d\udcb3 Pagamento: Deposito richiesto (non rimborsabile in caso di cancellazione dell&#8217;ultimo minuto)<\/li>\n\n\n\n<li>\ud83d\udcde Contattaci tramite <em>WhatsApp<\/em> o <em>email<\/em> per richieste speciali<\/li>\n<\/ul>\n\n<hr class=\"wp-block-separator has-alpha-channel-opacity\"\/>\n\n<h2 class=\"wp-block-heading has-luminous-vivid-orange-color has-text-color has-link-color wp-elements-d0e9c0c7064f65cfb4cea311c34a4eba\"><strong>Domande frequenti<\/strong><\/h2>\n<div id=\"rank-math-faq\" class=\"rank-math-block\">\n<div class=\"rank-math-list \">\n<div id=\"faq-question-1740785237962\" class=\"rank-math-list-item\">\n<h3 class=\"rank-math-question \"><strong>Quanto distano le cascate di Ouzoud da Marrakech?<\/strong><\/h3>\n<div class=\"rank-math-answer \">\n\n<p>Circa 160 km (circa 2,5-3 ore in auto).<\/p>\n\n<\/div>\n<\/div>\n<div id=\"faq-question-1740785281856\" class=\"rank-math-list-item\">\n<h3 class=\"rank-math-question \"><strong>Vale la pena visitare le cascate di Ouzoud?<\/strong><\/h3>\n<div class=\"rank-math-answer \">\n\n<p>Assolutamente s\u00ec! Sono una delle attrazioni naturali pi\u00f9 iconiche del Marocco, perfette per gli amanti della fotografia, del relax e della natura. <\/p>\n\n<\/div>\n<\/div>\n<div id=\"faq-question-1740785294978\" class=\"rank-math-list-item\">\n<h3 class=\"rank-math-question \"><strong>Ci sono molte camminate o escursioni da fare?<\/strong><\/h3>\n<div class=\"rank-math-answer \">\n\n<p>\u00c8 possibile effettuare un&#8217;escursione facoltativa di media difficolt\u00e0, ma non \u00e8 obbligatoria. \u00c8 possibile ammirare le cascate da diversi livelli senza dover camminare. <\/p>\n\n<\/div>\n<\/div>\n<div id=\"faq-question-1740785315469\" class=\"rank-math-list-item\">\n<h3 class=\"rank-math-question \"><strong>Posso nuotare alle cascate di Ouzoud?<\/strong><\/h3>\n<div class=\"rank-math-answer \">\n\n<p>Ufficialmente non \u00e8 consentito nuotare, ma a volte la gente del posto fa il bagno alla base quando il tempo \u00e8 calmo. Dipende dalle condizioni e dalla stagione. <\/p>\n\n<\/div>\n<\/div>\n<div id=\"faq-question-1740785322405\" class=\"rank-math-list-item\">\n<h3 class=\"rank-math-question \"><strong>Cosa dovrei portare per il viaggio?<\/strong><\/h3>\n<div class=\"rank-math-answer \">\n\n<p>Scarpe comode, acqua, macchina fotografica, giacca leggera e denaro contante per il pranzo o per le attivit\u00e0 facoltative.<\/p>\n\n<\/div>\n<\/div>\n<\/div>\n<\/div>","protected":false},"excerpt":{"rendered":"<p data-start=\"218\" data-end=\"502\">Fuggi da Marrakech per un giorno e scopri le spettacolari cascate di Ouzoud con un&#8217;escursione privata di un giorno. Viaggia in tutta comodit\u00e0, goditi viste panoramiche ed esplora i villaggi berberi e gli uliveti che circondano questa meraviglia naturale. Un&#8217;indimenticabile fuga nella natura a sole 2 ore e mezza dalla citt\u00e0!  <\/p>\n","protected":false},"featured_media":25481,"comment_status":"open","ping_status":"closed","template":"","meta":{"inline_featured_image":false,"_monsterinsights_skip_tracking":false,"_monsterinsights_sitenote_active":false,"_monsterinsights_sitenote_note":"","_monsterinsights_sitenote_category":0},"product_brand":[],"product_cat":[69,68],"product_tag":[],"class_list":{"0":"post-26292","1":"product","2":"type-product","3":"status-publish","4":"has-post-thumbnail","6":"product_cat-escursioni-private-marrakech","7":"product_cat-escursioni-gite-marrakech","9":"first","10":"instock","11":"virtual","12":"sold-individually","13":"purchasable","14":"product-type-booking"},"booking_location":"","booking_location_type":"","booking_duration":1,"booking_duration_unit":"day","booking_buffer":0,"booking_cost":149,"booking_resources":[],"exclude_global_add_ons":false,"addons":[{"name":"Guida locale (+30\u20ac)","type":"checkbox","position":0,"required":false,"title_format":"hide","default":"","description_enable":false,"description":null,"placeholder_enable":false,"placeholder":null,"display":"select","restrictions_type":"any_text","adjust_price":false,"price":"","price_type":"flat_fee","restrictions":false,"min":"0","max":"0","options":[{"label":"Guida locale (+30\u20ac)","price":"30","price_type":"flat_fee","image":0,"visibility":true}],"id":1740785337},{"name":"Auto di lusso (+20\u20ac)","type":"checkbox","position":1,"required":false,"title_format":"hide","default":"","description_enable":false,"description":null,"placeholder_enable":false,"placeholder":null,"display":"select","restrictions_type":"any_text","adjust_price":false,"price":"","price_type":"flat_fee","restrictions":false,"min":"0","max":"0","options":[{"label":"Auto di lusso (+20\u20ac)","price":"20","price_type":"flat_fee","image":0,"visibility":true}],"id":1759589097}],"_links":{"self":[{"href":"https:\/\/www.marrakechtaxi.com\/it\/wp-json\/wp\/v2\/product\/26292","targetHints":{"allow":["GET"]}}],"collection":[{"href":"https:\/\/www.marrakechtaxi.com\/it\/wp-json\/wp\/v2\/product"}],"about":[{"href":"https:\/\/www.marrakechtaxi.com\/it\/wp-json\/wp\/v2\/types\/product"}],"replies":[{"embeddable":true,"href":"https:\/\/www.marrakechtaxi.com\/it\/wp-json\/wp\/v2\/comments?post=26292"}],"wp:featuredmedia":[{"embeddable":true,"href":"https:\/\/www.marrakechtaxi.com\/it\/wp-json\/wp\/v2\/media\/25481"}],"wp:attachment":[{"href":"https:\/\/www.marrakechtaxi.com\/it\/wp-json\/wp\/v2\/media?parent=26292"}],"wp:term":[{"taxonomy":"product_brand","embeddable":true,"href":"https:\/\/www.marrakechtaxi.com\/it\/wp-json\/wp\/v2\/product_brand?post=26292"},{"taxonomy":"product_cat","embeddable":true,"href":"https:\/\/www.marrakechtaxi.com\/it\/wp-json\/wp\/v2\/product_cat?post=26292"},{"taxonomy":"product_tag","embeddable":true,"href":"https:\/\/www.marrakechtaxi.com\/it\/wp-json\/wp\/v2\/product_tag?post=26292"}],"curies":[{"name":"wp","href":"https:\/\/api.w.org\/{rel}","templated":true}]}}