{"id":26033,"date":"2025-02-19T23:54:45","date_gmt":"2025-02-19T22:54:45","guid":{"rendered":"https:\/\/www.marrakechtaxi.com\/gita-privata-valle-ourika\/"},"modified":"2026-03-04T17:42:07","modified_gmt":"2026-03-04T17:42:07","slug":"escursione-privata-valle-ourika-da-marrakech","status":"publish","type":"product","link":"https:\/\/www.marrakechtaxi.com\/it\/escursione-privata-valle-ourika-da-marrakech\/","title":{"rendered":"GITA PRIVATA DI UN GIORNO ALLA VALLE DI OURIKA"},"content":{"rendered":"\n<p>Scoprite la splendida <strong>valle dell&#8217;Ourika<\/strong>, incastonata nel cuore delle <strong>montagne dell&#8217;Alto Atlante<\/strong>, a solo 1 ora da Marrakech. Godetevi un&#8217;<strong>escursione guidata privata<\/strong> attraverso paesaggi suggestivi, tradizionali villaggi berberi, caff\u00e8 lungo il fiume e cascate scroscianti. <\/p>\n\n<p>Una <strong>giornata di relax lontano dalla citt\u00e0<\/strong>, perfetta per coppie, famiglie o viaggiatori singoli.<\/p>\n\n<h2 class=\"wp-block-heading has-luminous-vivid-orange-color has-text-color has-link-color wp-elements-5aafa44cf71eab5b46e7699f2c7cfc68\"><strong>\ud83c\udf1f Punti salienti del tour: gita privata di un giorno nella valle dell&#8217;Ourika<\/strong><\/h2>\n\n<p>\u2705 <em>Trasporto privato di andata e ritorno<\/em> dal tuo hotel o riad di Marrakech <br\/>\u2705 Scopri gli <strong>autentici villaggi berberi<\/strong> e la vita tradizionale di montagna <br\/>\u2705 Sosta facoltativa presso una <g id=\"gid_0\">cooperativa di olio di argan gestita da donne<\/g><br\/>\u2705 Visita di una vera <strong>casa di una famiglia berbera<\/strong> per un&#8217;immersione culturale  <br\/>\u2705 Goditi un&#8217;<strong>escursione panoramica<\/strong> alle cascate di Setti Fatma con una guida locale <br\/>\u2705 Gusta un <strong>pranzo tradizionale marocchino<\/strong> lungo il fiume Ourika <br\/>\u2705 Esplora il <strong>mercato berbero settimanale del luned\u00ec o del gioved\u00ec<\/strong> (se applicabile) <br\/>\u2705 Goditi il comfort di un <strong>autista personale e orari flessibili<\/strong><br\/>\u2705 Perfetto per coppie, famiglie e amanti della fotografia <br\/>\u2705 Un top rated <strong>fuga da Marrakech verso le montagne dell&#8217;Atlante<\/strong><\/p>\n\n<h2 class=\"wp-block-heading has-luminous-vivid-orange-color has-text-color has-link-color wp-elements-818c205360f8eecd154e334d5260b11c\"><strong>\ud83e\udded Itinerario: cosa aspettarsi dalla tua gita privata di un giorno nella valle dell&#8217;Ourika<\/strong><\/h2>\n\n<p>\ud83d\ude97 <strong>Prelievo in hotel e inizio del viaggio<\/strong><br\/>Vi verremo a prendere al vostro hotel o a un punto d&#8217;incontro nelle vicinanze se il vostro alloggio non \u00e8 raggiungibile in auto. Preparatevi a esplorare gli splendidi paesaggi e la vivace cultura della <strong>valle dell&#8217;Ourika<\/strong>. <\/p>\n\n<p>\ud83c\udfe1 <strong>Scopri i tradizionali villaggi berberi<\/strong><br\/>La tua prima tappa ti porter\u00e0 in <strong>autentici villaggi berberi<\/strong>, dove potrai sperimentare lo stile di vita unico del popolo indigeno Amazigh del Marocco. Passeggia per il villaggio, ammira l&#8217;architettura tradizionale e, se visiti di <strong>luned\u00ec o gioved\u00ec<\/strong>, esplora il <strong>suk settimanale<\/strong>, un vivace mercato ricco di artigianato locale e prodotti freschi. <\/p>\n\n<p>\ud83c\udf3f <strong>Visita una cooperativa femminile di argan (facoltativo)<\/strong><br\/>Scopri di pi\u00f9 sul famoso <strong>olio di argan<\/strong> marocchino presso una cooperativa locale gestita da donne berbere. Scopri come producono artigianalmente questo prezioso olio, supportando al <strong>contempo un&#8217;iniziativa comunitaria<\/strong> che d\u00e0 potere alle donne locali. <\/p>\n\n<p>\ud83c\udfe0 <strong>Vivi un&#8217;esperienza in una casa berbera tradizionale<\/strong><br\/>Entra in una vera <strong>casa berbera<\/strong>, dove potrai scoprire la vita quotidiana, le tradizioni culturali e l&#8217;ospitalit\u00e0 familiare. Questa visita unica offre una visione approfondita <strong>del calore e della semplicit\u00e0 della tradizione berbera.<\/strong> <\/p>\n\n<p>\u26f0\ufe0f <strong>Escursione alle cascate della valle dell&#8217;Ourika<\/strong><br\/>Una volta raggiunta <strong>Setti Fadma<\/strong>, incontrerete la vostra guida locale e inizierete un&#8217;escursione panoramica verso le <strong>cascate mozzafiato.<\/strong> Il sentiero offre viste spettacolari, aria rinfrescante e numerose opportunit\u00e0 fotografiche. <\/p>\n\n<p>\ud83c\udf7d\ufe0f <strong>Pranzo lungo il fiume Ourika<\/strong><br\/>Dopo l&#8217;escursione, gustate un delizioso <strong>pasto locale<\/strong> in riva al fiume, immersi nella lussureggiante <strong>valle verde<\/strong> e in un&#8217;atmosfera serena. Immergetevi nella bellezza pacifica della zona prima di tornare a Marrakech. <\/p>\n\n<p>\ud83d\udee3\ufe0f <strong>Ritorno a Marrakech<\/strong><br\/>Alla fine della giornata, rilassati e goditi il viaggio di ritorno, portando a casa ricordi indimenticabili della <strong>cultura berbera, dei paesaggi dell&#8217;Atlante e delle bellezze naturali.<\/strong><\/p>\n\n<h2 class=\"wp-block-heading has-luminous-vivid-orange-color has-text-color has-link-color wp-elements-066dacfcab2f2a94b2814d8c8ef89d8b\"><strong>\u2705 Cosa \u00e8 incluso<\/strong><\/h2>\n\n<ul class=\"wp-block-list\">\n<li>Veicolo privato e autista professionista<\/li>\n\n\n\n<li>Prelievo e rientro presso il tuo hotel o riad<\/li>\n\n\n\n<li>Carburante, pedaggi stradali e trasporto con aria condizionata<\/li>\n\n\n\n<li>Tempo libero per esplorare villaggi e cascate<\/li>\n\n\n\n<li>Possibilit\u00e0 di noleggiare una guida locale (in loco, costo aggiuntivo)<\/li>\n<\/ul>\n\n<h2 class=\"wp-block-heading has-luminous-vivid-orange-color has-text-color has-link-color wp-elements-f94fbb9dbe9614faf5b0a59a327c4839\"><strong>\u274c Non incluso<\/strong><\/h2>\n\n<ul class=\"wp-block-list\">\n<li>Pranzo o bevande<\/li>\n\n\n\n<li>Guida alpina locale (facoltativa ~ \u20ac25)<\/li>\n\n\n\n<li>Mance all&#8217;autista o alla guida<\/li>\n<\/ul>\n\n<h2 class=\"wp-block-heading has-luminous-vivid-orange-color has-text-color has-link-color wp-elements-0d33bdbacdfc3bb8a92f40d86b79cd93\"><strong>\ud83d\udccd Informazioni sul ritiro<\/strong><\/h2>\n\n<p>Il prelievo inizia alle <strong>9:00<\/strong> dal vostro alloggio a Marrakech. Rientro in citt\u00e0 entro le <strong>17:00<\/strong> circa. <\/p>\n\n<h2 class=\"wp-block-heading has-luminous-vivid-orange-color has-text-color has-link-color wp-elements-eb4d654ea14a5808120b1501dec013aa\"><strong>\ud83d\udcc5 Informazioni sulla prenotazione<\/strong><\/h2>\n\n<ul class=\"wp-block-list\">\n<li>Durata del tour: giornata intera (circa 8 ore)<\/li>\n\n\n\n<li>Partenze giornaliere &#8211; <em>si consiglia la prenotazione anticipata<\/em><\/li>\n\n\n\n<li>Conferma immediata<\/li>\n\n\n\n<li>Esperienza privata \u2013 nessun altro partecipante<\/li>\n<\/ul>\n\n<h2 class=\"wp-block-heading has-luminous-vivid-orange-color has-text-color has-link-color wp-elements-d0e9c0c7064f65cfb4cea311c34a4eba\"><strong>Domande frequenti<\/strong><\/h2>\n<div id=\"rank-math-faq\" class=\"rank-math-block\">\n<div class=\"rank-math-list \">\n<div id=\"faq-question-1754291817960\" class=\"rank-math-list-item\">\n<h3 class=\"rank-math-question \"><strong>La gita di un giorno nella valle dell&#8217;Ourika \u00e8 adatta alle famiglie con bambini?<\/strong><\/h3>\n<div class=\"rank-math-answer \">\n\n<p>S\u00ec, questa escursione privata di un giorno \u00e8 adatta alle famiglie. I bambini adoreranno il viaggio panoramico, la possibilit\u00e0 di esplorare i villaggi berberi e la piacevole escursione fino alle cascate. Fateci sapere se avete bisogno di un seggiolino per bambini.  <\/p>\n\n<\/div>\n<\/div>\n<div id=\"faq-question-1754291831865\" class=\"rank-math-list-item\">\n<h3 class=\"rank-math-question \"><strong>Quanto \u00e8 difficile l&#8217;escursione alle cascate di Ourika?<\/strong><\/h3>\n<div class=\"rank-math-answer \">\n\n<p>L&#8217;escursione \u00e8 di media difficolt\u00e0 e dura circa 45 minuti andata e ritorno. Include sentieri sconnessi e qualche salita, quindi si consigliano scarpe comode. Se non siete in grado di camminare, potete rilassarvi nei bar lungo il fiume nelle vicinanze.  <\/p>\n\n<\/div>\n<\/div>\n<div id=\"faq-question-1754291847045\" class=\"rank-math-list-item\">\n<h3 class=\"rank-math-question \"><strong>Posso prenotare una guida privata per l&#8217;escursione alle cascate?<\/strong><\/h3>\n<div class=\"rank-math-answer \">\n\n<p>S\u00ec, \u00e8 possibile prenotare una guida locale esperta per accompagnarvi alle cascate. Questo arricchir\u00e0 la vostra esperienza con approfondimenti sulla natura, la cultura e la storia della zona. <\/p>\n\n<\/div>\n<\/div>\n<div id=\"faq-question-1754291863147\" class=\"rank-math-list-item\">\n<h3 class=\"rank-math-question \"><strong>Cosa \u00e8 incluso nella gita di un giorno nella valle dell&#8217;Ourika?<\/strong><\/h3>\n<div class=\"rank-math-answer \">\n\n<p>Il tour privato include il prelievo e il rientro in hotel, un veicolo con aria condizionata e autista, e tempo libero per esplorare i villaggi, visitare una cooperativa di argan e raggiungere le cascate. Il pranzo non \u00e8 incluso, ma pu\u00f2 essere organizzato in riva al fiume. <\/p>\n\n<\/div>\n<\/div>\n<div id=\"faq-question-1754292984013\" class=\"rank-math-list-item\">\n<h3 class=\"rank-math-question \"><strong>Quanto dura la gita di un giorno nella valle dell&#8217;Ourika da Marrakech?<\/strong><\/h3>\n<div class=\"rank-math-answer \">\n\n<p>L&#8217;esperienza completa dura circa 7-8 ore, con partenza da Marrakech la mattina e ritorno nel tardo pomeriggio.<\/p>\n\n<\/div>\n<\/div>\n<div id=\"faq-question-1754291878088\" class=\"rank-math-list-item\">\n<h3 class=\"rank-math-question \">Posso personalizzare il mio tour privato nella valle dell&#8217;Ourika?<\/h3>\n<div class=\"rank-math-answer \">\n\n<p>Assolutamente s\u00ec. Si tratta di un viaggio privato, quindi possiamo modificare il programma o aggiungere tappe in base ai tuoi interessi: ti baster\u00e0 comunicarcelo in anticipo al momento della prenotazione. <\/p>\n\n<\/div>\n<\/div>\n<div id=\"faq-question-1754293014907\" class=\"rank-math-list-item\">\n<h3 class=\"rank-math-question \"><strong>Cosa dovrei indossare o portare per il tour della valle dell&#8217;Ourika?<\/strong><\/h3>\n<div class=\"rank-math-answer \">\n\n<p>Si consiglia di indossare scarpe comode da passeggio, un cappello e la protezione solare. Portare una bottiglia d&#8217;acqua e una giacca leggera, a seconda della stagione. <\/p>\n\n<\/div>\n<\/div>\n<\/div>\n<\/div>","protected":false},"excerpt":{"rendered":"<p>Fuggi da Marrakech ed esplora la splendida valle dell&#8217;Ourika, sulle montagne dell&#8217;Atlante, con un autista privato. Perfetto per gli amanti della natura e della cultura. <\/p>\n","protected":false},"featured_media":25421,"comment_status":"open","ping_status":"closed","template":"","meta":{"inline_featured_image":false,"_monsterinsights_skip_tracking":false,"_monsterinsights_sitenote_active":false,"_monsterinsights_sitenote_note":"","_monsterinsights_sitenote_category":0},"product_brand":[],"product_cat":[69,68],"product_tag":[],"class_list":{"0":"post-26033","1":"product","2":"type-product","3":"status-publish","4":"has-post-thumbnail","6":"product_cat-escursioni-private-marrakech","7":"product_cat-escursioni-gite-marrakech","9":"first","10":"instock","11":"virtual","12":"sold-individually","13":"purchasable","14":"product-type-booking"},"booking_location":"","booking_location_type":"","booking_duration":1,"booking_duration_unit":"day","booking_buffer":0,"booking_cost":60,"booking_resources":[],"exclude_global_add_ons":false,"addons":[{"name":"Auto di lusso (+25\u20ac)","type":"checkbox","position":0,"required":false,"title_format":"hide","default":"","description_enable":false,"description":"assumere una guida locale","placeholder_enable":false,"placeholder":null,"display":"select","restrictions_type":"any_text","adjust_price":false,"price":"","price_type":"flat_fee","restrictions":false,"min":"0","max":"0","options":[{"label":"Auto di lusso (+25\u20ac)","price":"25","price_type":"flat_fee","image":0,"visibility":true}],"id":1740271228},{"name":"Guida locale (+25\u20ac)","type":"checkbox","position":1,"required":false,"title_format":"hide","default":"","description_enable":false,"description":null,"placeholder_enable":false,"placeholder":null,"display":"select","restrictions_type":"any_text","adjust_price":false,"price":"","price_type":"flat_fee","restrictions":false,"min":"0","max":"0","options":[{"label":"Guida locale (+25\u20ac)","price":"25","price_type":"flat_fee","image":0,"visibility":true}],"id":1754293914}],"_links":{"self":[{"href":"https:\/\/www.marrakechtaxi.com\/it\/wp-json\/wp\/v2\/product\/26033","targetHints":{"allow":["GET"]}}],"collection":[{"href":"https:\/\/www.marrakechtaxi.com\/it\/wp-json\/wp\/v2\/product"}],"about":[{"href":"https:\/\/www.marrakechtaxi.com\/it\/wp-json\/wp\/v2\/types\/product"}],"replies":[{"embeddable":true,"href":"https:\/\/www.marrakechtaxi.com\/it\/wp-json\/wp\/v2\/comments?post=26033"}],"wp:featuredmedia":[{"embeddable":true,"href":"https:\/\/www.marrakechtaxi.com\/it\/wp-json\/wp\/v2\/media\/25421"}],"wp:attachment":[{"href":"https:\/\/www.marrakechtaxi.com\/it\/wp-json\/wp\/v2\/media?parent=26033"}],"wp:term":[{"taxonomy":"product_brand","embeddable":true,"href":"https:\/\/www.marrakechtaxi.com\/it\/wp-json\/wp\/v2\/product_brand?post=26033"},{"taxonomy":"product_cat","embeddable":true,"href":"https:\/\/www.marrakechtaxi.com\/it\/wp-json\/wp\/v2\/product_cat?post=26033"},{"taxonomy":"product_tag","embeddable":true,"href":"https:\/\/www.marrakechtaxi.com\/it\/wp-json\/wp\/v2\/product_tag?post=26033"}],"curies":[{"name":"wp","href":"https:\/\/api.w.org\/{rel}","templated":true}]}}