{"id":25926,"date":"2025-02-13T18:50:47","date_gmt":"2025-02-13T17:50:47","guid":{"rendered":"https:\/\/www.marrakechtaxi.com\/termini-e-condizioni\/"},"modified":"2025-03-16T18:05:08","modified_gmt":"2025-03-16T18:05:08","slug":"termini-e-condizioni","status":"publish","type":"page","link":"https:\/\/www.marrakechtaxi.com\/it\/termini-e-condizioni\/","title":{"rendered":"Termini e condizioni di vendita"},"content":{"rendered":"\t\t<div data-elementor-type=\"wp-page\" data-elementor-id=\"25926\" class=\"elementor elementor-25926 elementor-24199\" data-elementor-post-type=\"page\">\n\t\t\t\t<div class=\"elementor-element elementor-element-3f72159 e-flex e-con-boxed e-con e-parent\" data-id=\"3f72159\" data-element_type=\"container\" data-e-type=\"container\">\n\t\t\t\t\t<div class=\"e-con-inner\">\n\t\t\t\t<div class=\"elementor-element elementor-element-c88e8d2 elementor-widget elementor-widget-heading\" data-id=\"c88e8d2\" data-element_type=\"widget\" data-e-type=\"widget\" data-widget_type=\"heading.default\">\n\t\t\t\t<div class=\"elementor-widget-container\">\n\t\t\t\t\t<h2 class=\"elementor-heading-title elementor-size-default\">Termini e condizioni di vendita<\/h2>\t\t\t\t<\/div>\n\t\t\t\t<\/div>\n\t\t\t\t<div class=\"elementor-element elementor-element-efdc9d6 elementor-widget elementor-widget-heading\" data-id=\"efdc9d6\" data-element_type=\"widget\" data-e-type=\"widget\" data-widget_type=\"heading.default\">\n\t\t\t\t<div class=\"elementor-widget-container\">\n\t\t\t\t\t<h6 class=\"elementor-heading-title elementor-size-default\">Ultimo aggiornamento: 13 febbraio 2025<\/h6>\t\t\t\t<\/div>\n\t\t\t\t<\/div>\n\t\t\t\t<div class=\"elementor-element elementor-element-6750988 elementor-widget elementor-widget-text-editor\" data-id=\"6750988\" data-element_type=\"widget\" data-e-type=\"widget\" data-widget_type=\"text-editor.default\">\n\t\t\t\t<div class=\"elementor-widget-container\">\n\t\t\t\t\t\t\t\t\t<p>Questi Termini e Condizioni di Vendita (TCV) regolano il rapporto contrattuale tra &#8220;Marrakech Go Adventures SARL&#8221;, che gestisce il sito web MarrakechTaxi.com, e qualsiasi individuo che effettui un acquisto o una prenotazione sul sito. Confermando una prenotazione, il cliente accetta pienamente questi termini senza riserve. <\/p>\t\t\t\t\t\t\t\t<\/div>\n\t\t\t\t<\/div>\n\t\t\t\t<div class=\"elementor-element elementor-element-3dd1235 elementor-widget elementor-widget-heading\" data-id=\"3dd1235\" data-element_type=\"widget\" data-e-type=\"widget\" data-widget_type=\"heading.default\">\n\t\t\t\t<div class=\"elementor-widget-container\">\n\t\t\t\t\t<h2 class=\"elementor-heading-title elementor-size-default\">1. Scopo<\/h2>\t\t\t\t<\/div>\n\t\t\t\t<\/div>\n\t\t\t\t<div class=\"elementor-element elementor-element-c781818 elementor-widget elementor-widget-text-editor\" data-id=\"c781818\" data-element_type=\"widget\" data-e-type=\"widget\" data-widget_type=\"text-editor.default\">\n\t\t\t\t<div class=\"elementor-widget-container\">\n\t\t\t\t\t\t\t\t\tLe presenti TCV definiscono i diritti e gli obblighi di entrambe le parti in merito alla vendita di servizi di trasporto, prenotazioni alberghiere e altri servizi turistici offerti su MarrakechTaxi.com.\t\t\t\t\t\t\t\t<\/div>\n\t\t\t\t<\/div>\n\t\t\t\t<div class=\"elementor-element elementor-element-7c2916f elementor-widget elementor-widget-heading\" data-id=\"7c2916f\" data-element_type=\"widget\" data-e-type=\"widget\" data-widget_type=\"heading.default\">\n\t\t\t\t<div class=\"elementor-widget-container\">\n\t\t\t\t\t<h2 class=\"elementor-heading-title elementor-size-default\">2. Ordini e disponibilit\u00e0<\/h2>\t\t\t\t<\/div>\n\t\t\t\t<\/div>\n\t\t\t\t<div class=\"elementor-element elementor-element-21dac5e elementor-widget elementor-widget-text-editor\" data-id=\"21dac5e\" data-element_type=\"widget\" data-e-type=\"widget\" data-widget_type=\"text-editor.default\">\n\t\t\t\t<div class=\"elementor-widget-container\">\n\t\t\t\t\t\t\t\t\t<ul><li>Ogni prenotazione effettuata tramite il nostro sito web \u00e8 soggetta a conferma da parte dei nostri partner (hotel, fornitori di trasporti, ecc.).<\/li><li>La vendita \u00e8 considerata definitiva una volta che la disponibilit\u00e0 \u00e8 stata confermata dai nostri partner e un&#8217;e-mail di conferma \u00e8 stata inviata al cliente.<\/li><li>Nel caso in cui il servizio prenotato non fosse disponibile, proporremo un&#8217;alternativa o un rimborso completo dell&#8217;importo pagato.<\/li><\/ul>\t\t\t\t\t\t\t\t<\/div>\n\t\t\t\t<\/div>\n\t\t\t\t<div class=\"elementor-element elementor-element-5037dea elementor-widget elementor-widget-heading\" data-id=\"5037dea\" data-element_type=\"widget\" data-e-type=\"widget\" data-widget_type=\"heading.default\">\n\t\t\t\t<div class=\"elementor-widget-container\">\n\t\t\t\t\t<h2 class=\"elementor-heading-title elementor-size-default\">3. Prezzi e pagamenti<\/h2>\t\t\t\t<\/div>\n\t\t\t\t<\/div>\n\t\t\t\t<div class=\"elementor-element elementor-element-d08810e elementor-widget elementor-widget-text-editor\" data-id=\"d08810e\" data-element_type=\"widget\" data-e-type=\"widget\" data-widget_type=\"text-editor.default\">\n\t\t\t\t<div class=\"elementor-widget-container\">\n\t\t\t\t\t\t\t\t\t<ul>\n \t<li>I prezzi indicati sul nostro sito web possono essere espressi in <strong>MAD (Dirham marocchini), EUR (Euro) o USD (Dollari USA)<\/strong>, a seconda della selezione del cliente e del tasso di cambio applicabile.<\/li>\n \t<li>Il pagamento deve essere effettuato online utilizzando i metodi di pagamento sicuri accettati sulla nostra piattaforma.<\/li>\n \t<li><strong>Gli acconti non sono rimborsabili<\/strong>, tranne nei casi in cui il servizio venga annullato da noi o non sia disponibile presso il fornitore.<\/li>\n<\/ul>\t\t\t\t\t\t\t\t<\/div>\n\t\t\t\t<\/div>\n\t\t\t\t<div class=\"elementor-element elementor-element-356f91a elementor-widget elementor-widget-heading\" data-id=\"356f91a\" data-element_type=\"widget\" data-e-type=\"widget\" data-widget_type=\"heading.default\">\n\t\t\t\t<div class=\"elementor-widget-container\">\n\t\t\t\t\t<h2 class=\"elementor-heading-title elementor-size-default\">4. Politica di cancellazione e rimborso<\/h2>\t\t\t\t<\/div>\n\t\t\t\t<\/div>\n\t\t\t\t<div class=\"elementor-element elementor-element-9f3ecb3 elementor-widget elementor-widget-heading\" data-id=\"9f3ecb3\" data-element_type=\"widget\" data-e-type=\"widget\" data-widget_type=\"heading.default\">\n\t\t\t\t<div class=\"elementor-widget-container\">\n\t\t\t\t\t<h3 class=\"elementor-heading-title elementor-size-default\">4.1 Servizi di trasporto ed escursioni<\/h3>\t\t\t\t<\/div>\n\t\t\t\t<\/div>\n\t\t\t\t<div class=\"elementor-element elementor-element-c7e735c elementor-widget elementor-widget-text-editor\" data-id=\"c7e735c\" data-element_type=\"widget\" data-e-type=\"widget\" data-widget_type=\"text-editor.default\">\n\t\t\t\t<div class=\"elementor-widget-container\">\n\t\t\t\t\t\t\t\t\t<ul>\n \t<li><strong>Le richieste di cancellazione devono essere inviate via email o tramite il nostro servizio clienti.<\/strong><\/li>\n \t<li>Non saranno concessi rimborsi <strong>per determinati servizi specifici<\/strong>, come indicato al momento della prenotazione.<\/li>\n \t<li><strong>Non saranno concessi rimborsi per cancellazioni effettuate entro 24 ore dalla prestazione programmata.<\/strong><\/li>\n \t<li>Se il cliente non si presenta all&#8217;orario concordato, non verr\u00e0 effettuato alcun rimborso.<\/li>\n \t<li>Se il servizio viene annullato da noi o da uno dei nostri partner, verr\u00e0 offerto un rimborso o una riprogrammazione.<\/li>\n<\/ul>\t\t\t\t\t\t\t\t<\/div>\n\t\t\t\t<\/div>\n\t\t\t\t<div class=\"elementor-element elementor-element-33d6ca3 elementor-widget elementor-widget-heading\" data-id=\"33d6ca3\" data-element_type=\"widget\" data-e-type=\"widget\" data-widget_type=\"heading.default\">\n\t\t\t\t<div class=\"elementor-widget-container\">\n\t\t\t\t\t<h3 class=\"elementor-heading-title elementor-size-default\">4.2 Prenotazioni, comprese le prenotazioni alberghiere<\/h3>\t\t\t\t<\/div>\n\t\t\t\t<\/div>\n\t\t\t\t<div class=\"elementor-element elementor-element-8fbb329 elementor-widget elementor-widget-text-editor\" data-id=\"8fbb329\" data-element_type=\"widget\" data-e-type=\"widget\" data-widget_type=\"text-editor.default\">\n\t\t\t\t<div class=\"elementor-widget-container\">\n\t\t\t\t\t\t\t\t\t<ul><li>Per avere diritto al rimborso, qualsiasi richiesta di cancellazione deve essere effettuata almeno 15 giorni prima del servizio programmato.<\/li><li>Dopo tale periodo non verr\u00e0 effettuato alcun rimborso.<\/li><\/ul>\t\t\t\t\t\t\t\t<\/div>\n\t\t\t\t<\/div>\n\t\t\t\t<div class=\"elementor-element elementor-element-6a1aab8 elementor-widget elementor-widget-heading\" data-id=\"6a1aab8\" data-element_type=\"widget\" data-e-type=\"widget\" data-widget_type=\"heading.default\">\n\t\t\t\t<div class=\"elementor-widget-container\">\n\t\t\t\t\t<h2 class=\"elementor-heading-title elementor-size-default\">5. Responsabilit\u00e0 e impegni<\/h2>\t\t\t\t<\/div>\n\t\t\t\t<\/div>\n\t\t\t\t<div class=\"elementor-element elementor-element-374e489 elementor-widget elementor-widget-text-editor\" data-id=\"374e489\" data-element_type=\"widget\" data-e-type=\"widget\" data-widget_type=\"text-editor.default\">\n\t\t\t\t<div class=\"elementor-widget-container\">\n\t\t\t\t\t\t\t\t\t<ul> \t<li><strong>Marrakech Go agisce come intermediario<\/strong> tra il cliente e i fornitori di servizi (hotel, compagnie di trasporto, ecc.). Pertanto, non possiamo essere ritenuti responsabili per eventuali inadempienze da parte di un fornitore di servizi. <\/li>\n \t<li>Ci impegniamo a fornire le informazioni pi\u00f9 accurate possibili sui nostri servizi, ma potrebbero verificarsi cambiamenti dovuti a circostanze impreviste.<\/li>\n \t<li>I clienti sono tenuti a rispettare le condizioni stabilite dai fornitori di servizi, in particolare per quanto riguarda la sicurezza e le normative locali.<\/li>\n<\/ul>\t\t\t\t\t\t\t\t<\/div>\n\t\t\t\t<\/div>\n\t\t\t\t<div class=\"elementor-element elementor-element-ae7d336 elementor-widget elementor-widget-heading\" data-id=\"ae7d336\" data-element_type=\"widget\" data-e-type=\"widget\" data-widget_type=\"heading.default\">\n\t\t\t\t<div class=\"elementor-widget-container\">\n\t\t\t\t\t<h2 class=\"elementor-heading-title elementor-size-default\">6. Protezione dei dati e privacy<\/h2>\t\t\t\t<\/div>\n\t\t\t\t<\/div>\n\t\t\t\t<div class=\"elementor-element elementor-element-2285bc7 elementor-widget elementor-widget-text-editor\" data-id=\"2285bc7\" data-element_type=\"widget\" data-e-type=\"widget\" data-widget_type=\"text-editor.default\">\n\t\t\t\t<div class=\"elementor-widget-container\">\n\t\t\t\t\t\t\t\t\t<ul><li>In conformit\u00e0 con le leggi marocchine sulla protezione dei dati, le informazioni personali raccolte vengono utilizzate esclusivamente per elaborare gli ordini e migliorare i nostri servizi.<\/li><li>Non condividiamo i dati personali con terze parti, salvo quando necessario per l&#8217;esecuzione del servizio prenotato.<\/li><\/ul>\t\t\t\t\t\t\t\t<\/div>\n\t\t\t\t<\/div>\n\t\t\t\t<div class=\"elementor-element elementor-element-deb2e5f elementor-widget elementor-widget-heading\" data-id=\"deb2e5f\" data-element_type=\"widget\" data-e-type=\"widget\" data-widget_type=\"heading.default\">\n\t\t\t\t<div class=\"elementor-widget-container\">\n\t\t\t\t\t<h2 class=\"elementor-heading-title elementor-size-default\">7. Forza maggiore<\/h2>\t\t\t\t<\/div>\n\t\t\t\t<\/div>\n\t\t\t\t<div class=\"elementor-element elementor-element-e899d90 elementor-widget elementor-widget-text-editor\" data-id=\"e899d90\" data-element_type=\"widget\" data-e-type=\"widget\" data-widget_type=\"text-editor.default\">\n\t\t\t\t<div class=\"elementor-widget-container\">\n\t\t\t\t\t\t\t\t\t<p>Marrakech Go non potr\u00e0 essere ritenuta responsabile dell&#8217;inadempimento totale o parziale dei propri obblighi in caso di forza maggiore (catastrofi naturali, scioperi, pandemie, ecc.).<\/p>\t\t\t\t\t\t\t\t<\/div>\n\t\t\t\t<\/div>\n\t\t\t\t<div class=\"elementor-element elementor-element-1742dfe elementor-widget elementor-widget-heading\" data-id=\"1742dfe\" data-element_type=\"widget\" data-e-type=\"widget\" data-widget_type=\"heading.default\">\n\t\t\t\t<div class=\"elementor-widget-container\">\n\t\t\t\t\t<h2 class=\"elementor-heading-title elementor-size-default\">8. Legge applicabile e controversie<\/h2>\t\t\t\t<\/div>\n\t\t\t\t<\/div>\n\t\t\t\t<div class=\"elementor-element elementor-element-4155bc2 elementor-widget elementor-widget-text-editor\" data-id=\"4155bc2\" data-element_type=\"widget\" data-e-type=\"widget\" data-widget_type=\"text-editor.default\">\n\t\t\t\t<div class=\"elementor-widget-container\">\n\t\t\t\t\t\t\t\t\t<ul><li>I presenti TCV sono regolati dalla legge marocchina.<\/li><li>In caso di controversia, si cercher\u00e0 prima una risoluzione amichevole. Se non si raggiunge un accordo, saranno competenti i tribunali di Marrakech. <\/li><\/ul>\t\t\t\t\t\t\t\t<\/div>\n\t\t\t\t<\/div>\n\t\t\t\t<div class=\"elementor-element elementor-element-e5d12b7 elementor-widget elementor-widget-heading\" data-id=\"e5d12b7\" data-element_type=\"widget\" data-e-type=\"widget\" data-widget_type=\"heading.default\">\n\t\t\t\t<div class=\"elementor-widget-container\">\n\t\t\t\t\t<h2 class=\"elementor-heading-title elementor-size-default\">9. Contatto<\/h2>\t\t\t\t<\/div>\n\t\t\t\t<\/div>\n\t\t\t\t<div class=\"elementor-element elementor-element-958b3d0 elementor-widget elementor-widget-text-editor\" data-id=\"958b3d0\" data-element_type=\"widget\" data-e-type=\"widget\" data-widget_type=\"text-editor.default\">\n\t\t\t\t<div class=\"elementor-widget-container\">\n\t\t\t\t\t\t\t\t\t<p>Per qualsiasi domanda o reclamo, contattaci a:<br>\ud83d\udce7 Email: <strong>contact [a] marrakechtaxi.com<br><\/strong>\ud83d\udcde Whatsapp: <strong>+212 6 00 31 66 81<\/strong><\/p><p>Confermando l&#8217;acquisto accetti integralmente i presenti termini e condizioni.<\/p>\t\t\t\t\t\t\t\t<\/div>\n\t\t\t\t<\/div>\n\t\t\t\t\t<\/div>\n\t\t\t\t<\/div>\n\t\t\t\t<\/div>\n\t\t","protected":false},"excerpt":{"rendered":"<p>Termini e condizioni di vendita Ultimo aggiornamento: 13 febbraio 2025 Questi Termini e Condizioni di Vendita (TCV) regolano il rapporto contrattuale tra &#8220;Marrakech Go Adventures SARL&#8221;, che gestisce il sito web MarrakechTaxi.com, e qualsiasi individuo che effettui un acquisto o una prenotazione sul sito. Confermando una prenotazione, il cliente accetta pienamente questi termini senza riserve. [&hellip;]<\/p>\n","protected":false},"author":1,"featured_media":0,"parent":0,"menu_order":0,"comment_status":"closed","ping_status":"closed","template":"elementor_header_footer","meta":{"inline_featured_image":false,"_monsterinsights_skip_tracking":false,"_monsterinsights_sitenote_active":false,"_monsterinsights_sitenote_note":"","_monsterinsights_sitenote_category":0,"footnotes":""},"class_list":["post-25926","page","type-page","status-publish","hentry"],"_links":{"self":[{"href":"https:\/\/www.marrakechtaxi.com\/it\/wp-json\/wp\/v2\/pages\/25926","targetHints":{"allow":["GET"]}}],"collection":[{"href":"https:\/\/www.marrakechtaxi.com\/it\/wp-json\/wp\/v2\/pages"}],"about":[{"href":"https:\/\/www.marrakechtaxi.com\/it\/wp-json\/wp\/v2\/types\/page"}],"author":[{"embeddable":true,"href":"https:\/\/www.marrakechtaxi.com\/it\/wp-json\/wp\/v2\/users\/1"}],"replies":[{"embeddable":true,"href":"https:\/\/www.marrakechtaxi.com\/it\/wp-json\/wp\/v2\/comments?post=25926"}],"version-history":[{"count":0,"href":"https:\/\/www.marrakechtaxi.com\/it\/wp-json\/wp\/v2\/pages\/25926\/revisions"}],"wp:attachment":[{"href":"https:\/\/www.marrakechtaxi.com\/it\/wp-json\/wp\/v2\/media?parent=25926"}],"curies":[{"name":"wp","href":"https:\/\/api.w.org\/{rel}","templated":true}]}}