{"id":32077,"date":"2025-08-07T21:35:10","date_gmt":"2025-08-07T20:35:10","guid":{"rendered":"https:\/\/www.marrakechtaxi.com\/chameau-quad-marrakech-palmeraie\/"},"modified":"2025-08-07T22:38:55","modified_gmt":"2025-08-07T21:38:55","slug":"chameau-quad-marrakech-palmeraie","status":"publish","type":"product","link":"https:\/\/www.marrakechtaxi.com\/fr\/chameau-quad-marrakech-palmeraie\/","title":{"rendered":"Chameau &amp; Quad Marrakech Palmeraie"},"content":{"rendered":"\n<h2 class=\"wp-block-heading has-luminous-vivid-orange-color has-text-color has-link-color wp-elements-2bece02ef7da3cc5f72d2c3544ccae62\"><strong>Aper\u00e7u de l&rsquo;exp\u00e9rience<\/strong><\/h2>\n\n<p>\u00c9chappez \u00e0 l&rsquo;agitation de la m\u00e9dina et plongez dans la beaut\u00e9 pittoresque de l&#8217;embl\u00e9matique Palmeraie de Marrakech avec cette excursion combin\u00e9e passionnante. Que vous recherchiez une balade tranquille \u00e0 dos de chameau ou une aventure palpitante en quad, cette exp\u00e9rience s&rsquo;adresse \u00e0 tous les types de voyageurs. <\/p>\n\n<p>\ud83d\ude97 <strong>Transferts priv\u00e9s inclus<\/strong> \u2013 Prise en charge et retour depuis votre h\u00e9bergement<br\/>\ud83d\udc2a <strong>Balade \u00e0 dos de chameau (10 \u20ac)<\/strong> \u2013 Habillez-vous en tenue traditionnelle et parcourez les palmeraies luxuriantes<br\/>\ud83c\udfcd\ufe0f <strong>Quad (20 \u20ac) <\/strong>\u2013 Pr\u00e9parez-vous pour une aventure hors des sentiers battus sur les sentiers du d\u00e9sert<br\/>\ud83d\udd59 <strong>D\u00e9parts flexibles<\/strong> \u2013 Choisissez votre heure pr\u00e9f\u00e9r\u00e9e, disponibles tous les jours \u00e0 partir de 10 h<br\/>\ud83d\udcf7 <strong>S\u00e9ances photos <\/strong>\u2013 Prenez des photos inoubliables en tenue nomade<br\/>\ud83d\udcac <strong>Guides multilingues<\/strong> \u2013 Assistance anglophone, francophone et hispanophone disponible<\/p>\n\n<h2 class=\"wp-block-heading has-luminous-vivid-orange-color has-text-color has-link-color wp-elements-c9b4f987f672d8543ddd68c916d6b34b\"><strong>\u00c0 quoi s&rsquo;attendre<\/strong><\/h2>\n\n<p>Apr\u00e8s la prise en charge \u00e0 l&rsquo;h\u00f4tel, dirigez-vous vers l&rsquo;oasis tranquille de la Palmeraie o\u00f9 des sentiers bord\u00e9s de palmiers et des paysages d\u00e9sertiques vous attendent.<\/p>\n\n<ul class=\"wp-block-list\">\n<li>Profitez d&rsquo;une <strong>balade pittoresque \u00e0 dos de chameau<\/strong> en portant un foulard bleu traditionnel.<\/li>\n\n\n\n<li>Conduisez de puissants <strong>quads <\/strong>\u00e0 travers des palmeraies et des terrains accident\u00e9s.<\/li>\n\n\n\n<li>Un bref briefing sur la s\u00e9curit\u00e9 et l&rsquo;\u00e9quipement seront fournis avant la balade en quad.<\/li>\n\n\n\n<li>Apr\u00e8s vos activit\u00e9s, d\u00e9tendez-vous pendant que nous vous ramenons \u00e0 votre h\u00f4tel.<\/li>\n<\/ul>\n\n<h2 class=\"wp-block-heading has-luminous-vivid-orange-color has-text-color has-link-color wp-elements-d56c26eaf0ac30737533639eee622867\"><strong>Informations compl\u00e9mentaires<\/strong><\/h2>\n\n<ul class=\"wp-block-list\">\n<li>\ud83d\udd59 <strong>Disponibilit\u00e9 <\/strong>: Tous les jours<\/li>\n\n\n\n<li>\u23f1\ufe0f <strong>D\u00e9part <\/strong>: \u00c0 partir de 10h00<\/li>\n\n\n\n<li>\u23f3 <strong>Dur\u00e9e <\/strong>: environ 2 \u00e0 3 heures (transferts inclus) <\/li>\n\n\n\n<li>\ud83e\uddd1\u200d\ud83e\udd1d\u200d\ud83e\uddd1 <strong>Taille du groupe<\/strong> : Visite priv\u00e9e (1 \u00e0 17 personnes)<\/li>\n\n\n\n<li>\ud83d\udccd <strong>Lieu <\/strong>: Palmeraie de Marrakech<\/li>\n\n\n\n<li>\ud83d\udcb5 <strong>Frais de r\u00e9servation<\/strong> : Couvre le transfert priv\u00e9 aller-retour (40 \u20ac \u2013 d\u00e9j\u00e0 inclus dans le d\u00e9tail des prix)<\/li>\n\n\n\n<li>\u2757 <strong>Remarque <\/strong>: Balade \u00e0 dos de chameau ou en quad en option. Vous pouvez r\u00e9server l&rsquo;un ou l&rsquo;autre, ou les deux. <\/li>\n<\/ul>\n\n<h2 class=\"wp-block-heading has-luminous-vivid-orange-color has-text-color has-link-color wp-elements-31f55b87282936b0e64b0c3a617e58b3\"><strong>D\u00e9tail des prix du voyage<\/strong><\/h2>\n\n<ul class=\"wp-block-list\">\n<li>Balade \u00e0 dos de chameau : <strong>10 \u20ac\/personne<\/strong><\/li>\n\n\n\n<li>Balade en quad : <strong>20 \u20ac\/personne<\/strong><\/li>\n\n\n\n<li><em>Transfert priv\u00e9 (inclus) : 40 \u20ac par r\u00e9servation<\/em><\/li>\n<\/ul>\n\n<hr class=\"wp-block-separator has-alpha-channel-opacity\"\/>\n\n<h2 class=\"wp-block-heading has-luminous-vivid-orange-color has-text-color has-link-color wp-elements-7493d2a3ab0a4852f0278d78ea92ae74\"><strong>Questions fr\u00e9quemment pos\u00e9es<\/strong><\/h2>\n<div id=\"rank-math-faq\" class=\"rank-math-block\">\n<div class=\"rank-math-list \">\n<div id=\"faq-question-1754596395743\" class=\"rank-math-list-item\">\n<h3 class=\"rank-math-question \"><strong>Le co\u00fbt du transfert est-il inclus ?<\/strong><\/h3>\n<div class=\"rank-math-answer \">\n\n<p>Oui, les frais de transfert priv\u00e9 de 40 \u20ac sont d\u00e9j\u00e0 inclus dans le montant total de la r\u00e9servation.<\/p>\n\n<\/div>\n<\/div>\n<div id=\"faq-question-1754596411129\" class=\"rank-math-list-item\">\n<h3 class=\"rank-math-question \"><strong>Puis-je choisir une seule activit\u00e9 ?<\/strong><\/h3>\n<div class=\"rank-math-answer \">\n\n<p>Oui, vous pouvez choisir simplement une balade \u00e0 dos de chameau, une balade en quad ou les deux.<\/p>\n\n<\/div>\n<\/div>\n<div id=\"faq-question-1754596427609\" class=\"rank-math-list-item\">\n<h3 class=\"rank-math-question \"><strong>Que dois-je porter ?<\/strong><\/h3>\n<div class=\"rank-math-answer \">\n\n<p>Des v\u00eatements confortables et des chaussures ferm\u00e9es sont recommand\u00e9s. Des tenues traditionnelles seront fournies pour les balades \u00e0 dos de chameau. <\/p>\n\n<\/div>\n<\/div>\n<div id=\"faq-question-1754596439463\" class=\"rank-math-list-item\">\n<h3 class=\"rank-math-question \"><strong>Est-ce adapt\u00e9 aux enfants?<\/strong><\/h3>\n<div class=\"rank-math-answer \">\n\n<p>Oui ! Les balades \u00e0 dos de chameau sont id\u00e9ales pour les familles, et le quad est accessible aux personnes de 16 ans et plus. <\/p>\n\n<\/div>\n<\/div>\n<div id=\"faq-question-1754596472699\" class=\"rank-math-list-item\">\n<h3 class=\"rank-math-question \"><strong>Puis-je r\u00e9server un trajet de derni\u00e8re minute ?<\/strong><\/h3>\n<div class=\"rank-math-answer \">\n\n<p>Oui, sous r\u00e9serve de disponibilit\u00e9. Nous vous recommandons de r\u00e9server 24 heures \u00e0 l&rsquo;avance. <\/p>\n\n<\/div>\n<\/div>\n<\/div>\n<\/div>","protected":false},"excerpt":{"rendered":"<p>Vivez le frisson d&rsquo;une balade \u00e0 dos de chameau ou en quad dans la Palmeraie de Marrakech ! Transferts priv\u00e9s inclus. \u00c0 partir de 10 \u20ac seulement. Horaires flexibles.   <\/p>\n","protected":false},"featured_media":32052,"comment_status":"open","ping_status":"closed","template":"","meta":{"inline_featured_image":false,"_monsterinsights_skip_tracking":false,"_monsterinsights_sitenote_active":false,"_monsterinsights_sitenote_note":"","_monsterinsights_sitenote_category":0},"product_brand":[],"product_cat":[101],"product_tag":[],"class_list":{"0":"post-32077","1":"product","2":"type-product","3":"status-publish","4":"has-post-thumbnail","6":"product_cat-activites-marrakech","8":"first","9":"instock","10":"virtual","11":"sold-individually","12":"purchasable","13":"product-type-booking"},"booking_location":"","booking_location_type":"","booking_duration":1,"booking_duration_unit":"hour","booking_buffer":0,"booking_cost":40,"booking_resources":[],"exclude_global_add_ons":false,"addons":{"2":{"name":"Activit\u00e9s *","type":"heading","position":0,"required":false,"title_format":"label","default":"","description_enable":true,"description":"Nombre de personnes par activit\u00e9","placeholder_enable":false,"placeholder":null,"display":"select","restrictions_type":"any_text","adjust_price":false,"price":"","price_type":"flat_fee","restrictions":false,"min":"0","max":"0","options":[],"id":1754602895},"0":{"name":"Balade \u00e0 dos de chameau (10\u20ac\/Pers.)","type":"input_multiplier","position":1,"required":false,"title_format":"label","default":"","description_enable":false,"description":null,"placeholder_enable":false,"placeholder":null,"display":"select","restrictions_type":"any_text","adjust_price":true,"price":"10","price_type":"quantity_based","restrictions":true,"min":"0","max":"7","options":[],"id":1754602893},"1":{"name":"Quad (20\u20ac\/Pers.)","type":"input_multiplier","position":2,"required":false,"title_format":"label","default":"","description_enable":false,"description":null,"placeholder_enable":false,"placeholder":null,"display":"select","restrictions_type":"any_text","adjust_price":true,"price":"20","price_type":"quantity_based","restrictions":true,"min":"0","max":"7","options":[],"id":1754602894}},"_links":{"self":[{"href":"https:\/\/www.marrakechtaxi.com\/fr\/wp-json\/wp\/v2\/product\/32077","targetHints":{"allow":["GET"]}}],"collection":[{"href":"https:\/\/www.marrakechtaxi.com\/fr\/wp-json\/wp\/v2\/product"}],"about":[{"href":"https:\/\/www.marrakechtaxi.com\/fr\/wp-json\/wp\/v2\/types\/product"}],"replies":[{"embeddable":true,"href":"https:\/\/www.marrakechtaxi.com\/fr\/wp-json\/wp\/v2\/comments?post=32077"}],"wp:featuredmedia":[{"embeddable":true,"href":"https:\/\/www.marrakechtaxi.com\/fr\/wp-json\/wp\/v2\/media\/32052"}],"wp:attachment":[{"href":"https:\/\/www.marrakechtaxi.com\/fr\/wp-json\/wp\/v2\/media?parent=32077"}],"wp:term":[{"taxonomy":"product_brand","embeddable":true,"href":"https:\/\/www.marrakechtaxi.com\/fr\/wp-json\/wp\/v2\/product_brand?post=32077"},{"taxonomy":"product_cat","embeddable":true,"href":"https:\/\/www.marrakechtaxi.com\/fr\/wp-json\/wp\/v2\/product_cat?post=32077"},{"taxonomy":"product_tag","embeddable":true,"href":"https:\/\/www.marrakechtaxi.com\/fr\/wp-json\/wp\/v2\/product_tag?post=32077"}],"curies":[{"name":"wp","href":"https:\/\/api.w.org\/{rel}","templated":true}]}}