{"id":32045,"date":"2025-08-06T22:42:43","date_gmt":"2025-08-06T21:42:43","guid":{"rendered":"https:\/\/www.marrakechtaxi.com\/transfert-prive-jardin-majorelle-marrakech\/"},"modified":"2025-11-12T15:10:13","modified_gmt":"2025-11-12T14:10:13","slug":"transfert-prive-jardin-majorelle-marrakech","status":"publish","type":"product","link":"https:\/\/www.marrakechtaxi.com\/fr\/transfert-prive-jardin-majorelle-marrakech\/","title":{"rendered":"Visite du jardin Majorelle \u2013 Transferts priv\u00e9s uniquement"},"content":{"rendered":"\n<h2 class=\"wp-block-heading has-luminous-vivid-orange-color has-text-color has-link-color wp-elements-d6fe61eb88e77e679a24d65113e20d21\"><strong>\ud83c\udf3f Aper\u00e7u<\/strong><\/h2>\n\n<p>\u00c9vitez les tracas des taxis et les longues files d&rsquo;attente et voyagez confortablement gr\u00e2ce \u00e0 nos <strong>transferts priv\u00e9s vers le jardin Majorelle<\/strong>, l&rsquo;un des sites les plus embl\u00e9matiques de Marrakech. Ce service <strong>n&rsquo;inclut pas les billets d&rsquo;entr\u00e9e<\/strong>, vous permettant ainsi de l&rsquo;explorer \u00e0 votre rythme d\u00e8s votre arriv\u00e9e. <\/p>\n\n<p>Id\u00e9al pour les couples, les familles et les voyageurs en solo \u00e0 la recherche d&rsquo;un <strong>moyen sans souci de visiter<\/strong> le magnifique <strong>jardin Majorelle<\/strong>, connu pour son architecture bleue vibrante, ses plantes exotiques et son atmosph\u00e8re sereine.<\/p>\n\n<h2 class=\"wp-block-heading has-luminous-vivid-orange-color has-text-color has-link-color wp-elements-c9b4f987f672d8543ddd68c916d6b34b\"><strong>\u00c0 quoi s&rsquo;attendre<\/strong><\/h2>\n\n<p>\u2705 Prise en charge \u00e0 votre h\u00f4tel ou riad \u00e0 Marrakech (ou au point d&rsquo;acc\u00e8s le plus proche)<br\/>\u2705 V\u00e9hicule priv\u00e9 confortable et climatis\u00e9<br\/>\u2705 D\u00e9pose \u00e0 l&rsquo;entr\u00e9e du jardin Majorelle<br\/>\u2705 Temps libre pour explorer le jardin \u00e0 votre rythme (billet non inclus)<br\/>\u2705 Transfert retour vers votre h\u00e9bergement<\/p>\n\n<h2 class=\"wp-block-heading has-luminous-vivid-orange-color has-text-color has-link-color wp-elements-4973781c80d248b9fa15af2b46f7a9d3\"><strong>\u2139\ufe0f Informations compl\u00e9mentaires<\/strong><\/h2>\n\n<ul class=\"wp-block-list\">\n<li>\ud83d\udccdDestination : Jardin Majorelle, Marrakech<\/li>\n\n\n\n<li>\ud83d\udd52 Dur\u00e9e : Flexible (transport total environ 1h\u20131h30 aller-retour)<\/li>\n\n\n\n<li>\ud83c\udfab Billets NON inclus (r\u00e9servez en ligne ou \u00e0 l&rsquo;entr\u00e9e)<\/li>\n\n\n\n<li>\ud83e\uddd2 Exp\u00e9rience familiale<\/li>\n\n\n\n<li>\ud83e\uddcd\u200d\u2640\ufe0f Convient aux personnes seules, aux couples et aux groupes<\/li>\n\n\n\n<li>\ud83d\ude98 Options de v\u00e9hicule en fonction de la taille de votre groupe (voiture ou minivan)<\/li>\n<\/ul>\n\n<blockquote class=\"wp-block-quote is-layout-flow wp-block-quote-is-layout-flow\">\n<p>Si vous s\u00e9journez en <strong>dehors de la ville<\/strong> (ex : Palmeraie, Route de l&rsquo;Ourika), merci de nous contacter pour conna\u00eetre les disponibilit\u00e9s et l&rsquo;ajustement des prix avant de r\u00e9server.<\/p>\n<\/blockquote>\n\n<h2 class=\"wp-block-heading has-luminous-vivid-orange-color has-text-color has-link-color wp-elements-05f1b035ba6c4f9eab635fcb6a3d8ccf\"><strong>\ud83d\udcc5 Informations de r\u00e9servation :<\/strong><\/h2>\n\n<ul class=\"wp-block-list\">\n<li>Exp\u00e9rience disponible <strong>quotidiennement<\/strong><\/li>\n\n\n\n<li>Un <strong>acompte <\/strong>est requis pour confirmer votre r\u00e9servation (via PayPal)<\/li>\n\n\n\n<li>Solde restant pay\u00e9 au conducteur le jour de l&rsquo;exp\u00e9rience<\/li>\n\n\n\n<li>Confirmation instantan\u00e9e par e-mail ou WhatsApp<\/li>\n<\/ul>\n\n<hr class=\"wp-block-separator has-alpha-channel-opacity\"\/>\n\n<h2 class=\"wp-block-heading has-luminous-vivid-orange-color has-text-color has-link-color wp-elements-7493d2a3ab0a4852f0278d78ea92ae74\"><strong>Questions fr\u00e9quemment pos\u00e9es<\/strong><\/h2>\n<div id=\"rank-math-faq\" class=\"rank-math-block\">\n<div class=\"rank-math-list \">\n<div id=\"faq-question-1754516252450\" class=\"rank-math-list-item\">\n<h3 class=\"rank-math-question \"><strong>Fournissez-vous des billets d&rsquo;entr\u00e9e ?<\/strong><\/h3>\n<div class=\"rank-math-answer \">\n\n<p>Non, ce forfait comprend uniquement les <strong>transferts priv\u00e9s<\/strong>. Vous pouvez acheter votre billet en ligne \u00e0 l&rsquo;avance ou \u00e0 l&rsquo;entr\u00e9e. <\/p>\n\n<\/div>\n<\/div>\n<div id=\"faq-question-1754516270059\" class=\"rank-math-list-item\">\n<h3 class=\"rank-math-question \"><strong>Combien de temps pouvons-nous passer au jardin ?<\/strong><\/h3>\n<div class=\"rank-math-answer \">\n\n<p>\u00c0 vous de choisir ! Votre transfert retour sera coordonn\u00e9 en fonction du temps que vous souhaitez consacrer \u00e0 votre visite. <\/p>\n\n<\/div>\n<\/div>\n<div id=\"faq-question-1754516281196\" class=\"rank-math-list-item\">\n<h3 class=\"rank-math-question \"><strong>Est-ce adapt\u00e9 aux familles ou aux visiteurs \u00e2g\u00e9s ?<\/strong><\/h3>\n<div class=\"rank-math-answer \">\n\n<p>Oui, c&rsquo;est une activit\u00e9 relaxante et familiale. Les transferts sont confortables et le jardin est en grande partie accessible. <\/p>\n\n<\/div>\n<\/div>\n<div id=\"faq-question-1754516292018\" class=\"rank-math-list-item\">\n<h3 class=\"rank-math-question \"><strong>Puis-je combiner cela avec une autre attraction \u00e0 proximit\u00e9 ?<\/strong><\/h3>\n<div class=\"rank-math-answer \">\n\n<p>Oui, vous pouvez demander un arr\u00eat au <strong>mus\u00e9e Yves Saint Laurent<\/strong> ou \u00e0 <strong>Gueliz<\/strong> pour faire du shopping ou prendre un caf\u00e9 (des frais suppl\u00e9mentaires peuvent s&rsquo;appliquer).<\/p>\n\n<\/div>\n<\/div>\n<div id=\"faq-question-1754516311569\" class=\"rank-math-list-item\">\n<h3 class=\"rank-math-question \"><strong>O\u00f9 est disponible le ramassage ?<\/strong><\/h3>\n<div class=\"rank-math-answer \">\n\n<p>La prise en charge s&rsquo;effectue depuis n&rsquo;importe quel h\u00f4tel, riad ou lieu accessible dans le centre de Marrakech.<\/p>\n\n<\/div>\n<\/div>\n<\/div>\n<\/div>","protected":false},"excerpt":{"rendered":"<p>Profitez d&rsquo;un transport sans stress vers le c\u00e9l\u00e8bre Jardin Majorelle de Marrakech. Transferts priv\u00e9s aller-retour depuis votre h\u00f4tel ou riad inclus ; billet non inclus. <\/p>\n","protected":false},"featured_media":31590,"comment_status":"open","ping_status":"closed","template":"","meta":{"inline_featured_image":false,"_monsterinsights_skip_tracking":false,"_monsterinsights_sitenote_active":false,"_monsterinsights_sitenote_note":"","_monsterinsights_sitenote_category":0},"product_brand":[],"product_cat":[101],"product_tag":[],"class_list":{"0":"post-32045","1":"product","2":"type-product","3":"status-publish","4":"has-post-thumbnail","6":"product_cat-activites-marrakech","8":"first","9":"instock","10":"virtual","11":"sold-individually","12":"purchasable","13":"product-type-booking"},"booking_location":"","booking_location_type":"","booking_duration":1,"booking_duration_unit":"day","booking_buffer":0,"booking_cost":45,"booking_resources":[],"exclude_global_add_ons":[],"addons":[],"_links":{"self":[{"href":"https:\/\/www.marrakechtaxi.com\/fr\/wp-json\/wp\/v2\/product\/32045","targetHints":{"allow":["GET"]}}],"collection":[{"href":"https:\/\/www.marrakechtaxi.com\/fr\/wp-json\/wp\/v2\/product"}],"about":[{"href":"https:\/\/www.marrakechtaxi.com\/fr\/wp-json\/wp\/v2\/types\/product"}],"replies":[{"embeddable":true,"href":"https:\/\/www.marrakechtaxi.com\/fr\/wp-json\/wp\/v2\/comments?post=32045"}],"wp:featuredmedia":[{"embeddable":true,"href":"https:\/\/www.marrakechtaxi.com\/fr\/wp-json\/wp\/v2\/media\/31590"}],"wp:attachment":[{"href":"https:\/\/www.marrakechtaxi.com\/fr\/wp-json\/wp\/v2\/media?parent=32045"}],"wp:term":[{"taxonomy":"product_brand","embeddable":true,"href":"https:\/\/www.marrakechtaxi.com\/fr\/wp-json\/wp\/v2\/product_brand?post=32045"},{"taxonomy":"product_cat","embeddable":true,"href":"https:\/\/www.marrakechtaxi.com\/fr\/wp-json\/wp\/v2\/product_cat?post=32045"},{"taxonomy":"product_tag","embeddable":true,"href":"https:\/\/www.marrakechtaxi.com\/fr\/wp-json\/wp\/v2\/product_tag?post=32045"}],"curies":[{"name":"wp","href":"https:\/\/api.w.org\/{rel}","templated":true}]}}