{"id":32036,"date":"2025-07-24T17:35:03","date_gmt":"2025-07-24T16:35:03","guid":{"rendered":"https:\/\/www.marrakechtaxi.com\/billet-jardin-majorelle-transfert-prive-marrakech\/"},"modified":"2026-01-05T19:01:05","modified_gmt":"2026-01-05T18:01:05","slug":"billet-jardin-majorelle-transfert-prive-marrakech","status":"publish","type":"product","link":"https:\/\/www.marrakechtaxi.com\/fr\/billet-jardin-majorelle-transfert-prive-marrakech\/","title":{"rendered":"Visite du jardin Majorelle \u2013 Billet et transferts priv\u00e9s"},"content":{"rendered":"\n<h3 class=\"wp-block-heading\">\ud83c\udf3f D\u00e9couvrez le Jardin Majorelle avec style<\/h3>\n\n<p>Plongez dans l&rsquo;univers d&rsquo;Yves Saint Laurent et explorez le vibrant <strong>Jardin Majorelle<\/strong>, un havre de paix au c\u0153ur de Marrakech. Notre chauffeur priv\u00e9 viendra vous chercher directement \u00e0 votre h\u00e9bergement et vous conduira au jardin en toute simplicit\u00e9 et confort. Fini le stress du taxi et les longues files d&rsquo;attente : rien que vous, votre groupe et la beaut\u00e9 apaisante de cette oasis botanique mondialement connue.  <\/p>\n\n<h2 class=\"wp-block-heading has-luminous-vivid-orange-color has-text-color has-link-color wp-elements-a34b03613fb65ccbf28507c219412a58\"><strong>\u2705 Ce qui est inclus :<\/strong><\/h2>\n\n<ul class=\"wp-block-list\">\n<li>Transport priv\u00e9 aller-retour depuis votre h\u00e9bergement \u00e0 Marrakech (1 \u00e0 17 personnes)<\/li>\n\n\n\n<li>Billet(s) d&rsquo;entr\u00e9e au <strong>Jardin Majorelle<\/strong><\/li>\n\n\n\n<li>V\u00e9hicule climatis\u00e9 avec chauffeur professionnel<\/li>\n\n\n\n<li>Assistance \u00e0 l&rsquo;entr\u00e9e (remise des billets)<\/li>\n<\/ul>\n\n<h2 class=\"wp-block-heading has-luminous-vivid-orange-color has-text-color has-link-color wp-elements-4003531db3d6f61b84c9d6788a2c172a\"><strong>\u274c Non inclus :<\/strong><\/h2>\n\n<ul class=\"wp-block-list\">\n<li>Pourboires au conducteur (facultatif)<\/li>\n\n\n\n<li>Guide touristique \u00e0 l&rsquo;int\u00e9rieur du jardin<\/li>\n\n\n\n<li>Mus\u00e9es ou attractions suppl\u00e9mentaires<\/li>\n\n\n\n<li>Prise en charge en dehors de la ville de Marrakech (veuillez nous contacter avant de r\u00e9server)<\/li>\n<\/ul>\n\n<h2 class=\"wp-block-heading has-luminous-vivid-orange-color has-text-color has-link-color wp-elements-f992301945d2060155640562a4b46510\"><strong>\ud83d\udccd Informations sur le ramassage :<\/strong><\/h2>\n\n<p>Nous proposons un <strong>service de prise en charge \u00e0 domicile<\/strong> depuis n&rsquo;importe quel h\u00f4tel, riad ou adresse du centre de Marrakech. Si vous s\u00e9journez en <strong>dehors de la ville<\/strong> (par exemple, Palmeraie ou route de l&rsquo;Ourika), veuillez nous contacter pour conna\u00eetre les disponibilit\u00e9s et les tarifs avant de r\u00e9server. <\/p>\n\n<h2 class=\"wp-block-heading has-luminous-vivid-orange-color has-text-color has-link-color wp-elements-05f1b035ba6c4f9eab635fcb6a3d8ccf\"><strong>\ud83d\udcc5 Informations de r\u00e9servation :<\/strong><\/h2>\n\n<ul class=\"wp-block-list\">\n<li>Exp\u00e9rience disponible <strong>quotidiennement<\/strong><\/li>\n\n\n\n<li>La r\u00e9servation \u00e0 l&rsquo;avance est fortement recommand\u00e9e en raison de la <strong>disponibilit\u00e9 limit\u00e9e des billets<\/strong><\/li>\n\n\n\n<li>Un <strong>acompte <\/strong>est requis pour confirmer votre r\u00e9servation (via PayPal)<\/li>\n\n\n\n<li>Solde restant pay\u00e9 au conducteur le jour de l&rsquo;exp\u00e9rience<\/li>\n\n\n\n<li>Confirmation instantan\u00e9e par e-mail ou WhatsApp<\/li>\n<\/ul>\n\n<h2 class=\"wp-block-heading has-luminous-vivid-orange-color has-text-color has-link-color wp-elements-2a1d556f20d879bc82af24d3c3402260\"><strong>\u26a0\ufe0f Note importante sur la disponibilit\u00e9 des billets<\/strong><\/h2>\n\n<p>Les billets pour le Jardin Majorelle sont disponibles dans la <strong>limite des places disponibles chaque jour<\/strong>. Si les billets ne sont <strong>pas disponibles<\/strong> \u00e0 la date s\u00e9lectionn\u00e9e, votre r\u00e9servation sera <strong>annul\u00e9e <\/strong>et votre <strong>acompte vous sera int\u00e9gralement rembours\u00e9<\/strong>. <\/p>\n\n<p>Nous vous recommandons de r\u00e9server le plus t\u00f4t possible pour garantir votre visite.<\/p>\n\n<hr class=\"wp-block-separator has-alpha-channel-opacity\"\/>\n\n<h2 class=\"wp-block-heading has-luminous-vivid-orange-color has-text-color has-link-color wp-elements-7493d2a3ab0a4852f0278d78ea92ae74\"><strong>Questions fr\u00e9quemment pos\u00e9es<\/strong><\/h2>\n<div id=\"rank-math-faq\" class=\"rank-math-block\">\n<div class=\"rank-math-list \">\n<div id=\"faq-question-1753366603808\" class=\"rank-math-list-item\">\n<h3 class=\"rank-math-question \"><strong>Le billet pour le jardin est-il inclus dans le prix ?<\/strong><\/h3>\n<div class=\"rank-math-answer \">\n\n<p>Oui, l&rsquo;entr\u00e9e au <strong>Jardin Majorelle<\/strong> est incluse. Vous recevrez votre billet directement aupr\u00e8s du chauffeur. <\/p>\n\n<\/div>\n<\/div>\n<div id=\"faq-question-1753367056098\" class=\"rank-math-list-item\">\n<h3 class=\"rank-math-question \"><strong>Est-ce que vous venez vous chercher dans les riads \u00e0 l&rsquo;int\u00e9rieur de la M\u00e9dina ?<\/strong><\/h3>\n<div class=\"rank-math-answer \">\n\n<p>Oui ! Nous coordonnons un point de ramassage \u00e0 proximit\u00e9 si votre route n&rsquo;est pas accessible en voiture. <\/p>\n\n<\/div>\n<\/div>\n<div id=\"faq-question-1753367065820\" class=\"rank-math-list-item\">\n<h3 class=\"rank-math-question \"><strong>Puis-je combiner cette visite avec une autre attraction ?<\/strong><\/h3>\n<div class=\"rank-math-answer \">\n\n<p>Cette exp\u00e9rience est ax\u00e9e sur le jardin Majorelle. Pour les visites combin\u00e9es (comme les visites de mus\u00e9es), veuillez consulter nos autres produits. <\/p>\n\n<\/div>\n<\/div>\n<div id=\"faq-question-1753367079850\" class=\"rank-math-list-item\">\n<h3 class=\"rank-math-question \"><strong>Combien de temps dure l&rsquo;exp\u00e9rience ?<\/strong><\/h3>\n<div class=\"rank-math-answer \">\n\n<p>Le trajet aller-retour complet dure g\u00e9n\u00e9ralement entre 1h30 et 2h, y compris le temps de visite du jardin.<\/p>\n\n<\/div>\n<\/div>\n<div id=\"faq-question-1753367101686\" class=\"rank-math-list-item\">\n<h3 class=\"rank-math-question \"><strong>Les enfants peuvent-ils entrer gratuitement ?<\/strong><\/h3>\n<div class=\"rank-math-answer \">\n\n<p>Oui, les enfants de moins de 10 ans n&rsquo;ont pas besoin de billet pour le Jardin Majorelle.<\/p>\n\n<\/div>\n<\/div>\n<\/div>\n<\/div>","protected":false},"excerpt":{"rendered":"<p>Visitez l&#8217;embl\u00e9matique <strong>Jardin Majorelle<\/strong> gr\u00e2ce \u00e0 un transfert priv\u00e9 aller-retour depuis votre h\u00f4tel ou riad \u00e0 Marrakech. Billets coupe-file et prise en charge \u00e0 votre h\u00e9bergement inclus. Un moyen rapide, confortable et sans stress d&rsquo;explorer l&rsquo;une des principales attractions de Marrakech.  <\/p>\n","protected":false},"featured_media":31578,"comment_status":"open","ping_status":"closed","template":"","meta":{"inline_featured_image":false,"_monsterinsights_skip_tracking":false,"_monsterinsights_sitenote_active":false,"_monsterinsights_sitenote_note":"","_monsterinsights_sitenote_category":0},"product_brand":[],"product_cat":[101],"product_tag":[],"class_list":{"0":"post-32036","1":"product","2":"type-product","3":"status-publish","4":"has-post-thumbnail","6":"product_cat-activites-marrakech","8":"first","9":"instock","10":"virtual","11":"sold-individually","12":"purchasable","13":"product-type-booking"},"booking_location":"","booking_location_type":"","booking_duration":1,"booking_duration_unit":"hour","booking_buffer":0,"booking_cost":45,"booking_resources":[],"exclude_global_add_ons":false,"addons":[{"name":"Billets","type":"heading","position":0,"required":false,"title_format":"label","default":"","description_enable":false,"description":null,"placeholder_enable":false,"placeholder":null,"display":"select","restrictions_type":"any_text","adjust_price":false,"price":"","price_type":"flat_fee","restrictions":false,"min":"0","max":"0","options":[],"id":1754516003},{"name":"Adulte:","type":"input_multiplier","position":1,"required":true,"title_format":"label","default":"","description_enable":false,"description":null,"placeholder_enable":false,"placeholder":null,"display":"select","restrictions_type":"any_text","adjust_price":true,"price":"19","price_type":"quantity_based","restrictions":true,"min":"1","max":"0","options":[],"id":1754516004},{"name":"Enfants \u00e0 partir de 10 ans :","type":"input_multiplier","position":2,"required":false,"title_format":"label","default":"","description_enable":false,"description":null,"placeholder_enable":false,"placeholder":null,"display":"select","restrictions_type":"any_text","adjust_price":true,"price":"10","price_type":"quantity_based","restrictions":false,"min":"0","max":"0","options":[],"id":1754516005},{"name":"Enfants de moins de 10 ans","type":"input_multiplier","position":3,"required":false,"title_format":"label","default":"","description_enable":false,"description":null,"placeholder_enable":false,"placeholder":null,"display":"select","restrictions_type":"any_text","adjust_price":true,"price":"","price_type":"quantity_based","restrictions":false,"min":"0","max":"0","options":[],"id":1754516006}],"_links":{"self":[{"href":"https:\/\/www.marrakechtaxi.com\/fr\/wp-json\/wp\/v2\/product\/32036","targetHints":{"allow":["GET"]}}],"collection":[{"href":"https:\/\/www.marrakechtaxi.com\/fr\/wp-json\/wp\/v2\/product"}],"about":[{"href":"https:\/\/www.marrakechtaxi.com\/fr\/wp-json\/wp\/v2\/types\/product"}],"replies":[{"embeddable":true,"href":"https:\/\/www.marrakechtaxi.com\/fr\/wp-json\/wp\/v2\/comments?post=32036"}],"wp:featuredmedia":[{"embeddable":true,"href":"https:\/\/www.marrakechtaxi.com\/fr\/wp-json\/wp\/v2\/media\/31578"}],"wp:attachment":[{"href":"https:\/\/www.marrakechtaxi.com\/fr\/wp-json\/wp\/v2\/media?parent=32036"}],"wp:term":[{"taxonomy":"product_brand","embeddable":true,"href":"https:\/\/www.marrakechtaxi.com\/fr\/wp-json\/wp\/v2\/product_brand?post=32036"},{"taxonomy":"product_cat","embeddable":true,"href":"https:\/\/www.marrakechtaxi.com\/fr\/wp-json\/wp\/v2\/product_cat?post=32036"},{"taxonomy":"product_tag","embeddable":true,"href":"https:\/\/www.marrakechtaxi.com\/fr\/wp-json\/wp\/v2\/product_tag?post=32036"}],"curies":[{"name":"wp","href":"https:\/\/api.w.org\/{rel}","templated":true}]}}