{"id":32021,"date":"2025-07-30T14:03:38","date_gmt":"2025-07-30T13:03:38","guid":{"rendered":"https:\/\/www.marrakechtaxi.com\/planifiez-votre-circuit-sur-mesure-au-maroc-devis-gratuit\/"},"modified":"2025-08-06T18:11:32","modified_gmt":"2025-08-06T17:11:32","slug":"devis-gratuit-circuit-prive-maroc-sur-mesure","status":"publish","type":"product","link":"https:\/\/www.marrakechtaxi.com\/fr\/devis-gratuit-circuit-prive-maroc-sur-mesure\/","title":{"rendered":"&gt; Planifiez votre circuit personnalis\u00e9 au Maroc \u2013 Devis gratuit"},"content":{"rendered":"\n<h2 class=\"wp-block-heading has-luminous-vivid-orange-color has-text-color has-link-color wp-elements-6c809281a821133694c69241233d94d3\"><strong>\ud83c\udf0d Pourquoi r\u00e9server un circuit personnalis\u00e9 au Maroc ?<\/strong><\/h2>\n\n<p>Cr\u00e9ez votre voyage \u00e0 votre image. Que vous soyez int\u00e9ress\u00e9 par le d\u00e9sert du Sahara, les cit\u00e9s imp\u00e9riales ou les villages de montagne cach\u00e9s, nous cr\u00e9ons des circuits priv\u00e9s adapt\u00e9s \u00e0 votre rythme, vos pr\u00e9f\u00e9rences et votre style de voyage. <\/p>\n\n<div class=\"wp-block-buttons is-content-justification-center is-layout-flex wp-container-core-buttons-is-layout-a89b3969 wp-block-buttons-is-layout-flex\">\n<div class=\"wp-block-button is-style-fill\"><a class=\"wp-block-button__link has-black-color has-text-color has-background has-link-color has-text-align-center wp-element-button\" href=\"https:\/\/www.marrakechtaxi.com\/quote-custom-morocco-tour-request\/\" style=\"background-color:#fdb813;padding-top:var(--wp--preset--spacing--small);padding-right:var(--wp--preset--spacing--medium);padding-bottom:var(--wp--preset--spacing--small);padding-left:var(--wp--preset--spacing--medium)\">Obtenez un devis pour votre voyage<\/a><\/div>\n<\/div>\n\n<h2 class=\"wp-block-heading has-luminous-vivid-orange-color has-text-color has-link-color wp-elements-a34b03613fb65ccbf28507c219412a58\"><strong>\u2705 Ce qui est inclus :<\/strong><\/h2>\n\n<ul class=\"wp-block-list\">\n<li>Planification de voyages personnalis\u00e9s par des experts bas\u00e9s au Maroc<\/li>\n\n\n\n<li>Chauffeur d\u00e9di\u00e9 avec v\u00e9hicule priv\u00e9<\/li>\n\n\n\n<li>Prise en charge\/d\u00e9pose \u00e0 l&rsquo;a\u00e9roport<\/li>\n\n\n\n<li>H\u00f4tels, guides et exp\u00e9riences locales sugg\u00e9r\u00e9s<\/li>\n\n\n\n<li>Flexibilit\u00e9 de personnalisation \u00e0 chaque \u00e9tape<\/li>\n\n\n\n<li>Assistance via WhatsApp ou email avant et pendant la visite<\/li>\n<\/ul>\n\n<h2 class=\"wp-block-heading has-luminous-vivid-orange-color has-text-color has-link-color wp-elements-4003531db3d6f61b84c9d6788a2c172a\"><strong>\u274c Non inclus :<\/strong><\/h2>\n\n<ul class=\"wp-block-list\">\n<li>Vols<\/li>\n\n\n\n<li>Billets d&rsquo;entr\u00e9e (facultatif)<\/li>\n\n\n\n<li>Repas sauf indication contraire<\/li>\n\n\n\n<li>Assurance voyage<\/li>\n\n\n\n<li>Pourboires pour le chauffeur\/guide<\/li>\n<\/ul>\n\n<div class=\"wp-block-buttons is-content-justification-center is-layout-flex wp-container-core-buttons-is-layout-a89b3969 wp-block-buttons-is-layout-flex\">\n<div class=\"wp-block-button is-style-fill\"><a class=\"wp-block-button__link has-black-color has-text-color has-background has-link-color has-text-align-center wp-element-button\" href=\"https:\/\/www.marrakechtaxi.com\/quote-custom-morocco-tour-request\/\" style=\"background-color:#fdb813;padding-top:var(--wp--preset--spacing--small);padding-right:var(--wp--preset--spacing--medium);padding-bottom:var(--wp--preset--spacing--small);padding-left:var(--wp--preset--spacing--medium)\">Obtenez un devis pour votre voyage<\/a><\/div>\n<\/div>\n\n<h2 class=\"wp-block-heading has-luminous-vivid-orange-color has-text-color has-link-color wp-elements-f992301945d2060155640562a4b46510\"><strong>\ud83d\udccd Informations sur le ramassage :<\/strong><\/h2>\n\n<p>Nous proposons un service de ramassage \u00e0 domicile \u00e0 partir de :<\/p>\n\n<ul class=\"wp-block-list\">\n<li>A\u00e9roports de Marrakech \/ Casablanca \/ F\u00e8s \/ Tanger<\/li>\n\n\n\n<li>Votre riad, h\u00f4tel ou h\u00e9bergement<br\/>Si vous \u00eates en dehors de ces villes, contactez-nous avant de r\u00e9server.<\/li>\n<\/ul>\n\n<h2 class=\"wp-block-heading has-luminous-vivid-orange-color has-text-color\"><strong>\ud83d\udcc5 Informations de r\u00e9servation :<\/strong><\/h2>\n\n<ul class=\"wp-block-list\">\n<li>Aucune date fixe n\u2019est requise \u2014 soumettez simplement votre demande.<\/li>\n\n\n\n<li>Devis gratuit sous 48h.<\/li>\n\n\n\n<li>D\u00e9p\u00f4t de garantie requis uniquement apr\u00e8s confirmation.<\/li>\n\n\n\n<li>Annulez ou modifiez facilement avant confirmation.<\/li>\n<\/ul>\n\n<div class=\"wp-block-buttons is-content-justification-center is-layout-flex wp-container-core-buttons-is-layout-a89b3969 wp-block-buttons-is-layout-flex\">\n<div class=\"wp-block-button is-style-fill\"><a class=\"wp-block-button__link has-black-color has-text-color has-background has-link-color has-text-align-center wp-element-button\" href=\"https:\/\/www.marrakechtaxi.com\/quote-custom-morocco-tour-request\/\" style=\"background-color:#fdb813;padding-top:var(--wp--preset--spacing--small);padding-right:var(--wp--preset--spacing--medium);padding-bottom:var(--wp--preset--spacing--small);padding-left:var(--wp--preset--spacing--medium)\">Obtenez un devis pour votre voyage<\/a><\/div>\n<\/div>\n\n<hr class=\"wp-block-separator has-alpha-channel-opacity\"\/>\n\n<h2 class=\"wp-block-heading has-luminous-vivid-orange-color has-text-color has-link-color wp-elements-575345dfdcb090e0e0855506b60b6571\"><strong>Questions fr\u00e9quemment pos\u00e9es :<\/strong><\/h2>\n<div id=\"rank-math-faq\" class=\"rank-math-block\">\n<div class=\"rank-math-list \">\n<div id=\"faq-question-1753891850636\" class=\"rank-math-list-item\">\n<h3 class=\"rank-math-question \"><strong>Dans combien de temps vais-je recevoir mon devis ?<\/strong><\/h3>\n<div class=\"rank-math-answer \">\n\n<p>La plupart des devis sont livr\u00e9s dans un d\u00e9lai de 24 \u00e0 48 heures.<\/p>\n\n<\/div>\n<\/div>\n<div id=\"faq-question-1753891874544\" class=\"rank-math-list-item\">\n<h3 class=\"rank-math-question \"><strong>Puis-je r\u00e9server uniquement le transport ?<\/strong><\/h3>\n<div class=\"rank-math-answer \">\n\n<p>Oui, nous proposons simplement une voiture avec chauffeur si n\u00e9cessaire.<\/p>\n\n<\/div>\n<\/div>\n<div id=\"faq-question-1753891880936\" class=\"rank-math-list-item\">\n<h3 class=\"rank-math-question \"><strong>Aidez-vous \u00e9galement \u00e0 la r\u00e9servation d&rsquo;h\u00f4tel ?<\/strong><\/h3>\n<div class=\"rank-math-answer \">\n\n<p>Oui, sur demande nous pouvons inclure des h\u00f4tels.<\/p>\n\n<\/div>\n<\/div>\n<div id=\"faq-question-1753891893633\" class=\"rank-math-list-item\">\n<h3 class=\"rank-math-question \"><strong>Travaillez-vous en espagnol\/fran\u00e7ais\/italien ?<\/strong><\/h3>\n<div class=\"rank-math-answer \">\n\n<p>Oui, notre \u00e9quipe parle les trois langues et l&rsquo;anglais.<\/p>\n\n<\/div>\n<\/div>\n<\/div>\n<\/div>\n<div class=\"wp-block-buttons is-content-justification-center is-layout-flex wp-container-core-buttons-is-layout-a89b3969 wp-block-buttons-is-layout-flex\">\n<div class=\"wp-block-button is-style-fill\"><a class=\"wp-block-button__link has-black-color has-text-color has-background has-link-color has-text-align-center wp-element-button\" href=\"https:\/\/www.marrakechtaxi.com\/quote-custom-morocco-tour-request\/\" style=\"background-color:#fdb813;padding-top:var(--wp--preset--spacing--small);padding-right:var(--wp--preset--spacing--medium);padding-bottom:var(--wp--preset--spacing--small);padding-left:var(--wp--preset--spacing--medium)\">Obtenez un devis pour votre voyage<\/a><\/div>\n<\/div>\n","protected":false},"excerpt":{"rendered":"<p>Planifiez votre voyage de r\u00eave au Maroc avec l&rsquo;aide d&rsquo;experts locaux. Transport priv\u00e9, exp\u00e9riences uniques et itin\u00e9raires flexibles. Devis rapide par WhatsApp ou par e-mail.  <\/p>\n","protected":false},"featured_media":31844,"comment_status":"open","ping_status":"closed","template":"","meta":{"inline_featured_image":false,"_monsterinsights_skip_tracking":false,"_monsterinsights_sitenote_active":false,"_monsterinsights_sitenote_note":"","_monsterinsights_sitenote_category":0},"product_brand":[],"product_cat":[134,137,98],"product_tag":[],"class_list":{"0":"post-32021","1":"product","2":"type-product","3":"status-publish","4":"has-post-thumbnail","6":"product_cat-circuits-maroc","7":"product_cat-circuits-depuis-marrakech","8":"product_cat-circuits-desert-maroc","10":"first","11":"instock","12":"shipping-taxable","13":"product-type-simple"},"booking_location":null,"booking_location_type":null,"booking_duration":null,"booking_duration_unit":null,"booking_buffer":null,"booking_cost":null,"booking_resources":null,"exclude_global_add_ons":[],"addons":[],"_links":{"self":[{"href":"https:\/\/www.marrakechtaxi.com\/fr\/wp-json\/wp\/v2\/product\/32021","targetHints":{"allow":["GET"]}}],"collection":[{"href":"https:\/\/www.marrakechtaxi.com\/fr\/wp-json\/wp\/v2\/product"}],"about":[{"href":"https:\/\/www.marrakechtaxi.com\/fr\/wp-json\/wp\/v2\/types\/product"}],"replies":[{"embeddable":true,"href":"https:\/\/www.marrakechtaxi.com\/fr\/wp-json\/wp\/v2\/comments?post=32021"}],"wp:featuredmedia":[{"embeddable":true,"href":"https:\/\/www.marrakechtaxi.com\/fr\/wp-json\/wp\/v2\/media\/31844"}],"wp:attachment":[{"href":"https:\/\/www.marrakechtaxi.com\/fr\/wp-json\/wp\/v2\/media?parent=32021"}],"wp:term":[{"taxonomy":"product_brand","embeddable":true,"href":"https:\/\/www.marrakechtaxi.com\/fr\/wp-json\/wp\/v2\/product_brand?post=32021"},{"taxonomy":"product_cat","embeddable":true,"href":"https:\/\/www.marrakechtaxi.com\/fr\/wp-json\/wp\/v2\/product_cat?post=32021"},{"taxonomy":"product_tag","embeddable":true,"href":"https:\/\/www.marrakechtaxi.com\/fr\/wp-json\/wp\/v2\/product_tag?post=32021"}],"curies":[{"name":"wp","href":"https:\/\/api.w.org\/{rel}","templated":true}]}}