{"id":32018,"date":"2025-08-06T16:02:56","date_gmt":"2025-08-06T15:02:56","guid":{"rendered":"https:\/\/www.marrakechtaxi.com\/diner-chameau-quad-desert-agafay-marrakech\/"},"modified":"2025-11-12T15:23:34","modified_gmt":"2025-11-12T14:23:34","slug":"diner-chameau-quad-desert-agafay-marrakech","status":"publish","type":"product","link":"https:\/\/www.marrakechtaxi.com\/fr\/diner-chameau-quad-desert-agafay-marrakech\/","title":{"rendered":"Balade \u00e0 dos de chameau ou en quad \u00e0 Agafay + d\u00eener-spectacle (camp non luxueux)"},"content":{"rendered":"\n<h2 class=\"wp-block-heading\"><strong>\ud83c\udf05 Aper\u00e7u de l&rsquo;exp\u00e9rience<\/strong><\/h2>\n\n<p>D\u00e9couvrez le d\u00e9sert d&rsquo;Agafay \u00e0 votre fa\u00e7on. Ce forfait flexible vous permet de choisir comment vivre votre soir\u00e9e : balade \u00e0 dos de chameau, quad ou simplement d\u00eener-spectacle authentique. <\/p>\n\n<p>Situ\u00e9e dans <strong>un camp nomade (sans luxe)<\/strong>, cette exp\u00e9rience offre <strong>confort, charme local et divertissements culturels<\/strong> \u00e0 un prix abordable. Apr\u00e8s votre balade, savourez un d\u00eener marocain sous les \u00e9toiles avec musique et spectacles de danse traditionnels. <\/p>\n\n<p>Id\u00e9al pour les couples, les familles ou les petits groupes \u00e0 la recherche d&rsquo;une <strong>escapade authentique et flexible dans le d\u00e9sert<\/strong> juste \u00e0 l&rsquo;ext\u00e9rieur de Marrakech.<\/p>\n\n<h2 class=\"wp-block-heading\"><strong>\ud83d\udccc Points forts<\/strong><\/h2>\n\n<p>\u2705 R\u00e9servation flexible : d\u00eener seul ou option chameau\/quad\/les deux<br\/>\u2705 D\u00eener traditionnel marocain 3 plats<br\/>\u2705 Spectacle de musique et de danse en direct dans un camp berb\u00e8re<br\/>\u2705 Transferts priv\u00e9s depuis Marrakech<br\/>\u2705 Exp\u00e9rience familiale<br\/>\u2705 Coucher de soleil spectaculaire sur le d\u00e9sert d&rsquo;Agafay<br\/>\u2705 Aucun frais cach\u00e9 : des options claires selon vos pr\u00e9f\u00e9rences<\/p>\n\n<h2 class=\"wp-block-heading\"><strong>\ud83d\udd0d \u00c0 quoi s&rsquo;attendre<\/strong><\/h2>\n\n<p>Prise en charge \u00e0 votre h\u00f4tel ou riad (ou point de rendez-vous si inaccessible)<br\/>Balade \u00e0 dos de chameau (en option) : environ 45 minutes \u00e0 travers les dunes d\u2019Agafay<br\/>Balade en quad (en option) : environ 1 heure d\u2019aventure guid\u00e9e<br\/>D\u00eener marocain dans un campement nomade authentique et chaleureux<br\/>Spectacle de musique et de danse traditionnelles<br\/>Coucher de soleil et photos<br\/>Retour \u00e0 Marrakech (selon l\u2019heure de fin de l\u2019exp\u00e9rience choisie)<\/p>\n\n<h2 class=\"wp-block-heading\"><strong>\u2139\ufe0f Informations compl\u00e9mentaires<\/strong><\/h2>\n\n<p>\ud83d\udd52 <strong>D\u00e9part <\/strong>: \u00c0 partir de 15h00<br\/>\ud83d\udd63 <strong>Retour <\/strong>: Selon les activit\u00e9s choisies<br\/>\ud83d\ude97 <strong>Transport <\/strong>: V\u00e9hicule priv\u00e9 (inclus)<br\/>\ud83e\udd58 <strong>D\u00eener <\/strong>: Obligatoire \u2013 20 \u20ac par personne<br\/>\ud83d\udc2a <strong>Balade \u00e0 dos de chameau<\/strong> : Facultatif \u2013 20 \u20ac par personne<br\/>\ud83c\udfcd\ufe0f B<strong>alade en quad<\/strong> : Facultatif \u2013 30 \u20ac par personne<br\/>\ud83d\udcf7 Pr\u00e9voyez un appareil photo pour les photos prises \u00e0 l&rsquo;heure dor\u00e9e !<br\/>\ud83e\udde5 Veste l\u00e9g\u00e8re recommand\u00e9e (les soir\u00e9es peuvent \u00eatre fra\u00eeches)<\/p>\n\n<hr class=\"wp-block-separator has-alpha-channel-opacity\"\/>\n\n<h2 class=\"wp-block-heading has-luminous-vivid-orange-color has-text-color has-link-color wp-elements-7493d2a3ab0a4852f0278d78ea92ae74\"><strong>Questions fr\u00e9quemment pos\u00e9es<\/strong><\/h2>\n<div id=\"rank-math-faq\" class=\"rank-math-block\">\n<div class=\"rank-math-list \">\n<div id=\"faq-question-1754486712336\" class=\"rank-math-list-item\">\n<h3 class=\"rank-math-question \"><strong>Puis-je r\u00e9server uniquement le d\u00eener et le spectacle ?<\/strong><\/h3>\n<div class=\"rank-math-answer \">\n\n<p>Oui ! Vous pouvez r\u00e9server uniquement le d\u00eener-spectacle sans balade \u00e0 dos de chameau ou en quad. <\/p>\n\n<\/div>\n<\/div>\n<div id=\"faq-question-1754486725993\" class=\"rank-math-list-item\">\n<h3 class=\"rank-math-question \"><strong>Puis-je faire des balades \u00e0 dos de chameau et en quad ?<\/strong><\/h3>\n<div class=\"rank-math-answer \">\n\n<p>Absolument. Vous pouvez ajouter les deux \u00e0 votre r\u00e9servation pour une aventure compl\u00e8te. <\/p>\n\n<\/div>\n<\/div>\n<div id=\"faq-question-1754487277441\" class=\"rank-math-list-item\">\n<h3 class=\"rank-math-question \"><strong>Est-ce adapt\u00e9 aux enfants?<\/strong><\/h3>\n<div class=\"rank-math-answer \">\n\n<p>Oui, l&rsquo;exp\u00e9rience est familiale et les enfants peuvent profiter \u00e0 la fois des man\u00e8ges et du spectacle.<\/p>\n\n<\/div>\n<\/div>\n<div id=\"faq-question-1754487520360\" class=\"rank-math-list-item\">\n<h3 class=\"rank-math-question \"><strong>Le d\u00eener est-il inclus ?<\/strong><\/h3>\n<div class=\"rank-math-answer \">\n\n<p>Oui, le d\u00eener est <strong>obligatoire <\/strong>et comprend un repas marocain traditionnel de 3 plats.<\/p>\n\n<\/div>\n<\/div>\n<div id=\"faq-question-1754487533639\" class=\"rank-math-list-item\">\n<h3 class=\"rank-math-question \"><strong>De quel genre de camp s&rsquo;agit-il ?<\/strong><\/h3>\n<div class=\"rank-math-answer \">\n\n<p>Un <strong>camp nomade non luxueux<\/strong> \u2014 authentique et simple, mais confortable avec une ambiance anim\u00e9e et une excellente cuisine.<\/p>\n\n<\/div>\n<\/div>\n<div id=\"faq-question-1754487563293\" class=\"rank-math-list-item\">\n<h3 class=\"rank-math-question \"><strong>Le transport est-il priv\u00e9 ?<\/strong><\/h3>\n<div class=\"rank-math-answer \">\n\n<p>Oui. Tous les transports sont priv\u00e9s et aller-retour depuis Marrakech. <\/p>\n\n<\/div>\n<\/div>\n<div id=\"faq-question-1754487573599\" class=\"rank-math-list-item\">\n<h3 class=\"rank-math-question \"><strong>A quelle heure retournons-nous \u00e0 Marrakech ?<\/strong><\/h3>\n<div class=\"rank-math-answer \">\n\n<p>L&rsquo;heure de retour d\u00e9pend des activit\u00e9s choisies. La plupart des participants sont de retour entre 21h30 et 23h00. <\/p>\n\n<\/div>\n<\/div>\n<\/div>\n<\/div>","protected":false},"excerpt":{"rendered":"<p>Personnalisez votre soir\u00e9e \u00e0 Agafay ! Choisissez une balade \u00e0 dos de chameau ou en quad (ou les deux), suivie d&rsquo;un d\u00e9licieux d\u00eener marocain et d&rsquo;un spectacle dans un camp nomade chaleureux. Transfert priv\u00e9 inclus.  <\/p>\n","protected":false},"featured_media":31985,"comment_status":"open","ping_status":"closed","template":"","meta":{"inline_featured_image":false,"_monsterinsights_skip_tracking":false,"_monsterinsights_sitenote_active":false,"_monsterinsights_sitenote_note":"","_monsterinsights_sitenote_category":0},"product_brand":[],"product_cat":[94,101],"product_tag":[],"class_list":{"0":"post-32018","1":"product","2":"type-product","3":"status-publish","4":"has-post-thumbnail","6":"product_cat-agafay-activites-desert","7":"product_cat-activites-marrakech","9":"first","10":"instock","11":"virtual","12":"sold-individually","13":"purchasable","14":"product-type-booking"},"booking_location":"","booking_location_type":"","booking_duration":1,"booking_duration_unit":"day","booking_buffer":0,"booking_cost":69,"booking_resources":[],"exclude_global_add_ons":false,"addons":[{"name":"Activit\u00e9s","type":"heading","position":0,"required":false,"title_format":"label","default":"","description_enable":false,"description":null,"placeholder_enable":false,"placeholder":null,"display":"select","restrictions_type":"any_text","adjust_price":false,"price":"","price_type":"flat_fee","restrictions":false,"min":"0","max":"0","options":[],"id":1754496185},{"name":"D\u00eener Spectacle (+20\u20ac\/Pers)","type":"checkbox","position":1,"required":true,"title_format":"hide","default":"","description_enable":false,"description":null,"placeholder_enable":false,"placeholder":null,"display":"select","restrictions_type":"any_text","adjust_price":false,"price":"","price_type":"flat_fee","restrictions":false,"min":"0","max":"0","options":[{"label":"D\u00eener (+20\u20ac\/Pers)","price":"20","price_type":"quantity_based","image":0,"visibility":true}],"id":1754496184},{"name":"Balade \u00e0 dos de chameau","type":"checkbox","position":2,"required":false,"title_format":"hide","default":"","description_enable":false,"description":null,"placeholder_enable":false,"placeholder":null,"display":"select","restrictions_type":"any_text","adjust_price":false,"price":"","price_type":"flat_fee","restrictions":false,"min":"0","max":"0","options":[{"label":"Balade \u00e0 dos de chameau (+20\u20ac\/Pers)","price":"20","price_type":"quantity_based","image":0,"visibility":true}],"id":1754496182},{"name":"Balade en Quad","type":"checkbox","position":3,"required":false,"title_format":"hide","default":"","description_enable":false,"description":null,"placeholder_enable":false,"placeholder":null,"display":"select","restrictions_type":"any_text","adjust_price":false,"price":"","price_type":"flat_fee","restrictions":false,"min":"0","max":"0","options":[{"label":"Balade en Quad (+30\u20ac\/Pers)","price":"30","price_type":"quantity_based","image":0,"visibility":true}],"id":1754496183}],"_links":{"self":[{"href":"https:\/\/www.marrakechtaxi.com\/fr\/wp-json\/wp\/v2\/product\/32018","targetHints":{"allow":["GET"]}}],"collection":[{"href":"https:\/\/www.marrakechtaxi.com\/fr\/wp-json\/wp\/v2\/product"}],"about":[{"href":"https:\/\/www.marrakechtaxi.com\/fr\/wp-json\/wp\/v2\/types\/product"}],"replies":[{"embeddable":true,"href":"https:\/\/www.marrakechtaxi.com\/fr\/wp-json\/wp\/v2\/comments?post=32018"}],"wp:featuredmedia":[{"embeddable":true,"href":"https:\/\/www.marrakechtaxi.com\/fr\/wp-json\/wp\/v2\/media\/31985"}],"wp:attachment":[{"href":"https:\/\/www.marrakechtaxi.com\/fr\/wp-json\/wp\/v2\/media?parent=32018"}],"wp:term":[{"taxonomy":"product_brand","embeddable":true,"href":"https:\/\/www.marrakechtaxi.com\/fr\/wp-json\/wp\/v2\/product_brand?post=32018"},{"taxonomy":"product_cat","embeddable":true,"href":"https:\/\/www.marrakechtaxi.com\/fr\/wp-json\/wp\/v2\/product_cat?post=32018"},{"taxonomy":"product_tag","embeddable":true,"href":"https:\/\/www.marrakechtaxi.com\/fr\/wp-json\/wp\/v2\/product_tag?post=32018"}],"curies":[{"name":"wp","href":"https:\/\/api.w.org\/{rel}","templated":true}]}}