{"id":31981,"date":"2025-08-06T09:10:41","date_gmt":"2025-08-06T08:10:41","guid":{"rendered":"https:\/\/www.marrakechtaxi.com\/balade-chameau-quad-agafay-marrakech\/"},"modified":"2025-10-15T16:03:57","modified_gmt":"2025-10-15T15:03:57","slug":"balade-chameau-quad-agafay-marrakech","status":"publish","type":"product","link":"https:\/\/www.marrakechtaxi.com\/fr\/balade-chameau-quad-agafay-marrakech\/","title":{"rendered":"Balade \u00e0 dos de chameau ou aventure en quad \u00e0 Agafay \u2013 D\u00e9part flexible"},"content":{"rendered":"\n<h2 class=\"wp-block-heading has-luminous-vivid-orange-color has-text-color has-link-color wp-elements-1c397a63bdf6b9f2ef51b98818e7045d\"><strong>\ud83c\udf04 Aper\u00e7u de l&rsquo;exp\u00e9rience<\/strong><\/h2>\n\n<p>Aventurez-vous dans le serein d\u00e9sert d&rsquo;Agafay \u00e0 seulement 40 minutes de Marrakech et choisissez votre activit\u00e9 pr\u00e9f\u00e9r\u00e9e : une paisible randonn\u00e9e \u00e0 dos de chameau habill\u00e9 en tenue nomade ou une s\u00e9ance de quad pleine d&rsquo;adr\u00e9naline \u00e0 travers les dunes rocheuses.<\/p>\n\n<p>Avec un d\u00e9part flexible \u00e0 10 h, cette aventure d&rsquo;une demi-journ\u00e9e est id\u00e9ale pour ceux qui souhaitent explorer le d\u00e9sert sans s&rsquo;engager dans un programme complet en soir\u00e9e. Id\u00e9ale pour les amis, les couples ou les familles en qu\u00eate d&rsquo;une escapade active dans le d\u00e9sert. <\/p>\n\n<h2 class=\"wp-block-heading has-luminous-vivid-orange-color has-text-color has-link-color wp-elements-77a72955fa208665fd6f07e2be0f2e45\"><strong>\u2705 Ce qui est inclus<\/strong><\/h2>\n\n<ul class=\"wp-block-list\">\n<li>Transferts priv\u00e9s depuis\/vers votre h\u00e9bergement \u00e0 Marrakech<\/li>\n\n\n\n<li>Choix de <strong>balade \u00e0 dos de chameau<\/strong> <em>(~45 minutes)<\/em> ou de <strong>balade en quad<\/strong> <em>(~1 heure)<\/em><\/li>\n\n\n\n<li>V\u00eatements nomades traditionnels pour balade \u00e0 dos de chameau (facultatif)<\/li>\n\n\n\n<li>\u00c9quipe de soutien locale sympathique<\/li>\n<\/ul>\n\n<h2 class=\"wp-block-heading has-luminous-vivid-orange-color has-text-color has-link-color wp-elements-4731b2ff52ccfabfe7e045851ed439da\"><strong>\u274c Non inclus<\/strong><\/h2>\n\n<ul class=\"wp-block-list\">\n<li>Repas ou d\u00eener<\/li>\n\n\n\n<li>Acc\u00e8s au camp de luxe<\/li>\n\n\n\n<li>Divertissements ou spectacles<\/li>\n\n\n\n<li>Assurance voyage<\/li>\n<\/ul>\n\n<h2 class=\"wp-block-heading has-luminous-vivid-orange-color has-text-color has-link-color wp-elements-436067df467f31fcc642f9f3959da924\"><strong>\ud83d\udccd Informations sur le ramassage<\/strong><\/h2>\n\n<ul class=\"wp-block-list\">\n<li>Prise en charge \u00e0 votre h\u00f4tel, riad ou point de rendez-vous accessible \u00e0 Marrakech<\/li>\n\n\n\n<li>D\u00e9part flexible : <strong>disponible \u00e0 tout moment de 10h \u00e0 16h<\/strong><\/li>\n\n\n\n<li>Heure de retour : d\u00e9pend de la dur\u00e9e de l&rsquo;exp\u00e9rience<\/li>\n<\/ul>\n\n<h2 class=\"wp-block-heading has-luminous-vivid-orange-color has-text-color has-link-color wp-elements-bba76f0d5295d2ef8ee84f857ecd4305\"><strong>\ud83d\udcc5 Informations de r\u00e9servation<\/strong><\/h2>\n\n<ul class=\"wp-block-list\">\n<li>Disponibilit\u00e9 quotidienne<\/li>\n\n\n\n<li>Dur\u00e9e : environ 3 \u00e0 4 heures<\/li>\n\n\n\n<li>R\u00e9servation \u00e0 l&rsquo;avance requise<\/li>\n\n\n\n<li>Annulation gratuite jusqu&rsquo;\u00e0 24 heures avant le d\u00e9part<\/li>\n<\/ul>\n\n<hr class=\"wp-block-separator has-alpha-channel-opacity\"\/>\n\n<h2 class=\"wp-block-heading has-luminous-vivid-orange-color has-text-color has-link-color wp-elements-7493d2a3ab0a4852f0278d78ea92ae74\"><strong>Questions fr\u00e9quemment pos\u00e9es<\/strong><\/h2>\n<div id=\"rank-math-faq\" class=\"rank-math-block\">\n<div class=\"rank-math-list \">\n<div id=\"faq-question-1754464980920\" class=\"rank-math-list-item\">\n<h3 class=\"rank-math-question \"><strong>Le d\u00e9sert d&rsquo;Agafay vaut-il la peine d&rsquo;\u00eatre visit\u00e9 pour une excursion d&rsquo;une journ\u00e9e ?<\/strong><\/h3>\n<div class=\"rank-math-answer \">\n\n<p>Oui ! Le d\u00e9sert d&rsquo;Agafay offre un paysage unique, des balades \u00e0 dos de chameau et des aventures en quad : parfait pour une escapade rapide depuis Marrakech. <\/p>\n\n<\/div>\n<\/div>\n<div id=\"faq-question-1754464997547\" class=\"rank-math-list-item\">\n<h3 class=\"rank-math-question \"><strong>Puis-je choisir entre une balade \u00e0 dos de chameau et une balade en quad ?<\/strong><\/h3>\n<div class=\"rank-math-answer \">\n\n<p>Absolument. Vous pouvez choisir l&rsquo;une ou l&rsquo;autre exp\u00e9rience, ou m\u00eame combiner les deux pour une aventure dans le d\u00e9sert plus compl\u00e8te. <\/p>\n\n<\/div>\n<\/div>\n<div id=\"faq-question-1754465009900\" class=\"rank-math-list-item\">\n<h3 class=\"rank-math-question \"><strong>Que dois-je porter pour cette exp\u00e9rience ?<\/strong><\/h3>\n<div class=\"rank-math-answer \">\n\n<p>Pr\u00e9voyez des v\u00eatements confortables, des chaussures ferm\u00e9es, des lunettes de soleil et de la cr\u00e8me solaire. Une tenue traditionnelle est fournie pour la balade \u00e0 dos de chameau. <\/p>\n\n<\/div>\n<\/div>\n<div id=\"faq-question-1754465021084\" class=\"rank-math-list-item\">\n<h3 class=\"rank-math-question \"><strong>\u00c0 quelle distance se trouve le d\u00e9sert d&rsquo;Agafay de Marrakech ?<\/strong><\/h3>\n<div class=\"rank-math-answer \">\n\n<p>\u00c0 environ 40 \u00e0 45 minutes en voiture, ce qui le rend id\u00e9al pour des excursions d&rsquo;une demi-journ\u00e9e ou d&rsquo;une journ\u00e9e compl\u00e8te.<\/p>\n\n<\/div>\n<\/div>\n<div id=\"faq-question-1754465037618\" class=\"rank-math-list-item\">\n<h3 class=\"rank-math-question \"><strong>Les enfants peuvent-ils participer \u00e0 l\u2019exp\u00e9rience ?<\/strong><\/h3>\n<div class=\"rank-math-answer \">\n\n<p>Oui, les enfants sont les bienvenus pour la balade \u00e0 dos de chameau. Pour les quads, des restrictions d&rsquo;\u00e2ge minimum peuvent s&rsquo;appliquer. <\/p>\n\n<\/div>\n<\/div>\n<\/div>\n<\/div>","protected":false},"excerpt":{"rendered":"<p data-start=\"151\" data-end=\"358\">Profitez d&rsquo;une escapade palpitante en journ\u00e9e au d\u00e9part de Marrakech avec une balade \u00e0 dos de chameau ou en quad dans le magnifique d\u00e9sert d&rsquo;Agafay. D\u00e9part \u00e0 partir de 10 h ; d\u00eener non inclus. <\/p>\n","protected":false},"featured_media":25665,"comment_status":"open","ping_status":"closed","template":"","meta":{"inline_featured_image":false,"_monsterinsights_skip_tracking":false,"_monsterinsights_sitenote_active":false,"_monsterinsights_sitenote_note":"","_monsterinsights_sitenote_category":0},"product_brand":[],"product_cat":[94,101],"product_tag":[],"class_list":{"0":"post-31981","1":"product","2":"type-product","3":"status-publish","4":"has-post-thumbnail","6":"product_cat-agafay-activites-desert","7":"product_cat-activites-marrakech","9":"first","10":"instock","11":"virtual","12":"sold-individually","13":"purchasable","14":"product-type-booking"},"booking_location":"","booking_location_type":"","booking_duration":1,"booking_duration_unit":"hour","booking_buffer":0,"booking_cost":69,"booking_resources":[],"exclude_global_add_ons":false,"addons":[{"name":"Activit\u00e9s","type":"checkbox","position":0,"required":true,"title_format":"heading","default":"","description_enable":false,"description":null,"placeholder_enable":false,"placeholder":null,"display":"select","restrictions_type":"any_text","adjust_price":false,"price":"","price_type":"flat_fee","restrictions":false,"min":"0","max":"0","options":[{"label":"Balade \u00e0 dos de chameau (+20\u20ac\/Pers)","price":"20","price_type":"quantity_based","image":0,"visibility":true},{"label":"Quad (+30\u20ac\/Pers)","price":"30","price_type":"quantity_based","image":0,"visibility":true}],"id":1754471447}],"_links":{"self":[{"href":"https:\/\/www.marrakechtaxi.com\/fr\/wp-json\/wp\/v2\/product\/31981","targetHints":{"allow":["GET"]}}],"collection":[{"href":"https:\/\/www.marrakechtaxi.com\/fr\/wp-json\/wp\/v2\/product"}],"about":[{"href":"https:\/\/www.marrakechtaxi.com\/fr\/wp-json\/wp\/v2\/types\/product"}],"replies":[{"embeddable":true,"href":"https:\/\/www.marrakechtaxi.com\/fr\/wp-json\/wp\/v2\/comments?post=31981"}],"wp:featuredmedia":[{"embeddable":true,"href":"https:\/\/www.marrakechtaxi.com\/fr\/wp-json\/wp\/v2\/media\/25665"}],"wp:attachment":[{"href":"https:\/\/www.marrakechtaxi.com\/fr\/wp-json\/wp\/v2\/media?parent=31981"}],"wp:term":[{"taxonomy":"product_brand","embeddable":true,"href":"https:\/\/www.marrakechtaxi.com\/fr\/wp-json\/wp\/v2\/product_brand?post=31981"},{"taxonomy":"product_cat","embeddable":true,"href":"https:\/\/www.marrakechtaxi.com\/fr\/wp-json\/wp\/v2\/product_cat?post=31981"},{"taxonomy":"product_tag","embeddable":true,"href":"https:\/\/www.marrakechtaxi.com\/fr\/wp-json\/wp\/v2\/product_tag?post=31981"}],"curies":[{"name":"wp","href":"https:\/\/api.w.org\/{rel}","templated":true}]}}