{"id":31869,"date":"2025-07-24T17:54:03","date_gmt":"2025-07-24T16:54:03","guid":{"rendered":"https:\/\/www.marrakechtaxi.com\/jardin-majorelle-musee-transfert-prive\/"},"modified":"2026-01-05T18:59:24","modified_gmt":"2026-01-05T17:59:24","slug":"billets-jardin-majorelle-musee-berbere-transfert","status":"publish","type":"product","link":"https:\/\/www.marrakechtaxi.com\/fr\/billets-jardin-majorelle-musee-berbere-transfert\/","title":{"rendered":"Billets Jardin Majorelle + Mus\u00e9e avec transfert priv\u00e9"},"content":{"rendered":"\n<h3 class=\"wp-block-heading\">D\u00e9couvrez deux joyaux culturels de Marrakech en une seule visite, en toute s\u00e9r\u00e9nit\u00e9. Ce forfait comprend les <strong>transferts priv\u00e9s<\/strong> depuis votre h\u00f4tel ou h\u00e9bergement jusqu&rsquo;au <strong>Jardin Majorelle<\/strong>, avec <strong>entr\u00e9e aux jardins<\/strong> et au <strong>Mus\u00e9e des Arts Berb\u00e8res Pierre Berg\u00e9<\/strong>. <\/h3>\n\n<p>Pas besoin de faire la queue ou de vous soucier du transport \u2013 nous nous occupons de tout pour que vous puissiez profiter des jardins dynamiques et du fascinant patrimoine berb\u00e8re.<\/p>\n\n<h2 class=\"wp-block-heading has-luminous-vivid-orange-color has-text-color has-link-color wp-elements-a34b03613fb65ccbf28507c219412a58\"><strong>\u2705 Ce qui est inclus :<\/strong><\/h2>\n\n<ul class=\"wp-block-list\">\n<li><strong>Transport priv\u00e9<\/strong> aller-retour depuis votre h\u00f4tel, riad ou h\u00e9bergement (1 \u00e0 7 ou 8 \u00e0 17 personnes)<\/li>\n\n\n\n<li>Billets d\u2019entr\u00e9e au <strong>Jardin Majorelle<\/strong><\/li>\n\n\n\n<li>Entr\u00e9e au <strong>Mus\u00e9e des Arts Berb\u00e8res Pierre Berg\u00e9<\/strong><\/li>\n\n\n\n<li>Chauffeur professionnel et ponctuel<\/li>\n\n\n\n<li>Horaires de ramassage flexibles en fonction des disponibilit\u00e9s<\/li>\n<\/ul>\n\n<h2 class=\"wp-block-heading has-luminous-vivid-orange-color has-text-color has-link-color wp-elements-4003531db3d6f61b84c9d6788a2c172a\"><strong>\u274c Non inclus :<\/strong><\/h2>\n\n<ul class=\"wp-block-list\">\n<li>d\u00e9penses personnelles<\/li>\n\n\n\n<li>Nourriture ou boissons<\/li>\n\n\n\n<li>Conseils au conducteur<\/li>\n<\/ul>\n\n<h2 class=\"wp-block-heading has-luminous-vivid-orange-color has-text-color has-link-color wp-elements-f992301945d2060155640562a4b46510\"><strong>\ud83d\udccd Informations sur le ramassage :<\/strong><\/h2>\n\n<p>La prise en charge depuis votre <strong>h\u00e9bergement \u00e0 Marrakech (ville uniquement)<\/strong> est incluse.<br\/>\ud83d\udd14 <em>Si vous s\u00e9journez en dehors de Marrakech, veuillez nous contacter avant de r\u00e9server pour confirmer la disponibilit\u00e9 et les frais suppl\u00e9mentaires.<\/em><\/p>\n\n<h2 class=\"wp-block-heading has-luminous-vivid-orange-color has-text-color has-link-color wp-elements-05f1b035ba6c4f9eab635fcb6a3d8ccf\"><strong>\ud83d\udcc5 Informations de r\u00e9servation :<\/strong><\/h2>\n\n<ul class=\"wp-block-list\">\n<li>Exp\u00e9rience disponible <strong>quotidiennement<\/strong><\/li>\n\n\n\n<li>Un <strong>acompte de 20\u20ac <\/strong>est demand\u00e9 pour confirmer la r\u00e9servation (via PayPal).<\/li>\n\n\n\n<li>Le solde restant est pay\u00e9 en esp\u00e8ces ou par carte le jour de la visite.<\/li>\n\n\n\n<li>Les billets sont r\u00e9serv\u00e9s \u00e0 l&rsquo;avance en fonction de votre horaire pr\u00e9f\u00e9r\u00e9.<\/li>\n<\/ul>\n\n<h2 class=\"wp-block-heading has-luminous-vivid-orange-color has-text-color has-link-color wp-elements-2a1d556f20d879bc82af24d3c3402260\"><strong>\u26a0\ufe0f Note importante sur la disponibilit\u00e9 des billets<\/strong><\/h2>\n\n<p>Les billets pour le Jardin Majorelle et le Mus\u00e9e sont limit\u00e9s. En cas d&rsquo;indisponibilit\u00e9 \u00e0 la date souhait\u00e9e, la <strong>r\u00e9servation sera annul\u00e9e<\/strong> et votre <strong>acompte int\u00e9gralement rembours\u00e9<\/strong>. <\/p>\n\n<p>Nous vous recommandons de r\u00e9server le plus t\u00f4t possible pour garantir votre visite.<\/p>\n\n<hr class=\"wp-block-separator has-alpha-channel-opacity\"\/>\n\n<h2 class=\"wp-block-heading has-luminous-vivid-orange-color has-text-color has-link-color wp-elements-7493d2a3ab0a4852f0278d78ea92ae74\"><strong>Questions fr\u00e9quemment pos\u00e9es<\/strong><\/h2>\n<div id=\"rank-math-faq\" class=\"rank-math-block\">\n<div class=\"rank-math-list \">\n<div id=\"faq-question-1753376412514\" class=\"rank-math-list-item\">\n<h3 class=\"rank-math-question \"><strong>Cette visite est-elle disponible tous les jours ?<\/strong><\/h3>\n<div class=\"rank-math-answer \">\n\n<p>Oui, mais sous r\u00e9serve de disponibilit\u00e9. Nous vous recommandons de r\u00e9server au moins 48 heures \u00e0 l&rsquo;avance. <\/p>\n\n<\/div>\n<\/div>\n<div id=\"faq-question-1753376420247\" class=\"rank-math-list-item\">\n<h3 class=\"rank-math-question \"><strong>Puis-je annuler si mes plans changent ?<\/strong><\/h3>\n<div class=\"rank-math-answer \">\n\n<p>Oui. En cas d&rsquo;annulation 24h \u00e0 l&rsquo;avance, votre acompte vous sera rembours\u00e9. <\/p>\n\n<\/div>\n<\/div>\n<div id=\"faq-question-1753376443802\" class=\"rank-math-list-item\">\n<h3 class=\"rank-math-question \"><strong>Combien de temps dure la visite compl\u00e8te ?<\/strong><\/h3>\n<div class=\"rank-math-answer \">\n\n<p>Pr\u00e9voyez environ 2 \u00e0 2,5 heures pour l&rsquo;exp\u00e9rience compl\u00e8te, transport compris.<\/p>\n\n<\/div>\n<\/div>\n<div id=\"faq-question-1753376449770\" class=\"rank-math-list-item\">\n<h3 class=\"rank-math-question \"><strong>Et si je s\u00e9journe en dehors de Marrakech ?<\/strong><\/h3>\n<div class=\"rank-math-answer \">\n\n<p>Veuillez nous contacter avant de r\u00e9server. Nous pouvons organiser un transport moyennant un suppl\u00e9ment. <\/p>\n\n<\/div>\n<\/div>\n<\/div>\n<\/div>","protected":false},"excerpt":{"rendered":"<p>Profitez d&rsquo;une visite relaxante au <strong>Jardin Majorelle<\/strong>, l&#8217;embl\u00e9matique de Marrakech, et explorez le <strong>Mus\u00e9e des Arts Berb\u00e8res Pierre Berg\u00e9<\/strong>. <strong>Transferts priv\u00e9s aller-retour<\/strong> depuis votre h\u00f4tel ou riad inclus. Sans stress et sans file d&rsquo;attente !  <\/p>\n","protected":false},"featured_media":31608,"comment_status":"open","ping_status":"closed","template":"","meta":{"inline_featured_image":false,"_monsterinsights_skip_tracking":false,"_monsterinsights_sitenote_active":false,"_monsterinsights_sitenote_note":"","_monsterinsights_sitenote_category":0},"product_brand":[],"product_cat":[101],"product_tag":[],"class_list":{"0":"post-31869","1":"product","2":"type-product","3":"status-publish","4":"has-post-thumbnail","6":"product_cat-activites-marrakech","8":"first","9":"instock","10":"virtual","11":"sold-individually","12":"purchasable","13":"product-type-booking"},"booking_location":"","booking_location_type":"","booking_duration":1,"booking_duration_unit":"hour","booking_buffer":0,"booking_cost":45,"booking_resources":[],"exclude_global_add_ons":false,"addons":[{"name":"Billets","type":"heading","position":0,"required":false,"title_format":"label","default":"","description_enable":false,"description":null,"placeholder_enable":false,"placeholder":null,"display":"select","restrictions_type":"any_text","adjust_price":false,"price":"","price_type":"flat_fee","restrictions":false,"min":"0","max":"0","options":[],"id":1754518553},{"name":"Adulte:","type":"input_multiplier","position":1,"required":true,"title_format":"label","default":"","description_enable":false,"description":null,"placeholder_enable":false,"placeholder":null,"display":"select","restrictions_type":"any_text","adjust_price":true,"price":"25","price_type":"quantity_based","restrictions":true,"min":"1","max":"0","options":[],"id":1754518554},{"name":"Enfants \u00e0 partir de 10 ans :","type":"input_multiplier","position":2,"required":false,"title_format":"label","default":"","description_enable":false,"description":null,"placeholder_enable":false,"placeholder":null,"display":"select","restrictions_type":"any_text","adjust_price":true,"price":"15","price_type":"quantity_based","restrictions":false,"min":"0","max":"0","options":[],"id":1754518555},{"name":"Enfants de moins de 10 ans","type":"input_multiplier","position":3,"required":false,"title_format":"label","default":"","description_enable":false,"description":null,"placeholder_enable":false,"placeholder":null,"display":"select","restrictions_type":"any_text","adjust_price":true,"price":"","price_type":"quantity_based","restrictions":false,"min":"0","max":"0","options":[],"id":1754518556}],"_links":{"self":[{"href":"https:\/\/www.marrakechtaxi.com\/fr\/wp-json\/wp\/v2\/product\/31869","targetHints":{"allow":["GET"]}}],"collection":[{"href":"https:\/\/www.marrakechtaxi.com\/fr\/wp-json\/wp\/v2\/product"}],"about":[{"href":"https:\/\/www.marrakechtaxi.com\/fr\/wp-json\/wp\/v2\/types\/product"}],"replies":[{"embeddable":true,"href":"https:\/\/www.marrakechtaxi.com\/fr\/wp-json\/wp\/v2\/comments?post=31869"}],"wp:featuredmedia":[{"embeddable":true,"href":"https:\/\/www.marrakechtaxi.com\/fr\/wp-json\/wp\/v2\/media\/31608"}],"wp:attachment":[{"href":"https:\/\/www.marrakechtaxi.com\/fr\/wp-json\/wp\/v2\/media?parent=31869"}],"wp:term":[{"taxonomy":"product_brand","embeddable":true,"href":"https:\/\/www.marrakechtaxi.com\/fr\/wp-json\/wp\/v2\/product_brand?post=31869"},{"taxonomy":"product_cat","embeddable":true,"href":"https:\/\/www.marrakechtaxi.com\/fr\/wp-json\/wp\/v2\/product_cat?post=31869"},{"taxonomy":"product_tag","embeddable":true,"href":"https:\/\/www.marrakechtaxi.com\/fr\/wp-json\/wp\/v2\/product_tag?post=31869"}],"curies":[{"name":"wp","href":"https:\/\/api.w.org\/{rel}","templated":true}]}}