{"id":31703,"date":"2025-07-25T16:10:17","date_gmt":"2025-07-25T15:10:17","guid":{"rendered":"https:\/\/www.marrakechtaxi.com\/circuit-desert-sahara-3-jours-marrakech-merzouga\/"},"modified":"2025-08-20T16:16:29","modified_gmt":"2025-08-20T15:16:29","slug":"circuit-desert-prive-3-jours-marrakech-merzouga","status":"publish","type":"product","link":"https:\/\/www.marrakechtaxi.com\/fr\/circuit-desert-prive-3-jours-marrakech-merzouga\/","title":{"rendered":"Circuit priv\u00e9 3 jours dans le d\u00e9sert du Sahara de Marrakech \u00e0 Merzouga"},"content":{"rendered":"\n<p><strong>Pr\u00eat pour une v\u00e9ritable exp\u00e9rience du Sahara ?<\/strong><\/p>\n\n<p>Cette aventure de 3 jours vous emm\u00e8ne de Marrakech aux majestueuses dunes de Merzouga, en passant par les montagnes du Haut Atlas, d&rsquo;anciennes kasbahs, des vall\u00e9es remplies de palmiers et des canyons spectaculaires.<\/p>\n\n<p>Vous explorerez des sites embl\u00e9matiques comme <strong>A\u00eft-ben-Haddou<\/strong>, la <strong>vall\u00e9e du Dad\u00e8s<\/strong> et les magnifiques <strong>gorges du Todra<\/strong>. Puis, au coucher du soleil, vous traverserez \u00e0 dos de chameau les dunes dor\u00e9es de <strong>Merzouga<\/strong>, une partie du magnifique <strong>d\u00e9sert de l&rsquo;Erg Chebbi<\/strong>. Votre journ\u00e9e se terminera par une nuit magique sous les \u00e9toiles dans un campement berb\u00e8re traditionnel, d\u00eener et musique inclus.  <\/p>\n\n<p>Ce circuit est id\u00e9al pour ceux qui souhaitent explorer le vrai Maroc en seulement 3 jours avec un confort priv\u00e9 et le charme authentique du d\u00e9sert.<\/p>\n\n<h2 class=\"wp-block-heading has-luminous-vivid-orange-color has-text-color has-link-color wp-elements-a453943f65ab9dbc3e9be42aadb56e5b\"><strong>Itin\u00e9raire<\/strong><\/h2>\n\n<p><strong>Jour 1 : Marrakech \u2013 Ait Benhaddou \u2013 Ouarzazate \u2013 Vall\u00e9e du Dad\u00e8s<\/strong><\/p>\n\n<ul class=\"wp-block-list\">\n<li>Route panoramique \u00e0 travers le Haut Atlas et le col du Tizi n&rsquo;Tichka<\/li>\n\n\n\n<li>Visitez Ait Benhaddou avec un guide local (site UNESCO)<\/li>\n\n\n\n<li>Arr\u00eat facultatif \u00e0 Ouarzazate pour la visite de l&rsquo;atelier<\/li>\n\n\n\n<li>Passer l&rsquo;oasis de Skoura &amp; Vall\u00e9e des Roses (Kelaa M&rsquo;Gouna)<\/li>\n\n\n\n<li>Nuit dans la vall\u00e9e du Dad\u00e8s (d\u00eener inclus)<\/li>\n<\/ul>\n\n<p><strong>Jour 2 : Dad\u00e8s \u2013 Gorges du Todra \u2013 Erfoud \u2013 Merzouga (Camp du Sahara)<\/strong><\/p>\n\n<ul class=\"wp-block-list\">\n<li>Arr\u00eat matinal aux imposantes gorges du Todra<\/li>\n\n\n\n<li>Arr\u00eat d\u00e9jeuner \u00e0 Tinjdad ou Touroug<\/li>\n\n\n\n<li>Continuer par Erfoud (capitale des fossiles)<\/li>\n\n\n\n<li>Arriv\u00e9e \u00e0 Merzouga et balade \u00e0 dos de chameau \u00e0 travers les dunes<\/li>\n\n\n\n<li>Regardez le coucher de soleil sur l&rsquo;Erg Chebbi<\/li>\n\n\n\n<li>D\u00eener et musique dans votre campement dans le d\u00e9sert du Sahara (tente priv\u00e9e)<\/li>\n<\/ul>\n\n<p><strong>Jour 3 : Merzouga \u2013 Vall\u00e9e des Roses \u2013 Marrakech<\/strong><\/p>\n\n<ul class=\"wp-block-list\">\n<li>Arriv\u00e9e dans la soir\u00e9e<\/li>\n\n\n\n<li>Lever de soleil sur les dunes<\/li>\n\n\n\n<li>Retour \u00e0 dos de chameau ou en 4&#215;4 au village de Merzouga<\/li>\n\n\n\n<li>Retour \u00e0 Marrakech par des routes panoramiques et d\u00e9jeuner \u00e0 Kelaa M&rsquo;Gouna<\/li>\n<\/ul>\n\n<h2 class=\"wp-block-heading has-luminous-vivid-orange-color has-text-color has-link-color wp-elements-912646f04b4ca1076c10b7d30983eba3\">\u2705 <strong>Points forts de la tourn\u00e9e<\/strong><\/h2>\n\n<p>\u2705 Travers\u00e9e du Haut Atlas via Tizi n\u2019Tichka<br\/>\u2705 Explorez A\u00eft-ben-Haddou avec un guide agr\u00e9\u00e9<br\/>\u2705 Promenade dans les gorges du Todra<br\/>\u2705 Balade \u00e0 dos de chameau dans les dunes de Merzouga<br\/>\u2705 Admirez le coucher de soleil sur l\u2019Erg Chebbi<br\/>\u2705 Dormez \u00e0 la belle \u00e9toile dans un bivouac dans le d\u00e9sert<br\/>\u2705 Profitez de la musique berb\u00e8re et d\u2019un d\u00eener traditionnel<br\/>\u2705 Transport priv\u00e9 avec chauffeur professionnel<\/p>\n\n<h2 class=\"wp-block-heading has-luminous-vivid-orange-color has-text-color has-link-color wp-elements-8586d211ddee2849e73c615210639bc6\"><strong>\u2705 Ce qui est inclus \/ non inclus<\/strong><\/h2>\n\n<h3 class=\"wp-block-heading\">\u2705 <strong>Inclus <\/strong>:<\/h3>\n\n<ul class=\"wp-block-list\">\n<li>Prise en charge et retour \u00e0 l&rsquo;h\u00f4tel \u00e0 Marrakech<\/li>\n\n\n\n<li>V\u00e9hicule priv\u00e9 climatis\u00e9 avec chauffeur<\/li>\n\n\n\n<li>2 nuits d&rsquo;h\u00e9bergement (1 \u00e0 Dad\u00e8s, 1 au camp de Merzouga)<\/li>\n\n\n\n<li>Balade \u00e0 dos de chameau vers\/depuis le camp du d\u00e9sert de Merzouga<\/li>\n\n\n\n<li>Petits d\u00e9jeuners et d\u00eeners<\/li>\n\n\n\n<li>Guide local \u00e0 A\u00eft Benhaddou<\/li>\n<\/ul>\n\n<h3 class=\"wp-block-heading\">\u26d4 <strong>Non inclus :<\/strong><\/h3>\n\n<ul class=\"wp-block-list\">\n<li>D\u00e9jeuners et boissons<\/li>\n\n\n\n<li>Frais d&rsquo;entr\u00e9e aux studios \u00e0 Ouarzazate (facultatif)<\/li>\n\n\n\n<li>Pourboires et d\u00e9penses personnelles<\/li>\n<\/ul>\n\n<h2 class=\"wp-block-heading has-luminous-vivid-orange-color has-text-color has-link-color wp-elements-385635ff35f158b1f64415dad64e1f9f\"><strong>\u2705 FAQ &#8211; Circuit de 3 jours dans le d\u00e9sert du Sahara<\/strong><\/h2>\n<div id=\"rank-math-faq\" class=\"rank-math-block\">\n<div class=\"rank-math-list \">\n<div id=\"faq-question-1749149442262\" class=\"rank-math-list-item\">\n<h3 class=\"rank-math-question \"><strong>Cette visite est-elle priv\u00e9e ou partag\u00e9e ?<\/strong><\/h3>\n<div class=\"rank-math-answer \">\n\n<p>Il s&rsquo;agit d&rsquo;une visite priv\u00e9e avec votre propre v\u00e9hicule et chauffeur. Aucun groupe n&rsquo;est partag\u00e9. <\/p>\n\n<\/div>\n<\/div>\n<div id=\"faq-question-1749149464343\" class=\"rank-math-list-item\">\n<h3 class=\"rank-math-question \"><strong>Les guides sont-ils inclus dans tous les lieux ?<\/strong><\/h3>\n<div class=\"rank-math-answer \">\n\n<p>Un guide local agr\u00e9\u00e9 est inclus \u00e0 A\u00eft-Ben-Haddou. Les autres arr\u00eats sont libres ou facultatifs. <\/p>\n\n<\/div>\n<\/div>\n<div id=\"faq-question-1749149490628\" class=\"rank-math-list-item\">\n<h3 class=\"rank-math-question \"><strong>Les frais d&rsquo;entr\u00e9e sont-ils inclus ?<\/strong><\/h3>\n<div class=\"rank-math-answer \">\n\n<p>Non, les frais d&rsquo;entr\u00e9e (par exemple, les studios \u00e0 Ouarzazate) ne sont pas inclus dans le prix de base.<\/p>\n\n<\/div>\n<\/div>\n<div id=\"faq-question-1749149505131\" class=\"rank-math-list-item\">\n<h3 class=\"rank-math-question \"><strong>Quelle est la distance entre Merzouga et Marrakech ?<\/strong><\/h3>\n<div class=\"rank-math-answer \">\n\n<p>Il faut compter environ 9 \u00e0 10 heures de route (r\u00e9parties sur 2 jours avec des arr\u00eats).<\/p>\n\n<\/div>\n<\/div>\n<div id=\"faq-question-1749153498059\" class=\"rank-math-list-item\">\n<h3 class=\"rank-math-question \"><strong>La balade \u00e0 dos de chameau est-elle incluse ?<\/strong><\/h3>\n<div class=\"rank-math-answer \">\n\n<p>Oui ! Une balade \u00e0 dos de chameau au coucher du soleil est incluse de Merzouga \u00e0 votre campement dans le d\u00e9sert et retour le lendemain matin. <\/p>\n\n<\/div>\n<\/div>\n<div id=\"faq-question-1749153540122\" class=\"rank-math-list-item\">\n<h3 class=\"rank-math-question \"><strong>Quel type d&rsquo;h\u00e9bergement est propos\u00e9 dans le d\u00e9sert ?<\/strong><\/h3>\n<div class=\"rank-math-answer \">\n\n<p>Vous dormirez dans une tente berb\u00e8re traditionnelle priv\u00e9e, dans un campement pr\u00e8s de Merzouga. D\u00eener, musique et ambiance chaleureuse sous les \u00e9toiles sont inclus. <\/p>\n\n<\/div>\n<\/div>\n<div id=\"faq-question-1749153581178\" class=\"rank-math-list-item\">\n<h3 class=\"rank-math-question \"><strong>Puis-je \u00e9viter la balade \u00e0 dos de chameau et y aller en 4&#215;4 ?<\/strong><\/h3>\n<div class=\"rank-math-answer \">\n\n<p>Oui, un transfert en 4&#215;4 peut \u00eatre organis\u00e9 \u00e0 la place des chameaux sur demande.<\/p>\n\n<\/div>\n<\/div>\n<div id=\"faq-question-1749153619618\" class=\"rank-math-list-item\">\n<h3 class=\"rank-math-question \"><strong>Y a-t-il des toilettes et des douches au camp ?<\/strong><\/h3>\n<div class=\"rank-math-answer \">\n\n<p>Oui. Nos camps disposent d&rsquo;installations partag\u00e9es ou priv\u00e9es, selon l&rsquo;option choisie. <\/p>\n\n<\/div>\n<\/div>\n<div id=\"faq-question-1749153640311\" class=\"rank-math-list-item\">\n<h3 class=\"rank-math-question \"><strong>Est-ce qu&rsquo;on visite l&rsquo;Erg Chebbi ?<\/strong><\/h3>\n<div class=\"rank-math-answer \">\n\n<p>Oui. Votre exp\u00e9rience dans le d\u00e9sert se d\u00e9roule pr\u00e8s de l&rsquo;Erg Chebbi, l&rsquo;un des champs de dunes les plus embl\u00e9matiques du Maroc. Vous le d\u00e9couvrirez lors de votre balade \u00e0 dos de chameau et depuis votre campement.  <\/p>\n\n<\/div>\n<\/div>\n<\/div>\n<\/div>","protected":false},"excerpt":{"rendered":"<p data-start=\"922\" data-end=\"1095\">Voyagez de Marrakech au Sahara en seulement 3 jours. Traversez les dunes de Merzouga \u00e0 dos de chameau, dormez dans un bivouac et explorez kasbahs, gorges et vall\u00e9es en chemin. <\/p>\n","protected":false},"featured_media":31669,"comment_status":"open","ping_status":"closed","template":"","meta":{"inline_featured_image":false,"_monsterinsights_skip_tracking":false,"_monsterinsights_sitenote_active":false,"_monsterinsights_sitenote_note":"","_monsterinsights_sitenote_category":0},"product_brand":[],"product_cat":[134,137,98],"product_tag":[],"class_list":{"0":"post-31703","1":"product","2":"type-product","3":"status-publish","4":"has-post-thumbnail","6":"product_cat-circuits-maroc","7":"product_cat-circuits-depuis-marrakech","8":"product_cat-circuits-desert-maroc","10":"first","11":"instock","12":"virtual","13":"sold-individually","14":"purchasable","15":"product-type-booking"},"booking_location":"","booking_location_type":"","booking_duration":1,"booking_duration_unit":"day","booking_buffer":0,"booking_cost":470,"booking_resources":[],"exclude_global_add_ons":[],"addons":[],"_links":{"self":[{"href":"https:\/\/www.marrakechtaxi.com\/fr\/wp-json\/wp\/v2\/product\/31703","targetHints":{"allow":["GET"]}}],"collection":[{"href":"https:\/\/www.marrakechtaxi.com\/fr\/wp-json\/wp\/v2\/product"}],"about":[{"href":"https:\/\/www.marrakechtaxi.com\/fr\/wp-json\/wp\/v2\/types\/product"}],"replies":[{"embeddable":true,"href":"https:\/\/www.marrakechtaxi.com\/fr\/wp-json\/wp\/v2\/comments?post=31703"}],"wp:featuredmedia":[{"embeddable":true,"href":"https:\/\/www.marrakechtaxi.com\/fr\/wp-json\/wp\/v2\/media\/31669"}],"wp:attachment":[{"href":"https:\/\/www.marrakechtaxi.com\/fr\/wp-json\/wp\/v2\/media?parent=31703"}],"wp:term":[{"taxonomy":"product_brand","embeddable":true,"href":"https:\/\/www.marrakechtaxi.com\/fr\/wp-json\/wp\/v2\/product_brand?post=31703"},{"taxonomy":"product_cat","embeddable":true,"href":"https:\/\/www.marrakechtaxi.com\/fr\/wp-json\/wp\/v2\/product_cat?post=31703"},{"taxonomy":"product_tag","embeddable":true,"href":"https:\/\/www.marrakechtaxi.com\/fr\/wp-json\/wp\/v2\/product_tag?post=31703"}],"curies":[{"name":"wp","href":"https:\/\/api.w.org\/{rel}","templated":true}]}}