{"id":31699,"date":"2025-07-25T18:32:51","date_gmt":"2025-07-25T17:32:51","guid":{"rendered":"https:\/\/www.marrakechtaxi.com\/circuit-4-jours-desert-marrakech-merzouga\/"},"modified":"2025-08-20T16:19:08","modified_gmt":"2025-08-20T15:19:08","slug":"circuit-4-jours-desert-marrakech-merzouga","status":"publish","type":"product","link":"https:\/\/www.marrakechtaxi.com\/fr\/circuit-4-jours-desert-marrakech-merzouga\/","title":{"rendered":"Circuit de 4 jours de Marrakech au d\u00e9sert de Merzouga"},"content":{"rendered":"\n<p>Embarquez pour un circuit priv\u00e9 inoubliable de 4 jours dans le d\u00e9sert, de Marrakech \u00e0 Merzouga. Traversez le Haut Atlas, explorez A\u00eft-ben-Haddou, class\u00e9 au patrimoine mondial de l&rsquo;UNESCO, dormez dans des h\u00f4tels de charme et d\u00e9couvrez la magie du Sahara lors d&rsquo;une balade \u00e0 dos de chameau dans les dunes dor\u00e9es de Merzouga. Ce circuit immersif est id\u00e9al pour les voyageurs en qu\u00eate de paysages et de culture authentiques du Maroc.  <\/p>\n\n<h2 class=\"wp-block-heading has-luminous-vivid-orange-color has-text-color has-link-color wp-elements-a453943f65ab9dbc3e9be42aadb56e5b\"><strong>Itin\u00e9raire<\/strong><\/h2>\n\n<h3 class=\"wp-block-heading\"><strong>\ud83d\uddd3 Jour 1 : Marrakech \u2013 Ait Benhaddou \u2013 Ouarzazate \u2013 Dad\u00e8s<\/strong><\/h3>\n\n<ul class=\"wp-block-list\">\n<li>D\u00e9part de Marrakech par le col de Tizi n&rsquo;Tichka<\/li>\n\n\n\n<li>Visitez Ait Benhaddou (guide local inclus)<\/li>\n\n\n\n<li>D\u00e9jeuner optionnel \u00e0 Ait Benhaddou (non inclus)<\/li>\n\n\n\n<li>Passer par Ouarzazate, Skoura et la Vall\u00e9e des Roses<\/li>\n\n\n\n<li>Arriv\u00e9e \u00e0 Boumalne Dad\u00e8s \u2013 Nuit \u00e0 l&rsquo;h\u00f4tel<\/li>\n<\/ul>\n\n<h3 class=\"wp-block-heading\"><strong>\ud83d\uddd3 Jour 2 : Dad\u00e8s \u2013 Tinghir \u2013 Gorges du Todra \u2013 Merzouga<\/strong><\/h3>\n\n<ul class=\"wp-block-list\">\n<li>Visitez Tinghir avec les arr\u00eats dans les magasins locaux de tapis et d&rsquo;argent<\/li>\n\n\n\n<li>D\u00e9couvrez les gorges du Todra<\/li>\n\n\n\n<li>Arr\u00eat d\u00e9jeuner \u00e0 Tinjdad ou Touroug (non inclus)<\/li>\n\n\n\n<li>Arr\u00eat facultatif \u00e0 Meelaab pour acheter une \u00e9charpe du d\u00e9sert<\/li>\n\n\n\n<li>Arriv\u00e9e \u00e0 Merzouga \u2013 Nuit \u00e0 l&rsquo;h\u00f4tel pr\u00e8s des dunes<\/li>\n<\/ul>\n\n<h3 class=\"wp-block-heading\"><strong>\ud83d\uddd3 Jour 3 : Merzouga \u2013 Erfoud \u2013 Nkob\/Agdez \u2013 Ouarzazate<\/strong><\/h3>\n\n<ul class=\"wp-block-list\">\n<li>Apr\u00e8s le petit d\u00e9jeuner, voyage \u00e0 travers Erfoud (capitale des fossiles et des dattes)<\/li>\n\n\n\n<li>Arr\u00eat \u00e0 Rissani, Alnif (pause caf\u00e9)<\/li>\n\n\n\n<li>D\u00e9jeuner \u00e0 Nkob ou Agdez (non inclus)<\/li>\n\n\n\n<li>Arriv\u00e9e \u00e0 Ouarzazate \u2013 Nuit \u00e0 l&rsquo;h\u00f4tel<\/li>\n<\/ul>\n\n<h3 class=\"wp-block-heading\"><strong>\ud83d\uddd3 Jour 4 : Ouarzazate \u2013 Visite de l\u2019atelier \u2013 Retour \u00e0 Marrakech<\/strong><\/h3>\n\n<ul class=\"wp-block-list\">\n<li>Visite facultative des studios de cin\u00e9ma \u00e0 Ouarzazate<\/li>\n\n\n\n<li>Retour \u00e0 Marrakech via le Haut Atlas<\/li>\n<\/ul>\n\n<h2 class=\"wp-block-heading has-luminous-vivid-orange-color has-text-color has-link-color wp-elements-912646f04b4ca1076c10b7d30983eba3\">\u2705 <strong>Points forts de la tourn\u00e9e<\/strong><\/h2>\n\n<p>\u2705 Travers\u00e9e du Haut Atlas via Tizi n\u2019Tichka<br\/>\u2705 Explorez A\u00eft-ben-Haddou avec un guide agr\u00e9\u00e9<br\/>\u2705 Promenade dans les gorges du Todra<br\/>\u2705 Balade \u00e0 dos de chameau dans les dunes de Merzouga<br\/>\u2705 Admirez le coucher de soleil sur l\u2019Erg Chebbi<br\/>\u2705 Dormez \u00e0 la belle \u00e9toile dans un bivouac dans le d\u00e9sert<br\/>\u2705 Profitez de la musique berb\u00e8re et d\u2019un d\u00eener traditionnel<br\/>\u2705 Transport priv\u00e9 avec chauffeur professionnel<\/p>\n\n<h2 class=\"wp-block-heading has-luminous-vivid-orange-color has-text-color has-link-color wp-elements-8586d211ddee2849e73c615210639bc6\"><strong>\u2705 Ce qui est inclus \/ non inclus<\/strong><\/h2>\n\n<h3 class=\"wp-block-heading\">\u2705 <strong>Inclus <\/strong>:<\/h3>\n\n<ul class=\"wp-block-list\">\n<li>V\u00e9hicule priv\u00e9 avec chauffeur anglophone<\/li>\n\n\n\n<li>3 nuits en h\u00f4tel ou maison d&rsquo;h\u00f4tes confortable (chambres priv\u00e9es avec salle de bain)<\/li>\n\n\n\n<li>Balade \u00e0 dos de chameau \u00e0 Merzouga au coucher du soleil<\/li>\n\n\n\n<li>Guide local \u00e0 Ait Benhaddou<\/li>\n\n\n\n<li>Prise en charge et retour \u00e0 votre h\u00e9bergement<\/li>\n\n\n\n<li>Carburant, frais de conducteur, frais d&rsquo;autoroute et de stationnement<\/li>\n<\/ul>\n\n<h3 class=\"wp-block-heading\">\u26d4 <strong>Non inclus :<\/strong><\/h3>\n\n<ul class=\"wp-block-list\">\n<li>D\u00e9jeuners<\/li>\n\n\n\n<li>Boissons<\/li>\n\n\n\n<li>d\u00e9penses personnelles<\/li>\n\n\n\n<li>Entr\u00e9e facultative aux studios \u00e0 Ouarzazate<\/li>\n\n\n\n<li>Pourboires pour le chauffeur et les guides locaux<\/li>\n<\/ul>\n\n<h2 class=\"wp-block-heading has-luminous-vivid-orange-color has-text-color has-link-color wp-elements-31a34f2181a682010303311098dff358\">\ud83d\udccd <strong>Informations sur le ramassage :<\/strong><\/h2>\n\n<p>Nous prenons en charge vos r\u00e9servations depuis n&rsquo;importe quel h\u00f4tel, riad ou h\u00e9bergement \u00e0 Marrakech. Pour les transferts hors des limites de la ville, veuillez nous contacter avant de r\u00e9server. <\/p>\n\n<h2 class=\"wp-block-heading has-luminous-vivid-orange-color has-text-color has-link-color wp-elements-fa154d7ca0b49378793beba6eb3a79a3\">\ud83d\udcc5<strong> Informations de r\u00e9servation :<\/strong><\/h2>\n\n<p>Pour confirmer votre r\u00e9servation, <strong>un acompte via PayPal est requis.<\/strong><br\/>Si vous r\u00e9servez via notre site web, le formulaire vous demandera directement l&rsquo;acompte.<br\/>Si vous r\u00e9servez via WhatsApp, nous vous enverrons les informations PayPal.<br\/><\/p>\n\n<hr class=\"wp-block-separator has-alpha-channel-opacity\"\/>\n\n<h2 class=\"wp-block-heading has-luminous-vivid-orange-color has-text-color has-link-color wp-elements-7493d2a3ab0a4852f0278d78ea92ae74\"><strong>Questions fr\u00e9quemment pos\u00e9es<\/strong><\/h2>\n<div id=\"rank-math-faq\" class=\"rank-math-block\">\n<div class=\"rank-math-list \">\n<div id=\"faq-question-1749149442262\" class=\"rank-math-list-item\">\n<h3 class=\"rank-math-question \"><strong>La balade \u00e0 dos de chameau \u00e0 Merzouga est-elle incluse ?<\/strong><\/h3>\n<div class=\"rank-math-answer \">\n\n<p>Oui ! Une balade \u00e0 dos de chameau au coucher du soleil dans les dunes de Merzouga (Erg Chebbi) est incluse par d\u00e9faut ; aucun surclassement n&rsquo;est n\u00e9cessaire. <\/p>\n\n<\/div>\n<\/div>\n<div id=\"faq-question-1749149464343\" class=\"rank-math-list-item\">\n<h3 class=\"rank-math-question \"><strong>Les d\u00e9jeuners ou les d\u00eeners sont-ils inclus ?<\/strong><\/h3>\n<div class=\"rank-math-answer \">\n\n<p>Les petits-d\u00e9jeuners et d\u00eeners sont inclus dans les h\u00f4tels. Les d\u00e9jeuners sont \u00e0 votre charge, vous laissant le choix libre. <\/p>\n\n<\/div>\n<\/div>\n<div id=\"faq-question-1749149490628\" class=\"rank-math-list-item\">\n<h3 class=\"rank-math-question \"><strong>Quel type d&rsquo;h\u00f4tels utilisez-vous ?<\/strong><\/h3>\n<div class=\"rank-math-answer \">\n\n<p>Nous proposons des h\u00e9bergements propres et bien not\u00e9s, avec salle de bain priv\u00e9e. N&rsquo;h\u00e9sitez pas \u00e0 nous contacter si vous pr\u00e9f\u00e9rez un h\u00e9bergement de luxe. <\/p>\n\n<\/div>\n<\/div>\n<div id=\"faq-question-1749149505131\" class=\"rank-math-list-item\">\n<h3 class=\"rank-math-question \"><strong>Puis-je personnaliser cette visite ?<\/strong><\/h3>\n<div class=\"rank-math-answer \">\n\n<p>Oui, cette visite peut \u00eatre adapt\u00e9e \u00e0 votre emploi du temps, \u00e0 la taille de votre groupe ou \u00e0 vos centres d&rsquo;int\u00e9r\u00eat. Contactez-nous pour un devis personnalis\u00e9. <\/p>\n\n<\/div>\n<\/div>\n<div id=\"faq-question-1749153498059\" class=\"rank-math-list-item\">\n<h3 class=\"rank-math-question \"><strong>Quelle est la distance entre Merzouga et Marrakech ?<\/strong><\/h3>\n<div class=\"rank-math-answer \">\n\n<p>Merzouga est \u00e0 environ 560 km de Marrakech, accessible en deux jours de voyage avec de nombreux arr\u00eats pittoresques.<\/p>\n\n<\/div>\n<\/div>\n<div id=\"faq-question-1749153540122\" class=\"rank-math-list-item\">\n<h3 class=\"rank-math-question \"><strong>Quel type d&rsquo;h\u00e9bergement est propos\u00e9 dans le d\u00e9sert ?<\/strong><\/h3>\n<div class=\"rank-math-answer \">\n\n<p>Vous dormirez dans une tente berb\u00e8re traditionnelle priv\u00e9e, dans un campement pr\u00e8s de Merzouga. D\u00eener, musique et ambiance chaleureuse sous les \u00e9toiles sont inclus. <\/p>\n\n<\/div>\n<\/div>\n<div id=\"faq-question-1749153619618\" class=\"rank-math-list-item\">\n<h3 class=\"rank-math-question \"><strong>Y a-t-il des toilettes et des douches au camp ?<\/strong><\/h3>\n<div class=\"rank-math-answer \">\n\n<p>Oui. Nos camps disposent d&rsquo;installations partag\u00e9es ou priv\u00e9es, selon l&rsquo;option choisie. <\/p>\n\n<\/div>\n<\/div>\n<\/div>\n<\/div>","protected":false},"excerpt":{"rendered":"<p>\u00c9vadez-vous de Marrakech pour un circuit priv\u00e9 de 4 jours dans le d\u00e9sert de Merzouga, avec visites guid\u00e9es d&rsquo;A\u00eft-ben-Haddou, des gorges du Todra et une balade \u00e0 dos de chameau dans le Sahara. H\u00f4tels inclus. R\u00e9servez d\u00e8s maintenant pour une aventure inoubliable dans le d\u00e9sert.  <\/p>\n","protected":false},"featured_media":31692,"comment_status":"open","ping_status":"closed","template":"","meta":{"inline_featured_image":false,"_monsterinsights_skip_tracking":false,"_monsterinsights_sitenote_active":false,"_monsterinsights_sitenote_note":"","_monsterinsights_sitenote_category":0},"product_brand":[],"product_cat":[134,137,98],"product_tag":[],"class_list":{"0":"post-31699","1":"product","2":"type-product","3":"status-publish","4":"has-post-thumbnail","6":"product_cat-circuits-maroc","7":"product_cat-circuits-depuis-marrakech","8":"product_cat-circuits-desert-maroc","10":"first","11":"instock","12":"virtual","13":"sold-individually","14":"purchasable","15":"product-type-booking"},"booking_location":"","booking_location_type":"","booking_duration":1,"booking_duration_unit":"day","booking_buffer":0,"booking_cost":620,"booking_resources":[],"exclude_global_add_ons":[],"addons":[],"_links":{"self":[{"href":"https:\/\/www.marrakechtaxi.com\/fr\/wp-json\/wp\/v2\/product\/31699","targetHints":{"allow":["GET"]}}],"collection":[{"href":"https:\/\/www.marrakechtaxi.com\/fr\/wp-json\/wp\/v2\/product"}],"about":[{"href":"https:\/\/www.marrakechtaxi.com\/fr\/wp-json\/wp\/v2\/types\/product"}],"replies":[{"embeddable":true,"href":"https:\/\/www.marrakechtaxi.com\/fr\/wp-json\/wp\/v2\/comments?post=31699"}],"wp:featuredmedia":[{"embeddable":true,"href":"https:\/\/www.marrakechtaxi.com\/fr\/wp-json\/wp\/v2\/media\/31692"}],"wp:attachment":[{"href":"https:\/\/www.marrakechtaxi.com\/fr\/wp-json\/wp\/v2\/media?parent=31699"}],"wp:term":[{"taxonomy":"product_brand","embeddable":true,"href":"https:\/\/www.marrakechtaxi.com\/fr\/wp-json\/wp\/v2\/product_brand?post=31699"},{"taxonomy":"product_cat","embeddable":true,"href":"https:\/\/www.marrakechtaxi.com\/fr\/wp-json\/wp\/v2\/product_cat?post=31699"},{"taxonomy":"product_tag","embeddable":true,"href":"https:\/\/www.marrakechtaxi.com\/fr\/wp-json\/wp\/v2\/product_tag?post=31699"}],"curies":[{"name":"wp","href":"https:\/\/api.w.org\/{rel}","templated":true}]}}