{"id":31571,"date":"2025-07-24T13:45:31","date_gmt":"2025-07-24T12:45:31","guid":{"rendered":"https:\/\/www.marrakechtaxi.com\/chauffeur-prive-marrakech-journee-complete\/"},"modified":"2026-04-19T11:18:32","modified_gmt":"2026-04-19T10:18:32","slug":"chauffeur-prive-marrakech-journee-complete","status":"publish","type":"product","link":"https:\/\/www.marrakechtaxi.com\/fr\/chauffeur-prive-marrakech-journee-complete\/","title":{"rendered":"Chauffeur priv\u00e9 \u00e0 Marrakech pour une journ\u00e9e compl\u00e8te \u2014 Van de luxe"},"content":{"rendered":"\n<p>Explorez Marrakech en tout confort gr\u00e2ce \u00e0 votre chauffeur VTC professionnel. Que vous pr\u00e9voyiez une journ\u00e9e shopping, une visite touristique ou une r\u00e9union, notre service de chauffeur priv\u00e9 vous offre une flexibilit\u00e9 totale avec des prix fixes et des arr\u00eats illimit\u00e9s en ville. <\/p>\n\n<h2 class=\"wp-block-heading has-luminous-vivid-orange-color has-text-color has-link-color wp-elements-433ea9f46ff43ec2231f43e589f3b542\"><strong>Options de r\u00e9servation flexibles (fourgonnette jusqu&rsquo;\u00e0 7 personnes)<\/strong><\/h2>\n\n<p>Choisissez votre p\u00e9riode id\u00e9ale :<\/p>\n\n<ul class=\"wp-block-list\">\n<li><strong>9:00 AM \u2013 8:00 PM<\/strong> \u2192 \u20ac160<\/li>\n\n\n\n<li><strong>9:00 AM \u2013 Midnight<\/strong> \u2192 \u20ac200<\/li>\n\n\n\n<li><strong>9:00 AM \u2013 2:00 AM (Next Day)<\/strong> \u2192 \u20ac230<\/li>\n<\/ul>\n\n<blockquote class=\"wp-block-quote is-layout-flow wp-block-quote-is-layout-flow\">\n<p class=\"has-vivid-cyan-blue-color has-text-color has-link-color wp-elements-dc2c5f224e85cc0cb7152c99f1563b77\">\ud83d\udccd <em>Service disponible uniquement dans les limites de la ville de Marrakech.<\/em><\/p>\n<\/blockquote>\n\n<h2 class=\"wp-block-heading has-luminous-vivid-orange-color has-text-color has-link-color wp-elements-de88503e600ef38b0c969ee52c2a44f7\"><strong>\u2705<\/strong> <strong>Ce qui est inclus<\/strong><\/h2>\n\n<ul class=\"wp-block-list\">\n<li>Van VTC de luxe priv\u00e9 (jusqu&rsquo;\u00e0 7 passagers)<\/li>\n\n\n\n<li>Chauffeur professionnel et discret<\/li>\n\n\n\n<li>Carburant et stationnement en ville<\/li>\n\n\n\n<li>Confirmation de r\u00e9servation par WhatsApp ou par e-mail<\/li>\n\n\n\n<li>Service multilingue (anglais \/ fran\u00e7ais \/ arabe)<\/li>\n<\/ul>\n\n<h2 class=\"wp-block-heading has-luminous-vivid-orange-color has-text-color has-link-color wp-elements-65035b6beb7cac3cbea8496081e910d5\">\u274c <strong>Non inclus<\/strong><\/h2>\n\n<ul class=\"wp-block-list\">\n<li>Conseils au conducteur<\/li>\n\n\n\n<li>Excursions en dehors de Marrakech<\/li>\n\n\n\n<li>Repas ou d\u00e9penses personnelles<\/li>\n<\/ul>\n\n<h2 class=\"wp-block-heading has-luminous-vivid-orange-color has-text-color has-link-color wp-elements-aca12b6de864936ce7c3bb9cfca72dab\">\ud83d\udcf8 <strong>Parfait pour :<\/strong><\/h2>\n\n<ul class=\"wp-block-list\">\n<li>Visiter plusieurs attractions<\/li>\n\n\n\n<li>Shopping et restauration autour de Marrakech<\/li>\n\n\n\n<li>Assister \u00e0 des r\u00e9unions ou \u00e0 des \u00e9v\u00e9nements<\/li>\n\n\n\n<li>Transport flexible et sans stress toute la journ\u00e9e<\/li>\n<\/ul>\n\n<h3 class=\"wp-block-heading\"><strong>R\u00e8gles de r\u00e9servation<\/strong><\/h3>\n\n<ul class=\"wp-block-list\">\n<li>Max 7 personnes\/voiture<\/li>\n\n\n\n<li>R\u00e9servation \u00e0 l&rsquo;avance : 12 heures avant<\/li>\n\n\n\n<li>Disponible toute la semaine<\/li>\n<\/ul>\n\n<h2 class=\"wp-block-heading has-luminous-vivid-orange-color has-text-color has-link-color wp-elements-23322aa8b9d24854445cd8d3974ce7f0\"><strong>Comment r\u00e9server<\/strong><\/h2>\n\n<p>Un <strong>acompte de 20 \u20ac via PayPal<\/strong> est requis pour confirmer votre r\u00e9servation.<\/p>\n\n<ul class=\"wp-block-list\">\n<li>\ud83d\udcac <strong>Par WhatsApp<\/strong> : Envoyez-nous un message au <a href=\"https:\/\/wa.me\/212600316681?text=I&#039;m%20interested%20by%20Full-Day%20Private%20Driver%20in%20Marrakech\" data-type=\"link\" data-id=\"https:\/\/wa.me\/212600316681?text=I&#039;m%20interested%20by%20Full-Day%20Private%20Driver%20in%20Marrakech\" target=\"_blank\" rel=\"noopener\">+212 600-316681<\/a><\/li>\n\n\n\n<li>\ud83d\udcdd <strong>R\u00e9servation en ligne<\/strong> : Utilisez le formulaire de r\u00e9servation pour choisir votre option horaire \u2014 l&rsquo;acompte sera demand\u00e9 lors du paiement.<\/li>\n<\/ul>\n\n<hr class=\"wp-block-separator has-alpha-channel-opacity\"\/>\n\n<h2 class=\"wp-block-heading has-luminous-vivid-orange-color has-text-color has-link-color wp-elements-7493d2a3ab0a4852f0278d78ea92ae74\"><strong>Questions fr\u00e9quemment pos\u00e9es<\/strong><\/h2>\n<div id=\"rank-math-faq\" class=\"rank-math-block\">\n<div class=\"rank-math-list \">\n<div id=\"faq-question-1753354247702\" class=\"rank-math-list-item\">\n<h3 class=\"rank-math-question \"><strong>Le service de chauffeur est-il priv\u00e9 ?<\/strong><\/h3>\n<div class=\"rank-math-answer \">\n\n<p>Oui, il s&rsquo;agit d&rsquo;une r\u00e9servation priv\u00e9e. Le v\u00e9hicule et le chauffeur sont r\u00e9serv\u00e9s exclusivement pour vous et votre groupe. <\/p>\n\n<\/div>\n<\/div>\n<div id=\"faq-question-1753354264928\" class=\"rank-math-list-item\">\n<h3 class=\"rank-math-question \">Puis-je sortir de Marrakech pendant ce service ?<\/h3>\n<div class=\"rank-math-answer \">\n\n<p>Non, ce service est <strong>exclusivement r\u00e9serv\u00e9 aux d\u00e9placements \u00e0 l&rsquo;int\u00e9rieur de Marrakech<\/strong>. Pour les d\u00e9placements hors de la ville, consultez nos transferts interurbains. <\/p>\n\n<\/div>\n<\/div>\n<div id=\"faq-question-1753354287083\" class=\"rank-math-list-item\">\n<h3 class=\"rank-math-question \">Est-il disponible pour les affaires ou les mariages ?<\/h3>\n<div class=\"rank-math-answer \">\n\n<p>Absolument. Nous pouvons r\u00e9pondre \u00e0 vos besoins professionnels, \u00e9v\u00e9nements, mariages ou VIP. <\/p>\n\n<\/div>\n<\/div>\n<div id=\"faq-question-1753354299477\" class=\"rank-math-list-item\">\n<h3 class=\"rank-math-question \">Puis-je prolonger le service le jour m\u00eame ?<\/h3>\n<div class=\"rank-math-answer \">\n\n<p>Oui, sous r\u00e9serve de disponibilit\u00e9. Les heures suppl\u00e9mentaires seront factur\u00e9es en cons\u00e9quence. <\/p>\n\n<\/div>\n<\/div>\n<div id=\"faq-question-1753354312320\" class=\"rank-math-list-item\">\n<h3 class=\"rank-math-question \">Comment puis-je confirmer ma r\u00e9servation ?<\/h3>\n<div class=\"rank-math-answer \">\n\n<p>Avec un acompte de 20 \u20ac par PayPal. Si vous r\u00e9servez via WhatsApp, nous vous enverrons la demande de paiement manuellement. <\/p>\n\n<\/div>\n<\/div>\n<\/div>\n<\/div>","protected":false},"excerpt":{"rendered":"<p>Explorez Marrakech \u00e0 votre fa\u00e7on ! Louez un chauffeur priv\u00e9 en minibus standard pour une journ\u00e9e compl\u00e8te. <\/p>\n<p>\u2014 Id\u00e9al pour visiter la ville, faire du shopping ou partir en excursion. Profitez du confort climatis\u00e9, de la prise en charge \u00e0 l&rsquo;h\u00f4tel et d&rsquo;itin\u00e9raires flexibles \u00e0 votre rythme. <\/p>\n","protected":false},"featured_media":29785,"comment_status":"open","ping_status":"closed","template":"","meta":{"inline_featured_image":false,"_monsterinsights_skip_tracking":false,"_monsterinsights_sitenote_active":false,"_monsterinsights_sitenote_note":"","_monsterinsights_sitenote_category":0},"product_brand":[],"product_cat":[152],"product_tag":[175,176,174,177,173],"class_list":{"0":"post-31571","1":"product","2":"type-product","3":"status-publish","4":"has-post-thumbnail","6":"product_cat-chauffeurs-prives-conducteurs-marrakech","7":"product_tag-chauffeur-prive-marrakech","8":"product_tag-location-journee-marrakech","9":"product_tag-service-de-chauffeur","10":"product_tag-taxi-a-la-journee","11":"product_tag-voiture-avec-chauffeur","13":"first","14":"instock","15":"virtual","16":"sold-individually","17":"purchasable","18":"product-type-booking"},"booking_location":"","booking_location_type":"","booking_duration":1,"booking_duration_unit":"day","booking_buffer":0,"booking_cost":160,"booking_resources":[],"exclude_global_add_ons":false,"addons":[{"name":"Cr\u00e9neau horaire","type":"multiple_choice","position":0,"required":true,"title_format":"heading","default":"","description_enable":false,"description":null,"placeholder_enable":false,"placeholder":null,"display":"radiobutton","restrictions_type":"any_text","adjust_price":false,"price":"","price_type":"flat_fee","restrictions":false,"min":"0","max":"0","options":[{"label":"09:00\u201320:00 \u2192 \u20ac160","price":"","price_type":"flat_fee","image":0,"visibility":true},{"label":"09:00\u201300:00 \u2192 \u20ac200","price":"40","price_type":"flat_fee","image":0,"visibility":true},{"label":"09:00\u201302:00 \u2192 \u20ac230","price":"70","price_type":"flat_fee","image":0,"visibility":true}],"id":1753364737}],"_links":{"self":[{"href":"https:\/\/www.marrakechtaxi.com\/fr\/wp-json\/wp\/v2\/product\/31571","targetHints":{"allow":["GET"]}}],"collection":[{"href":"https:\/\/www.marrakechtaxi.com\/fr\/wp-json\/wp\/v2\/product"}],"about":[{"href":"https:\/\/www.marrakechtaxi.com\/fr\/wp-json\/wp\/v2\/types\/product"}],"replies":[{"embeddable":true,"href":"https:\/\/www.marrakechtaxi.com\/fr\/wp-json\/wp\/v2\/comments?post=31571"}],"wp:featuredmedia":[{"embeddable":true,"href":"https:\/\/www.marrakechtaxi.com\/fr\/wp-json\/wp\/v2\/media\/29785"}],"wp:attachment":[{"href":"https:\/\/www.marrakechtaxi.com\/fr\/wp-json\/wp\/v2\/media?parent=31571"}],"wp:term":[{"taxonomy":"product_brand","embeddable":true,"href":"https:\/\/www.marrakechtaxi.com\/fr\/wp-json\/wp\/v2\/product_brand?post=31571"},{"taxonomy":"product_cat","embeddable":true,"href":"https:\/\/www.marrakechtaxi.com\/fr\/wp-json\/wp\/v2\/product_cat?post=31571"},{"taxonomy":"product_tag","embeddable":true,"href":"https:\/\/www.marrakechtaxi.com\/fr\/wp-json\/wp\/v2\/product_tag?post=31571"}],"curies":[{"name":"wp","href":"https:\/\/api.w.org\/{rel}","templated":true}]}}