{"id":28159,"date":"2025-04-17T20:31:41","date_gmt":"2025-04-17T19:31:41","guid":{"rendered":"https:\/\/www.marrakechtaxi.com\/rabat-casablanca-excursion-depuis-marrakech\/"},"modified":"2025-08-06T19:04:29","modified_gmt":"2025-08-06T18:04:29","slug":"rabat-casablanca-excursion-depuis-marrakech","status":"publish","type":"product","link":"https:\/\/www.marrakechtaxi.com\/fr\/rabat-casablanca-excursion-depuis-marrakech\/","title":{"rendered":"Excursion priv\u00e9e d&rsquo;une journ\u00e9e \u00e0 Rabat et Casablanca au d\u00e9part de Marrakech"},"content":{"rendered":"\n<h2 class=\"wp-block-heading has-luminous-vivid-orange-color has-text-color has-link-color wp-elements-3d1bf6eba7b47cd0ce3621de5bd49dfe\"><strong>Dur\u00e9e : Environ 13 \u00e0 14 heures<\/strong><\/h2>\n\n<p>Envie d&rsquo;une excursion culturelle inoubliable en une seule journ\u00e9e ? Cette excursion d&rsquo;une journ\u00e9e \u00e0 Rabat et Casablanca au d\u00e9part de Marrakech est id\u00e9ale pour d\u00e9couvrir la riche histoire c\u00f4ti\u00e8re du Maroc en toute simplicit\u00e9. <\/p>\n\n<p>Commencez la journ\u00e9e t\u00f4t en partant de votre h\u00e9bergement \u00e0 Marrakech \u00e0 bord d&rsquo;un v\u00e9hicule priv\u00e9 confortable et climatis\u00e9. Votre chauffeur anglophone vous emm\u00e8nera le long de la pittoresque route atlantique jusqu&rsquo;\u00e0 Rabat, la capitale du Maroc. <\/p>\n\n<p>\u00c0 Rabat, vous visiterez :<\/p>\n\n<ul class=\"wp-block-list\">\n<li>La tour Hassan, minaret inachev\u00e9 du XIIe si\u00e8cle et symbole important du patrimoine marocain.<\/li>\n\n\n\n<li>La paisible Kasbah des Oudayas, une forteresse blanche et bleue au bord de la mer avec des jardins andalous et de belles vues sur la c\u00f4te.<\/li>\n\n\n\n<li>Les ruines antiques de la n\u00e9cropole de Chellah, o\u00f9 l&rsquo;architecture romaine et islamique se m\u00eale \u00e0 la nature sauvage.<\/li>\n<\/ul>\n\n<p>Apr\u00e8s avoir explor\u00e9 Rabat, dirigez-vous vers Casablanca, o\u00f9 vous ferez une halte \u00e0 la magnifique mosqu\u00e9e Hassan II, l&rsquo;une des plus grandes du monde, magnifiquement construite sur l&rsquo;oc\u00e9an Atlantique. Vous pouvez choisir d&rsquo;y entrer (entr\u00e9e non incluse) ou d&rsquo;admirer la vue depuis l&rsquo;ext\u00e9rieur. <\/p>\n\n<p>Tout au long du voyage, votre chauffeur partagera des informations utiles et pourra adapter le rythme de la journ\u00e9e \u00e0 vos pr\u00e9f\u00e9rences.<\/p>\n\n<h2 class=\"wp-block-heading has-luminous-vivid-orange-color has-text-color has-link-color wp-elements-6ff3f7b3ea9d30c4deb630d83a252ea4\"><strong>Points forts<\/strong><\/h2>\n\n<p>\u2705 Explorez deux villes embl\u00e9matiques en une journ\u00e9e : Rabat et Casablanca<br\/>\u2705 Visitez la tour Hassan, symbole de Rabat<br\/>\u2705 D\u00e9couvrez la paisible Kasbah des Oudayas<br\/>\u2705 Promenez-vous parmi les ruines de la n\u00e9cropole du Chellah<br\/>\u2705 Admirez la magnifique mosqu\u00e9e Hassan II \u00e0 Casablanca<br\/>\u2705 Transport priv\u00e9 avec prise en charge et retour \u00e0 l&rsquo;h\u00f4tel<br\/>\u2705 Profitez de flexibilit\u00e9, de confort et d&rsquo;un itin\u00e9raire sans stress<\/p>\n\n<h2 class=\"wp-block-heading has-luminous-vivid-orange-color has-text-color has-link-color wp-elements-1573be289407733ec44fcc87a0a740ad\"><strong>Itin\u00e9raire <\/strong><\/h2>\n\n<h3 class=\"wp-block-heading\"><strong>&gt;&gt; 7h00 \u2013 D\u00e9part de Marrakech<\/strong><\/h3>\n\n<p>Votre chauffeur priv\u00e9 viendra vous chercher \u00e0 votre h\u00f4tel ou riad dans un v\u00e9hicule confortable et climatis\u00e9. Installez-vous et profitez du trajet pittoresque le long de la c\u00f4te atlantique marocaine. <\/p>\n\n<h3 class=\"wp-block-heading\"><strong>&gt;&gt; 10h30 \u2013 Arriv\u00e9e \u00e0 Rabat<\/strong><\/h3>\n\n<p>Commencez votre visite dans la capitale du Maroc avec ses monuments historiques et son ambiance paisible.<\/p>\n\n<ul class=\"wp-block-list\">\n<li><strong>Arr\u00eat 1 : Tour Hassan<br\/><\/strong>\u00c9merveillez-vous devant le c\u00e9l\u00e8bre minaret inachev\u00e9 et le mausol\u00e9e de Mohammed V, l\u2019un des monuments les plus embl\u00e9matiques de Rabat.<\/li>\n\n\n\n<li><strong>Arr\u00eat 2 : Kasbah des Oudayas<br\/><\/strong>Promenez-vous dans cette pittoresque forteresse bleue et blanche surplombant l&rsquo;Atlantique. Ne manquez pas les jardins andalous, l&rsquo;un des joyaux cach\u00e9s de Rabat. <\/li>\n\n\n\n<li><strong>Arr\u00eat 3 : N\u00e9cropole de Chellah<br\/><\/strong>Explorez les ruines myst\u00e9rieuses d&rsquo;une ville romaine transform\u00e9e en cimeti\u00e8re islamique, aujourd&rsquo;hui envahie de figuiers, de cigognes et de fleurs sauvages.<\/li>\n<\/ul>\n\n<h3 class=\"wp-block-heading\"><strong>&gt;&gt; 13h00 \u2013 Pause d\u00e9jeuner<\/strong><\/h3>\n\n<p>Profitez d&rsquo;un d\u00e9jeuner tranquille \u00e0 Rabat ou sur la route vers Casablanca. Votre chauffeur vous recommandera les meilleurs restaurants locaux pour savourer une cuisine marocaine authentique (repas non inclus). <\/p>\n\n<h3 class=\"wp-block-heading\">&gt;&gt; <strong>15h00 \u2013 Arriv\u00e9e \u00e0 Casablanca<\/strong><\/h3>\n\n<p>Time to explore Morocco\u2019s largest and most modern city!<\/p>\n\n<ul class=\"wp-block-list\">\n<li><strong>Arr\u00eat 4 : Mosqu\u00e9e Hassan II<br\/><\/strong>Visitez l&rsquo;impressionnante mosqu\u00e9e Hassan II, qui surplombe en partie l&rsquo;oc\u00e9an Atlantique. Vous pouvez admirer son architecture de l&rsquo;ext\u00e9rieur ou y entrer (entr\u00e9e non incluse). <\/li>\n<\/ul>\n\n<h3 class=\"wp-block-heading\"><strong>&gt;&gt; 16h30 \u2013 Arr\u00eat photo \u00e0 La Corniche<\/strong><\/h3>\n\n<p>Parcourez la promenade du bord de mer de Casablanca et arr\u00eatez-vous pour prendre des photos panoramiques de la c\u00f4te atlantique et de la vie anim\u00e9e de la ville.<\/p>\n\n<h3 class=\"wp-block-heading\"><strong>&gt;&gt; 17h30 \u2013 Retour \u00e0 Marrakech<\/strong><\/h3>\n\n<p>D\u00e9tendez-vous dans votre v\u00e9hicule priv\u00e9 et profitez du trajet de retour vers Marrakech.<\/p>\n\n<h3 class=\"wp-block-heading\"><strong>&gt;&gt; 20h30-21h00 \u2013 D\u00e9pose \u00e0 votre h\u00f4tel<\/strong><\/h3>\n\n<p>Retournez \u00e0 votre h\u00e9bergement \u00e0 Marrakech apr\u00e8s une journ\u00e9e pleine de d\u00e9couvertes, d&rsquo;histoire et de beaut\u00e9 des paysages.<\/p>\n\n<h2 class=\"wp-block-heading has-luminous-vivid-orange-color has-text-color has-link-color wp-elements-994c2edd386f95af723b1d8f331f2588\"><strong>Inclut\/N&rsquo;inclut pas<\/strong><\/h2>\n\n<p>\u2705 Private Transport (hotel pickup &amp; drop-off)<\/p>\n\n<p>\u274c Repas<br\/>\u274c D\u00e9penses personnelles<br\/>\u274c Entr\u00e9es aux monuments<br\/>Entr\u00e9e au site arch\u00e9ologique de Chellah (12 \u20ac \/ 120 MAD par personne)<br\/>Entr\u00e9e \u00e0 la mosqu\u00e9e Hassan II (14 \u20ac \/ 140 MAD par personne)<\/p>\n\n<h2 class=\"wp-block-heading has-luminous-vivid-orange-color has-text-color has-link-color wp-elements-0f17611e53ea76be51bb7d4fb4eef434\"><strong>Informations importantes<\/strong><\/h2>\n\n<p>Quoi apporter :<\/p>\n\n<ul class=\"wp-block-list\">\n<li>Des chaussures confortables<\/li>\n\n\n\n<li>Lunettes de soleil<\/li>\n\n\n\n<li>Chapeau de soleil<\/li>\n\n\n\n<li>Protection solaire<\/li>\n<\/ul>\n\n<h2 class=\"wp-block-heading has-luminous-vivid-orange-color has-text-color has-link-color wp-elements-7493d2a3ab0a4852f0278d78ea92ae74\"><strong>Questions fr\u00e9quemment pos\u00e9es<\/strong><\/h2>\n<div id=\"rank-math-faq\" class=\"rank-math-block\">\n<div class=\"rank-math-list \">\n<div id=\"faq-question-1744828176596\" class=\"rank-math-list-item\">\n<h3 class=\"rank-math-question \"><strong>Q : Un guide touristique professionnel est-il inclus dans ce voyage ?<\/strong><\/h3>\n<div class=\"rank-math-answer \">\n\n<p>R : Non, il s&rsquo;agit d&rsquo;une visite priv\u00e9e avec chauffeur. Votre chauffeur vous fournira des informations g\u00e9n\u00e9rales et vous accompagnera tout au long de la journ\u00e9e, mais aucun guide agr\u00e9\u00e9 n&rsquo;est inclus pour les visites des sites. <\/p>\n\n<\/div>\n<\/div>\n<div id=\"faq-question-1744828223546\" class=\"rank-math-list-item\">\n<h3 class=\"rank-math-question \"><strong>Q : Pouvons-nous avoir une visite guid\u00e9e \u00e0 l&rsquo;int\u00e9rieur de la mosqu\u00e9e Hassan II ou du Chellah ?<\/strong><\/h3>\n<div class=\"rank-math-answer \">\n\n<p>R : Oui ! Des visites guid\u00e9es sont propos\u00e9es sur place \u00e0 la mosqu\u00e9e Hassan II et \u00e0 la n\u00e9cropole de Chellah, g\u00e9n\u00e9ralement en plusieurs langues. Vous pouvez acheter un billet avec acc\u00e8s guide directement \u00e0 l&rsquo;entr\u00e9e (non inclus dans le prix de notre visite).  <\/p>\n\n<\/div>\n<\/div>\n<div id=\"faq-question-1744828241463\" class=\"rank-math-list-item\">\n<h3 class=\"rank-math-question \"><strong>Q : Les frais d\u2019entr\u00e9e sont-ils inclus dans le prix du voyage ?<\/strong><\/h3>\n<div class=\"rank-math-answer \">\n\n<p>R : Non, les billets d&rsquo;entr\u00e9e ne sont pas inclus. Vous devrez les acheter individuellement \u00e0 chaque monument si vous souhaitez y acc\u00e9der. <\/p>\n\n<\/div>\n<\/div>\n<div id=\"faq-question-1744828252438\" class=\"rank-math-list-item\">\n<h3 class=\"rank-math-question \"><strong>Q : Pouvons-nous choisir o\u00f9 d\u00e9jeuner ?<\/strong><\/h3>\n<div class=\"rank-math-answer \">\n\n<p>R : Absolument ! Vous aurez du temps libre pour d\u00e9jeuner et votre chauffeur se fera un plaisir de vous recommander de bonnes adresses \u00e0 Rabat ou Casablanca, selon votre emploi du temps. <\/p>\n\n<\/div>\n<\/div>\n<div id=\"faq-question-1744828264331\" class=\"rank-math-list-item\">\n<h3 class=\"rank-math-question \"><strong>Q : Quelle est la dur\u00e9e du voyage ?<\/strong><\/h3>\n<div class=\"rank-math-answer \">\n\n<p>R : Le voyage dure environ 13 \u00e0 14 heures, selon le trafic et le temps pass\u00e9 \u00e0 chaque arr\u00eat.<\/p>\n\n<\/div>\n<\/div>\n<div id=\"faq-question-1744828279183\" class=\"rank-math-list-item\">\n<h3 class=\"rank-math-question \"><strong>Q : Est-ce une exp\u00e9rience priv\u00e9e ?<\/strong><\/h3>\n<div class=\"rank-math-answer \">\n\n<p>R : Oui ! Il s&rsquo;agit d&rsquo;une visite enti\u00e8rement priv\u00e9e, rien que pour vous et votre groupe, avec des horaires flexibles et un confort personnalis\u00e9. <\/p>\n\n<\/div>\n<\/div>\n<\/div>\n<\/div>","protected":false},"excerpt":{"rendered":"<p>Explorez les tr\u00e9sors c\u00f4tiers du Maroc en une seule journ\u00e9e ! Cette excursion priv\u00e9e d&rsquo;une journ\u00e9e au d\u00e9part de Marrakech vous emm\u00e8ne \u00e0 Rabat et Casablanca pour d\u00e9couvrir des sites embl\u00e9matiques comme la tour Hassan, la Kasbah des Oudayas, la n\u00e9cropole de Chellah et la majestueuse mosqu\u00e9e Hassan II. Voyagez confortablement avec prise en charge \u00e0 l&rsquo;h\u00f4tel et chauffeur sympathique.  <\/p>\n","protected":false},"featured_media":28100,"comment_status":"open","ping_status":"closed","template":"","meta":{"inline_featured_image":false,"_monsterinsights_skip_tracking":false,"_monsterinsights_sitenote_active":false,"_monsterinsights_sitenote_note":"","_monsterinsights_sitenote_category":0},"product_brand":[],"product_cat":[95,96],"product_tag":[],"class_list":{"0":"post-28159","1":"product","2":"type-product","3":"status-publish","4":"has-post-thumbnail","6":"product_cat-excursions-sorties-marrakech","7":"product_cat-excursions-privees-marrakech","9":"first","10":"instock","11":"virtual","12":"sold-individually","13":"purchasable","14":"product-type-booking"},"booking_location":"","booking_location_type":"","booking_duration":1,"booking_duration_unit":"day","booking_buffer":0,"booking_cost":249,"booking_resources":[],"exclude_global_add_ons":[],"addons":[],"_links":{"self":[{"href":"https:\/\/www.marrakechtaxi.com\/fr\/wp-json\/wp\/v2\/product\/28159","targetHints":{"allow":["GET"]}}],"collection":[{"href":"https:\/\/www.marrakechtaxi.com\/fr\/wp-json\/wp\/v2\/product"}],"about":[{"href":"https:\/\/www.marrakechtaxi.com\/fr\/wp-json\/wp\/v2\/types\/product"}],"replies":[{"embeddable":true,"href":"https:\/\/www.marrakechtaxi.com\/fr\/wp-json\/wp\/v2\/comments?post=28159"}],"wp:featuredmedia":[{"embeddable":true,"href":"https:\/\/www.marrakechtaxi.com\/fr\/wp-json\/wp\/v2\/media\/28100"}],"wp:attachment":[{"href":"https:\/\/www.marrakechtaxi.com\/fr\/wp-json\/wp\/v2\/media?parent=28159"}],"wp:term":[{"taxonomy":"product_brand","embeddable":true,"href":"https:\/\/www.marrakechtaxi.com\/fr\/wp-json\/wp\/v2\/product_brand?post=28159"},{"taxonomy":"product_cat","embeddable":true,"href":"https:\/\/www.marrakechtaxi.com\/fr\/wp-json\/wp\/v2\/product_cat?post=28159"},{"taxonomy":"product_tag","embeddable":true,"href":"https:\/\/www.marrakechtaxi.com\/fr\/wp-json\/wp\/v2\/product_tag?post=28159"}],"curies":[{"name":"wp","href":"https:\/\/api.w.org\/{rel}","templated":true}]}}