{"id":28088,"date":"2025-04-16T15:03:27","date_gmt":"2025-04-16T14:03:27","guid":{"rendered":"https:\/\/www.marrakechtaxi.com\/excursion-casablanca-depuis-marrakech\/"},"modified":"2025-11-12T13:50:16","modified_gmt":"2025-11-12T12:50:16","slug":"excursion-casablanca-depuis-marrakech","status":"publish","type":"product","link":"https:\/\/www.marrakechtaxi.com\/fr\/excursion-casablanca-depuis-marrakech\/","title":{"rendered":"Excursion Priv\u00e9e \u00e0 Casablanca au d\u00e9part de Marrakech"},"content":{"rendered":"\n<h2 class=\"wp-block-heading has-luminous-vivid-orange-color has-text-color has-link-color wp-elements-30286d1e82bafe1cbf5fd5ace6de5df0\"><strong>Dur\u00e9e : environ 12 heures<\/strong><\/h2>\n\n<p>Passez une journ\u00e9e inoubliable \u00e0 explorer Casablanca, la ville baln\u00e9aire moderne du Maroc, gr\u00e2ce \u00e0 un transfert priv\u00e9 confortable depuis Marrakech et un chauffeur anglophone local \u00e0 vos c\u00f4t\u00e9s. C&rsquo;est le moyen id\u00e9al de d\u00e9couvrir Casablanca en une seule journ\u00e9e, sans stress ni foule. <\/p>\n\n<p>Commencez votre visite au c\u0153ur de Casablanca, sur la place Mohammed V, haut lieu de l&rsquo;architecture et de la vie urbaine de l&rsquo;\u00e9poque coloniale. Rendez-vous ensuite dans l&rsquo;\u00e9l\u00e9gant quartier du Palais Royal pour prendre des photos et d\u00e9couvrir le design royal marocain. <\/p>\n\n<p>Visitez ensuite l&rsquo;impressionnante mosqu\u00e9e Hassan II, l&rsquo;un des sites religieux les plus grands et les plus embl\u00e9matiques du monde, magnifiquement perch\u00e9e sur l&rsquo;oc\u00e9an Atlantique. Vous aurez la possibilit\u00e9 d&rsquo;y entrer (entr\u00e9e non incluse). <\/p>\n\n<p>Promenez-vous tranquillement le long de la Corniche, une promenade anim\u00e9e en bord de mer bord\u00e9e de caf\u00e9s, avec vue sur l&rsquo;oc\u00e9an et l&rsquo;\u00e9nergie locale. Vous profiterez de temps libre pour d\u00e9jeuner dans ce cadre c\u00f4tier ; notre chauffeur pourra vous recommander des adresses locales. <\/p>\n\n<p>Terminez votre voyage par une visite du charmant quartier des Habous, un quartier historique m\u00ealant tradition marocaine et design colonial fran\u00e7ais, parfait pour d\u00e9couvrir l&rsquo;artisanat local, l&rsquo;architecture et l&rsquo;atmosph\u00e8re authentique.<\/p>\n\n<h2 class=\"wp-block-heading has-luminous-vivid-orange-color has-text-color has-link-color wp-elements-6ff3f7b3ea9d30c4deb630d83a252ea4\"><strong>Points forts<\/strong><\/h2>\n\n<p>\u2705 Transfert priv\u00e9 aller-retour depuis Marrakech<br\/>\u2705 D\u00e9couvrez la mosqu\u00e9e Hassan II, monument le plus embl\u00e9matique du Maroc<br\/>\u2705 Promenez-vous autour de la place Mohammed V et du Palais Royal<br\/>\u2705 Profitez de votre temps libre le long de la pittoresque corniche de Casablanca<br\/>\u2705 Explorez le quartier traditionnel des Habous<br\/>\u2705 Exp\u00e9rience personnalis\u00e9e avec v\u00e9hicule priv\u00e9 et chauffeur<br\/>\u2705 Id\u00e9al pour les voyageurs souhaitant d\u00e9couvrir Casablanca en une journ\u00e9e<\/p>\n\n<h2 class=\"wp-block-heading has-luminous-vivid-orange-color has-text-color has-link-color wp-elements-42526447e79f1eab083eea3204b94903\"><strong>Aper\u00e7u de l&rsquo;itin\u00e9raire<\/strong><\/h2>\n\n<h3 class=\"wp-block-heading\"><strong>D\u00e9part : 7h00<\/strong><\/h3>\n\n<p>Prise en charge \u00e0 votre h\u00f4tel ou riad de Marrakech en v\u00e9hicule priv\u00e9 climatis\u00e9. Votre chauffeur anglophone vous accueillera et vous conduira vers Casablanca (environ 3 heures). <\/p>\n\n<h3 class=\"wp-block-heading\"><strong>Arr\u00eat 1 : Place Mohammed V<\/strong><\/h3>\n\n<p>Arrivez au c\u0153ur de Casablanca et faites une courte promenade autour de cette place anim\u00e9e entour\u00e9e d&rsquo;une \u00e9l\u00e9gante architecture d&rsquo;inspiration fran\u00e7aise et de palmiers.<\/p>\n\n<h3 class=\"wp-block-heading\"><strong>Arr\u00eat 2 : Quartier du Palais Royal (Visite ext\u00e9rieure)<\/strong><\/h3>\n\n<p>Passez par le quartier du Palais Royal et admirez les impressionnantes portes et les jardins royaux luxuriants de l&rsquo;ext\u00e9rieur, un endroit digne d&rsquo;une photo, rempli de tradition et de majest\u00e9.<\/p>\n\n<h3 class=\"wp-block-heading\"><strong>Arr\u00eat 3 : Mosqu\u00e9e Hassan II<\/strong><\/h3>\n\n<p>Visitez la magnifique mosqu\u00e9e Hassan II, l&rsquo;une des plus grandes du monde. Admirez son architecture \u00e9poustouflante surplombant l&rsquo;oc\u00e9an Atlantique. Vous aurez la possibilit\u00e9 d&rsquo;y entrer (billet non inclus).  <\/p>\n\n<h3 class=\"wp-block-heading\"><strong>Arr\u00eat 4 : La Corniche (Pause d\u00e9jeuner)<\/strong><\/h3>\n\n<p>Profitez d&rsquo;une balade relaxante le long de la Corniche, la promenade c\u00f4ti\u00e8re de Casablanca. Vous disposerez d&rsquo;environ une heure de temps libre pour d\u00e9jeuner dans un caf\u00e9 ou un restaurant en bord de mer de votre choix. <\/p>\n\n<h3 class=\"wp-block-heading\"><strong>Arr\u00eat 5 : Quartier des Habous<\/strong><\/h3>\n\n<p>Explorez le charmant quartier des Habous, connu pour ses souks marocains traditionnels, ses boutiques d&rsquo;artisanat et un m\u00e9lange paisible d&rsquo;architecture coloniale arabe et fran\u00e7aise.<\/p>\n\n<h3 class=\"wp-block-heading\"><strong>Retour \u00e0 Marrakech<\/strong><\/h3>\n\n<p>Apr\u00e8s un voyage culturel enrichissant, d\u00e9tendez-vous sur le trajet du retour. Vous serez d\u00e9pos\u00e9 \u00e0 votre h\u00e9bergement vers 19h, selon la circulation et le rythme. <\/p>\n\n<h2 class=\"wp-block-heading has-luminous-vivid-orange-color has-text-color has-link-color wp-elements-994c2edd386f95af723b1d8f331f2588\"><strong>Inclut\/N&rsquo;inclut pas<\/strong><\/h2>\n\n<p>\u2705 Private Transport (hotel pickup &amp; drop-off)<\/p>\n\n<p>\u274c Repas<br\/>\u274c D\u00e9penses personnelles<br\/>\u274c Entr\u00e9es aux monuments<br\/>Entr\u00e9e \u00e0 la mosqu\u00e9e Hassan II (14 \u20ac \/ 15,83 $ US par personne)<\/p>\n\n<h2 class=\"wp-block-heading has-luminous-vivid-orange-color has-text-color has-link-color wp-elements-0f17611e53ea76be51bb7d4fb4eef434\"><strong>Informations importantes<\/strong><\/h2>\n\n<p>Quoi apporter :<\/p>\n\n<ul class=\"wp-block-list\">\n<li>Des chaussures confortables<\/li>\n\n\n\n<li>Lunettes de soleil<\/li>\n\n\n\n<li>Chapeau de soleil<\/li>\n\n\n\n<li>Protection solaire<\/li>\n<\/ul>\n\n<h2 class=\"wp-block-heading has-luminous-vivid-orange-color has-text-color has-link-color wp-elements-7493d2a3ab0a4852f0278d78ea92ae74\"><strong>Questions fr\u00e9quemment pos\u00e9es<\/strong><\/h2>\n<div id=\"rank-math-faq\" class=\"rank-math-block\">\n<div class=\"rank-math-list \">\n<div id=\"faq-question-1744807182324\" class=\"rank-math-list-item\">\n<h3 class=\"rank-math-question \"><strong>Q : Cette visite est-elle guid\u00e9e ?<\/strong><\/h3>\n<div class=\"rank-math-answer \">\n\n<p>R : Non, il s&rsquo;agit d&rsquo;une exp\u00e9rience \u00e0 votre rythme avec un chauffeur anglophone local. Il vous fournira des informations utiles, mais il n&rsquo;y a pas de visites guid\u00e9es \u00e0 l&rsquo;int\u00e9rieur des attractions. <\/p>\n\n<\/div>\n<\/div>\n<div id=\"faq-question-1744807228913\" class=\"rank-math-list-item\">\n<h3 class=\"rank-math-question \"><strong>Q : L&rsquo;entr\u00e9e de la mosqu\u00e9e Hassan II est-elle incluse ?<\/strong><\/h3>\n<div class=\"rank-math-answer \">\n\n<p>R : Non, l&rsquo;entr\u00e9e \u00e0 la mosqu\u00e9e n&rsquo;est pas incluse. Vous pouvez payer directement sur place si vous souhaitez entrer (14 \u20ac par personne). <\/p>\n\n<\/div>\n<\/div>\n<div id=\"faq-question-1744807292382\" class=\"rank-math-list-item\">\n<h3 class=\"rank-math-question \"><strong>Q : La nourriture est-elle incluse dans la visite ?<\/strong><\/h3>\n<div class=\"rank-math-answer \">\n\n<p>R : Non, le d\u00e9jeuner n&rsquo;est pas inclus. Vous disposerez de temps libre sur la Corniche pour savourer un repas \u00e0 votre rythme. Votre chauffeur pourra vous sugg\u00e9rer de bonnes adresses.  <\/p>\n\n<\/div>\n<\/div>\n<div id=\"faq-question-1744807361995\" class=\"rank-math-list-item\">\n<h3 class=\"rank-math-question \"><strong>Q : Combien de temps dure le voyage ?<\/strong><\/h3>\n<div class=\"rank-math-answer \">\n\n<p>R : La visite dure environ 12 heures, y compris le temps de trajet et tous les arr\u00eats pr\u00e9vus.<\/p>\n\n<\/div>\n<\/div>\n<div id=\"faq-question-1744807369511\" class=\"rank-math-list-item\">\n<h3 class=\"rank-math-question \"><strong>Q : Le ramassage est-il inclus ?<\/strong><\/h3>\n<div class=\"rank-math-answer \">\n\n<p>R : Oui, nous proposons un service de prise en charge et de retour \u00e0 l&rsquo;h\u00f4tel ou au riad n&rsquo;importe o\u00f9 \u00e0 Marrakech.<\/p>\n\n<\/div>\n<\/div>\n<div id=\"faq-question-1744807381324\" class=\"rank-math-list-item\">\n<h3 class=\"rank-math-question \"><strong>Q : Ce circuit est-il adapt\u00e9 aux voyageurs seuls ou aux couples ?<\/strong><\/h3>\n<div class=\"rank-math-answer \">\n\n<p>R : Oui ! C&rsquo;est un voyage priv\u00e9, id\u00e9al pour les couples, les familles ou les voyageurs solitaires qui recherchent flexibilit\u00e9 et confort. <\/p>\n\n<\/div>\n<\/div>\n<\/div>\n<\/div>","protected":false},"excerpt":{"rendered":"<p>Explorez les tr\u00e9sors culturels de Casablanca lors d&rsquo;une excursion d&rsquo;une journ\u00e9e au d\u00e9part de Marrakech. D\u00e9couvrez des sites embl\u00e9matiques comme la mosqu\u00e9e Hassan II et le quartier des Habous, en transport priv\u00e9 avec chauffeur-guide local. <\/p>\n","protected":false},"featured_media":28062,"comment_status":"open","ping_status":"closed","template":"","meta":{"inline_featured_image":false,"_monsterinsights_skip_tracking":false,"_monsterinsights_sitenote_active":false,"_monsterinsights_sitenote_note":"","_monsterinsights_sitenote_category":0},"product_brand":[],"product_cat":[95,96],"product_tag":[],"class_list":{"0":"post-28088","1":"product","2":"type-product","3":"status-publish","4":"has-post-thumbnail","6":"product_cat-excursions-sorties-marrakech","7":"product_cat-excursions-privees-marrakech","9":"first","10":"instock","11":"virtual","12":"sold-individually","13":"purchasable","14":"product-type-booking"},"booking_location":"","booking_location_type":"","booking_duration":1,"booking_duration_unit":"day","booking_buffer":0,"booking_cost":180,"booking_resources":[],"exclude_global_add_ons":[],"addons":[],"_links":{"self":[{"href":"https:\/\/www.marrakechtaxi.com\/fr\/wp-json\/wp\/v2\/product\/28088","targetHints":{"allow":["GET"]}}],"collection":[{"href":"https:\/\/www.marrakechtaxi.com\/fr\/wp-json\/wp\/v2\/product"}],"about":[{"href":"https:\/\/www.marrakechtaxi.com\/fr\/wp-json\/wp\/v2\/types\/product"}],"replies":[{"embeddable":true,"href":"https:\/\/www.marrakechtaxi.com\/fr\/wp-json\/wp\/v2\/comments?post=28088"}],"wp:featuredmedia":[{"embeddable":true,"href":"https:\/\/www.marrakechtaxi.com\/fr\/wp-json\/wp\/v2\/media\/28062"}],"wp:attachment":[{"href":"https:\/\/www.marrakechtaxi.com\/fr\/wp-json\/wp\/v2\/media?parent=28088"}],"wp:term":[{"taxonomy":"product_brand","embeddable":true,"href":"https:\/\/www.marrakechtaxi.com\/fr\/wp-json\/wp\/v2\/product_brand?post=28088"},{"taxonomy":"product_cat","embeddable":true,"href":"https:\/\/www.marrakechtaxi.com\/fr\/wp-json\/wp\/v2\/product_cat?post=28088"},{"taxonomy":"product_tag","embeddable":true,"href":"https:\/\/www.marrakechtaxi.com\/fr\/wp-json\/wp\/v2\/product_tag?post=28088"}],"curies":[{"name":"wp","href":"https:\/\/api.w.org\/{rel}","templated":true}]}}