{"id":27868,"date":"2025-04-10T17:29:07","date_gmt":"2025-04-10T16:29:07","guid":{"rendered":"https:\/\/www.marrakechtaxi.com\/visite-culturelle-marrakech-koutoubia-bahia-madrasa\/"},"modified":"2025-04-15T08:04:06","modified_gmt":"2025-04-15T07:04:06","slug":"visite-culturelle-marrakech-koutoubia-bahia-madrasa","status":"publish","type":"product","link":"https:\/\/www.marrakechtaxi.com\/fr\/visite-culturelle-marrakech-koutoubia-bahia-madrasa\/","title":{"rendered":"Visite du patrimoine de Marrakech &#8211; Koutoubia, palais de la Bahia et m\u00e9dersa Ben Youssef"},"content":{"rendered":"\n<p>Plongez au c\u0153ur de Marrakech lors de cette visite culturelle immersive. Accompagn\u00e9 d&rsquo;un guide asserment\u00e9 agr\u00e9\u00e9 par le minist\u00e8re marocain du Tourisme, vous d\u00e9couvrirez la beaut\u00e9, l&rsquo;histoire et les tr\u00e9sors cach\u00e9s des merveilles architecturales de la ville. <\/p>\n\n<p>Commencez par la visite de la majestueuse mosqu\u00e9e Koutoubia, la plus grande de Marrakech, admir\u00e9e pour son imposant minaret et ses paisibles jardins. Bien que l&rsquo;entr\u00e9e soit interdite aux non-musulmans, le guide vous fera d\u00e9couvrir sa riche histoire et son importance spirituelle depuis l&rsquo;ext\u00e9rieur. <\/p>\n\n<p>Continuez vers le charmant palais de la Bahia, un joyau du XIXe si\u00e8cle avec des chambres finement d\u00e9cor\u00e9es, des cours paisibles et des jardins luxuriants autrefois construits pour refl\u00e9ter l&rsquo;essence de l&rsquo;\u00e9l\u00e9gance marocaine.<\/p>\n\n<p>Terminez votre visite \u00e0 la m\u00e9dersa Ben Youssef, autrefois le plus grand coll\u00e8ge islamique d&rsquo;Afrique du Nord. Admirez les \u0153uvres finement sculpt\u00e9es en c\u00e8dre, en marbre et en mosa\u00efque, qui t\u00e9moignent de l&rsquo;apog\u00e9e de l&rsquo;art et de l&rsquo;\u00e9ducation islamiques au Maroc. <\/p>\n\n<p>Cette excursion comprend un transport priv\u00e9 et climatis\u00e9 pour plus de confort et de facilit\u00e9, avec une prise en charge flexible depuis votre h\u00e9bergement.<\/p>\n\n<blockquote class=\"wp-block-quote is-layout-flow wp-block-quote-is-layout-flow\">\n<p>Les frais d&rsquo;entr\u00e9e ne sont pas inclus, ce qui vous offre flexibilit\u00e9 et transparence. Votre guide vous aidera \u00e0 acheter vos billets sur place. <\/p>\n<\/blockquote>\n\n<h2 class=\"wp-block-heading has-luminous-vivid-orange-color has-text-color has-link-color wp-elements-6ff3f7b3ea9d30c4deb630d83a252ea4\"><strong>Points forts<\/strong><\/h2>\n\n<p>\u2705 Visitez la l\u00e9gendaire mosqu\u00e9e Koutoubia (ext\u00e9rieur uniquement)<br\/>\u2705 Explorez le magnifique palais de la Bahia<br\/>\u2705 D\u00e9couvrez la beaut\u00e9 architecturale de la m\u00e9dersa Ben Youssef<br\/>\u2705 Apprenez avec un guide touristique certifi\u00e9 et asserment\u00e9<br\/>\u2705 Voyagez en transport priv\u00e9 climatis\u00e9<br\/>\u2705 Vivez une exp\u00e9rience culturelle flexible d&rsquo;une demi-journ\u00e9e<\/p>\n\n<h2 class=\"wp-block-heading has-luminous-vivid-orange-color has-text-color has-link-color wp-elements-994c2edd386f95af723b1d8f331f2588\"><strong>Inclut\/N&rsquo;inclut pas<\/strong><\/h2>\n\n<p>\u2705 Transport priv\u00e9 (prise en charge et retour \u00e0 l&rsquo;h\u00f4tel)<br\/>\u2705 Guide local<\/p>\n\n<p>\u274c Repas<br\/>\u274c D\u00e9penses personnelles<br\/>\u274c Entr\u00e9es aux monuments<br\/>Palais de la Bahia (Adultes : 100 MAD \u2013 Enfants : 50 MAD)<br\/>M\u00e9dersa Ben Youssef (Adultes : 50 MAD \u2013 Enfants de moins de 12 ans : 10 MAD)<\/p>\n\n<h2 class=\"wp-block-heading has-luminous-vivid-orange-color has-text-color has-link-color wp-elements-0f17611e53ea76be51bb7d4fb4eef434\"><strong>Informations importantes<\/strong><\/h2>\n\n<p>Quoi apporter :<\/p>\n\n<ul class=\"wp-block-list\">\n<li>Des chaussures confortables<\/li>\n\n\n\n<li>Lunettes de soleil<\/li>\n\n\n\n<li>Chapeau de soleil<\/li>\n\n\n\n<li>Protection solaire<\/li>\n<\/ul>\n\n<h2 class=\"wp-block-heading has-luminous-vivid-orange-color has-text-color has-link-color wp-elements-7493d2a3ab0a4852f0278d78ea92ae74\"><strong>Questions fr\u00e9quemment pos\u00e9es<\/strong><\/h2>\n<div id=\"rank-math-faq\" class=\"rank-math-block\">\n<div class=\"rank-math-list \">\n<div id=\"faq-question-1744301706910\" class=\"rank-math-list-item\">\n<h3 class=\"rank-math-question \"><strong>Q : Les frais d&rsquo;entr\u00e9e sont-ils inclus dans le prix ?<\/strong><\/h3>\n<div class=\"rank-math-answer \">\n\n<p>R : Non, les entr\u00e9es au palais de la Bahia et \u00e0 la m\u00e9dersa Ben Youssef ne sont pas incluses. Vous pouvez les r\u00e9gler directement sur place. Votre guide vous aidera \u00e0 obtenir vos billets.  <\/p>\n\n<\/div>\n<\/div>\n<div id=\"faq-question-1744301750559\" class=\"rank-math-list-item\">\n<h3 class=\"rank-math-question \"><strong>Q : Puis-je entrer dans la mosqu\u00e9e Koutoubia ?<\/strong><\/h3>\n<div class=\"rank-math-answer \">\n\n<p>R : Les non-musulmans ne sont pas autoris\u00e9s \u00e0 l&rsquo;int\u00e9rieur, mais vous explorerez son ext\u00e9rieur impressionnant et entendrez son histoire compl\u00e8te de la part de votre guide.<\/p>\n\n<\/div>\n<\/div>\n<div id=\"faq-question-1744301763427\" class=\"rank-math-list-item\">\n<h3 class=\"rank-math-question \"><strong>Q : La visite est-elle priv\u00e9e ?<\/strong><\/h3>\n<div class=\"rank-math-answer \">\n\n<p>R : Oui, il s\u2019agit d\u2019une visite priv\u00e9e avec votre propre guide et v\u00e9hicule priv\u00e9, offrant confort et attention personnalis\u00e9e.<\/p>\n\n<\/div>\n<\/div>\n<div id=\"faq-question-1744301776343\" class=\"rank-math-list-item\">\n<h3 class=\"rank-math-question \"><strong>Q : Combien de temps dure la visite ?<\/strong><\/h3>\n<div class=\"rank-math-answer \">\n\n<p>R : L&rsquo;exp\u00e9rience dure environ 3 heures, selon votre rythme et votre int\u00e9r\u00eat.<\/p>\n\n<\/div>\n<\/div>\n<div id=\"faq-question-1744301792472\" class=\"rank-math-list-item\">\n<h3 class=\"rank-math-question \"><strong>Q : Dans quelles langues la visite est-elle disponible ?<\/strong><\/h3>\n<div class=\"rank-math-answer \">\n\n<p>R : Anglais, fran\u00e7ais, espagnol, arabe et italien \u2014 indiquez-nous simplement votre pr\u00e9f\u00e9rence lors de la r\u00e9servation.<\/p>\n\n<\/div>\n<\/div>\n<div id=\"faq-question-1744301802942\" class=\"rank-math-list-item\">\n<h3 class=\"rank-math-question \"><strong>Q : La prise en charge \u00e0 l\u2019h\u00f4tel est-elle incluse ?<\/strong><\/h3>\n<div class=\"rank-math-answer \">\n\n<p>R : Oui, nous assurons la prise en charge et le retour depuis votre h\u00e9bergement \u00e0 Marrakech.<\/p>\n\n<\/div>\n<\/div>\n<\/div>\n<\/div>","protected":false},"excerpt":{"rendered":"<p>D\u00e9couvrez le c\u0153ur de Marrakech \u00e0 travers ses monuments les plus embl\u00e9matiques. Visitez la mosqu\u00e9e Koutoubia, le palais de la Bahia et la magnifique m\u00e9dersa Ben Youssef avec un guide agr\u00e9\u00e9 et un transport priv\u00e9. <\/p>\n","protected":false},"featured_media":27857,"comment_status":"open","ping_status":"closed","template":"","meta":{"inline_featured_image":false,"_monsterinsights_skip_tracking":false,"_monsterinsights_sitenote_active":false,"_monsterinsights_sitenote_note":"","_monsterinsights_sitenote_category":0},"product_brand":[],"product_cat":[101,121],"product_tag":[],"class_list":{"0":"post-27868","1":"product","2":"type-product","3":"status-publish","4":"has-post-thumbnail","6":"product_cat-activites-marrakech","7":"product_cat-visites-guidees-marrakech","9":"first","10":"instock","11":"virtual","12":"sold-individually","13":"purchasable","14":"product-type-booking"},"booking_location":"","booking_location_type":"","booking_duration":3,"booking_duration_unit":"hour","booking_buffer":0,"booking_cost":79,"booking_resources":[],"exclude_global_add_ons":[],"addons":[],"_links":{"self":[{"href":"https:\/\/www.marrakechtaxi.com\/fr\/wp-json\/wp\/v2\/product\/27868","targetHints":{"allow":["GET"]}}],"collection":[{"href":"https:\/\/www.marrakechtaxi.com\/fr\/wp-json\/wp\/v2\/product"}],"about":[{"href":"https:\/\/www.marrakechtaxi.com\/fr\/wp-json\/wp\/v2\/types\/product"}],"replies":[{"embeddable":true,"href":"https:\/\/www.marrakechtaxi.com\/fr\/wp-json\/wp\/v2\/comments?post=27868"}],"wp:featuredmedia":[{"embeddable":true,"href":"https:\/\/www.marrakechtaxi.com\/fr\/wp-json\/wp\/v2\/media\/27857"}],"wp:attachment":[{"href":"https:\/\/www.marrakechtaxi.com\/fr\/wp-json\/wp\/v2\/media?parent=27868"}],"wp:term":[{"taxonomy":"product_brand","embeddable":true,"href":"https:\/\/www.marrakechtaxi.com\/fr\/wp-json\/wp\/v2\/product_brand?post=27868"},{"taxonomy":"product_cat","embeddable":true,"href":"https:\/\/www.marrakechtaxi.com\/fr\/wp-json\/wp\/v2\/product_cat?post=27868"},{"taxonomy":"product_tag","embeddable":true,"href":"https:\/\/www.marrakechtaxi.com\/fr\/wp-json\/wp\/v2\/product_tag?post=27868"}],"curies":[{"name":"wp","href":"https:\/\/api.w.org\/{rel}","templated":true}]}}