{"id":27852,"date":"2025-04-10T16:49:39","date_gmt":"2025-04-10T15:49:39","guid":{"rendered":"https:\/\/www.marrakechtaxi.com\/visite-palais-marrakech-koutoubia-bahia-badi\/"},"modified":"2025-04-15T08:03:58","modified_gmt":"2025-04-15T07:03:58","slug":"visite-palais-marrakech-koutoubia-bahia-badi","status":"publish","type":"product","link":"https:\/\/www.marrakechtaxi.com\/fr\/visite-palais-marrakech-koutoubia-bahia-badi\/","title":{"rendered":"Visite des palais imp\u00e9riaux de Marrakech &#8211; Koutoubia, Bahia et El Badi"},"content":{"rendered":"\n<h2 class=\"wp-block-heading\"><strong><span style=\"color: #ff6600;\">Dur\u00e9e : Environ 03 heures<\/span><\/strong><\/h2>\n\n<p>Plongez dans le riche patrimoine de la Marrakech imp\u00e9riale avec cette visite culturelle organis\u00e9e dirig\u00e9e par un guide agr\u00e9\u00e9 asserment\u00e9 par le minist\u00e8re marocain du Tourisme.<\/p>\n\n<p>Commencez par l&#8217;embl\u00e9matique mosqu\u00e9e Koutoubia, symbole spirituel de la ville et merveille de l&rsquo;architecture almohade du XIIe si\u00e8cle. Votre guide vous racontera l&rsquo;histoire et l&rsquo;importance de ce monument tout en admirant son \u00e9l\u00e9gant minaret et son cadre paisible. <\/p>\n\n<p>Continuez vers le palais de la Bahia, un chef-d&rsquo;\u0153uvre du XIXe si\u00e8cle rempli de superbes cours, de carreaux de zellige complexes et d&rsquo;un jardin paisible qui refl\u00e8te le luxe royal marocain.<\/p>\n\n<p>Enfin, promenez-vous dans les ruines spectaculaires du palais El Badi, autrefois l&rsquo;un des plus somptueux palais du monde. Aujourd&rsquo;hui r\u00e9duit \u00e0 l&rsquo;\u00e9tat de majestueux \u00e9crin, il raconte des histoires de puissance, d&rsquo;art et de gloire marocaine. <\/p>\n\n<p>You\u2019ll travel comfortably in private air-conditioned transport, with hotel pickup and drop-off included. This tour is perfect for travelers who want to discover Marrakech&rsquo;s imperial legacy in comfort, guided by a true local expert. <\/p>\n\n<h2 class=\"wp-block-heading\"><strong><span style=\"color: #ff6600;\">Points forts<\/span><\/strong><\/h2>\n\n<p>\u2705 Visitez l&#8217;embl\u00e9matique mosqu\u00e9e Koutoubia et d\u00e9couvrez son importance spirituelle et historique.<br\/>\u2705 Explorez l&rsquo;\u00e9l\u00e9gant palais de la Bahia, r\u00e9put\u00e9 pour son architecture complexe et ses jardins paisibles.<br\/>\u2705 Promenez-vous dans les impressionnantes ruines du magnifique palais El Badi.<br\/>\u2705 Profitez des conseils d&rsquo;un guide agr\u00e9\u00e9 par le minist\u00e8re du Tourisme.<br\/>\u2705 Voyagez en transport priv\u00e9 confortable avec prise en charge et retour \u00e0 l&rsquo;h\u00f4tel.<br\/>\u2705 Vivez une excursion d&rsquo;une demi-journ\u00e9e agr\u00e9able et enrichissante, id\u00e9ale pour les amateurs de culture et les nouveaux visiteurs.<\/p>\n\n<h2 class=\"wp-block-heading has-luminous-vivid-orange-color has-text-color has-link-color wp-elements-3e4c3fe6deca6dcbca5503b5f9b32492\"><strong><span style=\"color: #ff6600;\">Inclut\/N&rsquo;inclut pas<\/span><\/strong><\/h2>\n\n<p>\u2705 Transport priv\u00e9 (prise en charge et retour \u00e0 l&rsquo;h\u00f4tel)<br\/>\u2705 Guide local<\/p>\n\n<p>\u274c Repas<br\/>\u274c D\u00e9penses personnelles<br\/>\u274c Entr\u00e9es aux monuments<br\/>Palais de la Bahia (Adultes : 100 MAD &#8211; Enfants : 50 MAD)<br\/>Palais El Badi (Adultes : 100 MAD &#8211; Enfants : 50 MAD)<\/p>\n\n<h2 class=\"wp-block-heading has-luminous-vivid-orange-color has-text-color has-link-color wp-elements-1202909cb4b6325fc8d6a8b04164d037\"><strong><span style=\"color: #ff6600;\">Informations importantes<\/span><\/strong><\/h2>\n\n<p>Quoi apporter :<\/p>\n\n<ul class=\"wp-block-list\">\n<li>Des chaussures confortables<\/li>\n\n\n\n<li>Lunettes de soleil<\/li>\n\n\n\n<li>Chapeau de soleil<\/li>\n\n\n\n<li>Protection solaire<\/li>\n<\/ul>\n\n<h2 class=\"wp-block-heading\"><strong><span style=\"color: #ff6600;\">Questions fr\u00e9quemment pos\u00e9es<\/span><\/strong><\/h2>\n<div id=\"rank-math-faq\" class=\"rank-math-block\">\n<div class=\"rank-math-list \">\n<div id=\"faq-question-1744299217217\" class=\"rank-math-list-item\">\n<h3 class=\"rank-math-question \">Q : Les frais d&rsquo;entr\u00e9e sont-ils inclus dans le prix ?<\/h3>\n<div class=\"rank-math-answer \">\n\n<p>R : Non, les entr\u00e9es aux palais de la Bahia et d&rsquo;El Badi ne sont pas incluses. Vous pouvez les r\u00e9gler directement sur place. Votre guide vous aidera \u00e0 obtenir vos billets sur place.  <\/p>\n\n<\/div>\n<\/div>\n<div id=\"faq-question-1744299232329\" class=\"rank-math-list-item\">\n<h3 class=\"rank-math-question \">Q : Peut-on entrer dans la mosqu\u00e9e Koutoubia ?<\/h3>\n<div class=\"rank-math-answer \">\n\n<p>R : L&rsquo;entr\u00e9e de la mosqu\u00e9e est interdite aux non-musulmans. Vous pourrez cependant explorer sa magnifique fa\u00e7ade et ses jardins tout en d\u00e9couvrant son histoire fascinante. <\/p>\n\n<\/div>\n<\/div>\n<div id=\"faq-question-1744299257463\" class=\"rank-math-list-item\">\n<h3 class=\"rank-math-question \">Q : Qui sera notre guide ?<\/h3>\n<div class=\"rank-math-answer \">\n\n<p>R : Vous serez accompagn\u00e9 d\u2019un guide professionnel agr\u00e9\u00e9 asserment\u00e9 par le minist\u00e8re marocain du Tourisme, exp\u00e9riment\u00e9, comp\u00e9tent et passionn\u00e9 par le partage de l\u2019histoire de Marrakech.<\/p>\n\n<\/div>\n<\/div>\n<div id=\"faq-question-1744299273246\" class=\"rank-math-list-item\">\n<h3 class=\"rank-math-question \">Q : La visite est-elle priv\u00e9e ou partag\u00e9e ?<\/h3>\n<div class=\"rank-math-answer \">\n\n<p>R : Il s&rsquo;agit d&rsquo;une visite priv\u00e9e avec transport priv\u00e9, r\u00e9serv\u00e9e \u00e0 votre groupe. Elle offre plus de confort et de flexibilit\u00e9 que les visites de groupe. <\/p>\n\n<\/div>\n<\/div>\n<div id=\"faq-question-1744299292968\" class=\"rank-math-list-item\">\n<h3 class=\"rank-math-question \">Q : Qu\u2019est-ce qui est inclus dans la visite ?<\/h3>\n<div class=\"rank-math-answer \">\n\n<p>R : Le circuit comprend un guide certifi\u00e9, un transport priv\u00e9 climatis\u00e9, la prise en charge et le retour \u00e0 l&rsquo;h\u00f4tel, ainsi que des visites guid\u00e9es compl\u00e8tes. Les billets d&rsquo;entr\u00e9e et les d\u00e9penses personnelles ne sont pas inclus. <\/p>\n\n<\/div>\n<\/div>\n<div id=\"faq-question-1744299325302\" class=\"rank-math-list-item\">\n<h3 class=\"rank-math-question \">Q : Combien de temps dure la visite ?<\/h3>\n<div class=\"rank-math-answer \">\n\n<p>R : L&rsquo;exp\u00e9rience dure environ 3 heures, selon votre rythme et votre int\u00e9r\u00eat pour chaque site.<\/p>\n\n<\/div>\n<\/div>\n<div id=\"faq-question-1744299354285\" class=\"rank-math-list-item\">\n<h3 class=\"rank-math-question \">Q : La visite est-elle disponible dans d\u2019autres langues ?<\/h3>\n<div class=\"rank-math-answer \">\n\n<p>R : Oui ! La visite est disponible en anglais, fran\u00e7ais, espagnol, arabe et italien. Indiquez-nous simplement votre pr\u00e9f\u00e9rence lors de la r\u00e9servation. <\/p>\n\n<\/div>\n<\/div>\n<\/div>\n<\/div>","protected":false},"excerpt":{"rendered":"<p>Explorez les monuments l\u00e9gendaires de Marrakech avec un guide certifi\u00e9 et un transport priv\u00e9. D\u00e9couvrez la mosqu\u00e9e Koutoubia, le palais de la Bahia et les ruines du palais El Badi. <\/p>\n","protected":false},"featured_media":27845,"comment_status":"open","ping_status":"closed","template":"","meta":{"inline_featured_image":false,"_monsterinsights_skip_tracking":false,"_monsterinsights_sitenote_active":false,"_monsterinsights_sitenote_note":"","_monsterinsights_sitenote_category":0},"product_brand":[],"product_cat":[101,121],"product_tag":[],"class_list":{"0":"post-27852","1":"product","2":"type-product","3":"status-publish","4":"has-post-thumbnail","6":"product_cat-activites-marrakech","7":"product_cat-visites-guidees-marrakech","9":"first","10":"instock","11":"virtual","12":"sold-individually","13":"purchasable","14":"product-type-booking"},"booking_location":"","booking_location_type":"","booking_duration":3,"booking_duration_unit":"hour","booking_buffer":0,"booking_cost":79,"booking_resources":[],"exclude_global_add_ons":[],"addons":[],"_links":{"self":[{"href":"https:\/\/www.marrakechtaxi.com\/fr\/wp-json\/wp\/v2\/product\/27852","targetHints":{"allow":["GET"]}}],"collection":[{"href":"https:\/\/www.marrakechtaxi.com\/fr\/wp-json\/wp\/v2\/product"}],"about":[{"href":"https:\/\/www.marrakechtaxi.com\/fr\/wp-json\/wp\/v2\/types\/product"}],"replies":[{"embeddable":true,"href":"https:\/\/www.marrakechtaxi.com\/fr\/wp-json\/wp\/v2\/comments?post=27852"}],"wp:featuredmedia":[{"embeddable":true,"href":"https:\/\/www.marrakechtaxi.com\/fr\/wp-json\/wp\/v2\/media\/27845"}],"wp:attachment":[{"href":"https:\/\/www.marrakechtaxi.com\/fr\/wp-json\/wp\/v2\/media?parent=27852"}],"wp:term":[{"taxonomy":"product_brand","embeddable":true,"href":"https:\/\/www.marrakechtaxi.com\/fr\/wp-json\/wp\/v2\/product_brand?post=27852"},{"taxonomy":"product_cat","embeddable":true,"href":"https:\/\/www.marrakechtaxi.com\/fr\/wp-json\/wp\/v2\/product_cat?post=27852"},{"taxonomy":"product_tag","embeddable":true,"href":"https:\/\/www.marrakechtaxi.com\/fr\/wp-json\/wp\/v2\/product_tag?post=27852"}],"curies":[{"name":"wp","href":"https:\/\/api.w.org\/{rel}","templated":true}]}}