{"id":27840,"date":"2025-04-09T13:50:27","date_gmt":"2025-04-09T12:50:27","guid":{"rendered":"https:\/\/www.marrakechtaxi.com\/visite-monuments-marrakech-koutoubia-bahia-saadiens\/"},"modified":"2025-05-27T21:28:42","modified_gmt":"2025-05-27T20:28:42","slug":"visite-monuments-marrakech-koutoubia-bahia-saadiens","status":"publish","type":"product","link":"https:\/\/www.marrakechtaxi.com\/fr\/visite-monuments-marrakech-koutoubia-bahia-saadiens\/","title":{"rendered":"Visite des monuments de Marrakech &#8211; Koutoubia, palais de la Bahia et tombeaux saadiens"},"content":{"rendered":"\n<h2 class=\"wp-block-heading has-luminous-vivid-orange-color has-text-color has-link-color wp-elements-5c93f5302fe0953f94dab636b64b65f5\"><strong><span style=\"color: #ff6600;\">Dur\u00e9e : Environ 03 heures<\/span><\/strong><\/h2>\n\n<p>Plongez au c\u0153ur de la riche histoire de Marrakech avec cette visite guid\u00e9e des monuments les plus c\u00e9l\u00e8bres de la ville.<\/p>\n\n<p>Commencez votre visite par la magnifique mosqu\u00e9e Koutoubia, symbole spirituel de Marrakech, avec son minaret du XIIe si\u00e8cle dominant la m\u00e9dina. Continuez jusqu&rsquo;au magnifique palais de la Bahia, chef-d&rsquo;\u0153uvre de l&rsquo;architecture marocaine avec ses mosa\u00efques complexes, ses jardins luxuriants et son histoire royale. Ensuite, percez le myst\u00e8re des tombeaux saadiens, cach\u00e9s pendant des si\u00e8cles et aujourd&rsquo;hui magnifiquement restaur\u00e9s, offrant un aper\u00e7u de la grandeur de la dynastie saadienne du Maroc.  <\/p>\n\n<p>Vous serez accompagn\u00e9 par un guide asserment\u00e9 accr\u00e9dit\u00e9 par le minist\u00e8re marocain du Tourisme, qui partagera des anecdotes fascinantes, des informations locales et un aper\u00e7u du contexte culturel. Profitez du confort et de la commodit\u00e9 d&rsquo;un transport priv\u00e9 climatis\u00e9 tout au long de l&rsquo;exp\u00e9rience. <\/p>\n\n<p>Plus qu&rsquo;une simple visite, c&rsquo;est un voyage culturel \u00e0 travers le temps. Id\u00e9al pour les nouveaux visiteurs, les passionn\u00e9s d&rsquo;histoire et tous ceux qui souhaitent approfondir leurs connaissances de Marrakech. <\/p>\n\n<h2 class=\"wp-block-heading has-luminous-vivid-orange-color has-text-color has-link-color wp-elements-7f7cea6bd43c641a2fb62262fc04e648\"><strong><span style=\"color: #ff6600;\">Points forts<\/span><\/strong><\/h2>\n\n<p>\u2705 Visitez l&#8217;embl\u00e9matique mosqu\u00e9e Koutoubia de l&rsquo;ext\u00e9rieur<br\/>\u2705 Explorez l&rsquo;\u00e9l\u00e9gant palais de la Bahia et ses jardins royaux<br\/>\u2705 D\u00e9couvrez les tombeaux saadiens, cach\u00e9s depuis des si\u00e8cles<br\/>\u2705 Apprenez-en plus avec un guide professionnel agr\u00e9\u00e9<br\/>\u2705 Voyagez en transport priv\u00e9 et confortable<br\/>\u2705 Options de visites en petit groupe ou priv\u00e9es disponibles<br\/>\u2705 Prise en charge et retour \u00e0 l&rsquo;h\u00f4tel<\/p>\n\n<h2 class=\"wp-block-heading has-luminous-vivid-orange-color has-text-color has-link-color wp-elements-3e4c3fe6deca6dcbca5503b5f9b32492\"><strong><span style=\"color: #ff6600;\">Inclut\/N&rsquo;inclut pas<\/span><\/strong><\/h2>\n\n<p>\u2705 Transport priv\u00e9 (prise en charge et retour \u00e0 l&rsquo;h\u00f4tel)<br\/>\u2705 Guide local<\/p>\n\n<p>\u274c Repas<br\/>\u274c D\u00e9penses personnelles<br\/>\u274c Entr\u00e9es aux monuments<br\/>Palais de la Bahia (Adultes : 100 DH &#8211; Enfants : 50 DH)<br\/>Tombeaux saadiens (Adultes : 100 DH &#8211; Enfants : 50 DH)<\/p>\n\n<h2 class=\"wp-block-heading has-luminous-vivid-orange-color has-text-color has-link-color wp-elements-1202909cb4b6325fc8d6a8b04164d037\"><strong><span style=\"color: #ff6600;\">Informations importantes<\/span><\/strong><\/h2>\n\n<p>Quoi apporter :<\/p>\n\n<ul class=\"wp-block-list\">\n<li>Des chaussures confortables<\/li>\n\n\n\n<li>Lunettes de soleil<\/li>\n\n\n\n<li>Chapeau de soleil<\/li>\n\n\n\n<li>Protection solaire<\/li>\n<\/ul>\n\n<h2 class=\"wp-block-heading has-luminous-vivid-orange-color has-text-color has-link-color wp-elements-680d476284274a330540ea2b1e8bc839\"><strong><span style=\"color: #ff6600;\">Questions fr\u00e9quemment pos\u00e9es<\/span><\/strong><\/h2>\n<div id=\"rank-math-faq\" class=\"rank-math-block\">\n<div class=\"rank-math-list \">\n<div id=\"faq-question-1744235635607\" class=\"rank-math-list-item\">\n<h3 class=\"rank-math-question \">Q : L&rsquo;entr\u00e9e \u00e0 tous les monuments est-elle incluse ?<\/h3>\n<div class=\"rank-math-answer \">\n\n<p>Non, les frais d&rsquo;entr\u00e9e au Palais de la Bahia et aux Tombeaux Saadiens ne sont pas inclus dans le prix.<\/p>\n\n<\/div>\n<\/div>\n<div id=\"faq-question-1744235679340\" class=\"rank-math-list-item\">\n<h3 class=\"rank-math-question \">Q : Puis-je entrer dans la mosqu\u00e9e Koutoubia ?<\/h3>\n<div class=\"rank-math-answer \">\n\n<p>En tant que non-musulman, vous pouvez visiter l&rsquo;ext\u00e9rieur et les jardins environnants, mais l&rsquo;entr\u00e9e \u00e0 l&rsquo;int\u00e9rieur est restreinte.<\/p>\n\n<\/div>\n<\/div>\n<div id=\"faq-question-1744235694172\" class=\"rank-math-list-item\">\n<h3 class=\"rank-math-question \">Q : Cette visite est-elle priv\u00e9e ?<\/h3>\n<div class=\"rank-math-answer \">\n\n<p>Oui, nous proposons des visites priv\u00e9es par d\u00e9faut. Des options en petits groupes peuvent \u00e9galement \u00eatre disponibles sur demande. <\/p>\n\n<\/div>\n<\/div>\n<div id=\"faq-question-1744235706614\" class=\"rank-math-list-item\">\n<h3 class=\"rank-math-question \">Q : Quel type de v\u00e9hicule est utilis\u00e9 ?<\/h3>\n<div class=\"rank-math-answer \">\n\n<p>Nous mettons \u00e0 votre disposition un v\u00e9hicule moderne, climatis\u00e9 et adapt\u00e9 \u00e0 la taille de votre groupe, avec un chauffeur professionnel.<\/p>\n\n<\/div>\n<\/div>\n<div id=\"faq-question-1744235718592\" class=\"rank-math-list-item\">\n<h3 class=\"rank-math-question \">Q : Puis-je personnaliser la visite ?<\/h3>\n<div class=\"rank-math-answer \">\n\n<p>Absolument ! N&rsquo;h\u00e9sitez pas \u00e0 nous faire savoir si vous souhaitez ajouter des arr\u00eats ou modifier l&rsquo;itin\u00e9raire. <\/p>\n\n<\/div>\n<\/div>\n<div id=\"faq-question-1744235731941\" class=\"rank-math-list-item\">\n<h3 class=\"rank-math-question \">Q : Le guide est-il officiellement certifi\u00e9 ?<\/h3>\n<div class=\"rank-math-answer \">\n\n<p>Oui, votre guide est officiellement agr\u00e9\u00e9 et asserment\u00e9 par le Minist\u00e8re du Tourisme Marocain.<\/p>\n\n<\/div>\n<\/div>\n<\/div>\n<\/div>\n<p><\/p>\n","protected":false},"excerpt":{"rendered":"<p>Visitez les sites les plus embl\u00e9matiques de Marrakech avec un guide agr\u00e9\u00e9 et un transport priv\u00e9. D\u00e9couvrez la mosqu\u00e9e Koutoubia, le palais de la Bahia et les tombeaux saadiens lors de cette visite culturelle inoubliable. <\/p>\n","protected":false},"featured_media":27801,"comment_status":"open","ping_status":"closed","template":"","meta":{"inline_featured_image":false,"_monsterinsights_skip_tracking":false,"_monsterinsights_sitenote_active":false,"_monsterinsights_sitenote_note":"","_monsterinsights_sitenote_category":0},"product_brand":[],"product_cat":[101,121],"product_tag":[],"class_list":{"0":"post-27840","1":"product","2":"type-product","3":"status-publish","4":"has-post-thumbnail","6":"product_cat-activites-marrakech","7":"product_cat-visites-guidees-marrakech","9":"first","10":"instock","11":"virtual","12":"sold-individually","13":"purchasable","14":"product-type-booking"},"booking_location":"","booking_location_type":"","booking_duration":3,"booking_duration_unit":"hour","booking_buffer":0,"booking_cost":79,"booking_resources":[],"exclude_global_add_ons":[],"addons":[],"_links":{"self":[{"href":"https:\/\/www.marrakechtaxi.com\/fr\/wp-json\/wp\/v2\/product\/27840","targetHints":{"allow":["GET"]}}],"collection":[{"href":"https:\/\/www.marrakechtaxi.com\/fr\/wp-json\/wp\/v2\/product"}],"about":[{"href":"https:\/\/www.marrakechtaxi.com\/fr\/wp-json\/wp\/v2\/types\/product"}],"replies":[{"embeddable":true,"href":"https:\/\/www.marrakechtaxi.com\/fr\/wp-json\/wp\/v2\/comments?post=27840"}],"wp:featuredmedia":[{"embeddable":true,"href":"https:\/\/www.marrakechtaxi.com\/fr\/wp-json\/wp\/v2\/media\/27801"}],"wp:attachment":[{"href":"https:\/\/www.marrakechtaxi.com\/fr\/wp-json\/wp\/v2\/media?parent=27840"}],"wp:term":[{"taxonomy":"product_brand","embeddable":true,"href":"https:\/\/www.marrakechtaxi.com\/fr\/wp-json\/wp\/v2\/product_brand?post=27840"},{"taxonomy":"product_cat","embeddable":true,"href":"https:\/\/www.marrakechtaxi.com\/fr\/wp-json\/wp\/v2\/product_cat?post=27840"},{"taxonomy":"product_tag","embeddable":true,"href":"https:\/\/www.marrakechtaxi.com\/fr\/wp-json\/wp\/v2\/product_tag?post=27840"}],"curies":[{"name":"wp","href":"https:\/\/api.w.org\/{rel}","templated":true}]}}