{"id":26297,"date":"2025-03-10T18:38:35","date_gmt":"2025-03-10T18:38:35","guid":{"rendered":"https:\/\/www.marrakechtaxi.com\/excursion-privee-ait-ben-haddou\/"},"modified":"2025-11-01T22:56:16","modified_gmt":"2025-11-01T21:56:16","slug":"excursion-privee-ait-ben-haddou","status":"publish","type":"product","link":"https:\/\/www.marrakechtaxi.com\/fr\/excursion-privee-ait-ben-haddou\/","title":{"rendered":"Excursion priv\u00e9e \u00e0 A\u00eft Ben Haddou et Ouarzazate"},"content":{"rendered":"\n<h2 class=\"wp-block-heading has-luminous-vivid-orange-color has-text-color has-link-color wp-elements-e79aee7c1b6e2f779c60faa70139d0e5\"><strong>\ud83c\udfdc\ufe0f Aper\u00e7u de l&rsquo;exp\u00e9rience<\/strong><\/h2>\n\n<h3 class=\"wp-block-heading\">Cette <strong>excursion priv\u00e9e d&rsquo;une journ\u00e9e \u00e0 A\u00eft-ben-Haddou<\/strong> et Ouarzazate vous invite \u00e0 d\u00e9couvrir la porte d&rsquo;entr\u00e9e du d\u00e9sert marocain. Apr\u00e8s avoir travers\u00e9 les majestueuses montagnes du Haut Atlas par le col de Tizi n&rsquo;Tichka, vous atteindrez le village fortifi\u00e9 d&rsquo;<strong>A\u00eft-ben-Haddou<\/strong>, un ksar class\u00e9 au patrimoine mondial de l&rsquo;UNESCO, c\u00e9l\u00e8bre pour son architecture en terre remarquable et ses apparitions dans des films comme <em>Gladiator <\/em>et <em>Game of Thrones<\/em>. <\/h3>\n\n<p>Continuez vers <strong>Ouarzazate<\/strong>, connu comme le \u00ab Hollywood de l&rsquo;Afrique \u00bb, o\u00f9 vous pourrez visiter des studios de cin\u00e9ma de renomm\u00e9e mondiale, des kasbahs historiques et admirer des vues imprenables sur le d\u00e9sert.<\/p>\n\n<h2 class=\"wp-block-heading has-luminous-vivid-orange-color has-text-color has-link-color wp-elements-83dd9477f3ffb529b0d93cfc4eb5ac9a\"><strong>\u2b50 Points forts<\/strong><\/h2>\n\n<p>\u2714\ufe0f Transfert priv\u00e9 aller-retour depuis Marrakech<br\/>\u2714\ufe0f Route panoramique \u00e0 travers les montagnes de l&rsquo;Atlas (Tizi n&rsquo;Tichka)<br\/>\u2714\ufe0f Visite guid\u00e9e de la Kasbah d&rsquo;A\u00eft Ben Haddou<br\/>\u2714\ufe0f D\u00e9couverte de Ouarzazate et de ses c\u00e9l\u00e8bres studios de cin\u00e9ma (<em>visite facultative<\/em>)<br\/>\u2714\ufe0f Arr\u00eat optionnel \u00e0 la Kasbah de T\u00e9louet (si le temps le permet)<br\/>\u2714\ufe0f Programme personnalisable avec chauffeur priv\u00e9<\/p>\n\n<h2 class=\"wp-block-heading has-luminous-vivid-orange-color has-text-color has-link-color wp-elements-6f54c6011fa8170afe9cc048b407dfc2\"><strong>\ud83d\uddfa\ufe0f \u00c0 quoi s&rsquo;attendre<\/strong><\/h2>\n\n<ul class=\"wp-block-list\">\n<li>\ud83d\ude97 D\u00e9part de Marrakech \u00e0 7h30<\/li>\n\n\n\n<li>\ud83c\udfd4\ufe0f Traversez les montagnes de l\u2019Atlas par le col de Tizi n\u2019Tichka<\/li>\n\n\n\n<li>\ud83d\udcf8 Arr\u00eats photo en cours de route pour des vues panoramiques<\/li>\n\n\n\n<li>\ud83c\udff0 Visitez et explorez le ksar d&rsquo;Ait Ben Haddou avec un guide local (<em>inclus<\/em>)<\/li>\n\n\n\n<li>\ud83c\udfac Direction Ouarzazate \u2014 visite facultative des Studios Atlas ou de la Kasbah de Taourirt (<em>entr\u00e9e non incluse<\/em>)<\/li>\n\n\n\n<li>\ud83c\udf7d\ufe0f Temps libre pour d\u00e9jeuner \u00e0 Ait Ben Haddou ou Ouarzazate<\/li>\n\n\n\n<li>\ud83c\udf05 Retour \u00e0 Marrakech en soir\u00e9e<\/li>\n<\/ul>\n\n<h2 class=\"wp-block-heading has-luminous-vivid-orange-color has-text-color\"><strong>\ud83d\udd52 Aper\u00e7u de l&rsquo;itin\u00e9raire<\/strong><\/h2>\n\n<p><strong>7h30 \u2013 D\u00e9part de Marrakech<\/strong><br\/>Commencez votre aventure par une prise en charge \u00e0 votre h\u00f4tel et dirigez-vous vers le Haut Atlas en passant par le pittoresque col du <strong>Tizi n\u2019Tichka<\/strong> (2 260 m), offrant des panoramas incroyables et des arr\u00eats photo.<\/p>\n\n<p><strong>10h30 \u2013 Arr\u00eat \u00e0 un point de vue panoramique<\/strong><br\/>Profitez d&rsquo;une courte pause pour vous \u00e9tirer, prendre des photos et admirer le paysage avant de poursuivre votre voyage \u00e0 travers les villages berb\u00e8res et les montagnes.<\/p>\n\n<p><strong>11h30 \u2013 Arriv\u00e9e \u00e0 la Kasbah d&rsquo;A\u00eft-ben-Haddou<\/strong><br\/>Explorez ce site class\u00e9 au <strong>patrimoine mondial de l&rsquo;UNESCO<\/strong> avec un guide local. Promenez-vous dans ses ruelles \u00e9troites, d\u00e9couvrez son histoire fascinante et d\u00e9couvrez pourquoi il est un lieu de tournage privil\u00e9gi\u00e9 pour les films \u00e0 succ\u00e8s internationaux. <\/p>\n\n<p><strong>13h00 \u2013 Pause d\u00e9jeuner<\/strong><br\/>Savourez un d\u00e9jeuner marocain traditionnel (non inclus) dans un restaurant local offrant une vue magnifique sur la kasbah ou la vall\u00e9e.<\/p>\n\n<p><strong>14h30 \u2013 Continuation vers Ouarzazate<\/strong><br\/>Route vers <strong>Ouarzazate<\/strong>, surnomm\u00e9e le \u00ab Hollywood africain \u00bb. Visites facultatives :<br\/>\ud83c\udfac <strong>Studios de cin\u00e9ma Atlas<\/strong> (<em>facultatif, entr\u00e9e non incluse<\/em>)<br\/>\ud83c\udff0 <strong>Kasbah Taourirt <\/strong>\u2013 un palais fortifi\u00e9 historique <\/p>\n\n<p><strong>16h00 \u2013 D\u00e9part du voyage de retour vers Marrakech<\/strong><br\/>D\u00e9but du trajet panoramique de retour, avec de courts arr\u00eats facultatifs en cours de route.<\/p>\n\n<p><strong>~19h30 \u2013 Arriv\u00e9e \u00e0 Marrakech<\/strong><br\/>D\u00e9pose \u00e0 votre h\u00f4tel ou \u00e0 l&rsquo;endroit de votre choix en ville.<\/p>\n\n<h2 class=\"wp-block-heading has-luminous-vivid-orange-color has-text-color has-link-color wp-elements-77a72955fa208665fd6f07e2be0f2e45\"><strong>\u2705 Ce qui est inclus<\/strong><\/h2>\n\n<ul class=\"wp-block-list\">\n<li>V\u00e9hicule priv\u00e9 moderne avec climatisation<\/li>\n\n\n\n<li>Chauffeur parlant anglais\/fran\u00e7ais<\/li>\n\n\n\n<li>Visite guid\u00e9e \u00e0 pied d&rsquo;Ait Ben Haddou<\/li>\n\n\n\n<li>Prise en charge et retour \u00e0 l&rsquo;h\u00f4tel\/riad<\/li>\n<\/ul>\n\n<h2 class=\"wp-block-heading has-luminous-vivid-orange-color has-text-color has-link-color wp-elements-4731b2ff52ccfabfe7e045851ed439da\"><strong>\u274c Non inclus<\/strong><\/h2>\n\n<ul class=\"wp-block-list\">\n<li>Frais d&rsquo;entr\u00e9e aux studios ou kasbahs (facultatif)<\/li>\n\n\n\n<li>Repas et boissons<\/li>\n\n\n\n<li>Guide local \u00e0 Ouarzazate (si d\u00e9sir\u00e9)<\/li>\n\n\n\n<li>Pourboires au chauffeur ou aux guides<\/li>\n<\/ul>\n\n<h2 class=\"wp-block-heading has-luminous-vivid-orange-color has-text-color has-link-color wp-elements-436067df467f31fcc642f9f3959da924\"><strong>\ud83d\udccd Informations sur le ramassage<\/strong><\/h2>\n\n<p>\u2705 Prise en charge \u00e0 votre h\u00f4tel ou riad inclus dans le centre de Marrakech<br\/>\ud83d\udccd Pour les destinations \u00e9loign\u00e9es, un point de rendez-vous \u00e0 proximit\u00e9 sera convenu.<\/p>\n\n<h2 class=\"wp-block-heading has-luminous-vivid-orange-color has-text-color has-link-color wp-elements-bba76f0d5295d2ef8ee84f857ecd4305\"><strong>\ud83d\udcc5 Informations de r\u00e9servation<\/strong><\/h2>\n\n<ul class=\"wp-block-list\">\n<li>\u2705 Des visites priv\u00e9es ont lieu tous les jours<\/li>\n\n\n\n<li>\ud83d\udd52 Heure de d\u00e9part : 7h30<\/li>\n\n\n\n<li>\u23f1\ufe0f Dur\u00e9e : ~11\u201312 heures<\/li>\n\n\n\n<li>\ud83d\udce9 R\u00e9servation \u00e0 l&rsquo;avance recommand\u00e9e<\/li>\n\n\n\n<li>\ud83d\udcb3 Acompte requis pour confirmer (non remboursable en cas d&rsquo;annulation tardive)<\/li>\n<\/ul>\n\n<hr class=\"wp-block-separator has-alpha-channel-opacity\"\/>\n\n<h2 class=\"wp-block-heading has-luminous-vivid-orange-color has-text-color has-link-color wp-elements-7493d2a3ab0a4852f0278d78ea92ae74\"><strong>Questions fr\u00e9quemment pos\u00e9es<\/strong><\/h2>\n<div id=\"rank-math-faq\" class=\"rank-math-block\">\n<div class=\"rank-math-list \">\n<div id=\"faq-question-1741629833122\" class=\"rank-math-list-item\">\n<h3 class=\"rank-math-question \"><strong>Combien de temps dure le trajet jusqu&rsquo;\u00e0 Ait Ben Haddou depuis Marrakech ?<\/strong><\/h3>\n<div class=\"rank-math-answer \">\n\n<p>Le trajet dure environ 3,5 \u00e0 4 heures dans chaque sens, avec des arr\u00eats pittoresques tout au long du parcours.<\/p>\n\n<\/div>\n<\/div>\n<div id=\"faq-question-1741629841290\" class=\"rank-math-list-item\">\n<h3 class=\"rank-math-question \"><strong>Est-il possible de visiter Ait Ben Haddou et Ouarzazate en une journ\u00e9e ?<\/strong><\/h3>\n<div class=\"rank-math-answer \">\n\n<p>Oui, avec un d\u00e9part matinal et un transport priv\u00e9, c&rsquo;est une excursion d&rsquo;une journ\u00e9e populaire et faisable.<\/p>\n\n<\/div>\n<\/div>\n<div id=\"faq-question-1741629851061\" class=\"rank-math-list-item\">\n<h3 class=\"rank-math-question \"><strong>Dois-je engager un guide pour Ait Ben Haddou ?<\/strong><\/h3>\n<div class=\"rank-math-answer \">\n\n<p>Un guide local est facultatif lors de votre visite \u00e0 Ait Ben Haddou pour enrichir votre exp\u00e9rience culturelle.<\/p>\n\n<\/div>\n<\/div>\n<div id=\"faq-question-1741629860598\" class=\"rank-math-list-item\">\n<h3 class=\"rank-math-question \"><strong>Puis-je personnaliser le voyage ?<\/strong><\/h3>\n<div class=\"rank-math-answer \">\n\n<p>Absolument. Vous pouvez demander des arr\u00eats photo, des pauses, voire un d\u00e9tour par la Kasbah de Telouet si le temps le permet. <\/p>\n\n<\/div>\n<\/div>\n<div id=\"faq-question-1754307850154\" class=\"rank-math-list-item\">\n<h3 class=\"rank-math-question \"><strong>Que dois-je apporter ?<\/strong><\/h3>\n<div class=\"rank-math-answer \">\n\n<p>Des chaussures confortables, une protection solaire, un chapeau, un appareil photo et de l&rsquo;argent liquide pour les repas ou les frais d&rsquo;entr\u00e9e facultatifs.<\/p>\n\n<\/div>\n<\/div>\n<\/div>\n<\/div>\n<p><\/p>\n","protected":false},"excerpt":{"rendered":"<p>Embarquez pour une excursion priv\u00e9e d&rsquo;une journ\u00e9e au d\u00e9part de Marrakech pour explorer l&#8217;embl\u00e9matique Kasbah d&rsquo;A\u00eft-ben-Haddou et la ville cin\u00e9matographique de Ouarzazate. Parcourez les montagnes du Haut Atlas, visitez des sites class\u00e9s au patrimoine mondial de l&rsquo;UNESCO et d\u00e9couvrez les c\u00e9l\u00e8bres studios de cin\u00e9ma marocains, le tout en une seule journ\u00e9e. <\/p>\n","protected":false},"featured_media":25627,"comment_status":"open","ping_status":"closed","template":"","meta":{"inline_featured_image":false,"_monsterinsights_skip_tracking":false,"_monsterinsights_sitenote_active":false,"_monsterinsights_sitenote_note":"","_monsterinsights_sitenote_category":0},"product_brand":[],"product_cat":[95,96],"product_tag":[],"class_list":{"0":"post-26297","1":"product","2":"type-product","3":"status-publish","4":"has-post-thumbnail","6":"product_cat-excursions-sorties-marrakech","7":"product_cat-excursions-privees-marrakech","9":"first","10":"instock","11":"virtual","12":"sold-individually","13":"purchasable","14":"product-type-booking"},"booking_location":"","booking_location_type":"","booking_duration":1,"booking_duration_unit":"day","booking_buffer":0,"booking_cost":129,"booking_resources":[],"exclude_global_add_ons":false,"addons":[{"name":"Guide local (+30\u20ac)","type":"checkbox","position":0,"required":false,"title_format":"hide","default":"","description_enable":false,"description":null,"placeholder_enable":false,"placeholder":null,"display":"select","restrictions_type":"any_text","adjust_price":false,"price":"","price_type":"flat_fee","restrictions":false,"min":"0","max":"0","options":[{"label":"Guide local (+30\u20ac)","price":"30","price_type":"flat_fee","image":0,"visibility":true}],"id":1741632346},{"name":"Voiture de luxe (+30\u20ac)","type":"checkbox","position":1,"required":false,"title_format":"hide","default":"","description_enable":false,"description":null,"placeholder_enable":false,"placeholder":null,"display":"select","restrictions_type":"any_text","adjust_price":false,"price":"","price_type":"flat_fee","restrictions":false,"min":"0","max":"0","options":[{"label":"Voiture de luxe (+30\u20ac)","price":"30","price_type":"flat_fee","image":0,"visibility":true}],"id":1760540147}],"_links":{"self":[{"href":"https:\/\/www.marrakechtaxi.com\/fr\/wp-json\/wp\/v2\/product\/26297","targetHints":{"allow":["GET"]}}],"collection":[{"href":"https:\/\/www.marrakechtaxi.com\/fr\/wp-json\/wp\/v2\/product"}],"about":[{"href":"https:\/\/www.marrakechtaxi.com\/fr\/wp-json\/wp\/v2\/types\/product"}],"replies":[{"embeddable":true,"href":"https:\/\/www.marrakechtaxi.com\/fr\/wp-json\/wp\/v2\/comments?post=26297"}],"wp:featuredmedia":[{"embeddable":true,"href":"https:\/\/www.marrakechtaxi.com\/fr\/wp-json\/wp\/v2\/media\/25627"}],"wp:attachment":[{"href":"https:\/\/www.marrakechtaxi.com\/fr\/wp-json\/wp\/v2\/media?parent=26297"}],"wp:term":[{"taxonomy":"product_brand","embeddable":true,"href":"https:\/\/www.marrakechtaxi.com\/fr\/wp-json\/wp\/v2\/product_brand?post=26297"},{"taxonomy":"product_cat","embeddable":true,"href":"https:\/\/www.marrakechtaxi.com\/fr\/wp-json\/wp\/v2\/product_cat?post=26297"},{"taxonomy":"product_tag","embeddable":true,"href":"https:\/\/www.marrakechtaxi.com\/fr\/wp-json\/wp\/v2\/product_tag?post=26297"}],"curies":[{"name":"wp","href":"https:\/\/api.w.org\/{rel}","templated":true}]}}