{"id":25829,"date":"2025-02-13T18:50:47","date_gmt":"2025-02-13T17:50:47","guid":{"rendered":"https:\/\/www.marrakechtaxi.com\/conditions-generales-vente\/"},"modified":"2026-02-26T21:10:26","modified_gmt":"2026-02-26T21:10:26","slug":"conditions-generales-vente","status":"publish","type":"page","link":"https:\/\/www.marrakechtaxi.com\/fr\/conditions-generales-vente\/","title":{"rendered":"Conditions G\u00e9n\u00e9rales de Vente"},"content":{"rendered":"\t\t<div data-elementor-type=\"wp-page\" data-elementor-id=\"25829\" class=\"elementor elementor-25829 elementor-24199\" data-elementor-post-type=\"page\">\n\t\t\t\t<div class=\"elementor-element elementor-element-3f72159 e-flex e-con-boxed e-con e-parent\" data-id=\"3f72159\" data-element_type=\"container\" data-e-type=\"container\">\n\t\t\t\t\t<div class=\"e-con-inner\">\n\t\t\t\t<div class=\"elementor-element elementor-element-c88e8d2 elementor-widget elementor-widget-heading\" data-id=\"c88e8d2\" data-element_type=\"widget\" data-e-type=\"widget\" data-widget_type=\"heading.default\">\n\t\t\t\t<div class=\"elementor-widget-container\">\n\t\t\t\t\t<h1 class=\"elementor-heading-title elementor-size-default\">Conditions G\u00e9n\u00e9rales de Vente<\/h1>\t\t\t\t<\/div>\n\t\t\t\t<\/div>\n\t\t\t\t<div class=\"elementor-element elementor-element-efdc9d6 elementor-widget elementor-widget-heading\" data-id=\"efdc9d6\" data-element_type=\"widget\" data-e-type=\"widget\" data-widget_type=\"heading.default\">\n\t\t\t\t<div class=\"elementor-widget-container\">\n\t\t\t\t\t<h6 class=\"elementor-heading-title elementor-size-default\">Derni\u00e8re mise \u00e0 jour : 19 f\u00e9vrier 2026<\/h6>\t\t\t\t<\/div>\n\t\t\t\t<\/div>\n\t\t\t\t<div class=\"elementor-element elementor-element-6750988 elementor-widget elementor-widget-text-editor\" data-id=\"6750988\" data-element_type=\"widget\" data-e-type=\"widget\" data-widget_type=\"text-editor.default\">\n\t\t\t\t<div class=\"elementor-widget-container\">\n\t\t\t\t\t\t\t\t\t<p>Les pr\u00e9sentes Conditions g\u00e9n\u00e9rales d\u2019utilisation (\u00ab Conditions \u00bb) r\u00e9gissent l\u2019utilisation du site web <strong>MarrakechTaxi.com<\/strong>, exploit\u00e9 par <strong>ATLAS WINGS LLC (Wyoming, \u00c9tats-Unis)<\/strong>, en coordination avec sa filiale op\u00e9rationnelle <strong>ATLAS WINGS SARL (Maroc)<\/strong>. En r\u00e9servant un service, vous concluez un contrat vous engageant envers Atlas Wings. <\/p>\t\t\t\t\t\t\t\t<\/div>\n\t\t\t\t<\/div>\n\t\t\t\t<div class=\"elementor-element elementor-element-3dd1235 elementor-widget elementor-widget-heading\" data-id=\"3dd1235\" data-element_type=\"widget\" data-e-type=\"widget\" data-widget_type=\"heading.default\">\n\t\t\t\t<div class=\"elementor-widget-container\">\n\t\t\t\t\t<h2 class=\"elementor-heading-title elementor-size-default\">1. Structure de l'entreprise et licences<\/h2>\t\t\t\t<\/div>\n\t\t\t\t<\/div>\n\t\t\t\t<div class=\"elementor-element elementor-element-c781818 elementor-widget elementor-widget-text-editor\" data-id=\"c781818\" data-element_type=\"widget\" data-e-type=\"widget\" data-widget_type=\"text-editor.default\">\n\t\t\t\t<div class=\"elementor-widget-container\">\n\t\t\t\t\t\t\t\t\t<p><strong>Facturation et administration<\/strong> : Toutes les transactions financi\u00e8res et la gestion de la plateforme sont assur\u00e9es par <strong>ATLAS WINGS LLC<\/strong>, soci\u00e9t\u00e9 enregistr\u00e9e dans le Wyoming, aux \u00c9tats-Unis.<\/p>\t\t\t\t\t\t\t\t<\/div>\n\t\t\t\t<\/div>\n\t\t\t\t<div class=\"elementor-element elementor-element-affd8c8 elementor-widget elementor-widget-text-editor\" data-id=\"affd8c8\" data-element_type=\"widget\" data-e-type=\"widget\" data-widget_type=\"text-editor.default\">\n\t\t\t\t<div class=\"elementor-widget-container\">\n\t\t\t\t\t\t\t\t\t<p><strong>Ex\u00e9cution du service<\/strong> : Les services de transport physique sont assur\u00e9s par <strong>ATLAS WINGS SARL<\/strong>, une entreprise de transport professionnelle d\u00fbment agr\u00e9\u00e9e par le minist\u00e8re marocain des Transports.<\/p>\t\t\t\t\t\t\t\t<\/div>\n\t\t\t\t<\/div>\n\t\t\t\t<div class=\"elementor-element elementor-element-7c2916f elementor-widget elementor-widget-heading\" data-id=\"7c2916f\" data-element_type=\"widget\" data-e-type=\"widget\" data-widget_type=\"heading.default\">\n\t\t\t\t<div class=\"elementor-widget-container\">\n\t\t\t\t\t<h2 class=\"elementor-heading-title elementor-size-default\">2. \u00c9tendue des services<\/h2>\t\t\t\t<\/div>\n\t\t\t\t<\/div>\n\t\t\t\t<div class=\"elementor-element elementor-element-21dac5e elementor-widget elementor-widget-text-editor\" data-id=\"21dac5e\" data-element_type=\"widget\" data-e-type=\"widget\" data-widget_type=\"text-editor.default\">\n\t\t\t\t<div class=\"elementor-widget-container\">\n\t\t\t\t\t\t\t\t\t<p>Nous proposons un service de transport terrestre priv\u00e9 pr\u00e9-organis\u00e9, comprenant :<\/p><ul><li>Transferts a\u00e9roport et port.<\/li><li>Transferts priv\u00e9s interurbains.<\/li><li>Visites et excursions avec chauffeur.<\/li><li><strong>Remarque <\/strong>: Nous sommes un prestataire de transport direct. Nous n&rsquo;effectuons pas de r\u00e9servations d&rsquo;h\u00f4tel ni d&rsquo;interm\u00e9diation pour les vols. <\/li><\/ul>\t\t\t\t\t\t\t\t<\/div>\n\t\t\t\t<\/div>\n\t\t\t\t<div class=\"elementor-element elementor-element-5037dea elementor-widget elementor-widget-heading\" data-id=\"5037dea\" data-element_type=\"widget\" data-e-type=\"widget\" data-widget_type=\"heading.default\">\n\t\t\t\t<div class=\"elementor-widget-container\">\n\t\t\t\t\t<h2 class=\"elementor-heading-title elementor-size-default\">3. Confirmation de r\u00e9servation<\/h2>\t\t\t\t<\/div>\n\t\t\t\t<\/div>\n\t\t\t\t<div class=\"elementor-element elementor-element-d08810e elementor-widget elementor-widget-text-editor\" data-id=\"d08810e\" data-element_type=\"widget\" data-e-type=\"widget\" data-widget_type=\"text-editor.default\">\n\t\t\t\t<div class=\"elementor-widget-container\">\n\t\t\t\t\t\t\t\t\t<p>Une r\u00e9servation n&rsquo;est consid\u00e9r\u00e9e comme juridiquement contraignante que lorsque :<\/p><ol><li>Le paiement int\u00e9gral ou un acompte d\u00e9sign\u00e9 est trait\u00e9.<\/li><li>Un courriel officiel de \u00ab Confirmation de r\u00e9servation \u00bb est envoy\u00e9 au client.<\/li><\/ol>\t\t\t\t\t\t\t\t<\/div>\n\t\t\t\t<\/div>\n\t\t\t\t<div class=\"elementor-element elementor-element-4caf79b elementor-widget elementor-widget-heading\" data-id=\"4caf79b\" data-element_type=\"widget\" data-e-type=\"widget\" data-widget_type=\"heading.default\">\n\t\t\t\t<div class=\"elementor-widget-container\">\n\t\t\t\t\t<h2 class=\"elementor-heading-title elementor-size-default\">4. Tarification et paiement<\/h2>\t\t\t\t<\/div>\n\t\t\t\t<\/div>\n\t\t\t\t<div class=\"elementor-element elementor-element-b0d6418 elementor-widget elementor-widget-text-editor\" data-id=\"b0d6418\" data-element_type=\"widget\" data-e-type=\"widget\" data-widget_type=\"text-editor.default\">\n\t\t\t\t<div class=\"elementor-widget-container\">\n\t\t\t\t\t\t\t\t\t<p>Les tarifs sont fixes au moment de la r\u00e9servation. Ils comprennent le v\u00e9hicule, le chauffeur, le carburant et les taxes de transport applicables. Les paiements sont trait\u00e9s de mani\u00e8re s\u00e9curis\u00e9e par notre filiale am\u00e9ricaine (<strong>ATLAS WINGS LLC<\/strong>) via des passerelles de paiement crypt\u00e9es SSL.  <\/p>\t\t\t\t\t\t\t\t<\/div>\n\t\t\t\t<\/div>\n\t\t\t\t<div class=\"elementor-element elementor-element-54bdf8b elementor-widget elementor-widget-heading\" data-id=\"54bdf8b\" data-element_type=\"widget\" data-e-type=\"widget\" data-widget_type=\"heading.default\">\n\t\t\t\t<div class=\"elementor-widget-container\">\n\t\t\t\t\t<h2 class=\"elementor-heading-title elementor-size-default\">5. Droit applicable<\/h2>\t\t\t\t<\/div>\n\t\t\t\t<\/div>\n\t\t\t\t<div class=\"elementor-element elementor-element-a580160 elementor-widget elementor-widget-text-editor\" data-id=\"a580160\" data-element_type=\"widget\" data-e-type=\"widget\" data-widget_type=\"text-editor.default\">\n\t\t\t\t<div class=\"elementor-widget-container\">\n\t\t\t\t\t\t\t\t\t<ul><li><strong>Litiges relatifs aux paiements<\/strong> : r\u00e9gis par les lois de l\u2019\u00c9tat du Wyoming, \u00c9tats-Unis.<\/li><li><strong>Prestations de service <\/strong>: R\u00e9gies par la r\u00e9glementation des transports du Royaume du Maroc.<\/li><\/ul>\t\t\t\t\t\t\t\t<\/div>\n\t\t\t\t<\/div>\n\t\t\t\t\t<\/div>\n\t\t\t\t<\/div>\n\t\t\t\t<\/div>\n\t\t","protected":false},"excerpt":{"rendered":"<p>Conditions G\u00e9n\u00e9rales de Vente Derni\u00e8re mise \u00e0 jour : 19 f\u00e9vrier 2026 Les pr\u00e9sentes Conditions g\u00e9n\u00e9rales d\u2019utilisation (\u00ab Conditions \u00bb) r\u00e9gissent l\u2019utilisation du site web MarrakechTaxi.com, exploit\u00e9 par ATLAS WINGS LLC (Wyoming, \u00c9tats-Unis), en coordination avec sa filiale op\u00e9rationnelle ATLAS WINGS SARL (Maroc). En r\u00e9servant un service, vous concluez un contrat vous engageant envers Atlas [&hellip;]<\/p>\n","protected":false},"author":1,"featured_media":0,"parent":0,"menu_order":0,"comment_status":"closed","ping_status":"closed","template":"elementor_header_footer","meta":{"inline_featured_image":false,"_monsterinsights_skip_tracking":false,"_monsterinsights_sitenote_active":false,"_monsterinsights_sitenote_note":"","_monsterinsights_sitenote_category":0,"footnotes":""},"class_list":["post-25829","page","type-page","status-publish","hentry"],"_links":{"self":[{"href":"https:\/\/www.marrakechtaxi.com\/fr\/wp-json\/wp\/v2\/pages\/25829","targetHints":{"allow":["GET"]}}],"collection":[{"href":"https:\/\/www.marrakechtaxi.com\/fr\/wp-json\/wp\/v2\/pages"}],"about":[{"href":"https:\/\/www.marrakechtaxi.com\/fr\/wp-json\/wp\/v2\/types\/page"}],"author":[{"embeddable":true,"href":"https:\/\/www.marrakechtaxi.com\/fr\/wp-json\/wp\/v2\/users\/1"}],"replies":[{"embeddable":true,"href":"https:\/\/www.marrakechtaxi.com\/fr\/wp-json\/wp\/v2\/comments?post=25829"}],"version-history":[{"count":0,"href":"https:\/\/www.marrakechtaxi.com\/fr\/wp-json\/wp\/v2\/pages\/25829\/revisions"}],"wp:attachment":[{"href":"https:\/\/www.marrakechtaxi.com\/fr\/wp-json\/wp\/v2\/media?parent=25829"}],"curies":[{"name":"wp","href":"https:\/\/api.w.org\/{rel}","templated":true}]}}