{"id":25824,"date":"2025-02-13T22:42:33","date_gmt":"2025-02-13T21:42:33","guid":{"rendered":"https:\/\/www.marrakechtaxi.com\/a-propos-de-nous\/"},"modified":"2025-04-10T15:28:32","modified_gmt":"2025-04-10T14:28:32","slug":"a-propos-de-nous","status":"publish","type":"page","link":"https:\/\/www.marrakechtaxi.com\/fr\/a-propos-de-nous\/","title":{"rendered":"\u00c0 propos"},"content":{"rendered":"\t\t<div data-elementor-type=\"wp-page\" data-elementor-id=\"25824\" class=\"elementor elementor-25824 elementor-24740\" data-elementor-post-type=\"page\">\n\t\t\t\t<div class=\"elementor-element elementor-element-6590dd1 e-flex e-con-boxed e-con e-parent\" data-id=\"6590dd1\" data-element_type=\"container\" data-e-type=\"container\">\n\t\t\t\t\t<div class=\"e-con-inner\">\n\t\t\t\t<div class=\"elementor-element elementor-element-53e3ae2 elementor-widget elementor-widget-heading\" data-id=\"53e3ae2\" data-element_type=\"widget\" data-e-type=\"widget\" data-widget_type=\"heading.default\">\n\t\t\t\t<div class=\"elementor-widget-container\">\n\t\t\t\t\t<h2 class=\"elementor-heading-title elementor-size-default\">\u00c0 propos de MarrakechTaxi.com \u2013 Votre service de transfert de confiance<\/h2>\t\t\t\t<\/div>\n\t\t\t\t<\/div>\n\t\t\t\t<div class=\"elementor-element elementor-element-2faa3ad elementor-widget elementor-widget-heading\" data-id=\"2faa3ad\" data-element_type=\"widget\" data-e-type=\"widget\" data-widget_type=\"heading.default\">\n\t\t\t\t<div class=\"elementor-widget-container\">\n\t\t\t\t\t<h2 class=\"elementor-heading-title elementor-size-default\">Qui sommes-nous\n<\/h2>\t\t\t\t<\/div>\n\t\t\t\t<\/div>\n\t\t\t\t<div class=\"elementor-element elementor-element-c82f7f7 elementor-widget elementor-widget-text-editor\" data-id=\"c82f7f7\" data-element_type=\"widget\" data-e-type=\"widget\" data-widget_type=\"text-editor.default\">\n\t\t\t\t<div class=\"elementor-widget-container\">\n\t\t\t\t\t\t\t\t\t<p>La Soci\u00e9t\u00e9 Marrakech Go Adventures op\u00e8re :<\/p><ul><li>Marrakechgo.com<\/li><li>Marrakechtaxi.com<\/li><li>MoroccoAirportTaxi.com<\/li><\/ul><p>MarrakechTaxi.com est un service de transfert priv\u00e9 de premier plan \u00e0 Marrakech. Nous offrons un transport s\u00fbr, fiable et confortable aux touristes, aux voyageurs d&rsquo;affaires et aux habitants de Marrakech. Que vous ayez besoin d&rsquo;un transfert a\u00e9roport, d&rsquo;un taxi urbain ou d&rsquo;un trajet interurbain, nous vous garantissons une exp\u00e9rience optimale avec des chauffeurs professionnels et des v\u00e9hicules modernes. <\/p>\t\t\t\t\t\t\t\t<\/div>\n\t\t\t\t<\/div>\n\t\t\t\t<div class=\"elementor-element elementor-element-d5e8228 elementor-widget elementor-widget-heading\" data-id=\"d5e8228\" data-element_type=\"widget\" data-e-type=\"widget\" data-widget_type=\"heading.default\">\n\t\t\t\t<div class=\"elementor-widget-container\">\n\t\t\t\t\t<h2 class=\"elementor-heading-title elementor-size-default\">Pourquoi nous choisir ?\n<\/h2>\t\t\t\t<\/div>\n\t\t\t\t<\/div>\n\t\t\t\t<div class=\"elementor-element elementor-element-b4e62f2 elementor-widget elementor-widget-text-editor\" data-id=\"b4e62f2\" data-element_type=\"widget\" data-e-type=\"widget\" data-widget_type=\"text-editor.default\">\n\t\t\t\t<div class=\"elementor-widget-container\">\n\t\t\t\t\t\t\t\t\t<p>\u2705 Fiable et ponctuel \u2013 Toujours \u00e0 l\u2019heure, garantissant un voyage sans stress.<br>\u2705 Confort &amp; S\u00e9curit\u00e9 \u2013 V\u00e9hicules propres et bien entretenus avec chauffeurs professionnels.<br>\u2705 Prix fixes \u2013 Pas de frais cach\u00e9s, prix transparents en MAD, EUR ou USD.<br>\u2705 Assistance 24h\/24 et 7j\/7 \u2013 Notre \u00e9quipe est disponible jour et nuit pour vous aider.<br>\u2705 R\u00e9servation flexible \u2013 R\u00e9servations en ligne faciles avec options de paiement s\u00e9curis\u00e9es.<\/p>\t\t\t\t\t\t\t\t<\/div>\n\t\t\t\t<\/div>\n\t\t\t\t<div class=\"elementor-element elementor-element-e02824b elementor-widget elementor-widget-heading\" data-id=\"e02824b\" data-element_type=\"widget\" data-e-type=\"widget\" data-widget_type=\"heading.default\">\n\t\t\t\t<div class=\"elementor-widget-container\">\n\t\t\t\t\t<h2 class=\"elementor-heading-title elementor-size-default\">Nos services<\/h2>\t\t\t\t<\/div>\n\t\t\t\t<\/div>\n\t\t\t\t<div class=\"elementor-element elementor-element-012599f elementor-widget elementor-widget-text-editor\" data-id=\"012599f\" data-element_type=\"widget\" data-e-type=\"widget\" data-widget_type=\"text-editor.default\">\n\t\t\t\t<div class=\"elementor-widget-container\">\n\t\t\t\t\t\t\t\t\t<p>\ud83d\ude96 Transferts a\u00e9roport de Marrakech \u2013 Des trajets sans tracas de l&rsquo;a\u00e9roport \u00e0 votre h\u00f4tel.<br>\ud83d\ude96 Intercity Transfers \u2013 Travel to Casablanca, Essaouira, Agadir, Fes, and more.<br>\ud83d\ude96 Transferts de golf \u2013 Trajets pratiques vers les meilleurs parcours de golf de Marrakech.<br>\ud83d\ude96 Services de chauffeur priv\u00e9 \u2013 V\u00e9hicules de luxe pour voyages d\u2019affaires ou personnels.<br>\ud83d\ude96 Excursions \u2013 Explorez le Maroc avec nos chauffeurs de confiance.<\/p>\t\t\t\t\t\t\t\t<\/div>\n\t\t\t\t<\/div>\n\t\t\t\t<div class=\"elementor-element elementor-element-ea79148 elementor-widget elementor-widget-heading\" data-id=\"ea79148\" data-element_type=\"widget\" data-e-type=\"widget\" data-widget_type=\"heading.default\">\n\t\t\t\t<div class=\"elementor-widget-container\">\n\t\t\t\t\t<h2 class=\"elementor-heading-title elementor-size-default\">Notre mission\n<\/h2>\t\t\t\t<\/div>\n\t\t\t\t<\/div>\n\t\t\t\t<div class=\"elementor-element elementor-element-20e4dd0 elementor-widget elementor-widget-text-editor\" data-id=\"20e4dd0\" data-element_type=\"widget\" data-e-type=\"widget\" data-widget_type=\"text-editor.default\">\n\t\t\t\t<div class=\"elementor-widget-container\">\n\t\t\t\t\t\t\t\t\tChez MarrakechTaxi.com, notre objectif est de vous offrir la meilleure exp\u00e9rience de taxi \u00e0 Marrakech en alliant confort, efficacit\u00e9 et prix abordable. Que vous soyez ici pour le tourisme ou les affaires, nous vous garantissons un trajet sans stress, adapt\u00e9 \u00e0 vos besoins. \n\n\t\t\t\t\t\t\t\t<\/div>\n\t\t\t\t<\/div>\n\t\t\t\t<div class=\"elementor-element elementor-element-463c874 elementor-widget elementor-widget-heading\" data-id=\"463c874\" data-element_type=\"widget\" data-e-type=\"widget\" data-widget_type=\"heading.default\">\n\t\t\t\t<div class=\"elementor-widget-container\">\n\t\t\t\t\t<h2 class=\"elementor-heading-title elementor-size-default\">R\u00e9servez votre trajet aujourd'hui !<\/h2>\t\t\t\t<\/div>\n\t\t\t\t<\/div>\n\t\t\t\t<div class=\"elementor-element elementor-element-cd4f891 elementor-widget elementor-widget-text-editor\" data-id=\"cd4f891\" data-element_type=\"widget\" data-e-type=\"widget\" data-widget_type=\"text-editor.default\">\n\t\t\t\t<div class=\"elementor-widget-container\">\n\t\t\t\t\t\t\t\t\tVous planifiez votre voyage ? R\u00e9servez votre taxi \u00e0 Marrakech en ligne d\u00e8s maintenant et profitez d&rsquo;un trajet agr\u00e9able avec MarrakechTaxi.com ! \n\t\t\t\t\t\t\t\t<\/div>\n\t\t\t\t<\/div>\n\t\t\t\t<div class=\"elementor-element elementor-element-12b5240 elementor-align-center elementor-widget elementor-widget-button\" data-id=\"12b5240\" data-element_type=\"widget\" data-e-type=\"widget\" data-settings=\"{&quot;sticky&quot;:&quot;bottom&quot;,&quot;sticky_on&quot;:[&quot;desktop&quot;,&quot;tablet&quot;,&quot;mobile&quot;],&quot;sticky_offset&quot;:0,&quot;sticky_effects_offset&quot;:0,&quot;sticky_anchor_link_offset&quot;:0}\" data-widget_type=\"button.default\">\n\t\t\t\t<div class=\"elementor-widget-container\">\n\t\t\t\t\t\t\t\t\t<div class=\"elementor-button-wrapper\">\n\t\t\t\t\t<a class=\"elementor-button elementor-button-link elementor-size-sm\" href=\"https:\/\/www.marrakechtaxi.com\/fr\/reserver-taxi-marrakech\/\">\n\t\t\t\t\t\t<span class=\"elementor-button-content-wrapper\">\n\t\t\t\t\t\t\t\t\t<span class=\"elementor-button-text\">R\u00c9SERVEZ VOTRE TAXI MAINTENANT !<\/span>\n\t\t\t\t\t<\/span>\n\t\t\t\t\t<\/a>\n\t\t\t\t<\/div>\n\t\t\t\t\t\t\t\t<\/div>\n\t\t\t\t<\/div>\n\t\t\t\t\t<\/div>\n\t\t\t\t<\/div>\n\t\t\t\t<\/div>\n\t\t","protected":false},"excerpt":{"rendered":"<p>\u00c0 propos de MarrakechTaxi.com \u2013 Votre service de transfert de confiance Qui sommes-nous La Soci\u00e9t\u00e9 Marrakech Go Adventures op\u00e8re : Marrakechgo.com Marrakechtaxi.com MoroccoAirportTaxi.com MarrakechTaxi.com est un service de transfert priv\u00e9 de premier plan \u00e0 Marrakech. Nous offrons un transport s\u00fbr, fiable et confortable aux touristes, aux voyageurs d&rsquo;affaires et aux habitants de Marrakech. Que vous [&hellip;]<\/p>\n","protected":false},"author":1,"featured_media":0,"parent":0,"menu_order":0,"comment_status":"closed","ping_status":"closed","template":"elementor_header_footer","meta":{"inline_featured_image":false,"_monsterinsights_skip_tracking":false,"_monsterinsights_sitenote_active":false,"_monsterinsights_sitenote_note":"","_monsterinsights_sitenote_category":0,"footnotes":""},"class_list":["post-25824","page","type-page","status-publish","hentry"],"_links":{"self":[{"href":"https:\/\/www.marrakechtaxi.com\/fr\/wp-json\/wp\/v2\/pages\/25824","targetHints":{"allow":["GET"]}}],"collection":[{"href":"https:\/\/www.marrakechtaxi.com\/fr\/wp-json\/wp\/v2\/pages"}],"about":[{"href":"https:\/\/www.marrakechtaxi.com\/fr\/wp-json\/wp\/v2\/types\/page"}],"author":[{"embeddable":true,"href":"https:\/\/www.marrakechtaxi.com\/fr\/wp-json\/wp\/v2\/users\/1"}],"replies":[{"embeddable":true,"href":"https:\/\/www.marrakechtaxi.com\/fr\/wp-json\/wp\/v2\/comments?post=25824"}],"version-history":[{"count":0,"href":"https:\/\/www.marrakechtaxi.com\/fr\/wp-json\/wp\/v2\/pages\/25824\/revisions"}],"wp:attachment":[{"href":"https:\/\/www.marrakechtaxi.com\/fr\/wp-json\/wp\/v2\/media?parent=25824"}],"curies":[{"name":"wp","href":"https:\/\/api.w.org\/{rel}","templated":true}]}}