{"id":32206,"date":"2025-08-20T18:04:28","date_gmt":"2025-08-20T17:04:28","guid":{"rendered":"https:\/\/www.marrakechtaxi.com\/tour-3-dias-marrakech-fez-desierto-merzouga\/"},"modified":"2025-08-20T19:50:27","modified_gmt":"2025-08-20T18:50:27","slug":"tour-3-dias-marrakech-fez-desierto-merzouga","status":"publish","type":"product","link":"https:\/\/www.marrakechtaxi.com\/es\/tour-3-dias-marrakech-fez-desierto-merzouga\/","title":{"rendered":"Tour 3 d\u00edas Marrakech a Fez por Merzouga &#8211; Viaje privado al Sahara"},"content":{"rendered":"\n<h2 class=\"wp-block-heading has-luminous-vivid-orange-color has-text-color has-link-color wp-elements-0d175a7f5e42d67eaec66e84b51b8140\"><strong>Descripci\u00f3n general<\/strong><\/h2>\n\n<p>Este <strong>tour de 3 d\u00edas por el desierto de Marrakech a Fez<\/strong> es la forma m\u00e1s popular de descubrir los paisajes de Marruecos en poco tiempo. Viaja desde la vibrante <strong>Marrakech<\/strong>, cruza <strong>el Atlas<\/strong>, descubre la famosa <strong>kasbah de A\u00eft Ben Haddou<\/strong>, recorre espectaculares gargantas y monta en camello por las doradas dunas de <strong>Erg Chebbi<\/strong>. Pasa la noche en un campamento en el desierto antes de llegar a <strong>Fez<\/strong>, la capital cultural de Marruecos.  <\/p>\n\n<h2 class=\"wp-block-heading has-luminous-vivid-orange-color has-text-color has-link-color wp-elements-57d262fe5aee6dc98940c41deb3614ad\"><strong>Reflejos<\/strong><\/h2>\n\n<p>\u2705 Recorrido panor\u00e1mico por las <strong>monta\u00f1as del Alto Atlas<\/strong> a trav\u00e9s del paso de Tizi n&#8217;Tichka <br\/>\u2705 Visita guiada de <strong>A\u00eft Ben Haddou<\/strong> (Patrimonio Mundial de la UNESCO) <br\/>\u2705 Descubre <strong>Ouarzazate<\/strong> y los paisajes cinematogr\u00e1ficos del sur de Marruecos <br\/>\u2705 Noche en la espectacular<strong> Garganta del Dades<\/strong><br\/>\u2705 Explora la <strong>Garganta del Todra<\/strong> y los valles de palmeras  <br\/>\u2705 Paseo en camello por el desierto del S\u00e1hara en <strong>Merzouga (dunas de Erg Chebbi)<\/strong><br\/>\u2705 Atardecer y amanecer sobre las dunas del S\u00e1hara <br\/>\u2705 Noche en un <strong>campamento destacado en el desierto<\/strong> con m\u00fasica bereber  <br\/>\u2705 Viaje a trav\u00e9s del <strong>bosque de cedros de Azrou<\/strong> e <strong>Ifrane <\/strong>antes de llegar a Fez  <\/p>\n\n<h2 class=\"wp-block-heading has-luminous-vivid-orange-color has-text-color has-link-color wp-elements-fe681839fa64ab31361d527fe470cdbc\"><strong>Itinerario <\/strong><\/h2>\n\n<h3 class=\"wp-block-heading has-vivid-red-color has-text-color has-link-color wp-elements-ff9e2fd9d9492b792cd3339de70135fc\"><strong><strong>D\u00eda 1 \u2013 Marrakech \u2192 Alto Atlas \u2192 A\u00eft Benhaddou \u2192 Gargantas del Dades<\/strong><\/strong><\/h3>\n\n<p>Salida desde Marrakech, cruzando <strong>el Alto Atlas<\/strong> y el <strong>paso de Tizi n&#8217;Tichka<\/strong> (2260 m). Parada en la <strong>kasbah de A\u00eft Ben Haddou<\/strong> para una visita guiada y almuerzo. Continuaci\u00f3n por <strong>Ouarzazate<\/strong> y el <strong>Valle de las Rosas<\/strong> antes de llegar a las <strong>Gargantas del Dades<\/strong> para pasar la noche.  <\/p>\n\n<h3 class=\"wp-block-heading has-vivid-red-color has-text-color has-link-color wp-elements-1357d57db206253ae4633ba40f1e9dfb\"><strong>D\u00eda 2 \u2013 Gargantas del Dades \u2192 Gargantas del Todra \u2192 Campamento en el desierto de Merzouga<\/strong><\/h3>\n\n<p>Despu\u00e9s del desayuno, dir\u00edjase a la impresionante <strong>Garganta del Todra<\/strong>. Contin\u00fae hacia <strong>Erfoud<\/strong> y <strong>Merzouga<\/strong>. Al atardecer, disfrute de un <strong>paseo en camello<\/strong> por las dunas de <strong>Erg Chebbi<\/strong> hasta su campamento en el desierto. Cena y alojamiento en un campamento de lujo o est\u00e1ndar bajo las estrellas.   <\/p>\n\n<h3 class=\"wp-block-heading has-vivid-red-color has-text-color has-link-color wp-elements-bc689329a6c1edf73c6b43c5c1f783fe\"><strong><strong>D\u00eda 3 \u2013 Merzouga \u2192 Midelt \u2192 Azrou \u2192 Fez<\/strong><\/strong><\/h3>\n\n<p>Despierta temprano para ver el amanecer sobre las dunas. Despu\u00e9s del desayuno, conduce hacia el norte pasando por el <strong>valle del Ziz<\/strong>, <strong>Midelt<\/strong>, los bosques de cedros cerca de <strong>Azr\u00fa<\/strong> y la ciudad alpina de <strong>Ifrane<\/strong>. Llega a <strong>Fez <\/strong>al atardecer, donde finaliza el tour.  <\/p>\n\n<h2 class=\"wp-block-heading has-luminous-vivid-orange-color has-text-color has-link-color wp-elements-1a578707dbcd4eadcff16e610ef078a9\"><strong> \u2705 Qu\u00e9 incluye \/ No incluye<\/strong><\/h2>\n\n<h3 class=\"wp-block-heading\"><strong>\u2705 Incluido:<\/strong><\/h3>\n\n<p>\u2705 Transporte privado en un c\u00f3modo veh\u00edculo con aire acondicionado<br\/>\u2705 Conductor\/gu\u00eda profesional<br\/>\u2705 1 noche en la Garganta del Dades (cena y desayuno)<br\/>\u2705 1 noche en un campamento en el desierto del S\u00e1hara con cena y desayuno<br\/>\u2705 Paseo en camello por las dunas de Erg Chebbi<br\/>\u2705 Sandboarding y fogata<\/p>\n\n<h3 class=\"wp-block-heading\"><strong>\u274c No incluido<\/strong><\/h3>\n\n<p>Vuelos internacionales<br\/>Almuerzos y bebidas<br\/>Entradas (visitas opcionales)<br\/>Alojamiento en Marrakech y Fez<\/p>\n\n<h2 class=\"wp-block-heading has-luminous-vivid-orange-color has-text-color has-link-color wp-elements-16f3eda67f86c38558756b087db107bf\"><strong>Informaci\u00f3n pr\u00e1ctica<\/strong><\/h2>\n\n<ul class=\"wp-block-list\">\n<li><strong>Duraci\u00f3n<\/strong>: 3 d\u00edas \/ 2 noches<\/li>\n\n\n\n<li><strong>Salida<\/strong>: Diaria, desde Marrakech<\/li>\n\n\n\n<li><strong>Llegada<\/strong>: Devoluci\u00f3n en Fez<\/li>\n\n\n\n<li><strong>Tipo de tour<\/strong>: Privado (personalizable)<\/li>\n<\/ul>\n\n<h2 class=\"wp-block-heading has-luminous-vivid-orange-color has-text-color has-link-color wp-elements-b4ba650d277463982d68370513c3e5f2\"><strong>\u00bfPor qu\u00e9 reservar este tour?<\/strong><\/h2>\n\n<p>\ud83d\ude97 <strong>Privado y flexible<\/strong>: Viaja a tu propio ritmo con un conductor privado.<br\/>\ud83d\udc2a <strong>Experiencia aut\u00e9ntica en el desierto<\/strong>: Paseo en camello, m\u00fasica bereber y observaci\u00f3n de estrellas.<br\/>\ud83c\udfdc\ufe0f <strong>Descubre m\u00e1s en menos tiempo<\/strong>: Ideal para viajeros con solo 3 d\u00edas.<br\/>\u2b50 <strong>Mejor valorado<\/strong>: Este es uno de los <strong>tours por el desierto de Marrakech a Fez<\/strong> m\u00e1s reservados.<\/p>\n\n<hr class=\"wp-block-separator has-alpha-channel-opacity\"\/>\n\n<h2 class=\"wp-block-heading has-luminous-vivid-orange-color has-text-color has-link-color wp-elements-bfb6dee5d5fe7cf6b0530b4210171ee1\"><strong>Preguntas frecuentes<\/strong><\/h2>\n<div id=\"rank-math-faq\" class=\"rank-math-block\">\n<div class=\"rank-math-list \">\n<div id=\"faq-question-1755704542551\" class=\"rank-math-list-item\">\n<h3 class=\"rank-math-question \"><strong>\u00bfSon 3 d\u00edas suficientes para un recorrido por el desierto de Marrakech a Fez?<\/strong><\/h3>\n<div class=\"rank-math-answer \">\n\n<p>S\u00ed, 3 d\u00edas es el m\u00ednimo recomendado para experimentar el desierto del Sahara y a\u00fan as\u00ed viajar c\u00f3modamente desde Marrakech a Fez.<\/p>\n\n<\/div>\n<\/div>\n<div id=\"faq-question-1755704559704\" class=\"rank-math-list-item\">\n<h3 class=\"rank-math-question \"><strong>\u00bfLos paseos en camello est\u00e1n incluidos en el tour?<\/strong><\/h3>\n<div class=\"rank-math-answer \">\n\n<p>S\u00ed. Se incluye un paseo en camello al atardecer en las dunas de Erg Chebbi, adem\u00e1s de oportunidades para tomar fotograf\u00edas del amanecer. <\/p>\n\n<\/div>\n<\/div>\n<div id=\"faq-question-1755704581564\" class=\"rank-math-list-item\">\n<h3 class=\"rank-math-question \"><strong>\u00bfRecog\u00e9is en hoteles de Marrakech?<\/strong><\/h3>\n<div class=\"rank-math-answer \">\n\n<p>S\u00ed, la recogida en su hotel\/riad de Marrakech est\u00e1 incluida. El traslado de vuelta a su alojamiento en Fez tambi\u00e9n est\u00e1 incluido. <\/p>\n\n<\/div>\n<\/div>\n<div id=\"faq-question-1755704606465\" class=\"rank-math-list-item\">\n<h3 class=\"rank-math-question \"><strong>\u00bfEste tour es privado o compartido?<\/strong><\/h3>\n<div class=\"rank-math-answer \">\n\n<p>Este es un tour privado, pero se pueden organizar versiones grupales compartidas a pedido.<\/p>\n\n<\/div>\n<\/div>\n<\/div>\n<\/div>","protected":false},"excerpt":{"rendered":"<p>Descubre Marruecos en un tour de <strong>3 d\u00edas por el desierto de Marrakech a Fez v\u00eda Merzouga<\/strong>. Cruza el Alto Atlas, explora <strong>A\u00eft Ben Haddou<\/strong>, monta en camello en <strong>Erg Chebbi<\/strong> y duerme bajo las estrellas del Sahara en un campamento de lujo o est\u00e1ndar en el desierto. Traslados privados incluidos.  <\/p>\n","protected":false},"featured_media":32197,"comment_status":"open","ping_status":"closed","template":"","meta":{"inline_featured_image":false,"_monsterinsights_skip_tracking":false,"_monsterinsights_sitenote_active":false,"_monsterinsights_sitenote_note":"","_monsterinsights_sitenote_category":0},"product_brand":[],"product_cat":[136,139,81],"product_tag":[],"class_list":{"0":"post-32206","1":"product","2":"type-product","3":"status-publish","4":"has-post-thumbnail","6":"product_cat-tours-marruecos","7":"product_cat-tours-desde-marrakech","8":"product_cat-tours-desierto","10":"first","11":"instock","12":"virtual","13":"sold-individually","14":"purchasable","15":"product-type-booking"},"booking_location":"","booking_location_type":"","booking_duration":1,"booking_duration_unit":"day","booking_buffer":0,"booking_cost":680,"booking_resources":[],"exclude_global_add_ons":[],"addons":[],"_links":{"self":[{"href":"https:\/\/www.marrakechtaxi.com\/es\/wp-json\/wp\/v2\/product\/32206","targetHints":{"allow":["GET"]}}],"collection":[{"href":"https:\/\/www.marrakechtaxi.com\/es\/wp-json\/wp\/v2\/product"}],"about":[{"href":"https:\/\/www.marrakechtaxi.com\/es\/wp-json\/wp\/v2\/types\/product"}],"replies":[{"embeddable":true,"href":"https:\/\/www.marrakechtaxi.com\/es\/wp-json\/wp\/v2\/comments?post=32206"}],"wp:featuredmedia":[{"embeddable":true,"href":"https:\/\/www.marrakechtaxi.com\/es\/wp-json\/wp\/v2\/media\/32197"}],"wp:attachment":[{"href":"https:\/\/www.marrakechtaxi.com\/es\/wp-json\/wp\/v2\/media?parent=32206"}],"wp:term":[{"taxonomy":"product_brand","embeddable":true,"href":"https:\/\/www.marrakechtaxi.com\/es\/wp-json\/wp\/v2\/product_brand?post=32206"},{"taxonomy":"product_cat","embeddable":true,"href":"https:\/\/www.marrakechtaxi.com\/es\/wp-json\/wp\/v2\/product_cat?post=32206"},{"taxonomy":"product_tag","embeddable":true,"href":"https:\/\/www.marrakechtaxi.com\/es\/wp-json\/wp\/v2\/product_tag?post=32206"}],"curies":[{"name":"wp","href":"https:\/\/api.w.org\/{rel}","templated":true}]}}