{"id":32075,"date":"2025-08-07T21:35:10","date_gmt":"2025-08-07T20:35:10","guid":{"rendered":"https:\/\/www.marrakechtaxi.com\/camello-quad-marrakech-palmeraie\/"},"modified":"2025-08-07T22:38:55","modified_gmt":"2025-08-07T21:38:55","slug":"camello-quad-marrakech-palmeraie","status":"publish","type":"product","link":"https:\/\/www.marrakechtaxi.com\/es\/camello-quad-marrakech-palmeraie\/","title":{"rendered":"Camello y Quad Marrakech Palmeraie"},"content":{"rendered":"\n<h2 class=\"wp-block-heading has-luminous-vivid-orange-color has-text-color has-link-color wp-elements-db1c14e17bff57bf78ed7515e1bbde85\"><strong>Descripci\u00f3n general de la experiencia<\/strong><\/h2>\n\n<p>Esc\u00e1pate del bullicio de la medina y sum\u00e9rgete en la belleza paisaj\u00edstica de la emblem\u00e1tica Palmeraie de Marrakech con este emocionante tour combinado. Ya sea que busques un relajante paseo en camello o una emocionante aventura en quad, esta experiencia es ideal para todo tipo de viajeros. <\/p>\n\n<p>\ud83d\ude97 <strong>Traslados privados incluidos<\/strong>: Recogida y regreso a su alojamiento<br\/>\ud83d\udc2a <strong>Paseo en camello (10 \u20ac)<\/strong>: V\u00edstase con el atuendo tradicional y recorra los exuberantes palmerales<br\/>\ud83c\udfcd\ufe0f <strong>Paseo en quad (20 \u20ac)<\/strong>: Prep\u00e1rese para una aventura todoterreno por senderos del desierto<br\/>\ud83d\udd59 <strong>Salidas flexibles<\/strong>: Elija su horario preferido, disponible todos los d\u00edas a partir de las 10:00 h<br\/>\ud83d\udcf7 <strong>Oportunidades fotogr\u00e1ficas<\/strong>: Tome fotos inolvidables con atuendos n\u00f3madas<br\/>\ud83d\udcac <strong>Gu\u00edas multiling\u00fces<\/strong>: Asistencia disponible en ingl\u00e9s, franc\u00e9s y espa\u00f1ol<\/p>\n\n<h2 class=\"wp-block-heading has-luminous-vivid-orange-color has-text-color has-link-color wp-elements-b7bbf1d9a7e17ee6a9adafbd7e066cc3\"><strong>Qu\u00e9 esperar<\/strong><\/h2>\n\n<p>Despu\u00e9s de la recogida en el hotel, dir\u00edjase al tranquilo oasis de Palmeraie, donde le esperan senderos bordeados de palmeras y paisajes des\u00e9rticos.<\/p>\n\n<ul class=\"wp-block-list\">\n<li>Disfrute de un pintoresco <strong>paseo en camello<\/strong> vistiendo un pa\u00f1uelo azul tradicional.<\/li>\n\n\n\n<li>Conduce <strong>potentes quads<\/strong> a trav\u00e9s de palmerales y terrenos accidentados.<\/li>\n\n\n\n<li>Antes del paseo en quad se proporcionar\u00e1 una breve sesi\u00f3n informativa sobre seguridad y el equipamiento necesario.<\/li>\n\n\n\n<li>Despu\u00e9s de sus actividades, rel\u00e1jese mientras lo llevamos de regreso a su hotel.<\/li>\n<\/ul>\n\n<h2 class=\"wp-block-heading has-luminous-vivid-orange-color has-text-color has-link-color wp-elements-afcb9211beb0187fc665d04f35fb6982\"><strong>Informaci\u00f3n adicional<\/strong><\/h2>\n\n<ul class=\"wp-block-list\">\n<li>\ud83d\udd59 <strong>Disponibilidad<\/strong>: Diaria<\/li>\n\n\n\n<li>\u23f1\ufe0f <strong>Salida<\/strong>: A partir de las 10:00 AM<\/li>\n\n\n\n<li>\u23f3 <strong>Duraci\u00f3n<\/strong>: Aprox. 2\u20133 horas (incluidos los traslados) <\/li>\n\n\n\n<li>\ud83e\uddd1\u200d\ud83e\udd1d\u200d\ud83e\uddd1 <strong>Tama\u00f1o del grupo<\/strong>: Tour privado (1\u201317 personas)<\/li>\n\n\n\n<li>\ud83d\udccd <strong>Ubicaci\u00f3n<\/strong>: Palmeraie de Marrakech<\/li>\n\n\n\n<li>\ud83d\udcb5 <strong>Tarifa de reserva<\/strong>: cubre el traslado privado de ida y vuelta (40 \u20ac, ya incluido en el desglose de precios)<\/li>\n\n\n\n<li>\u2757 <strong>Nota<\/strong>: El paseo en camello o quad es opcional. Puedes reservar uno o ambos. <\/li>\n<\/ul>\n\n<h2 class=\"wp-block-heading has-luminous-vivid-orange-color has-text-color has-link-color wp-elements-8e941a1c4ad8b9b44cbfda9796f5aafb\"><strong>Desglose de precios del tour<\/strong><\/h2>\n\n<ul class=\"wp-block-list\">\n<li>Paseo en camello: <strong>10\u20ac\/persona<\/strong><\/li>\n\n\n\n<li>Paseo en Quad: <strong>20\u20ac\/persona<\/strong><\/li>\n\n\n\n<li><em>Traslado privado (incluido): 40\u20ac por reserva<\/em><\/li>\n<\/ul>\n\n<hr class=\"wp-block-separator has-alpha-channel-opacity\"\/>\n\n<h2 class=\"wp-block-heading has-luminous-vivid-orange-color has-text-color has-link-color wp-elements-bfb6dee5d5fe7cf6b0530b4210171ee1\"><strong>Preguntas frecuentes<\/strong><\/h2>\n<div id=\"rank-math-faq\" class=\"rank-math-block\">\n<div class=\"rank-math-list \">\n<div id=\"faq-question-1754596395743\" class=\"rank-math-list-item\">\n<h3 class=\"rank-math-question \"><strong>\u00bfEst\u00e1 incluido el coste del traslado?<\/strong><\/h3>\n<div class=\"rank-math-answer \">\n\n<p>S\u00ed, la tarifa de traslado privado de 40\u20ac ya est\u00e1 incluida en la reserva total.<\/p>\n\n<\/div>\n<\/div>\n<div id=\"faq-question-1754596411129\" class=\"rank-math-list-item\">\n<h3 class=\"rank-math-question \"><strong>\u00bfPuedo elegir s\u00f3lo una actividad?<\/strong><\/h3>\n<div class=\"rank-math-answer \">\n\n<p>S\u00ed, puedes elegir s\u00f3lo un paseo en camello, en quad o ambos.<\/p>\n\n<\/div>\n<\/div>\n<div id=\"faq-question-1754596427609\" class=\"rank-math-list-item\">\n<h3 class=\"rank-math-question \"><strong>\u00bfQu\u00e9 me pongo?<\/strong><\/h3>\n<div class=\"rank-math-answer \">\n\n<p>Se recomienda ropa c\u00f3moda y calzado cerrado. Se proporcionar\u00e1 ropa tradicional para los paseos en camello. <\/p>\n\n<\/div>\n<\/div>\n<div id=\"faq-question-1754596439463\" class=\"rank-math-list-item\">\n<h3 class=\"rank-math-question \"><strong>\u00bfEs adecuado para ni\u00f1os?<\/strong><\/h3>\n<div class=\"rank-math-answer \">\n\n<p>\u00a1S\u00ed! Los paseos en camello son ideales para familias, y se pueden hacer paseos en quad a partir de los 16 a\u00f1os. <\/p>\n\n<\/div>\n<\/div>\n<div id=\"faq-question-1754596472699\" class=\"rank-math-list-item\">\n<h3 class=\"rank-math-question \"><strong>\u00bfPuedo reservar un viaje de \u00faltimo momento?<\/strong><\/h3>\n<div class=\"rank-math-answer \">\n\n<p>S\u00ed, sujeto a disponibilidad. Recomendamos reservar con 24 horas de antelaci\u00f3n. <\/p>\n\n<\/div>\n<\/div>\n<\/div>\n<\/div>","protected":false},"excerpt":{"rendered":"<p>\u00a1Vive la emoci\u00f3n de montar en camello y quad en la Palmeraie de Marrakech! Traslados privados incluidos. Desde tan solo 10 \u20ac. Horario flexible.   <\/p>\n","protected":false},"featured_media":32054,"comment_status":"open","ping_status":"closed","template":"","meta":{"inline_featured_image":false,"_monsterinsights_skip_tracking":false,"_monsterinsights_sitenote_active":false,"_monsterinsights_sitenote_note":"","_monsterinsights_sitenote_category":0},"product_brand":[],"product_cat":[84],"product_tag":[],"class_list":{"0":"post-32075","1":"product","2":"type-product","3":"status-publish","4":"has-post-thumbnail","6":"product_cat-actividades-marrakech","8":"first","9":"instock","10":"virtual","11":"sold-individually","12":"purchasable","13":"product-type-booking"},"booking_location":"","booking_location_type":"","booking_duration":1,"booking_duration_unit":"hour","booking_buffer":0,"booking_cost":40,"booking_resources":[],"exclude_global_add_ons":false,"addons":{"2":{"name":"Actividades *","type":"heading","position":0,"required":false,"title_format":"label","default":"","description_enable":true,"description":"N\u00famero de personas por actividad","placeholder_enable":false,"placeholder":null,"display":"select","restrictions_type":"any_text","adjust_price":false,"price":"","price_type":"flat_fee","restrictions":false,"min":"0","max":"0","options":[],"id":1754602895},"0":{"name":"Paseo en camello (10\u20ac\/Pers.)","type":"input_multiplier","position":1,"required":false,"title_format":"label","default":"","description_enable":false,"description":null,"placeholder_enable":false,"placeholder":null,"display":"select","restrictions_type":"any_text","adjust_price":true,"price":"10","price_type":"quantity_based","restrictions":true,"min":"0","max":"7","options":[],"id":1754602893},"1":{"name":"Quad (20\u20ac\/Pers.)","type":"input_multiplier","position":2,"required":false,"title_format":"label","default":"","description_enable":false,"description":null,"placeholder_enable":false,"placeholder":null,"display":"select","restrictions_type":"any_text","adjust_price":true,"price":"20","price_type":"quantity_based","restrictions":true,"min":"0","max":"7","options":[],"id":1754602894}},"_links":{"self":[{"href":"https:\/\/www.marrakechtaxi.com\/es\/wp-json\/wp\/v2\/product\/32075","targetHints":{"allow":["GET"]}}],"collection":[{"href":"https:\/\/www.marrakechtaxi.com\/es\/wp-json\/wp\/v2\/product"}],"about":[{"href":"https:\/\/www.marrakechtaxi.com\/es\/wp-json\/wp\/v2\/types\/product"}],"replies":[{"embeddable":true,"href":"https:\/\/www.marrakechtaxi.com\/es\/wp-json\/wp\/v2\/comments?post=32075"}],"wp:featuredmedia":[{"embeddable":true,"href":"https:\/\/www.marrakechtaxi.com\/es\/wp-json\/wp\/v2\/media\/32054"}],"wp:attachment":[{"href":"https:\/\/www.marrakechtaxi.com\/es\/wp-json\/wp\/v2\/media?parent=32075"}],"wp:term":[{"taxonomy":"product_brand","embeddable":true,"href":"https:\/\/www.marrakechtaxi.com\/es\/wp-json\/wp\/v2\/product_brand?post=32075"},{"taxonomy":"product_cat","embeddable":true,"href":"https:\/\/www.marrakechtaxi.com\/es\/wp-json\/wp\/v2\/product_cat?post=32075"},{"taxonomy":"product_tag","embeddable":true,"href":"https:\/\/www.marrakechtaxi.com\/es\/wp-json\/wp\/v2\/product_tag?post=32075"}],"curies":[{"name":"wp","href":"https:\/\/api.w.org\/{rel}","templated":true}]}}