{"id":32043,"date":"2025-08-06T22:42:43","date_gmt":"2025-08-06T21:42:43","guid":{"rendered":"https:\/\/www.marrakechtaxi.com\/traslado-privado-jardin-majorelle-marrakech\/"},"modified":"2025-11-12T15:10:12","modified_gmt":"2025-11-12T14:10:12","slug":"traslado-privado-jardin-majorelle-marrakech","status":"publish","type":"product","link":"https:\/\/www.marrakechtaxi.com\/es\/traslado-privado-jardin-majorelle-marrakech\/","title":{"rendered":"Visita al Jard\u00edn Majorelle (solo traslados privados)"},"content":{"rendered":"\n<h2 class=\"wp-block-heading has-luminous-vivid-orange-color has-text-color has-link-color wp-elements-972efe140e2ad6fc3f4f959ec3deb6f7\"><strong>\ud83c\udf3f Descripci\u00f3n general<\/strong><\/h2>\n\n<p>Evite las molestias de los taxis y las largas colas y viaje con comodidad con nuestros <strong>traslados privados al Jard\u00edn Majorelle<\/strong>, una de las atracciones m\u00e1s emblem\u00e1ticas de Marrakech. Este <strong>servicio no incluye entradas<\/strong>, lo que le da la libertad de explorar a su propio ritmo una vez que llegue. <\/p>\n\n<p>Perfecto para parejas, familias y viajeros solitarios que buscan una <strong>forma sin preocupaciones de visitar<\/strong> el impresionante <strong>Jard\u00edn Majorelle<\/strong>, conocido por su vibrante arquitectura azul, plantas ex\u00f3ticas y atm\u00f3sfera serena.<\/p>\n\n<h2 class=\"wp-block-heading has-luminous-vivid-orange-color has-text-color has-link-color wp-elements-b7bbf1d9a7e17ee6a9adafbd7e066cc3\"><strong>Qu\u00e9 esperar<\/strong><\/h2>\n\n<p>\u2705 Recogida en su hotel o riad en Marrakech (o punto accesible m\u00e1s cercano)<br\/>\u2705 Veh\u00edculo privado c\u00f3modo y con aire acondicionado<br\/>\u2705 Regreso a la entrada del Jard\u00edn Majorelle<br\/>\u2705 Tiempo libre para explorar el jard\u00edn a su propio ritmo (entrada no incluida)<br\/>\u2705 Traslado de regreso a su alojamiento<\/p>\n\n<h2 class=\"wp-block-heading has-luminous-vivid-orange-color has-text-color has-link-color wp-elements-5d7744ec443152da9f40472dcbff2872\"><strong>\u2139\ufe0f Informaci\u00f3n adicional<\/strong><\/h2>\n\n<ul class=\"wp-block-list\">\n<li>\ud83d\udccd Destino: Jard\u00edn Majorelle, Marrakech<\/li>\n\n\n\n<li>\ud83d\udd52 Duraci\u00f3n: Flexible (transporte total aprox. 1h\u20131h30 ida y vuelta)<\/li>\n\n\n\n<li>\ud83c\udfab Entradas NO incluidas (reserva online o en taquilla)<\/li>\n\n\n\n<li>\ud83e\uddd2 Experiencia familiar<\/li>\n\n\n\n<li>\ud83e\uddcd\u200d\u2640\ufe0f Apto para personas solas, en pareja y en grupo.<\/li>\n\n\n\n<li>\ud83d\ude98 Opciones de veh\u00edculos seg\u00fan el tama\u00f1o de su grupo (autom\u00f3vil o minivan)<\/li>\n<\/ul>\n\n<blockquote class=\"wp-block-quote is-layout-flow wp-block-quote-is-layout-flow\">\n<p>Si se aloja <strong>fuera de la ciudad<\/strong> (por ejemplo, Palmeraie, Ourika Road), comun\u00edquese con nosotros para consultar la disponibilidad y ajustar el precio antes de reservar.<\/p>\n<\/blockquote>\n\n<h2 class=\"wp-block-heading has-luminous-vivid-orange-color has-text-color has-link-color wp-elements-2d1ab8e166f009515558949f6d3d562d\"><strong>\ud83d\udcc5 Informaci\u00f3n de reserva:<\/strong><\/h2>\n\n<ul class=\"wp-block-list\">\n<li>Experiencia disponible <strong>diariamente<\/strong><\/li>\n\n\n\n<li>Se requiere un <strong>dep\u00f3sito<\/strong> para confirmar su reserva (a trav\u00e9s de PayPal)<\/li>\n\n\n\n<li>Saldo restante pagado al conductor el d\u00eda de la experiencia.<\/li>\n\n\n\n<li>Confirmaci\u00f3n instant\u00e1nea por correo electr\u00f3nico o WhatsApp<\/li>\n<\/ul>\n\n<hr class=\"wp-block-separator has-alpha-channel-opacity\"\/>\n\n<h2 class=\"wp-block-heading has-luminous-vivid-orange-color has-text-color has-link-color wp-elements-bfb6dee5d5fe7cf6b0530b4210171ee1\"><strong>Preguntas frecuentes<\/strong><\/h2>\n<div id=\"rank-math-faq\" class=\"rank-math-block\">\n<div class=\"rank-math-list \">\n<div id=\"faq-question-1754516252450\" class=\"rank-math-list-item\">\n<h3 class=\"rank-math-question \"><strong>\u00bfProporcion\u00e1is entradas?<\/strong><\/h3>\n<div class=\"rank-math-answer \">\n\n<p>No, este paquete solo incluye <strong>traslados privados<\/strong>. Puede comprar su entrada en l\u00ednea con antelaci\u00f3n o en la taquilla. <\/p>\n\n<\/div>\n<\/div>\n<div id=\"faq-question-1754516270059\" class=\"rank-math-list-item\">\n<h3 class=\"rank-math-question \"><strong>\u00bfCu\u00e1nto tiempo podemos pasar en el jard\u00edn?<\/strong><\/h3>\n<div class=\"rank-math-answer \">\n\n<p>\u00a1T\u00fa eliges! Tu traslado de regreso se coordinar\u00e1 seg\u00fan el tiempo que desees dedicar a la visita. <\/p>\n\n<\/div>\n<\/div>\n<div id=\"faq-question-1754516281196\" class=\"rank-math-list-item\">\n<h3 class=\"rank-math-question \"><strong>\u00bfEs adecuado para familias o visitantes mayores?<\/strong><\/h3>\n<div class=\"rank-math-answer \">\n\n<p>S\u00ed, es una actividad relajante para toda la familia. Los traslados son c\u00f3modos y el jard\u00edn es pr\u00e1cticamente accesible. <\/p>\n\n<\/div>\n<\/div>\n<div id=\"faq-question-1754516292018\" class=\"rank-math-list-item\">\n<h3 class=\"rank-math-question \"><strong>\u00bfPuedo combinar esto con otra atracci\u00f3n cercana?<\/strong><\/h3>\n<div class=\"rank-math-answer \">\n\n<p>S\u00ed, puedes solicitar una parada en el <strong>Museo Yves Saint Laurent<\/strong> o <strong>Gueliz<\/strong> para ir de compras o tomar un caf\u00e9 (puede aplicarse un cargo adicional).<\/p>\n\n<\/div>\n<\/div>\n<div id=\"faq-question-1754516311569\" class=\"rank-math-list-item\">\n<h3 class=\"rank-math-question \"><strong>\u00bfDonde est\u00e1 disponible la recogida?<\/strong><\/h3>\n<div class=\"rank-math-answer \">\n\n<p>La recogida se realiza desde cualquier hotel, riad o lugar accesible en el centro de Marrakech.<\/p>\n\n<\/div>\n<\/div>\n<\/div>\n<\/div>","protected":false},"excerpt":{"rendered":"<p>Disfrute de un transporte sin estr\u00e9s al famoso Jard\u00edn Majorelle de Marrakech. Incluye traslados privados de ida y vuelta desde su hotel o riad (entrada no incluida). <\/p>\n","protected":false},"featured_media":31592,"comment_status":"open","ping_status":"closed","template":"","meta":{"inline_featured_image":false,"_monsterinsights_skip_tracking":false,"_monsterinsights_sitenote_active":false,"_monsterinsights_sitenote_note":"","_monsterinsights_sitenote_category":0},"product_brand":[],"product_cat":[84],"product_tag":[],"class_list":{"0":"post-32043","1":"product","2":"type-product","3":"status-publish","4":"has-post-thumbnail","6":"product_cat-actividades-marrakech","8":"first","9":"instock","10":"virtual","11":"sold-individually","12":"purchasable","13":"product-type-booking"},"booking_location":"","booking_location_type":"","booking_duration":1,"booking_duration_unit":"day","booking_buffer":0,"booking_cost":45,"booking_resources":[],"exclude_global_add_ons":[],"addons":[],"_links":{"self":[{"href":"https:\/\/www.marrakechtaxi.com\/es\/wp-json\/wp\/v2\/product\/32043","targetHints":{"allow":["GET"]}}],"collection":[{"href":"https:\/\/www.marrakechtaxi.com\/es\/wp-json\/wp\/v2\/product"}],"about":[{"href":"https:\/\/www.marrakechtaxi.com\/es\/wp-json\/wp\/v2\/types\/product"}],"replies":[{"embeddable":true,"href":"https:\/\/www.marrakechtaxi.com\/es\/wp-json\/wp\/v2\/comments?post=32043"}],"wp:featuredmedia":[{"embeddable":true,"href":"https:\/\/www.marrakechtaxi.com\/es\/wp-json\/wp\/v2\/media\/31592"}],"wp:attachment":[{"href":"https:\/\/www.marrakechtaxi.com\/es\/wp-json\/wp\/v2\/media?parent=32043"}],"wp:term":[{"taxonomy":"product_brand","embeddable":true,"href":"https:\/\/www.marrakechtaxi.com\/es\/wp-json\/wp\/v2\/product_brand?post=32043"},{"taxonomy":"product_cat","embeddable":true,"href":"https:\/\/www.marrakechtaxi.com\/es\/wp-json\/wp\/v2\/product_cat?post=32043"},{"taxonomy":"product_tag","embeddable":true,"href":"https:\/\/www.marrakechtaxi.com\/es\/wp-json\/wp\/v2\/product_tag?post=32043"}],"curies":[{"name":"wp","href":"https:\/\/api.w.org\/{rel}","templated":true}]}}