{"id":32019,"date":"2025-07-30T14:03:38","date_gmt":"2025-07-30T13:03:38","guid":{"rendered":"https:\/\/www.marrakechtaxi.com\/planifique-viaje-personalizado-marruecos-presupuesto-gratuito\/"},"modified":"2025-08-06T18:09:57","modified_gmt":"2025-08-06T17:09:57","slug":"presupuesto-gratis-viaje-personalizado-marruecos","status":"publish","type":"product","link":"https:\/\/www.marrakechtaxi.com\/es\/presupuesto-gratis-viaje-personalizado-marruecos\/","title":{"rendered":"&gt; Planifique su viaje a Marruecos a medida: presupuesto gratuito"},"content":{"rendered":"\n<h2 class=\"wp-block-heading has-luminous-vivid-orange-color has-text-color has-link-color wp-elements-59c112b69bb3eacb1544125aed4c2785\"><strong>\ud83c\udf0d\u00bfPor qu\u00e9 reservar un tour personalizado por Marruecos?<\/strong><\/h2>\n\n<p>Dise\u00f1a tu viaje a tu manera. Ya sea que te interese el desierto del Sahara, las Ciudades Imperiales o pueblos escondidos en la monta\u00f1a, creamos tours privados a tu medida, preferencias y estilo de viaje. <\/p>\n\n<div class=\"wp-block-buttons is-content-justification-center is-layout-flex wp-container-core-buttons-is-layout-a89b3969 wp-block-buttons-is-layout-flex\">\n<div class=\"wp-block-button is-style-fill\"><a class=\"wp-block-button__link has-black-color has-text-color has-background has-link-color has-text-align-center wp-element-button\" href=\"https:\/\/www.marrakechtaxi.com\/quote-custom-morocco-tour-request\/\" style=\"background-color:#fdb813;padding-top:var(--wp--preset--spacing--small);padding-right:var(--wp--preset--spacing--medium);padding-bottom:var(--wp--preset--spacing--small);padding-left:var(--wp--preset--spacing--medium)\">Obtenga una cotizaci\u00f3n para su viaje<\/a><\/div>\n<\/div>\n\n<h2 class=\"wp-block-heading has-luminous-vivid-orange-color has-text-color has-link-color wp-elements-d2a46369e4a297971d33b85ce44d3976\"><strong>\u2705 Qu\u00e9 incluye:<\/strong><\/h2>\n\n<ul class=\"wp-block-list\">\n<li>Planificaci\u00f3n de viajes personalizados por expertos con sede en Marruecos<\/li>\n\n\n\n<li>Conductor dedicado con veh\u00edculo privado<\/li>\n\n\n\n<li>Recogida y regreso al aeropuerto<\/li>\n\n\n\n<li>Hoteles sugeridos, gu\u00edas y experiencias locales<\/li>\n\n\n\n<li>Flexibilidad para personalizar en cada paso<\/li>\n\n\n\n<li>Soporte v\u00eda WhatsApp o email antes y durante el tour<\/li>\n<\/ul>\n\n<h2 class=\"wp-block-heading has-luminous-vivid-orange-color has-text-color has-link-color wp-elements-fdd7ba20ef47e968b17201ac99ee17eb\"><strong>\u274c No incluido:<\/strong><\/h2>\n\n<ul class=\"wp-block-list\">\n<li>Vuelos<\/li>\n\n\n\n<li>Entradas (opcional)<\/li>\n\n\n\n<li>Comidas a menos que se especifique<\/li>\n\n\n\n<li>Seguro de viaje<\/li>\n\n\n\n<li>Propinas para conductor\/gu\u00eda<\/li>\n<\/ul>\n\n<div class=\"wp-block-buttons is-content-justification-center is-layout-flex wp-container-core-buttons-is-layout-a89b3969 wp-block-buttons-is-layout-flex\">\n<div class=\"wp-block-button is-style-fill\"><a class=\"wp-block-button__link has-black-color has-text-color has-background has-link-color has-text-align-center wp-element-button\" href=\"https:\/\/www.marrakechtaxi.com\/quote-custom-morocco-tour-request\/\" style=\"background-color:#fdb813;padding-top:var(--wp--preset--spacing--small);padding-right:var(--wp--preset--spacing--medium);padding-bottom:var(--wp--preset--spacing--small);padding-left:var(--wp--preset--spacing--medium)\">Obtenga una cotizaci\u00f3n para su viaje<\/a><\/div>\n<\/div>\n\n<h2 class=\"wp-block-heading has-luminous-vivid-orange-color has-text-color has-link-color wp-elements-db7b5d7122bd63e04e06420f0e29a3cf\"><strong>\ud83d\udccd Informaci\u00f3n de recogida:<\/strong><\/h2>\n\n<p>Ofrecemos recogida puerta a puerta desde:<\/p>\n\n<ul class=\"wp-block-list\">\n<li>Aeropuertos de Marrakech \/ Casablanca \/ Fez \/ T\u00e1nger<\/li>\n\n\n\n<li>Tu riad, hotel o alojamiento<br\/>Si est\u00e1s fuera de estas ciudades, cont\u00e1ctanos antes de reservar.<\/li>\n<\/ul>\n\n<h2 class=\"wp-block-heading has-luminous-vivid-orange-color has-text-color\"><strong>\ud83d\udcc5 Informaci\u00f3n de reserva:<\/strong><\/h2>\n\n<ul class=\"wp-block-list\">\n<li>No se requiere una fecha fija: simplemente env\u00ede su solicitud.<\/li>\n\n\n\n<li>Presupuesto gratuito en 48 horas.<\/li>\n\n\n\n<li>Se requiere dep\u00f3sito seguro s\u00f3lo despu\u00e9s de la confirmaci\u00f3n.<\/li>\n\n\n\n<li>Cancelar o modificar f\u00e1cilmente antes de la confirmaci\u00f3n.<\/li>\n<\/ul>\n\n<div class=\"wp-block-buttons is-content-justification-center is-layout-flex wp-container-core-buttons-is-layout-a89b3969 wp-block-buttons-is-layout-flex\">\n<div class=\"wp-block-button is-style-fill\"><a class=\"wp-block-button__link has-black-color has-text-color has-background has-link-color has-text-align-center wp-element-button\" href=\"https:\/\/www.marrakechtaxi.com\/quote-custom-morocco-tour-request\/\" style=\"background-color:#fdb813;padding-top:var(--wp--preset--spacing--small);padding-right:var(--wp--preset--spacing--medium);padding-bottom:var(--wp--preset--spacing--small);padding-left:var(--wp--preset--spacing--medium)\">Obtenga una cotizaci\u00f3n para su viaje<\/a><\/div>\n<\/div>\n\n<hr class=\"wp-block-separator has-alpha-channel-opacity\"\/>\n\n<h2 class=\"wp-block-heading has-luminous-vivid-orange-color has-text-color has-link-color wp-elements-ac5792b953fcbdf95aa61ae2dc8d047f\"><strong>Preguntas frecuentes:<\/strong><\/h2>\n<div id=\"rank-math-faq\" class=\"rank-math-block\">\n<div class=\"rank-math-list \">\n<div id=\"faq-question-1753891850636\" class=\"rank-math-list-item\">\n<h3 class=\"rank-math-question \"><strong>\u00bfQu\u00e9 tan r\u00e1pido recibir\u00e9 mi cotizaci\u00f3n?<\/strong><\/h3>\n<div class=\"rank-math-answer \">\n\n<p>La mayor\u00eda de las cotizaciones se entregan en un plazo de 24 a 48 horas.<\/p>\n\n<\/div>\n<\/div>\n<div id=\"faq-question-1753891874544\" class=\"rank-math-list-item\">\n<h3 class=\"rank-math-question \"><strong>\u00bfPuedo reservar s\u00f3lo el transporte?<\/strong><\/h3>\n<div class=\"rank-math-answer \">\n\n<p>S\u00ed, ofrecemos solo coche + conductor si es necesario.<\/p>\n\n<\/div>\n<\/div>\n<div id=\"faq-question-1753891880936\" class=\"rank-math-list-item\">\n<h3 class=\"rank-math-question \"><strong>\u00bfTambi\u00e9n ayud\u00e1is con la reserva de hotel?<\/strong><\/h3>\n<div class=\"rank-math-answer \">\n\n<p>S\u00ed, bajo petici\u00f3n podemos incluir hoteles.<\/p>\n\n<\/div>\n<\/div>\n<div id=\"faq-question-1753891893633\" class=\"rank-math-list-item\">\n<h3 class=\"rank-math-question \"><strong>\u00bfOperais en espa\u00f1ol\/franc\u00e9s\/italiano?<\/strong><\/h3>\n<div class=\"rank-math-answer \">\n\n<p>S\u00ed, nuestro equipo habla los tres y tambi\u00e9n ingl\u00e9s.<\/p>\n\n<\/div>\n<\/div>\n<\/div>\n<\/div>\n<div class=\"wp-block-buttons is-content-justification-center is-layout-flex wp-container-core-buttons-is-layout-a89b3969 wp-block-buttons-is-layout-flex\">\n<div class=\"wp-block-button is-style-fill\"><a class=\"wp-block-button__link has-black-color has-text-color has-background has-link-color has-text-align-center wp-element-button\" href=\"https:\/\/www.marrakechtaxi.com\/quote-custom-morocco-tour-request\/\" style=\"background-color:#fdb813;padding-top:var(--wp--preset--spacing--small);padding-right:var(--wp--preset--spacing--medium);padding-bottom:var(--wp--preset--spacing--small);padding-left:var(--wp--preset--spacing--medium)\">Obtenga una cotizaci\u00f3n para su viaje<\/a><\/div>\n<\/div>\n","protected":false},"excerpt":{"rendered":"<p>Planifica el viaje de tus sue\u00f1os a Marruecos con la ayuda de expertos locales. Transporte privado, experiencias \u00fanicas e itinerarios flexibles. Presupuesto r\u00e1pido por WhatsApp o correo electr\u00f3nico.  <\/p>\n","protected":false},"featured_media":31846,"comment_status":"open","ping_status":"closed","template":"","meta":{"inline_featured_image":false,"_monsterinsights_skip_tracking":false,"_monsterinsights_sitenote_active":false,"_monsterinsights_sitenote_note":"","_monsterinsights_sitenote_category":0},"product_brand":[],"product_cat":[136,139,81],"product_tag":[],"class_list":{"0":"post-32019","1":"product","2":"type-product","3":"status-publish","4":"has-post-thumbnail","6":"product_cat-tours-marruecos","7":"product_cat-tours-desde-marrakech","8":"product_cat-tours-desierto","10":"first","11":"instock","12":"shipping-taxable","13":"product-type-simple"},"booking_location":null,"booking_location_type":null,"booking_duration":null,"booking_duration_unit":null,"booking_buffer":null,"booking_cost":null,"booking_resources":null,"exclude_global_add_ons":[],"addons":[],"_links":{"self":[{"href":"https:\/\/www.marrakechtaxi.com\/es\/wp-json\/wp\/v2\/product\/32019","targetHints":{"allow":["GET"]}}],"collection":[{"href":"https:\/\/www.marrakechtaxi.com\/es\/wp-json\/wp\/v2\/product"}],"about":[{"href":"https:\/\/www.marrakechtaxi.com\/es\/wp-json\/wp\/v2\/types\/product"}],"replies":[{"embeddable":true,"href":"https:\/\/www.marrakechtaxi.com\/es\/wp-json\/wp\/v2\/comments?post=32019"}],"wp:featuredmedia":[{"embeddable":true,"href":"https:\/\/www.marrakechtaxi.com\/es\/wp-json\/wp\/v2\/media\/31846"}],"wp:attachment":[{"href":"https:\/\/www.marrakechtaxi.com\/es\/wp-json\/wp\/v2\/media?parent=32019"}],"wp:term":[{"taxonomy":"product_brand","embeddable":true,"href":"https:\/\/www.marrakechtaxi.com\/es\/wp-json\/wp\/v2\/product_brand?post=32019"},{"taxonomy":"product_cat","embeddable":true,"href":"https:\/\/www.marrakechtaxi.com\/es\/wp-json\/wp\/v2\/product_cat?post=32019"},{"taxonomy":"product_tag","embeddable":true,"href":"https:\/\/www.marrakechtaxi.com\/es\/wp-json\/wp\/v2\/product_tag?post=32019"}],"curies":[{"name":"wp","href":"https:\/\/api.w.org\/{rel}","templated":true}]}}