{"id":32016,"date":"2025-08-06T16:02:56","date_gmt":"2025-08-06T15:02:56","guid":{"rendered":"https:\/\/www.marrakechtaxi.com\/cena-camello-quad-agafay-desde-marrakech\/"},"modified":"2025-11-12T15:23:33","modified_gmt":"2025-11-12T14:23:33","slug":"cena-camello-quad-agafay-desde-marrakech","status":"publish","type":"product","link":"https:\/\/www.marrakechtaxi.com\/es\/cena-camello-quad-agafay-desde-marrakech\/","title":{"rendered":"Paseo en camello o quad por Agafay + cena con espect\u00e1culo (campamento sin lujo)"},"content":{"rendered":"\n<h2 class=\"wp-block-heading\"><strong>\ud83c\udf05 Resumen de la experiencia<\/strong><\/h2>\n\n<p>Descubra el desierto de Agafay a su manera. Este paquete flexible le permite elegir c\u00f3mo quiere disfrutar de la velada: pasear en camello, subirse a un quad o simplemente disfrutar de la aut\u00e9ntica cena con espect\u00e1culo. <\/p>\n\n<p>En un <strong>campamento n\u00f3mada sin lujos<\/strong>, esta experiencia ofrece <strong>comodidad, encanto local y entretenimiento cultural<\/strong> a un precio asequible. Despu\u00e9s del recorrido seleccionado, disfrute de una cena marroqu\u00ed bajo las estrellas con m\u00fasica tradicional en vivo y espect\u00e1culos de danza. <\/p>\n\n<p>Perfecto para parejas, familias o grupos peque\u00f1os que buscan una <strong>escapada aut\u00e9ntica y flexible al desierto<\/strong> a las afueras de Marrakech.<\/p>\n\n<h2 class=\"wp-block-heading\"><strong>\ud83d\udccc Aspectos destacados<\/strong><\/h2>\n\n<p>\u2705 Reserva flexible: Solo cena o a\u00f1adir camello, quad o ambos<br\/>\u2705 Cena tradicional marroqu\u00ed de 3 platos<br\/>\u2705 Espect\u00e1culo de m\u00fasica y danza en vivo en un campamento bereber<br\/>\u2705 Traslados privados desde Marrakech<br\/>\u2705 Experiencia familiar<br\/>\u2705 Espectaculares puestas de sol sobre el desierto de Agafay<br\/>\u2705 Sin costes ocultos: opciones claras seg\u00fan tus preferencias<\/p>\n\n<h2 class=\"wp-block-heading\"><strong>\ud83d\udd0d Qu\u00e9 esperar<\/strong><\/h2>\n\n<p>\ud83d\udefb Recogida en su hotel o riad (o punto de encuentro si no es accesible)<br\/>\ud83d\udc2a Paseo en camello (opcional): ~45 minutos por las dunas de Agafay<br\/>\ud83c\udfcd\ufe0f Paseo en quad (opcional): ~1 hora de aventura guiada<br\/>\ud83c\udf7d\ufe0f Cena marroqu\u00ed en un acogedor y aut\u00e9ntico campamento n\u00f3mada<br\/>\ud83c\udfb6 Espect\u00e1culo de m\u00fasica y danza tradicional en vivo<br\/>\ud83c\udf04 Vistas del atardecer y oportunidades para tomar fotos<br\/>\ud83d\ude90 Regreso a Marrakech (seg\u00fan la hora de finalizaci\u00f3n de la experiencia elegida)<\/p>\n\n<h2 class=\"wp-block-heading\"><strong>\u2139\ufe0f Informaci\u00f3n adicional<\/strong><\/h2>\n\n<p>\ud83d\udd52 <strong>Salida<\/strong>: A partir de las 15:00<br\/>\ud83d\udd63 <strong>Regreso<\/strong>: Seg\u00fan las actividades elegidas<br\/>\ud83d\ude97 <strong>Transporte<\/strong>: Veh\u00edculo privado (incluido)<br\/>\ud83e\udd58 <strong>Cena<\/strong>: Obligatoria: 20 \u20ac por persona<br\/>\ud83d\udc2a <strong>Paseo en camello<\/strong>: Opcional: 20 \u20ac por persona<br\/>\ud83c\udfcd\ufe0f <strong>Paseo en quad<\/strong>: Opcional: 30 \u20ac por persona<br\/>\ud83d\udcf7 \u00a1Trae una c\u00e1mara para sacar fotos durante la hora dorada!<br\/>\ud83e\udde5 Se recomienda llevar chaqueta ligera (las noches pueden ser frescas)<\/p>\n\n<hr class=\"wp-block-separator has-alpha-channel-opacity\"\/>\n\n<h2 class=\"wp-block-heading has-luminous-vivid-orange-color has-text-color has-link-color wp-elements-bfb6dee5d5fe7cf6b0530b4210171ee1\"><strong>Preguntas frecuentes<\/strong><\/h2>\n<div id=\"rank-math-faq\" class=\"rank-math-block\">\n<div class=\"rank-math-list \">\n<div id=\"faq-question-1754486712336\" class=\"rank-math-list-item\">\n<h3 class=\"rank-math-question \"><strong>\u00bfPuedo reservar s\u00f3lo la cena y el espect\u00e1culo?<\/strong><\/h3>\n<div class=\"rank-math-answer \">\n\n<p>\u00a1S\u00ed! Puedes reservar solo la cena con espect\u00e1culo, sin el paseo en camello ni en quad. <\/p>\n\n<\/div>\n<\/div>\n<div id=\"faq-question-1754486725993\" class=\"rank-math-list-item\">\n<h3 class=\"rank-math-question \"><strong>\u00bfPuedo hacer paseos en camello y en quad?<\/strong><\/h3>\n<div class=\"rank-math-answer \">\n\n<p>Por supuesto. Puedes a\u00f1adir ambos a tu reserva para una aventura completa. <\/p>\n\n<\/div>\n<\/div>\n<div id=\"faq-question-1754487277441\" class=\"rank-math-list-item\">\n<h3 class=\"rank-math-question \"><strong>\u00bfEs adecuado para ni\u00f1os?<\/strong><\/h3>\n<div class=\"rank-math-answer \">\n\n<p>S\u00ed, la experiencia es familiar y los ni\u00f1os pueden disfrutar tanto de las atracciones como del espect\u00e1culo.<\/p>\n\n<\/div>\n<\/div>\n<div id=\"faq-question-1754487520360\" class=\"rank-math-list-item\">\n<h3 class=\"rank-math-question \"><strong>\u00bfLa cena est\u00e1 incluida?<\/strong><\/h3>\n<div class=\"rank-math-answer \">\n\n<p>S\u00ed, la cena es <strong>obligatoria<\/strong> e incluye una comida tradicional marroqu\u00ed de 3 platos.<\/p>\n\n<\/div>\n<\/div>\n<div id=\"faq-question-1754487533639\" class=\"rank-math-list-item\">\n<h3 class=\"rank-math-question \"><strong>\u00bfQu\u00e9 tipo de campamento es?<\/strong><\/h3>\n<div class=\"rank-math-answer \">\n\n<p>Un <strong>campamento n\u00f3mada sin lujos<\/strong>: aut\u00e9ntico y sencillo, pero c\u00f3modo, con un ambiente animado y excelente comida.<\/p>\n\n<\/div>\n<\/div>\n<div id=\"faq-question-1754487563293\" class=\"rank-math-list-item\">\n<h3 class=\"rank-math-question \"><strong>\u00bfEl transporte es privado?<\/strong><\/h3>\n<div class=\"rank-math-answer \">\n\n<p>S\u00ed. Todo el transporte es privado y de ida y vuelta desde Marrakech. <\/p>\n\n<\/div>\n<\/div>\n<div id=\"faq-question-1754487573599\" class=\"rank-math-list-item\">\n<h3 class=\"rank-math-question \"><strong>\u00bfA qu\u00e9 hora regresamos a Marrakech?<\/strong><\/h3>\n<div class=\"rank-math-answer \">\n\n<p>La hora de regreso depende de las actividades seleccionadas. La mayor\u00eda de los hu\u00e9spedes regresan entre las 21:30 y las 23:00. <\/p>\n\n<\/div>\n<\/div>\n<\/div>\n<\/div>","protected":false},"excerpt":{"rendered":"<p>\u00a1Personaliza tu velada en Agafay! Elige un paseo en camello o quad (o ambos), seguido de una deliciosa cena marroqu\u00ed y espect\u00e1culo en vivo en un acogedor campamento n\u00f3mada. Traslado privado incluido.  <\/p>\n","protected":false},"featured_media":31987,"comment_status":"open","ping_status":"closed","template":"","meta":{"inline_featured_image":false,"_monsterinsights_skip_tracking":false,"_monsterinsights_sitenote_active":false,"_monsterinsights_sitenote_note":"","_monsterinsights_sitenote_category":0},"product_brand":[],"product_cat":[77,84],"product_tag":[],"class_list":{"0":"post-32016","1":"product","2":"type-product","3":"status-publish","4":"has-post-thumbnail","6":"product_cat-actividades-agafay-desierto","7":"product_cat-actividades-marrakech","9":"first","10":"instock","11":"virtual","12":"sold-individually","13":"purchasable","14":"product-type-booking"},"booking_location":"","booking_location_type":"","booking_duration":1,"booking_duration_unit":"day","booking_buffer":0,"booking_cost":69,"booking_resources":[],"exclude_global_add_ons":false,"addons":[{"name":"Actividades","type":"heading","position":0,"required":false,"title_format":"label","default":"","description_enable":false,"description":null,"placeholder_enable":false,"placeholder":null,"display":"select","restrictions_type":"any_text","adjust_price":false,"price":"","price_type":"flat_fee","restrictions":false,"min":"0","max":"0","options":[],"id":1754496185},{"name":"Cena Espect\u00e1culo (+20\u20ac\/Pers.)","type":"checkbox","position":1,"required":true,"title_format":"hide","default":"","description_enable":false,"description":null,"placeholder_enable":false,"placeholder":null,"display":"select","restrictions_type":"any_text","adjust_price":false,"price":"","price_type":"flat_fee","restrictions":false,"min":"0","max":"0","options":[{"label":"Cena (+20\u20ac\/Pers.)","price":"20","price_type":"quantity_based","image":0,"visibility":true}],"id":1754496184},{"name":"Paseo en camello","type":"checkbox","position":2,"required":false,"title_format":"hide","default":"","description_enable":false,"description":null,"placeholder_enable":false,"placeholder":null,"display":"select","restrictions_type":"any_text","adjust_price":false,"price":"","price_type":"flat_fee","restrictions":false,"min":"0","max":"0","options":[{"label":"Paseo en camello (+20\u20ac\/Pers.)","price":"20","price_type":"quantity_based","image":0,"visibility":true}],"id":1754496182},{"name":"Paseo en Quad","type":"checkbox","position":3,"required":false,"title_format":"hide","default":"","description_enable":false,"description":null,"placeholder_enable":false,"placeholder":null,"display":"select","restrictions_type":"any_text","adjust_price":false,"price":"","price_type":"flat_fee","restrictions":false,"min":"0","max":"0","options":[{"label":"Paseo en Quad (+30\u20ac\/Pers.)","price":"30","price_type":"quantity_based","image":0,"visibility":true}],"id":1754496183}],"_links":{"self":[{"href":"https:\/\/www.marrakechtaxi.com\/es\/wp-json\/wp\/v2\/product\/32016","targetHints":{"allow":["GET"]}}],"collection":[{"href":"https:\/\/www.marrakechtaxi.com\/es\/wp-json\/wp\/v2\/product"}],"about":[{"href":"https:\/\/www.marrakechtaxi.com\/es\/wp-json\/wp\/v2\/types\/product"}],"replies":[{"embeddable":true,"href":"https:\/\/www.marrakechtaxi.com\/es\/wp-json\/wp\/v2\/comments?post=32016"}],"wp:featuredmedia":[{"embeddable":true,"href":"https:\/\/www.marrakechtaxi.com\/es\/wp-json\/wp\/v2\/media\/31987"}],"wp:attachment":[{"href":"https:\/\/www.marrakechtaxi.com\/es\/wp-json\/wp\/v2\/media?parent=32016"}],"wp:term":[{"taxonomy":"product_brand","embeddable":true,"href":"https:\/\/www.marrakechtaxi.com\/es\/wp-json\/wp\/v2\/product_brand?post=32016"},{"taxonomy":"product_cat","embeddable":true,"href":"https:\/\/www.marrakechtaxi.com\/es\/wp-json\/wp\/v2\/product_cat?post=32016"},{"taxonomy":"product_tag","embeddable":true,"href":"https:\/\/www.marrakechtaxi.com\/es\/wp-json\/wp\/v2\/product_tag?post=32016"}],"curies":[{"name":"wp","href":"https:\/\/api.w.org\/{rel}","templated":true}]}}