{"id":31979,"date":"2025-08-06T09:10:41","date_gmt":"2025-08-06T08:10:41","guid":{"rendered":"https:\/\/www.marrakechtaxi.com\/camello-quad-agafay-marrakech\/"},"modified":"2025-10-15T16:02:59","modified_gmt":"2025-10-15T15:02:59","slug":"camello-quad-agafay-marrakech","status":"publish","type":"product","link":"https:\/\/www.marrakechtaxi.com\/es\/camello-quad-agafay-marrakech\/","title":{"rendered":"Paseo en camello o aventura en quad por Agafay (salida flexible)"},"content":{"rendered":"\n<h2 class=\"wp-block-heading has-luminous-vivid-orange-color has-text-color has-link-color wp-elements-195dce8ea251ac1986468dd7d849c550\"><strong>\ud83c\udf04 Resumen de la experiencia<\/strong><\/h2>\n\n<p>Avent\u00farate en el sereno desierto de Agafay, a solo 40 minutos de Marrakech, y elige tu actividad preferida: un tranquilo paseo en camello vestido con atuendo n\u00f3mada o una sesi\u00f3n de quad llena de adrenalina a trav\u00e9s de dunas rocosas.<\/p>\n\n<p>Con salida flexible a partir de las 10:00 h, esta aventura de medio d\u00eda es perfecta para quienes desean explorar el desierto sin comprometerse con un programa nocturno completo. Ideal para amigos, parejas o familias que buscan una escapada activa al desierto. <\/p>\n\n<h2 class=\"wp-block-heading has-luminous-vivid-orange-color has-text-color has-link-color wp-elements-f61a7e7f159dbc1cc423d5dd58f2c0b7\"><strong>\u2705 Qu\u00e9 incluye<\/strong><\/h2>\n\n<ul class=\"wp-block-list\">\n<li>Traslados privados desde\/hasta su alojamiento en Marrakech<\/li>\n\n\n\n<li>Opci\u00f3n de <strong>paseo en camello<\/strong> <em>(~45 minutos)<\/em> o <strong>paseo en quad<\/strong> <em>(~1 hora)<\/em><\/li>\n\n\n\n<li>Ropa n\u00f3mada tradicional para paseo en camello (opcional)<\/li>\n\n\n\n<li>Equipo de soporte local amigable<\/li>\n<\/ul>\n\n<h2 class=\"wp-block-heading has-luminous-vivid-orange-color has-text-color has-link-color wp-elements-33b85e7a651063e8494066815f17c6ee\"><strong>\u274c No incluido<\/strong><\/h2>\n\n<ul class=\"wp-block-list\">\n<li>Comidas o cenas<\/li>\n\n\n\n<li>Acceso al campamento de lujo<\/li>\n\n\n\n<li>Entretenimiento o espect\u00e1culos<\/li>\n\n\n\n<li>Seguro de viaje<\/li>\n<\/ul>\n\n<h2 class=\"wp-block-heading has-luminous-vivid-orange-color has-text-color has-link-color wp-elements-ff8697e042df55cd4ba6698c31369c39\"><strong>\ud83d\udccd Informaci\u00f3n de recogida<\/strong><\/h2>\n\n<ul class=\"wp-block-list\">\n<li>Recogida en su hotel, riad o punto de encuentro accesible en Marrakech<\/li>\n\n\n\n<li>Salida flexible: <strong>disponible en cualquier momento de 10:00 a 16:00 horas.<\/strong><\/li>\n\n\n\n<li>Hora de regreso: depende de la duraci\u00f3n de la experiencia.<\/li>\n<\/ul>\n\n<h2 class=\"wp-block-heading has-luminous-vivid-orange-color has-text-color has-link-color wp-elements-9fee9c2ef26b995509552a55f054d174\"><strong>\ud83d\udcc5 Informaci\u00f3n de reserva<\/strong><\/h2>\n\n<ul class=\"wp-block-list\">\n<li>Disponibilidad diaria<\/li>\n\n\n\n<li>Duraci\u00f3n: alrededor de 3 a 4 horas<\/li>\n\n\n\n<li>Se requiere reserva previa<\/li>\n\n\n\n<li>Cancelaci\u00f3n gratuita hasta 24 horas antes de la salida<\/li>\n<\/ul>\n\n<hr class=\"wp-block-separator has-alpha-channel-opacity\"\/>\n\n<h2 class=\"wp-block-heading has-luminous-vivid-orange-color has-text-color has-link-color wp-elements-bfb6dee5d5fe7cf6b0530b4210171ee1\"><strong>Preguntas frecuentes<\/strong><\/h2>\n<div id=\"rank-math-faq\" class=\"rank-math-block\">\n<div class=\"rank-math-list \">\n<div id=\"faq-question-1754464980920\" class=\"rank-math-list-item\">\n<h3 class=\"rank-math-question \"><strong>\u00bfVale la pena visitar el desierto de Agafay en una excursi\u00f3n de un d\u00eda?<\/strong><\/h3>\n<div class=\"rank-math-answer \">\n\n<p>\u00a1S\u00ed! El desierto de Agafay ofrece un paisaje \u00fanico, paseos en camello y aventuras en quad: perfecto para una escapada r\u00e1pida desde Marrakech. <\/p>\n\n<\/div>\n<\/div>\n<div id=\"faq-question-1754464997547\" class=\"rank-math-list-item\">\n<h3 class=\"rank-math-question \"><strong>\u00bfPuedo elegir entre paseo en camello y en quad?<\/strong><\/h3>\n<div class=\"rank-math-answer \">\n\n<p>Por supuesto. Puedes elegir cualquiera de las dos experiencias o incluso combinar ambas para una aventura m\u00e1s completa en el desierto. <\/p>\n\n<\/div>\n<\/div>\n<div id=\"faq-question-1754465009900\" class=\"rank-math-list-item\">\n<h3 class=\"rank-math-question \"><strong>\u00bfQu\u00e9 debo vestir para esta experiencia?<\/strong><\/h3>\n<div class=\"rank-math-answer \">\n\n<p>Lleve ropa c\u00f3moda, calzado cerrado, gafas de sol y protector solar. Se proporciona atuendo tradicional para el paseo en camello. <\/p>\n\n<\/div>\n<\/div>\n<div id=\"faq-question-1754465021084\" class=\"rank-math-list-item\">\n<h3 class=\"rank-math-question \"><strong>\u00bfA qu\u00e9 distancia est\u00e1 el desierto de Agafay de Marrakech?<\/strong><\/h3>\n<div class=\"rank-math-answer \">\n\n<p>Aproximadamente 40 a 45 minutos en coche, por lo que es ideal para excursiones de medio d\u00eda o de d\u00eda completo.<\/p>\n\n<\/div>\n<\/div>\n<div id=\"faq-question-1754465037618\" class=\"rank-math-list-item\">\n<h3 class=\"rank-math-question \"><strong>\u00bfPueden los ni\u00f1os unirse a la experiencia?<\/strong><\/h3>\n<div class=\"rank-math-answer \">\n\n<p>S\u00ed, se admiten ni\u00f1os en el paseo en camello. Para los quads, puede haber restricciones de edad m\u00ednima. <\/p>\n\n<\/div>\n<\/div>\n<\/div>\n<\/div>","protected":false},"excerpt":{"rendered":"<p data-start=\"151\" data-end=\"358\">Disfrute de una emocionante escapada diurna desde Marrakech con un paseo en camello o una aventura en quad por el impresionante desierto de Agafay. Salida a partir de las 10:00 h (cena no incluida). <\/p>\n","protected":false},"featured_media":25668,"comment_status":"open","ping_status":"closed","template":"","meta":{"inline_featured_image":false,"_monsterinsights_skip_tracking":false,"_monsterinsights_sitenote_active":false,"_monsterinsights_sitenote_note":"","_monsterinsights_sitenote_category":0},"product_brand":[],"product_cat":[77,84],"product_tag":[],"class_list":{"0":"post-31979","1":"product","2":"type-product","3":"status-publish","4":"has-post-thumbnail","6":"product_cat-actividades-agafay-desierto","7":"product_cat-actividades-marrakech","9":"first","10":"instock","11":"virtual","12":"sold-individually","13":"purchasable","14":"product-type-booking"},"booking_location":"","booking_location_type":"","booking_duration":1,"booking_duration_unit":"hour","booking_buffer":0,"booking_cost":69,"booking_resources":[],"exclude_global_add_ons":false,"addons":[{"name":"Actividades","type":"checkbox","position":0,"required":true,"title_format":"heading","default":"","description_enable":false,"description":null,"placeholder_enable":false,"placeholder":null,"display":"select","restrictions_type":"any_text","adjust_price":false,"price":"","price_type":"flat_fee","restrictions":false,"min":"0","max":"0","options":[{"label":"Paseo en camello (+20\u20ac\/Pers.)","price":"20","price_type":"quantity_based","image":0,"visibility":true},{"label":"Quad (+30\u20ac\/Pers.)","price":"30","price_type":"quantity_based","image":0,"visibility":true}],"id":1754471447}],"_links":{"self":[{"href":"https:\/\/www.marrakechtaxi.com\/es\/wp-json\/wp\/v2\/product\/31979","targetHints":{"allow":["GET"]}}],"collection":[{"href":"https:\/\/www.marrakechtaxi.com\/es\/wp-json\/wp\/v2\/product"}],"about":[{"href":"https:\/\/www.marrakechtaxi.com\/es\/wp-json\/wp\/v2\/types\/product"}],"replies":[{"embeddable":true,"href":"https:\/\/www.marrakechtaxi.com\/es\/wp-json\/wp\/v2\/comments?post=31979"}],"wp:featuredmedia":[{"embeddable":true,"href":"https:\/\/www.marrakechtaxi.com\/es\/wp-json\/wp\/v2\/media\/25668"}],"wp:attachment":[{"href":"https:\/\/www.marrakechtaxi.com\/es\/wp-json\/wp\/v2\/media?parent=31979"}],"wp:term":[{"taxonomy":"product_brand","embeddable":true,"href":"https:\/\/www.marrakechtaxi.com\/es\/wp-json\/wp\/v2\/product_brand?post=31979"},{"taxonomy":"product_cat","embeddable":true,"href":"https:\/\/www.marrakechtaxi.com\/es\/wp-json\/wp\/v2\/product_cat?post=31979"},{"taxonomy":"product_tag","embeddable":true,"href":"https:\/\/www.marrakechtaxi.com\/es\/wp-json\/wp\/v2\/product_tag?post=31979"}],"curies":[{"name":"wp","href":"https:\/\/api.w.org\/{rel}","templated":true}]}}