{"id":31906,"date":"2025-08-03T09:39:05","date_gmt":"2025-08-03T08:39:05","guid":{"rendered":"https:\/\/www.marrakechtaxi.com\/paseo-en-globo-aerostatico-marrakech\/"},"modified":"2025-12-26T21:19:36","modified_gmt":"2025-12-26T20:19:36","slug":"paseo-en-globo-aerostatico-marrakech","status":"publish","type":"product","link":"https:\/\/www.marrakechtaxi.com\/es\/paseo-en-globo-aerostatico-marrakech\/","title":{"rendered":"Paseo en globo aerost\u00e1tico en Marrakech"},"content":{"rendered":"\n<p>Emb\u00e1rcate en un <strong>impresionante vuelo en globo aerost\u00e1tico al amanecer<\/strong> sobre la ciudad roja de Marrakech. Desl\u00edzate pl\u00e1cidamente sobre palmerales, pueblos bereberes y ondulantes paisajes des\u00e9rticos. Ideal para parejas, familias y amantes de las emociones fuertes: esta es una de las <strong>experiencias m\u00e1s populares y fotografiadas<\/strong> de Marruecos.  <\/p>\n\n<p>Ya sea que est\u00e9 celebrando un momento especial o simplemente quiera ver Marrakech desde una perspectiva completamente nueva, este viaje promete <strong>una aventura m\u00e1gica e inolvidable<\/strong>.<\/p>\n\n<h2 class=\"wp-block-heading has-luminous-vivid-orange-color has-text-color has-link-color wp-elements-6de59d0b04e60e6330011a4ab28fd993\"><strong>\ud83d\udd0d Qu\u00e9 esperar<\/strong><\/h2>\n\n<ul class=\"wp-block-list\">\n<li>\ud83d\udd53 Recogida a primera hora de la ma\u00f1ana en su hotel o riad (normalmente entre las 4:30 y las 6:00 a. m.)<\/li>\n\n\n\n<li>\ud83d\ude8c Traslado privado al lugar de lanzamiento (30-40 minutos desde Marrakech)<\/li>\n\n\n\n<li>\ud83e\udd50 T\u00e9 de bienvenida y refrigerios ligeros antes del despegue<\/li>\n\n\n\n<li>\ud83c\udf88 45\u201360 minutos de vuelo panor\u00e1mico durante el amanecer<\/li>\n\n\n\n<li>\ud83d\udcf8 Impresionantes vistas de las monta\u00f1as del Atlas, palmerales y mesetas des\u00e9rticas.<\/li>\n\n\n\n<li>\ud83e\udd58 Desayuno tradicional marroqu\u00ed servido despu\u00e9s del aterrizaje.<\/li>\n\n\n\n<li>\ud83d\ude97 Traslado de regreso a su alojamiento<\/li>\n<\/ul>\n\n<h2 class=\"wp-block-heading has-luminous-vivid-orange-color has-text-color has-link-color wp-elements-f61a7e7f159dbc1cc423d5dd58f2c0b7\"><strong>\u2705 Qu\u00e9 incluye<\/strong><\/h2>\n\n<ul class=\"wp-block-list\">\n<li>Recogida y regreso al hotel\/riad en Marrakech<\/li>\n\n\n\n<li>T\u00e9 y pasteles de bienvenida antes del vuelo.<\/li>\n\n\n\n<li>Paseo en globo aerost\u00e1tico (~60 min)<\/li>\n\n\n\n<li>Piloto experimentado y con licencia<\/li>\n\n\n\n<li>Desayuno en una tienda tradicional bereber<\/li>\n\n\n\n<li>Asistencia en ingl\u00e9s \/ franc\u00e9s \/ \u00e1rabe<\/li>\n<\/ul>\n\n<h2 class=\"wp-block-heading has-luminous-vivid-orange-color has-text-color has-link-color wp-elements-33b85e7a651063e8494066815f17c6ee\"><strong>\u274c No incluido<\/strong><\/h2>\n\n<ul class=\"wp-block-list\">\n<li>Propinas para la tripulaci\u00f3n (opcional)<\/li>\n\n\n\n<li>Fotos\/v\u00eddeos (pueden estar disponibles con coste adicional)<\/li>\n\n\n\n<li>Transporte fuera de Marrakech (bajo petici\u00f3n)<\/li>\n<\/ul>\n\n<h2 class=\"wp-block-heading has-luminous-vivid-orange-color has-text-color has-link-color wp-elements-ff8697e042df55cd4ba6698c31369c39\"><strong>\ud83d\udccd Informaci\u00f3n de recogida<\/strong><\/h2>\n\n<p>El servicio de recogida est\u00e1 disponible en todos los hoteles, riads y principales puntos de encuentro de Marrakech.<br\/>Si se aloja fuera de Marrakech, <strong>cont\u00e1ctenos con antelaci\u00f3n<\/strong>.<br\/>Confirmaremos la hora y el lugar exacto de recogida el d\u00eda anterior.<\/p>\n\n<h2 class=\"wp-block-heading has-luminous-vivid-orange-color has-text-color has-link-color wp-elements-9fee9c2ef26b995509552a55f054d174\"><strong>\ud83d\udcc5 Informaci\u00f3n de reserva<\/strong><\/h2>\n\n<ul class=\"wp-block-list\">\n<li><strong>Disponible diariamente<\/strong>, si el clima lo permite.<\/li>\n\n\n\n<li>Se recomienda encarecidamente reservar con antelaci\u00f3n (este tour tiene mucha demanda).<\/li>\n\n\n\n<li>No se permiten ni\u00f1os menores de 4 a\u00f1os.<\/li>\n\n\n\n<li>No recomendado para viajeros embarazadas<\/li>\n\n\n\n<li>Duraci\u00f3n del recorrido: ~4 horas en total (puerta a puerta)<\/li>\n<\/ul>\n\n<h2 class=\"wp-block-heading has-luminous-vivid-orange-color has-text-color has-link-color wp-elements-08a0915714f9ea3ae00b35dc82f53f61\"><strong>\u26a0\ufe0f Nota importante<\/strong><\/h2>\n\n<blockquote class=\"wp-block-quote is-layout-flow wp-block-quote-is-layout-flow\">\n<p><em>En casos excepcionales, si las condiciones clim\u00e1ticas impiden que el globo vuele o los boletos no est\u00e1n disponibles, su reserva ser\u00e1 cancelada y su dep\u00f3sito ser\u00e1 reembolsado en su totalidad.<\/em><\/p>\n<\/blockquote>\n\n<hr class=\"wp-block-separator has-alpha-channel-opacity\"\/>\n\n<h2 class=\"wp-block-heading has-luminous-vivid-orange-color has-text-color has-link-color wp-elements-bfb6dee5d5fe7cf6b0530b4210171ee1\"><strong>Preguntas frecuentes<\/strong><\/h2>\n<div id=\"rank-math-faq\" class=\"rank-math-block\">\n<div class=\"rank-math-list \">\n<div id=\"faq-question-1754207381289\" class=\"rank-math-list-item\">\n<h3 class=\"rank-math-question \"><strong>\u00bfEs seguro el viaje en globo?<\/strong><\/h3>\n<div class=\"rank-math-answer \">\n\n<p>S\u00ed, es operado por pilotos licenciados y experimentados y est\u00e1 totalmente asegurado.<\/p>\n\n<\/div>\n<\/div>\n<div id=\"faq-question-1754207393229\" class=\"rank-math-list-item\">\n<h3 class=\"rank-math-question \">\u00bfQu\u00e9 tan alto volaremos?<\/h3>\n<div class=\"rank-math-answer \">\n\n<p>Generalmente entre 1000 y 1500 pies dependiendo del viento y las condiciones.<\/p>\n\n<\/div>\n<\/div>\n<div id=\"faq-question-1754207403853\" class=\"rank-math-list-item\">\n<h3 class=\"rank-math-question \"><strong>\u00bfPueden unirse los ni\u00f1os?<\/strong><\/h3>\n<div class=\"rank-math-answer \">\n\n<p>S\u00ed, los ni\u00f1os de 4 a\u00f1os o m\u00e1s pueden participar con un adulto supervisor.<\/p>\n\n<\/div>\n<\/div>\n<div id=\"faq-question-1754207464984\" class=\"rank-math-list-item\">\n<h3 class=\"rank-math-question \"><strong>\u00bfQu\u00e9 me pongo?<\/strong><\/h3>\n<div class=\"rank-math-answer \">\n\n<p>Ropa c\u00f3moda, calzado cerrado y chaqueta ligera (las ma\u00f1anas tempranas son frescas).<\/p>\n\n<\/div>\n<\/div>\n<div id=\"faq-question-1754207477378\" class=\"rank-math-list-item\">\n<h3 class=\"rank-math-question \"><strong>\u00bfPuedo reservar en el \u00faltimo minuto?<\/strong><\/h3>\n<div class=\"rank-math-answer \">\n\n<p>Recomendamos reservar con 2 o 3 d\u00edas de antelaci\u00f3n, especialmente durante la temporada alta.<\/p>\n\n<\/div>\n<\/div>\n<div id=\"faq-question-1754207529591\" class=\"rank-math-list-item\">\n<h3 class=\"rank-math-question \"><strong>\u00bfQu\u00e9 pasa en caso de mal tiempo?<\/strong><\/h3>\n<div class=\"rank-math-answer \">\n\n<p>La seguridad de nuestros pasajeros es nuestra m\u00e1xima prioridad. En caso de condiciones meteorol\u00f3gicas adversas, los vuelos podr\u00edan posponerse o reprogramarse. Nuestro equipo le mantendr\u00e1 informado y trabajar\u00e1 para encontrar la mejor soluci\u00f3n para su experiencia.  <\/p>\n\n<\/div>\n<\/div>\n<\/div>\n<\/div>","protected":false},"excerpt":{"rendered":"<p data-start=\"726\" data-end=\"896\">Disfrute de un inolvidable vuelo en globo sobre Marrakech al amanecer. Recogida en el hotel, desayuno tradicional marroqu\u00ed y vistas espectaculares incluidas.  \ud83d\udd50 El tour comienza al amanecer: \u00a1reserva tu asiento ahora!<\/p>\n","protected":false},"featured_media":31884,"comment_status":"open","ping_status":"closed","template":"","meta":{"inline_featured_image":false,"_monsterinsights_skip_tracking":false,"_monsterinsights_sitenote_active":false,"_monsterinsights_sitenote_note":"","_monsterinsights_sitenote_category":0},"product_brand":[],"product_cat":[84],"product_tag":[],"class_list":{"0":"post-31906","1":"product","2":"type-product","3":"status-publish","4":"has-post-thumbnail","6":"product_cat-actividades-marrakech","8":"first","9":"instock","10":"virtual","11":"sold-individually","12":"purchasable","13":"product-type-booking"},"booking_location":"","booking_location_type":"","booking_duration":1,"booking_duration_unit":"day","booking_buffer":0,"booking_cost":129,"booking_resources":[],"exclude_global_add_ons":[],"addons":[],"_links":{"self":[{"href":"https:\/\/www.marrakechtaxi.com\/es\/wp-json\/wp\/v2\/product\/31906","targetHints":{"allow":["GET"]}}],"collection":[{"href":"https:\/\/www.marrakechtaxi.com\/es\/wp-json\/wp\/v2\/product"}],"about":[{"href":"https:\/\/www.marrakechtaxi.com\/es\/wp-json\/wp\/v2\/types\/product"}],"replies":[{"embeddable":true,"href":"https:\/\/www.marrakechtaxi.com\/es\/wp-json\/wp\/v2\/comments?post=31906"}],"wp:featuredmedia":[{"embeddable":true,"href":"https:\/\/www.marrakechtaxi.com\/es\/wp-json\/wp\/v2\/media\/31884"}],"wp:attachment":[{"href":"https:\/\/www.marrakechtaxi.com\/es\/wp-json\/wp\/v2\/media?parent=31906"}],"wp:term":[{"taxonomy":"product_brand","embeddable":true,"href":"https:\/\/www.marrakechtaxi.com\/es\/wp-json\/wp\/v2\/product_brand?post=31906"},{"taxonomy":"product_cat","embeddable":true,"href":"https:\/\/www.marrakechtaxi.com\/es\/wp-json\/wp\/v2\/product_cat?post=31906"},{"taxonomy":"product_tag","embeddable":true,"href":"https:\/\/www.marrakechtaxi.com\/es\/wp-json\/wp\/v2\/product_tag?post=31906"}],"curies":[{"name":"wp","href":"https:\/\/api.w.org\/{rel}","templated":true}]}}