{"id":31867,"date":"2025-07-24T17:54:03","date_gmt":"2025-07-24T16:54:03","guid":{"rendered":"https:\/\/www.marrakechtaxi.com\/jardin-majorelle-y-museo-traslado-privado\/"},"modified":"2026-01-05T18:59:23","modified_gmt":"2026-01-05T17:59:23","slug":"jardin-majorelle-museo-bereber-tickets-traslado","status":"publish","type":"product","link":"https:\/\/www.marrakechtaxi.com\/es\/jardin-majorelle-museo-bereber-tickets-traslado\/","title":{"rendered":"Entradas al Jard\u00edn Majorelle + Museo con traslado privado"},"content":{"rendered":"\n<h3 class=\"wp-block-heading\">Experimente dos de las joyas culturales de Marrakech en una visita tranquila y sin estr\u00e9s. Este paquete incluye <strong>traslados privados<\/strong> desde su hotel o alojamiento hasta el <strong>Jard\u00edn Majorelle<\/strong>, con <strong>entrada tanto a los jardines<\/strong> como <strong>al Museo de Artes Bereberes Pierre Berg\u00e9<\/strong>. <\/h3>\n\n<p>No es necesario hacer cola ni preocuparse por el transporte: nos encargamos de todo para que usted pueda disfrutar de los vibrantes jardines y del fascinante patrimonio bereber.<\/p>\n\n<h2 class=\"wp-block-heading has-luminous-vivid-orange-color has-text-color has-link-color wp-elements-d2a46369e4a297971d33b85ce44d3976\"><strong>\u2705 Qu\u00e9 incluye:<\/strong><\/h2>\n\n<ul class=\"wp-block-list\">\n<li><strong>Transporte privado<\/strong> de ida y vuelta desde su hotel, riad o alojamiento (1\u20137 o 8\u201317 personas)<\/li>\n\n\n\n<li>Entradas al <strong>Jard\u00edn Majorelle<\/strong><\/li>\n\n\n\n<li>Entrada al <strong>Museo de Artes Bereberes Pierre Berg\u00e9<\/strong><\/li>\n\n\n\n<li>Conductor profesional y puntual<\/li>\n\n\n\n<li>Horarios de recogida flexibles seg\u00fan disponibilidad.<\/li>\n<\/ul>\n\n<h2 class=\"wp-block-heading has-luminous-vivid-orange-color has-text-color has-link-color wp-elements-fdd7ba20ef47e968b17201ac99ee17eb\"><strong>\u274c No incluido:<\/strong><\/h2>\n\n<ul class=\"wp-block-list\">\n<li>Gastos personales<\/li>\n\n\n\n<li>Comida o bebida<\/li>\n\n\n\n<li>Consejos para el conductor<\/li>\n<\/ul>\n\n<h2 class=\"wp-block-heading has-luminous-vivid-orange-color has-text-color has-link-color wp-elements-db7b5d7122bd63e04e06420f0e29a3cf\"><strong>\ud83d\udccd Informaci\u00f3n de recogida:<\/strong><\/h2>\n\n<p>La recogida en tu <strong>alojamiento en Marrakech (solo en la ciudad)<\/strong> est\u00e1 incluida.<br\/>\ud83d\udd14 <em>Si te alojas fuera de Marrakech, cont\u00e1ctanos antes de reservar para confirmar la disponibilidad y los cargos adicionales.<\/em><\/p>\n\n<h2 class=\"wp-block-heading has-luminous-vivid-orange-color has-text-color has-link-color wp-elements-2d1ab8e166f009515558949f6d3d562d\"><strong>\ud83d\udcc5 Informaci\u00f3n de reserva:<\/strong><\/h2>\n\n<ul class=\"wp-block-list\">\n<li>Experiencia disponible <strong>diariamente<\/strong><\/li>\n\n\n\n<li>Se <strong>requiere un dep\u00f3sito de 20\u20ac<\/strong> para confirmar la reserva (v\u00eda PayPal).<\/li>\n\n\n\n<li>El saldo restante se abona en efectivo o tarjeta el d\u00eda de la visita.<\/li>\n\n\n\n<li>Las entradas se reservan con antelaci\u00f3n seg\u00fan el horario preferido.<\/li>\n<\/ul>\n\n<h2 class=\"wp-block-heading has-luminous-vivid-orange-color has-text-color has-link-color wp-elements-a25832a3e4db5ccc3f55848be4e15601\"><strong>\u26a0\ufe0f Nota importante sobre disponibilidad de entradas<\/strong><\/h2>\n\n<p>Las entradas para el Jard\u00edn Majorelle y el Museo son limitadas. Si no hay disponibilidad en la fecha seleccionada, se <strong>cancelar\u00e1 la reserva<\/strong> y se <strong>reembolsar\u00e1 el dep\u00f3sito completo<\/strong>. <\/p>\n\n<p>Le recomendamos reservar lo antes posible para asegurar su visita.<\/p>\n\n<hr class=\"wp-block-separator has-alpha-channel-opacity\"\/>\n\n<h2 class=\"wp-block-heading has-luminous-vivid-orange-color has-text-color has-link-color wp-elements-bfb6dee5d5fe7cf6b0530b4210171ee1\"><strong>Preguntas frecuentes<\/strong><\/h2>\n<div id=\"rank-math-faq\" class=\"rank-math-block\">\n<div class=\"rank-math-list \">\n<div id=\"faq-question-1753376412514\" class=\"rank-math-list-item\">\n<h3 class=\"rank-math-question \"><strong>\u00bfEste tour est\u00e1 disponible todos los d\u00edas?<\/strong><\/h3>\n<div class=\"rank-math-answer \">\n\n<p>S\u00ed, pero sujeto a disponibilidad de entradas. Recomendamos reservar con al menos 48 horas de antelaci\u00f3n. <\/p>\n\n<\/div>\n<\/div>\n<div id=\"faq-question-1753376420247\" class=\"rank-math-list-item\">\n<h3 class=\"rank-math-question \"><strong>\u00bfPuedo cancelar si mis planes cambian?<\/strong><\/h3>\n<div class=\"rank-math-answer \">\n\n<p>S\u00ed. Si cancelas con 24 horas de antelaci\u00f3n se te reembolsar\u00e1 el dep\u00f3sito. <\/p>\n\n<\/div>\n<\/div>\n<div id=\"faq-question-1753376443802\" class=\"rank-math-list-item\">\n<h3 class=\"rank-math-question \"><strong>\u00bfCu\u00e1nto dura la visita completa?<\/strong><\/h3>\n<div class=\"rank-math-answer \">\n\n<p>Calcule entre 2 y 2,5 horas para disfrutar de la experiencia completa, incluido el transporte.<\/p>\n\n<\/div>\n<\/div>\n<div id=\"faq-question-1753376449770\" class=\"rank-math-list-item\">\n<h3 class=\"rank-math-question \"><strong>\u00bfQu\u00e9 pasa si me alojo fuera de Marrakech?<\/strong><\/h3>\n<div class=\"rank-math-answer \">\n\n<p>Por favor, cont\u00e1ctenos antes de reservar. Podr\u00edamos organizar el transporte por un cargo adicional. <\/p>\n\n<\/div>\n<\/div>\n<\/div>\n<\/div>","protected":false},"excerpt":{"rendered":"<p>Disfrute de una relajante visita al emblem\u00e1tico<strong> Jard\u00edn Majorelle<\/strong> de Marrakech y explore el <strong>Museo de Arte Bereber Pierre Berg\u00e9<\/strong>. Incluye <strong>traslados privados de ida y vuelta desde su hotel o riad<\/strong>. \u00a1Sin estr\u00e9s y sin colas!  <\/p>\n","protected":false},"featured_media":31610,"comment_status":"open","ping_status":"closed","template":"","meta":{"inline_featured_image":false,"_monsterinsights_skip_tracking":false,"_monsterinsights_sitenote_active":false,"_monsterinsights_sitenote_note":"","_monsterinsights_sitenote_category":0},"product_brand":[],"product_cat":[84],"product_tag":[],"class_list":{"0":"post-31867","1":"product","2":"type-product","3":"status-publish","4":"has-post-thumbnail","6":"product_cat-actividades-marrakech","8":"first","9":"instock","10":"virtual","11":"sold-individually","12":"purchasable","13":"product-type-booking"},"booking_location":"","booking_location_type":"","booking_duration":1,"booking_duration_unit":"hour","booking_buffer":0,"booking_cost":45,"booking_resources":[],"exclude_global_add_ons":false,"addons":[{"name":"Entradas","type":"heading","position":0,"required":false,"title_format":"label","default":"","description_enable":false,"description":null,"placeholder_enable":false,"placeholder":null,"display":"select","restrictions_type":"any_text","adjust_price":false,"price":"","price_type":"flat_fee","restrictions":false,"min":"0","max":"0","options":[],"id":1754518553},{"name":"Adulto:","type":"input_multiplier","position":1,"required":true,"title_format":"label","default":"","description_enable":false,"description":null,"placeholder_enable":false,"placeholder":null,"display":"select","restrictions_type":"any_text","adjust_price":true,"price":"25","price_type":"quantity_based","restrictions":true,"min":"1","max":"0","options":[],"id":1754518554},{"name":"Ni\u00f1os a partir de 10 a\u00f1os:","type":"input_multiplier","position":2,"required":false,"title_format":"label","default":"","description_enable":false,"description":null,"placeholder_enable":false,"placeholder":null,"display":"select","restrictions_type":"any_text","adjust_price":true,"price":"15","price_type":"quantity_based","restrictions":false,"min":"0","max":"0","options":[],"id":1754518555},{"name":"Ni\u00f1os menores de 10 a\u00f1os","type":"input_multiplier","position":3,"required":false,"title_format":"label","default":"","description_enable":false,"description":null,"placeholder_enable":false,"placeholder":null,"display":"select","restrictions_type":"any_text","adjust_price":true,"price":"","price_type":"quantity_based","restrictions":false,"min":"0","max":"0","options":[],"id":1754518556}],"_links":{"self":[{"href":"https:\/\/www.marrakechtaxi.com\/es\/wp-json\/wp\/v2\/product\/31867","targetHints":{"allow":["GET"]}}],"collection":[{"href":"https:\/\/www.marrakechtaxi.com\/es\/wp-json\/wp\/v2\/product"}],"about":[{"href":"https:\/\/www.marrakechtaxi.com\/es\/wp-json\/wp\/v2\/types\/product"}],"replies":[{"embeddable":true,"href":"https:\/\/www.marrakechtaxi.com\/es\/wp-json\/wp\/v2\/comments?post=31867"}],"wp:featuredmedia":[{"embeddable":true,"href":"https:\/\/www.marrakechtaxi.com\/es\/wp-json\/wp\/v2\/media\/31610"}],"wp:attachment":[{"href":"https:\/\/www.marrakechtaxi.com\/es\/wp-json\/wp\/v2\/media?parent=31867"}],"wp:term":[{"taxonomy":"product_brand","embeddable":true,"href":"https:\/\/www.marrakechtaxi.com\/es\/wp-json\/wp\/v2\/product_brand?post=31867"},{"taxonomy":"product_cat","embeddable":true,"href":"https:\/\/www.marrakechtaxi.com\/es\/wp-json\/wp\/v2\/product_cat?post=31867"},{"taxonomy":"product_tag","embeddable":true,"href":"https:\/\/www.marrakechtaxi.com\/es\/wp-json\/wp\/v2\/product_tag?post=31867"}],"curies":[{"name":"wp","href":"https:\/\/api.w.org\/{rel}","templated":true}]}}