{"id":31569,"date":"2025-07-24T13:45:31","date_gmt":"2025-07-24T12:45:31","guid":{"rendered":"https:\/\/www.marrakechtaxi.com\/conductor-privado-marrakech-dia-completo\/"},"modified":"2026-04-19T11:18:32","modified_gmt":"2026-04-19T10:18:32","slug":"conductor-privado-marrakech-dia-completo","status":"publish","type":"product","link":"https:\/\/www.marrakechtaxi.com\/es\/conductor-privado-marrakech-dia-completo\/","title":{"rendered":"Conductor privado de d\u00eda completo en Marrakech: furgoneta de lujo"},"content":{"rendered":"\n<p>Explore Marrakech con comodidad con su propio ch\u00f3fer profesional de VTC a su disposici\u00f3n. Ya sea que planee un d\u00eda de compras, visitar atracciones o asistir a reuniones, nuestro servicio de ch\u00f3fer privado le ofrece total flexibilidad con precios fijos y paradas ilimitadas en la ciudad. <\/p>\n\n<h2 class=\"wp-block-heading has-luminous-vivid-orange-color has-text-color has-link-color wp-elements-ae7cef97fd06f8f190d748b89bde438e\"><strong>Opciones de reserva flexibles (furgoneta hasta 7 personas)<\/strong><\/h2>\n\n<p>Elige tu marco temporal ideal:<\/p>\n\n<ul class=\"wp-block-list\">\n<li><strong>9:00 AM \u2013 8:00 PM<\/strong> \u2192 \u20ac160<\/li>\n\n\n\n<li><strong>9:00 AM \u2013 Midnight<\/strong> \u2192 \u20ac200<\/li>\n\n\n\n<li><strong>9:00 AM \u2013 2:00 AM (Next Day)<\/strong> \u2192 \u20ac230<\/li>\n<\/ul>\n\n<blockquote class=\"wp-block-quote is-layout-flow wp-block-quote-is-layout-flow\">\n<p class=\"has-vivid-cyan-blue-color has-text-color has-link-color wp-elements-56a9c2d85b3128f12b90f5b885adecf9\">\ud83d\udccd<em>Servicio disponible solo dentro de los l\u00edmites de la ciudad de Marrakech.<\/em><\/p>\n<\/blockquote>\n\n<h2 class=\"wp-block-heading has-luminous-vivid-orange-color has-text-color has-link-color wp-elements-4ce07a1e73448041888238385e1740fd\"><strong>\u2705<\/strong> <strong>Qu\u00e9 incluye<\/strong><\/h2>\n\n<ul class=\"wp-block-list\">\n<li>Furgoneta privada de lujo VTC (hasta 7 pasajeros)<\/li>\n\n\n\n<li>Chofer profesional, discreto.<\/li>\n\n\n\n<li>Combustible y estacionamiento urbano<\/li>\n\n\n\n<li>Confirmaci\u00f3n de reserva por WhatsApp o email<\/li>\n\n\n\n<li>Servicio multiling\u00fce (ingl\u00e9s\/franc\u00e9s\/\u00e1rabe)<\/li>\n<\/ul>\n\n<h2 class=\"wp-block-heading has-luminous-vivid-orange-color has-text-color has-link-color wp-elements-7b0339481531545ddb8b6473940142e1\">\u274c <strong>No incluido<\/strong><\/h2>\n\n<ul class=\"wp-block-list\">\n<li>Consejos para el conductor<\/li>\n\n\n\n<li>Excursiones fuera de Marrakech<\/li>\n\n\n\n<li>Comidas o gastos personales<\/li>\n<\/ul>\n\n<h2 class=\"wp-block-heading has-luminous-vivid-orange-color has-text-color has-link-color wp-elements-088a5f9d7fccffc1a61ae02bfb09aee2\">\ud83d\udcf8 <strong>Perfecto para:<\/strong><\/h2>\n\n<ul class=\"wp-block-list\">\n<li>Visitando m\u00faltiples atracciones<\/li>\n\n\n\n<li>Compras y restaurantes en Marrakech<\/li>\n\n\n\n<li>Asistir a reuniones o eventos<\/li>\n\n\n\n<li>Transporte flexible y sin estr\u00e9s durante todo el d\u00eda.<\/li>\n<\/ul>\n\n<h3 class=\"wp-block-heading\"><strong>Reglas de reserva<\/strong><\/h3>\n\n<ul class=\"wp-block-list\">\n<li>M\u00e1ximo 7 personas\/Coche<\/li>\n\n\n\n<li>Reserva anticipada: 12 horas antes<\/li>\n\n\n\n<li>Disponible toda la semana<\/li>\n<\/ul>\n\n<h2 class=\"wp-block-heading has-luminous-vivid-orange-color has-text-color has-link-color wp-elements-65819e867611b62f7175710c9f250c9d\"><strong>C\u00f3mo reservar<\/strong><\/h2>\n\n<p>Es necesario un dep\u00f3sito de <strong>20\u20ac a trav\u00e9s de PayPal<\/strong> para confirmar su reserva.<\/p>\n\n<ul class=\"wp-block-list\">\n<li>\ud83d\udcac <strong>Por WhatsApp<\/strong>: Env\u00edanos un mensaje al <a href=\"https:\/\/wa.me\/212600316681?text=I&#039;m%20interested%20by%20Full-Day%20Private%20Driver%20in%20Marrakech\" data-type=\"link\" data-id=\"https:\/\/wa.me\/212600316681?text=I&#039;m%20interested%20by%20Full-Day%20Private%20Driver%20in%20Marrakech\" target=\"_blank\" rel=\"noopener\">+212 600-316681<\/a><\/li>\n\n\n\n<li>\ud83d\udcdd <strong>Reserva online<\/strong>: Utilice el formulario de reserva para elegir su opci\u00f3n de horario; el dep\u00f3sito se solicitar\u00e1 durante el pago.<\/li>\n<\/ul>\n\n<hr class=\"wp-block-separator has-alpha-channel-opacity\"\/>\n\n<h2 class=\"wp-block-heading has-luminous-vivid-orange-color has-text-color has-link-color wp-elements-bfb6dee5d5fe7cf6b0530b4210171ee1\"><strong>Preguntas frecuentes<\/strong><\/h2>\n<div id=\"rank-math-faq\" class=\"rank-math-block\">\n<div class=\"rank-math-list \">\n<div id=\"faq-question-1753354247702\" class=\"rank-math-list-item\">\n<h3 class=\"rank-math-question \"><strong>\u00bfEl servicio de chofer es privado?<\/strong><\/h3>\n<div class=\"rank-math-answer \">\n\n<p>S\u00ed, es una reserva privada. El veh\u00edculo y el conductor est\u00e1n reservados exclusivamente para usted y su grupo. <\/p>\n\n<\/div>\n<\/div>\n<div id=\"faq-question-1753354264928\" class=\"rank-math-list-item\">\n<h3 class=\"rank-math-question \">\u00bfPuedo salir de Marrakech durante este servicio?<\/h3>\n<div class=\"rank-math-answer \">\n\n<p>No, este servicio es solo para viajes <strong>dentro de la ciudad de Marrakech<\/strong>. Para viajes fuera de la ciudad, consulte nuestros traslados interurbanos. <\/p>\n\n<\/div>\n<\/div>\n<div id=\"faq-question-1753354287083\" class=\"rank-math-list-item\">\n<h3 class=\"rank-math-question \">\u00bfEst\u00e1 disponible para negocios o bodas?<\/h3>\n<div class=\"rank-math-answer \">\n\n<p>Por supuesto. Podemos cubrir usos comerciales, eventos, bodas o necesidades VIP. <\/p>\n\n<\/div>\n<\/div>\n<div id=\"faq-question-1753354299477\" class=\"rank-math-list-item\">\n<h3 class=\"rank-math-question \">\u00bfPuedo extender el servicio el mismo d\u00eda?<\/h3>\n<div class=\"rank-math-answer \">\n\n<p>S\u00ed, seg\u00fan disponibilidad. Las horas extras se cobrar\u00e1n seg\u00fan corresponda. <\/p>\n\n<\/div>\n<\/div>\n<div id=\"faq-question-1753354312320\" class=\"rank-math-list-item\">\n<h3 class=\"rank-math-question \">\u00bfC\u00f3mo confirmo mi reserva?<\/h3>\n<div class=\"rank-math-answer \">\n\n<p>Con un dep\u00f3sito de 20 \u20ac por PayPal. Si reserva por WhatsApp, le enviaremos la solicitud de pago manualmente. <\/p>\n\n<\/div>\n<\/div>\n<\/div>\n<\/div>","protected":false},"excerpt":{"rendered":"<p>\u00a1Explora Marrakech a tu manera! Contrata un conductor privado en una furgoneta est\u00e1ndar para un d\u00eda completo. <\/p>\n<p>Ideal para visitar la ciudad, ir de compras o hacer excursiones de un d\u00eda. Disfrute de la comodidad del aire acondicionado, recogida en el hotel y rutas flexibles a su propio ritmo. <\/p>\n","protected":false},"featured_media":29787,"comment_status":"open","ping_status":"closed","template":"","meta":{"inline_featured_image":false,"_monsterinsights_skip_tracking":false,"_monsterinsights_sitenote_active":false,"_monsterinsights_sitenote_note":"","_monsterinsights_sitenote_category":0},"product_brand":[],"product_cat":[154],"product_tag":[166,163,165,164,167],"class_list":{"0":"post-31569","1":"product","2":"type-product","3":"status-publish","4":"has-post-thumbnail","6":"product_cat-choferes-conductores-privados-marrakech","7":"product_tag-alquiler-por-dia-en-marrakech","8":"product_tag-coche-con-conductor","9":"product_tag-conductor-privado-en-marrakech","10":"product_tag-servicio-de-chofer","11":"product_tag-taxi-de-dia-completo","13":"first","14":"instock","15":"virtual","16":"sold-individually","17":"purchasable","18":"product-type-booking"},"booking_location":"","booking_location_type":"","booking_duration":1,"booking_duration_unit":"day","booking_buffer":0,"booking_cost":160,"booking_resources":[],"exclude_global_add_ons":false,"addons":[{"name":"Franja horaria","type":"multiple_choice","position":0,"required":true,"title_format":"heading","default":"","description_enable":false,"description":null,"placeholder_enable":false,"placeholder":null,"display":"radiobutton","restrictions_type":"any_text","adjust_price":false,"price":"","price_type":"flat_fee","restrictions":false,"min":"0","max":"0","options":[{"label":"09:00\u201320:00 \u2192 \u20ac160","price":"","price_type":"flat_fee","image":0,"visibility":true},{"label":"09:00\u201300:00 \u2192 \u20ac200","price":"40","price_type":"flat_fee","image":0,"visibility":true},{"label":"09:00\u201302:00 \u2192 \u20ac230","price":"70","price_type":"flat_fee","image":0,"visibility":true}],"id":1753364737}],"_links":{"self":[{"href":"https:\/\/www.marrakechtaxi.com\/es\/wp-json\/wp\/v2\/product\/31569","targetHints":{"allow":["GET"]}}],"collection":[{"href":"https:\/\/www.marrakechtaxi.com\/es\/wp-json\/wp\/v2\/product"}],"about":[{"href":"https:\/\/www.marrakechtaxi.com\/es\/wp-json\/wp\/v2\/types\/product"}],"replies":[{"embeddable":true,"href":"https:\/\/www.marrakechtaxi.com\/es\/wp-json\/wp\/v2\/comments?post=31569"}],"wp:featuredmedia":[{"embeddable":true,"href":"https:\/\/www.marrakechtaxi.com\/es\/wp-json\/wp\/v2\/media\/29787"}],"wp:attachment":[{"href":"https:\/\/www.marrakechtaxi.com\/es\/wp-json\/wp\/v2\/media?parent=31569"}],"wp:term":[{"taxonomy":"product_brand","embeddable":true,"href":"https:\/\/www.marrakechtaxi.com\/es\/wp-json\/wp\/v2\/product_brand?post=31569"},{"taxonomy":"product_cat","embeddable":true,"href":"https:\/\/www.marrakechtaxi.com\/es\/wp-json\/wp\/v2\/product_cat?post=31569"},{"taxonomy":"product_tag","embeddable":true,"href":"https:\/\/www.marrakechtaxi.com\/es\/wp-json\/wp\/v2\/product_tag?post=31569"}],"curies":[{"name":"wp","href":"https:\/\/api.w.org\/{rel}","templated":true}]}}