{"id":30913,"date":"2025-07-09T01:44:31","date_gmt":"2025-07-09T00:44:31","guid":{"rendered":"https:\/\/www.marrakechtaxi.com\/chofer-noche-marrakech\/"},"modified":"2025-11-01T22:56:17","modified_gmt":"2025-11-01T21:56:17","slug":"chofer-nocturno-marrakech","status":"publish","type":"product","link":"https:\/\/www.marrakechtaxi.com\/es\/chofer-nocturno-marrakech\/","title":{"rendered":"Servicio de ch\u00f3fer nocturno en Marrakech"},"content":{"rendered":"\n<p><strong>Conductor privado desde las 18:00 hasta tarde | Tarifa fija<\/strong><\/p>\n\n<p>\u00bfPlaneas una cena rom\u00e1ntica, una salida con amigos o un evento especial en Marrakech? Olv\u00eddate del estr\u00e9s de los taxis y el regateo: contrata a tu propio ch\u00f3fer privado. <\/p>\n\n<p>Nuestros conductores locales experimentados lo recoger\u00e1n en su hotel o riad y lo llevar\u00e1n a donde necesite ir en Marrakech. Ya sea que se dirija a un restaurante en una azotea, a un lugar para celebrar una boda o a varios locales nocturnos, lo tenemos cubierto. <\/p>\n\n<h2 class=\"wp-block-heading has-luminous-vivid-orange-color has-text-color has-link-color wp-elements-6d0b779912f811f4053de6975025ed1d\"><strong>Elige la opci\u00f3n adecuada para tu grupo<\/strong><\/h2>\n\n<p><strong>Para furgoneta (hasta 7 personas):<\/strong><br\/>\u2705 De 18:00 a 00:00 \u2013 <strong>60 \u20ac<\/strong><br\/>\u2705 De 18:00 a tarde* \u2013 <strong>80 \u20ac<\/strong><\/p>\n\n<p><strong>Para un minib\u00fas (hasta 17 personas):<\/strong><br\/>\u2705 De 18:00 a 00:00 \u2013 <strong>80 \u20ac<\/strong><br\/>\u2705 De 18:00 a tarde* \u2013 <strong>100 \u20ac<\/strong><\/p>\n\n<p>Ya sea que est\u00e9 planeando una cena tranquila o una noche animada, disfrute de Marrakech con comodidad, privacidad y sin presi\u00f3n de tiempo.<\/p>\n\n<pre class=\"wp-block-preformatted\">* M\u00e1ximo 2:00 AM<\/pre>\n\n<h2 class=\"wp-block-heading has-luminous-vivid-orange-color has-text-color has-link-color wp-elements-f61a7e7f159dbc1cc423d5dd58f2c0b7\"><strong>\u2705 Qu\u00e9 incluye<\/strong><\/h2>\n\n<ul class=\"wp-block-list\">\n<li>Veh\u00edculo privado con aire acondicionado<\/li>\n\n\n\n<li>Conductor profesional disponible toda la noche.<\/li>\n\n\n\n<li>Paradas ilimitadas en la ciudad<\/li>\n\n\n\n<li>Combustible y estacionamiento<\/li>\n\n\n\n<li>Recogida y regreso al hotel<\/li>\n\n\n\n<li>Servicio multiling\u00fce: ingl\u00e9s, franc\u00e9s, \u00e1rabe<\/li>\n<\/ul>\n\n<h2 class=\"wp-block-heading has-luminous-vivid-orange-color has-text-color has-link-color wp-elements-33b85e7a651063e8494066815f17c6ee\"><strong>\u274c No incluido<\/strong><\/h2>\n\n<ul class=\"wp-block-list\">\n<li>Comidas, bebidas o compras personales<\/li>\n\n\n\n<li>Entrada a recintos o eventos<\/li>\n\n\n\n<li>Servicios de gu\u00eda o tour<\/li>\n\n\n\n<li>Consejos para el conductor<\/li>\n<\/ul>\n\n<h3 class=\"wp-block-heading has-luminous-vivid-orange-color has-text-color has-link-color wp-elements-e84f5d5fc31594be12133f66a43b5bb3\">\ud83d\udccd <strong>Nota importante: servicio solo en la ciudad<\/strong><\/h3>\n\n<p>Este servicio <strong>se limita estrictamente al centro de Marrakech y sus alrededores<\/strong> (Gueliz, Medina, Hivernage, Palmeraie).<br\/><strong>Los viajes fuera de la ciudad o regionales (p. ej., Ourika, Agafay o Imlil) no est\u00e1n incluido<\/strong>s en este producto.<\/p>\n\n<p>Si necesita transporte fuera de Marrakech, cont\u00e1ctenos para un presupuesto personalizado.<br\/>\ud83d\udcde WhatsApp: +212 600-316681<\/p>\n\n<hr class=\"wp-block-separator has-alpha-channel-opacity\"\/>\n\n<h2 class=\"wp-block-heading has-luminous-vivid-orange-color has-text-color has-link-color wp-elements-bfb6dee5d5fe7cf6b0530b4210171ee1\"><strong>Preguntas frecuentes<\/strong><\/h2>\n<div id=\"rank-math-faq\" class=\"rank-math-block\">\n<div class=\"rank-math-list \">\n<div id=\"faq-question-1752019311770\" class=\"rank-math-list-item\">\n<h3 class=\"rank-math-question \"><strong>\u00bfPuedo parar en varios lugares durante la noche?<\/strong><\/h3>\n<div class=\"rank-math-answer \">\n\n<p>\u00a1S\u00ed! El servicio de ch\u00f3fer nocturno incluye paradas ilimitadas en Marrakech. <\/p>\n\n<\/div>\n<\/div>\n<div id=\"faq-question-1752019323010\" class=\"rank-math-list-item\">\n<h3 class=\"rank-math-question \"><strong>\u00bfEs un viaje compartido o privado?<\/strong><\/h3>\n<div class=\"rank-math-answer \">\n\n<p>100% privado. Tendr\u00e1s el coche y el conductor a tu disposici\u00f3n. <\/p>\n\n<\/div>\n<\/div>\n<div id=\"faq-question-1752019345890\" class=\"rank-math-list-item\">\n<h3 class=\"rank-math-question \"><strong>\u00bfQu\u00e9 pasa si mi noche termina m\u00e1s tarde de la medianoche?<\/strong><\/h3>\n<div class=\"rank-math-answer \">\n\n<p>Elige la opci\u00f3n \u201c18:00 hasta tarde\u201d o solicita una extensi\u00f3n directamente al conductor (pueden aplicarse cargos).<\/p>\n\n<\/div>\n<\/div>\n<div id=\"faq-question-1752019372552\" class=\"rank-math-list-item\">\n<h3 class=\"rank-math-question \"><strong>\u00bfPuedo reservar en el \u00faltimo minuto?<\/strong><\/h3>\n<div class=\"rank-math-answer \">\n\n<p>Recomendamos reservar con antelaci\u00f3n para garantizar la disponibilidad, pero hacemos todo lo posible para satisfacer las solicitudes de \u00faltimo momento.<\/p>\n\n<\/div>\n<\/div>\n<div id=\"faq-question-1752019380600\" class=\"rank-math-list-item\">\n<h3 class=\"rank-math-question \"><strong>\u00bfC\u00f3mo confirmo la reserva?<\/strong><\/h3>\n<div class=\"rank-math-answer \">\n\n<p>Se requiere un dep\u00f3sito de 20 \u20ac por PayPal. Si reservas por WhatsApp, te enviaremos el enlace. <\/p>\n\n<\/div>\n<\/div>\n<div id=\"faq-question-1752323376090\" class=\"rank-math-list-item\">\n<h3 class=\"rank-math-question \"><strong>\u00bfPuede el conductor llevarnos fuera de Marrakech?<\/strong><\/h3>\n<div class=\"rank-math-answer \">\n\n<p>Este servicio es solo para viajes dentro de la ciudad de Marrakech. Para viajes fuera de la ciudad, ofrecemos traslados privados personalizados. Cont\u00e1ctenos para m\u00e1s detalles. <\/p>\n\n<\/div>\n<\/div>\n<\/div>\n<\/div>","protected":false},"excerpt":{"rendered":"<p>Disfrute al m\u00e1ximo de sus noches en Marrakech con un ch\u00f3fer privado. Desde las 18:00 hasta la medianoche o m\u00e1s tarde, disfrute de la ciudad con comodidad y seguridad con un conductor profesional y discreto a su servicio. Perfecto para cenas, eventos y vida nocturna.  <\/p>\n","protected":false},"featured_media":29779,"comment_status":"open","ping_status":"closed","template":"","meta":{"inline_featured_image":false,"_monsterinsights_skip_tracking":false,"_monsterinsights_sitenote_active":false,"_monsterinsights_sitenote_note":"","_monsterinsights_sitenote_category":0},"product_brand":[],"product_cat":[154],"product_tag":[],"class_list":{"0":"post-30913","1":"product","2":"type-product","3":"status-publish","4":"has-post-thumbnail","6":"product_cat-choferes-conductores-privados-marrakech","8":"first","9":"instock","10":"virtual","11":"sold-individually","12":"purchasable","13":"product-type-booking"},"booking_location":"","booking_location_type":"","booking_duration":1,"booking_duration_unit":"day","booking_buffer":0,"booking_cost":60,"booking_resources":[],"exclude_global_add_ons":false,"addons":[{"name":"Franja horaria","type":"multiple_choice","position":2,"required":true,"title_format":"heading","default":"","description_enable":false,"description":null,"placeholder_enable":false,"placeholder":null,"display":"radiobutton","restrictions_type":"any_text","adjust_price":false,"price":"","price_type":"flat_fee","restrictions":false,"min":"0","max":"0","options":[{"label":"\u201cTarde 18:00 \u2013 00:00\u201d \u2192 60 \u20ac","price":"","price_type":"flat_fee","image":0,"visibility":true},{"label":"\u201cTarde 18:00 \u2013 02:00\u201d \u2192 80 \u20ac","price":"20","price_type":"flat_fee","image":0,"visibility":true}],"id":1754513491}],"_links":{"self":[{"href":"https:\/\/www.marrakechtaxi.com\/es\/wp-json\/wp\/v2\/product\/30913","targetHints":{"allow":["GET"]}}],"collection":[{"href":"https:\/\/www.marrakechtaxi.com\/es\/wp-json\/wp\/v2\/product"}],"about":[{"href":"https:\/\/www.marrakechtaxi.com\/es\/wp-json\/wp\/v2\/types\/product"}],"replies":[{"embeddable":true,"href":"https:\/\/www.marrakechtaxi.com\/es\/wp-json\/wp\/v2\/comments?post=30913"}],"wp:featuredmedia":[{"embeddable":true,"href":"https:\/\/www.marrakechtaxi.com\/es\/wp-json\/wp\/v2\/media\/29779"}],"wp:attachment":[{"href":"https:\/\/www.marrakechtaxi.com\/es\/wp-json\/wp\/v2\/media?parent=30913"}],"wp:term":[{"taxonomy":"product_brand","embeddable":true,"href":"https:\/\/www.marrakechtaxi.com\/es\/wp-json\/wp\/v2\/product_brand?post=30913"},{"taxonomy":"product_cat","embeddable":true,"href":"https:\/\/www.marrakechtaxi.com\/es\/wp-json\/wp\/v2\/product_cat?post=30913"},{"taxonomy":"product_tag","embeddable":true,"href":"https:\/\/www.marrakechtaxi.com\/es\/wp-json\/wp\/v2\/product_tag?post=30913"}],"curies":[{"name":"wp","href":"https:\/\/api.w.org\/{rel}","templated":true}]}}