{"id":28976,"date":"2025-05-16T21:57:31","date_gmt":"2025-05-16T20:57:31","guid":{"rendered":"https:\/\/www.marrakechtaxi.com\/paseo-camello-agafay-cena-espectaculo-lujo\/"},"modified":"2025-10-15T15:51:24","modified_gmt":"2025-10-15T14:51:24","slug":"paseo-camello-agafay-cena-espectaculo-lujo","status":"publish","type":"product","link":"https:\/\/www.marrakechtaxi.com\/es\/paseo-camello-agafay-cena-espectaculo-lujo\/","title":{"rendered":"Paseo en camello o quad por el desierto de Agafay y cena con espect\u00e1culo de lujo: Experiencia N\u00f3mada"},"content":{"rendered":"\n<h2 class=\"wp-block-heading has-luminous-vivid-orange-color has-text-color\"><strong>\ud83c\udf04 Descripci\u00f3n general<\/strong><\/h2>\n\n<p>Sum\u00e9rgete en la serena belleza del desierto de Agafay, a las afueras de Marrakech, para disfrutar de una noche m\u00e1gica que combina aventura, cultura y confort. Elige entre un paseo en <strong>camello al atardecer<\/strong> o una emocionante <strong>sesi\u00f3n en quad<\/strong>, y luego rel\u00e1jate en un lujoso campamento en el desierto donde te espera la hospitalidad marroqu\u00ed. Esta Experiencia N\u00f3mada es perfecta para parejas, familias y grupos que buscan una escapada al desierto aut\u00e9ntica y con estilo.  <\/p>\n\n<h2 class=\"wp-block-heading has-luminous-vivid-orange-color has-text-color has-link-color wp-elements-82221999983f3cf9388a6c15527accfe\"><strong>Destacar<\/strong><\/h2>\n\n<p>\u2705 Opci\u00f3n de <strong>paseo en camello<\/strong> o <strong>quad al atardecer<\/strong><br\/>\u2705 Vestimenta tradicional n\u00f3mada<br\/>\u2705 Ceremonia de bienvenida con t\u00e9 marroqu\u00ed<br\/>\u2705 Acceso a una encantadora <strong>granja de animales<\/strong>, ideal para familias<br\/>\u2705 Cena marroqu\u00ed de 3 platos bajo las estrellas<br\/>\u2705 Entretenimiento en vivo: \ud83c\udfb6 M\u00fasicos gnawa &#8211; \ud83d\udc83 Danza del vientre &#8211; \ud83d\udd25 Tragafuegos &#8211; \ud83c\udfa7 Sesi\u00f3n de DJ<br\/>\u2705 Vistas inolvidables del atardecer<br\/>\u2705 Transporte privado desde su hotel\/riad<\/p>\n\n<h2 class=\"wp-block-heading has-luminous-vivid-orange-color has-text-color has-link-color wp-elements-b7bbf1d9a7e17ee6a9adafbd7e066cc3\"><strong>Qu\u00e9 esperar<\/strong><\/h2>\n\n<p>~ <strong>16:30<\/strong>: Recogida en el hotel de Marrakech<br\/>Recorra paisajes espectaculares hasta el desierto de Agafay<br\/>V\u00edstase con atuendo n\u00f3mada y disfrute de:<br\/>&#8211; Un tranquilo paseo en camello (45-60 min)<br\/>&#8211; Un emocionante paseo en quad (opci\u00f3n superior)<br\/>Llegada a un impresionante campamento de lujo con <strong>t\u00e9 de bienvenida<\/strong><br\/>Tiempo para relajarse y visitar la <strong>granja de animales<\/strong> (ideal para ni\u00f1os)<br\/><strong>19:00 \u2013 22:00<\/strong>: Disfrute de una deliciosa cena marroqu\u00ed bajo las estrellas<br\/>Actuaciones en vivo (m\u00fasica, danza, espect\u00e1culo de fuego)<br\/>Regreso a Marrakech por la noche<\/p>\n\n<h2 class=\"wp-block-heading has-luminous-vivid-orange-color has-text-color has-link-color wp-elements-f61a7e7f159dbc1cc423d5dd58f2c0b7\"><strong>\u2705 Qu\u00e9 incluye<\/strong><\/h2>\n\n<p>\u2705 Transporte privado de ida y vuelta desde Marrakech<br\/>\u2705 Paseo en camello o quad (a elegir al reservar)<br\/>\u2705 Ropa n\u00f3mada para fotos<br\/>\u2705 T\u00e9 marroqu\u00ed de bienvenida<br\/>\u2705 Acceso a la granja de animales<br\/>\u2705 Cena de 3 platos (entrante, plato principal, postre)<br\/>\u2705 Espect\u00e1culos en vivo: m\u00fasica, danza del vientre, fuego, DJ<\/p>\n\n<h2 class=\"wp-block-heading has-luminous-vivid-orange-color has-text-color has-link-color wp-elements-33b85e7a651063e8494066815f17c6ee\"><strong>\u274c No incluido<\/strong><\/h2>\n\n<p>\u274c Propinas para conductores o gu\u00edas<br\/>\u274c Opci\u00f3n de paseo en camello o quad (si no se selecciona)<br\/>\u274c Bebidas alcoh\u00f3licas<br\/>\u274c Compras personales<\/p>\n\n<h2 class=\"wp-block-heading has-luminous-vivid-orange-color has-text-color has-link-color wp-elements-ff8697e042df55cd4ba6698c31369c39\"><strong>\ud83d\udccd Informaci\u00f3n de recogida<\/strong><\/h2>\n\n<p>La recogida comienza a las <strong>16:30 h<\/strong> en su hotel o en un punto cercano y accesible de Marrakech.<br\/>El regreso al mismo punto est\u00e1 previsto entre las <strong>22:30 y las 23:00 h<\/strong>.<\/p>\n\n<h2 class=\"wp-block-heading has-luminous-vivid-orange-color has-text-color has-link-color wp-elements-9fee9c2ef26b995509552a55f054d174\"><strong>\ud83d\udcc5 Informaci\u00f3n de reserva<\/strong><\/h2>\n\n<p>Disponible todos los d\u00edas<strong> (sujeto a disponibilidad)<\/strong><br\/>Confirmaci\u00f3n de reserva enviada por correo electr\u00f3nico o WhatsApp<br\/><strong>Plazas limitadas<\/strong>; se recomienda reservar con antelaci\u00f3n<br\/>Edad m\u00ednima para paseo en camello: 4 a\u00f1os<\/p>\n\n<hr class=\"wp-block-separator has-alpha-channel-opacity\"\/>\n\n<h2 class=\"wp-block-heading has-luminous-vivid-orange-color has-text-color has-link-color wp-elements-bfb6dee5d5fe7cf6b0530b4210171ee1\"><strong>Preguntas frecuentes<\/strong><\/h2>\n<div id=\"rank-math-faq\" class=\"rank-math-block\">\n<div class=\"rank-math-list \">\n<div id=\"faq-question-1747424251580\" class=\"rank-math-list-item\">\n<h3 class=\"rank-math-question \"><strong>\u00bfEl desierto de Agafay est\u00e1 cerca de Marrakech?<\/strong><\/h3>\n<div class=\"rank-math-answer \">\n\n<p>\u00a1S\u00ed! El desierto de Agafay est\u00e1 a solo 45 minutos de Marrakech, lo que lo convierte en una escapada perfecta de medio d\u00eda o al atardecer. <\/p>\n\n<\/div>\n<\/div>\n<div id=\"faq-question-1747424487217\" class=\"rank-math-list-item\">\n<h3 class=\"rank-math-question \"><strong>\u00bfPuedo elegir entre paseo en camello y en quad?<\/strong><\/h3>\n<div class=\"rank-math-answer \">\n\n<p>Por supuesto. Puedes elegir cualquiera de las dos experiencias al reservar. Ambas incluyen cena y espect\u00e1culos.  <\/p>\n\n<\/div>\n<\/div>\n<div id=\"faq-question-1747424500199\" class=\"rank-math-list-item\">\n<h3 class=\"rank-math-question \"><strong>\u00bfEs esto adecuado para ni\u00f1os?<\/strong><\/h3>\n<div class=\"rank-math-answer \">\n\n<p>\u00a1S\u00ed! Esta experiencia es apta para familias, con una granja de animales y paseos seguros en camello para ni\u00f1os mayores de 4 a\u00f1os. <\/p>\n\n<\/div>\n<\/div>\n<div id=\"faq-question-1747424533594\" class=\"rank-math-list-item\">\n<h3 class=\"rank-math-question \"><strong>\u00bfHay comida vegetariana disponible?<\/strong><\/h3>\n<div class=\"rank-math-answer \">\n\n<p>S\u00ed, hay opciones vegetarianas y diet\u00e9ticas especiales disponibles; menci\u00f3nelo durante la reserva.<\/p>\n\n<\/div>\n<\/div>\n<div id=\"faq-question-1747424547130\" class=\"rank-math-list-item\">\n<h3 class=\"rank-math-question \"><strong>\u00bfLos espect\u00e1culos son todas las noches?<\/strong><\/h3>\n<div class=\"rank-math-answer \">\n\n<p>S\u00ed, las actuaciones en vivo son parte de la cena espect\u00e1culo diaria en el lujoso campamento en el desierto.<\/p>\n\n<\/div>\n<\/div>\n<div id=\"faq-question-1747424558820\" class=\"rank-math-list-item\">\n<h3 class=\"rank-math-question \"><strong>\u00bfQu\u00e9 tipo de entretenimiento est\u00e1 incluido?<\/strong><\/h3>\n<div class=\"rank-math-answer \">\n\n<p>Disfrutar\u00e1s de un espect\u00e1culo completo con m\u00fasica Gnawa, bailarina del vientre, tragafuegos y DJ en vivo durante la cena.<\/p>\n\n<\/div>\n<\/div>\n<\/div>\n<\/div>","protected":false},"excerpt":{"rendered":"<p>Esc\u00e1pate al m\u00e1gico desierto de Agafay para una velada inolvidable: disfruta de un paseo en camello o quad al atardecer, seguido de una cena gourmet marroqu\u00ed con espect\u00e1culos en vivo bajo las estrellas. Transporte privado incluido. <\/p>\n","protected":false},"featured_media":28788,"comment_status":"open","ping_status":"closed","template":"","meta":{"inline_featured_image":false,"_monsterinsights_skip_tracking":false,"_monsterinsights_sitenote_active":false,"_monsterinsights_sitenote_note":"","_monsterinsights_sitenote_category":0},"product_brand":[],"product_cat":[77,84],"product_tag":[],"class_list":{"0":"post-28976","1":"product","2":"type-product","3":"status-publish","4":"has-post-thumbnail","6":"product_cat-actividades-agafay-desierto","7":"product_cat-actividades-marrakech","9":"first","10":"instock","11":"virtual","12":"sold-individually","13":"purchasable","14":"product-type-booking"},"booking_location":"","booking_location_type":"","booking_duration":1,"booking_duration_unit":"day","booking_buffer":0,"booking_cost":69,"booking_resources":[],"exclude_global_add_ons":false,"addons":[{"name":"Cena (+40\u20ac\/Pers.)","type":"checkbox","position":0,"required":true,"title_format":"hide","default":"0","description_enable":false,"description":null,"placeholder_enable":false,"placeholder":null,"display":"select","restrictions_type":"any_text","adjust_price":false,"price":"","price_type":"flat_fee","restrictions":false,"min":"0","max":"0","options":[{"label":"Cena (+40\u20ac\/Pers.)","price":"40","price_type":"quantity_based","image":0,"visibility":true}],"id":1754462531},{"name":"Paseo en camello (+20\u20ac\/Pers.)","type":"checkbox","position":1,"required":false,"title_format":"hide","default":"","description_enable":false,"description":null,"placeholder_enable":false,"placeholder":null,"display":"select","restrictions_type":"any_text","adjust_price":false,"price":"","price_type":"flat_fee","restrictions":false,"min":"0","max":"0","options":[{"label":"Paseo en camello (+20\u20ac\/Pers.)","price":"20","price_type":"quantity_based","image":0,"visibility":true}],"id":1754440415},{"name":"Quad (+30\u20ac\/Pers.)","type":"checkbox","position":2,"required":false,"title_format":"hide","default":"","description_enable":false,"description":null,"placeholder_enable":false,"placeholder":null,"display":"select","restrictions_type":"any_text","adjust_price":false,"price":"","price_type":"flat_fee","restrictions":false,"min":"0","max":"0","options":[{"label":"Quad (+30\u20ac\/Pers.)","price":"30","price_type":"quantity_based","image":0,"visibility":true}],"id":1754440416}],"_links":{"self":[{"href":"https:\/\/www.marrakechtaxi.com\/es\/wp-json\/wp\/v2\/product\/28976","targetHints":{"allow":["GET"]}}],"collection":[{"href":"https:\/\/www.marrakechtaxi.com\/es\/wp-json\/wp\/v2\/product"}],"about":[{"href":"https:\/\/www.marrakechtaxi.com\/es\/wp-json\/wp\/v2\/types\/product"}],"replies":[{"embeddable":true,"href":"https:\/\/www.marrakechtaxi.com\/es\/wp-json\/wp\/v2\/comments?post=28976"}],"wp:featuredmedia":[{"embeddable":true,"href":"https:\/\/www.marrakechtaxi.com\/es\/wp-json\/wp\/v2\/media\/28788"}],"wp:attachment":[{"href":"https:\/\/www.marrakechtaxi.com\/es\/wp-json\/wp\/v2\/media?parent=28976"}],"wp:term":[{"taxonomy":"product_brand","embeddable":true,"href":"https:\/\/www.marrakechtaxi.com\/es\/wp-json\/wp\/v2\/product_brand?post=28976"},{"taxonomy":"product_cat","embeddable":true,"href":"https:\/\/www.marrakechtaxi.com\/es\/wp-json\/wp\/v2\/product_cat?post=28976"},{"taxonomy":"product_tag","embeddable":true,"href":"https:\/\/www.marrakechtaxi.com\/es\/wp-json\/wp\/v2\/product_tag?post=28976"}],"curies":[{"name":"wp","href":"https:\/\/api.w.org\/{rel}","templated":true}]}}