{"id":28951,"date":"2025-05-27T15:50:02","date_gmt":"2025-05-27T14:50:02","guid":{"rendered":"https:\/\/www.marrakechtaxi.com\/paseo-caballo-marrakech-palmeraie\/"},"modified":"2025-08-06T20:36:18","modified_gmt":"2025-08-06T19:36:18","slug":"paseo-caballo-marrakech-palmeraie","status":"publish","type":"product","link":"https:\/\/www.marrakechtaxi.com\/es\/paseo-caballo-marrakech-palmeraie\/","title":{"rendered":"Experiencia de paseo a caballo en Marrakech con recogida en el hotel"},"content":{"rendered":"\n<p>\u00a1Descubre la belleza de la campi\u00f1a de Marrakech a caballo! Tanto si eres principiante como si tienes experiencia, \u00bfbuscas una actividad al aire libre inolvidable en Marrakech? \u00a1Prep\u00e1rate para una <strong>experiencia a caballo de 1 hora<\/strong>, perfecta para familias, parejas y amantes de la naturaleza!  <\/p>\n\n<p>Lo recogeremos de su hotel y lo llevaremos a nuestro centro ecuestre profesional, donde le esperan un personal amable y caballos impecablemente cuidados. Tanto si es nuevo en la equitaci\u00f3n como si es un principiante con experiencia, nuestros caballos tranquilos y nuestra gu\u00eda experta har\u00e1n de este paseo una experiencia agradable y placentera. <\/p>\n\n<p>Explorar\u00e1s hermosos senderos rurales a las afueras de Marrakech, lejos del bullicio de la ciudad. Despu\u00e9s del paseo, disfruta de un refrescante t\u00e9 de menta tradicional marroqu\u00ed. <\/p>\n\n<p>Tambi\u00e9n ofrecemos paseos en <strong>pony para ni\u00f1os<\/strong> a partir de 2 a\u00f1os, ideal para los m\u00e1s peque\u00f1os de la familia que quieran sumarse a la diversi\u00f3n.<\/p>\n\n<p>Esta es una <strong>actividad segura y familiar<\/strong> que combina naturaleza, cultura y hospitalidad marroqu\u00ed.<\/p>\n\n<h2 class=\"wp-block-heading has-luminous-vivid-orange-color has-text-color has-link-color wp-elements-82221999983f3cf9388a6c15527accfe\"><strong>Destacar<\/strong><\/h2>\n\n<p>\u2705 Paseo guiado a caballo de 1 hora cerca de Marrakech<br\/>\u2705 Recogida y regreso al hotel incluidos<br\/>\u2705 Personal amable y profesional<br\/>\u2705 Caballos tranquilos y bien entrenados para principiantes<br\/>\u2705 T\u00e9 marroqu\u00ed servido despu\u00e9s del paseo<br\/>\u2705 Paseos en poni disponibles para ni\u00f1os (a partir de 2 a\u00f1os)<br\/>\u2705 Ideal para parejas, familias y grupos peque\u00f1os<\/p>\n\n<h2 class=\"wp-block-heading has-luminous-vivid-orange-color has-text-color has-link-color wp-elements-10fdaab5c691de0ae1339ca3050d8dab\"><strong>Incluye\/No incluye<\/strong><\/h2>\n\n<p>\u2705 Paseo a caballo de 1 hora<br\/>\u2705 Recogida y regreso al hotel (solo en Marrakech)<br\/>\u2705 T\u00e9 de menta marroqu\u00ed<br\/>\u2705 Casco y equipo de seguridad<br\/>\u2705 Personal ecuestre profesional<\/p>\n\n<p>\u274c Comida y otras bebidas<br\/>\u274c Propinas (opcional)<\/p>\n\n<h2 class=\"wp-block-heading has-luminous-vivid-orange-color has-text-color has-link-color wp-elements-fc16436405e877dc2b0f096baca2ecf5\"><strong>Bueno saber<\/strong><\/h2>\n\n<p>No se necesita experiencia previa en equitaci\u00f3n.<br\/>Se recomienda ropa c\u00f3moda y calzado cerrado.<br\/>Se proporcionan cascos.<br\/>Paseo en poni opcional: 250 MAD por ni\u00f1o.<br\/>Disponible todo el a\u00f1o.<\/p>\n\n<h2 class=\"wp-block-heading has-luminous-vivid-orange-color has-text-color has-link-color wp-elements-e53e3010007fb30d625506c4e7524698\"><strong>Precio<\/strong><\/h2>\n\n<p>Paseo a caballo (1 hora): 350 MAD por persona<br\/>Paseo en poni (1 hora): 250 MAD por ni\u00f1o<\/p>\n\n<hr class=\"wp-block-separator has-alpha-channel-opacity\"\/>\n\n<h2 class=\"wp-block-heading has-luminous-vivid-orange-color has-text-color has-link-color wp-elements-bfb6dee5d5fe7cf6b0530b4210171ee1\"><strong>Preguntas frecuentes<\/strong><\/h2>\n<div id=\"rank-math-faq\" class=\"rank-math-block\">\n<div class=\"rank-math-list \">\n<div id=\"faq-question-1748348013344\" class=\"rank-math-list-item\">\n<h3 class=\"rank-math-question \"><strong>\u00bfEsta actividad es adecuada para principiantes?<\/strong><\/h3>\n<div class=\"rank-math-answer \">\n\n<p>\u00a1S\u00ed, por supuesto! Nuestros caballos son tranquilos y est\u00e1n entrenados, y nuestro equipo profesional garantiza una experiencia segura y agradable para todos. <\/p>\n\n<\/div>\n<\/div>\n<div id=\"faq-question-1748348053023\" class=\"rank-math-list-item\">\n<h3 class=\"rank-math-question \"><strong>\u00bfLos ni\u00f1os necesitan montar caballos de tama\u00f1o normal?<\/strong><\/h3>\n<div class=\"rank-math-answer \">\n\n<p>No necesariamente. Los ni\u00f1os de 2 a\u00f1os o m\u00e1s pueden disfrutar de un paseo en poni. <\/p>\n\n<\/div>\n<\/div>\n<div id=\"faq-question-1748350126281\" class=\"rank-math-list-item\">\n<h3 class=\"rank-math-question \"><strong>\u00bfSe proporcionan cascos?<\/strong><\/h3>\n<div class=\"rank-math-answer \">\n\n<p>S\u00ed, la seguridad es nuestra prioridad. Hay cascos disponibles e incluidos para todos los participantes. <\/p>\n\n<\/div>\n<\/div>\n<div id=\"faq-question-1748351000544\" class=\"rank-math-list-item\">\n<h3 class=\"rank-math-question \"><strong>\u00bfQu\u00e9 incluye el viaje?<\/strong><\/h3>\n<div class=\"rank-math-answer \">\n\n<p>El paseo, gu\u00eda profesional y un t\u00e9 de menta tradicional marroqu\u00ed (ya sea en el rancho o con los lugare\u00f1os, seg\u00fan la duraci\u00f3n).<\/p>\n\n<\/div>\n<\/div>\n<div id=\"faq-question-1748351021381\" class=\"rank-math-list-item\">\n<h3 class=\"rank-math-question \"><strong>\u00bfPodemos reservar en grupo o familia?<\/strong><\/h3>\n<div class=\"rank-math-answer \">\n\n<p>\u00a1Claro! Recibimos familias y grupos peque\u00f1os. Es una actividad al aire libre fant\u00e1stica para todos.  <\/p>\n\n<\/div>\n<\/div>\n<div id=\"faq-question-1748351039648\" class=\"rank-math-list-item\">\n<h3 class=\"rank-math-question \"><strong>\u00bfQu\u00e9 me pongo?<\/strong><\/h3>\n<div class=\"rank-math-answer \">\n\n<p>Recomendamos ropa c\u00f3moda y calzado cerrado. Se proporcionan cascos. <\/p>\n\n<\/div>\n<\/div>\n<div id=\"faq-question-1748353538178\" class=\"rank-math-list-item\">\n<h3 class=\"rank-math-question \"><strong>\u00bfEst\u00e1 incluido el transporte desde mi hotel?<\/strong><\/h3>\n<div class=\"rank-math-answer \">\n\n<p>S\u00ed, el transporte de ida y vuelta desde y hacia su hotel en Marrakech est\u00e1 incluido.<\/p>\n\n<\/div>\n<\/div>\n<\/div>\n<\/div>","protected":false},"excerpt":{"rendered":"<p>Recorra los tranquilos senderos de Marrakech a caballo durante una hora. Incluye recogida y regreso al hotel. Ponis disponibles para ni\u00f1os. T\u00e9 tradicional despu\u00e9s del paseo.    (M\u00e1x. 7 personas)<\/p>\n","protected":false},"featured_media":28924,"comment_status":"open","ping_status":"closed","template":"","meta":{"inline_featured_image":false,"_monsterinsights_skip_tracking":false,"_monsterinsights_sitenote_active":false,"_monsterinsights_sitenote_note":"","_monsterinsights_sitenote_category":0},"product_brand":[],"product_cat":[84],"product_tag":[],"class_list":{"0":"post-28951","1":"product","2":"type-product","3":"status-publish","4":"has-post-thumbnail","6":"product_cat-actividades-marrakech","8":"first","9":"instock","10":"virtual","11":"sold-individually","12":"purchasable","13":"product-type-booking"},"booking_location":"","booking_location_type":"","booking_duration":1,"booking_duration_unit":"hour","booking_buffer":0,"booking_cost":30,"booking_resources":[],"exclude_global_add_ons":false,"addons":[{"name":"Paseos a caballo (Adultos) (+35\u20ac)","type":"input_multiplier","position":0,"required":false,"title_format":"label","default":"","description_enable":false,"description":null,"placeholder_enable":false,"placeholder":null,"display":"select","restrictions_type":"any_text","adjust_price":true,"price":"35","price_type":"quantity_based","restrictions":true,"min":"0","max":"7","options":[],"id":1754510460},{"name":"Paseo en pony (Ni\u00f1os) (+25\u20ac)","type":"input_multiplier","position":1,"required":false,"title_format":"label","default":"","description_enable":false,"description":null,"placeholder_enable":false,"placeholder":null,"display":"select","restrictions_type":"any_text","adjust_price":true,"price":"25","price_type":"quantity_based","restrictions":true,"min":"0","max":"6","options":[],"id":1754510461}],"_links":{"self":[{"href":"https:\/\/www.marrakechtaxi.com\/es\/wp-json\/wp\/v2\/product\/28951","targetHints":{"allow":["GET"]}}],"collection":[{"href":"https:\/\/www.marrakechtaxi.com\/es\/wp-json\/wp\/v2\/product"}],"about":[{"href":"https:\/\/www.marrakechtaxi.com\/es\/wp-json\/wp\/v2\/types\/product"}],"replies":[{"embeddable":true,"href":"https:\/\/www.marrakechtaxi.com\/es\/wp-json\/wp\/v2\/comments?post=28951"}],"wp:featuredmedia":[{"embeddable":true,"href":"https:\/\/www.marrakechtaxi.com\/es\/wp-json\/wp\/v2\/media\/28924"}],"wp:attachment":[{"href":"https:\/\/www.marrakechtaxi.com\/es\/wp-json\/wp\/v2\/media?parent=28951"}],"wp:term":[{"taxonomy":"product_brand","embeddable":true,"href":"https:\/\/www.marrakechtaxi.com\/es\/wp-json\/wp\/v2\/product_brand?post=28951"},{"taxonomy":"product_cat","embeddable":true,"href":"https:\/\/www.marrakechtaxi.com\/es\/wp-json\/wp\/v2\/product_cat?post=28951"},{"taxonomy":"product_tag","embeddable":true,"href":"https:\/\/www.marrakechtaxi.com\/es\/wp-json\/wp\/v2\/product_tag?post=28951"}],"curies":[{"name":"wp","href":"https:\/\/api.w.org\/{rel}","templated":true}]}}