{"id":27870,"date":"2025-04-10T17:29:07","date_gmt":"2025-04-10T16:29:07","guid":{"rendered":"https:\/\/www.marrakechtaxi.com\/tour-cultural-marrakech-koutoubia-bahia-madrasa\/"},"modified":"2025-04-15T08:04:07","modified_gmt":"2025-04-15T07:04:07","slug":"tour-cultural-marrakech-koutoubia-bahia-madrasa","status":"publish","type":"product","link":"https:\/\/www.marrakechtaxi.com\/es\/tour-cultural-marrakech-koutoubia-bahia-madrasa\/","title":{"rendered":"Tour del patrimonio de Marrakech: Koutoubia, Palacio de la Bah\u00eda y visita guiada Madraza Ben Youssef"},"content":{"rendered":"\n<p>Sum\u00e9rgete en el alma de Marrakech con este tour cultural inmersivo. Con un gu\u00eda jurado certificado por el Ministerio de Turismo de Marruecos, descubrir\u00e1s la belleza, la historia y las joyas ocultas de las maravillas arquitect\u00f3nicas de la ciudad. <\/p>\n\n<p>Comience con una visita a la majestuosa Mezquita Kutub\u00eda, la m\u00e1s grande de Marrakech, admirada por su imponente minarete y sus tranquilos jardines. Aunque no se permite la entrada a personas no musulmanas, el gu\u00eda compartir\u00e1 su rica historia e importancia espiritual desde el exterior. <\/p>\n\n<p>Contin\u00fae hasta el encantador Palacio de Bah\u00eda, una joya del siglo XIX con habitaciones intrincadamente decoradas, patios tranquilos y exuberantes jardines que alguna vez fueron construidos para reflejar la esencia de la elegancia marroqu\u00ed.<\/p>\n\n<p>Termine su viaje en la Madrasa de Ben Youssef, que en su d\u00eda fue la universidad isl\u00e1mica m\u00e1s grande del norte de \u00c1frica. Admire las obras de cedro, m\u00e1rmol y mosaicos finamente tallados que reflejan el auge del arte y la educaci\u00f3n isl\u00e1micos en Marruecos. <\/p>\n\n<p>Este tour incluye transporte privado con aire acondicionado para mayor comodidad y facilidad, con recogida flexible desde su alojamiento.<\/p>\n\n<blockquote class=\"wp-block-quote is-layout-flow wp-block-quote-is-layout-flow\">\n<p>Las entradas no est\u00e1n incluidas, lo que le brinda flexibilidad y transparencia. Su gu\u00eda le ayudar\u00e1 con la compra de entradas en el lugar. <\/p>\n<\/blockquote>\n\n<h2 class=\"wp-block-heading has-luminous-vivid-orange-color has-text-color has-link-color wp-elements-82221999983f3cf9388a6c15527accfe\"><strong>Destacar<\/strong><\/h2>\n\n<p>\u2705 Visita la legendaria Mezquita Koutoubia (solo exterior)<br\/>\u2705 Explora el impresionante Palacio de la Bah\u00eda<br\/>\u2705 Descubre la belleza arquitect\u00f3nica de la Madraza Ben Youssef<br\/>\u2705 Aprende con un gu\u00eda tur\u00edstico certificado y jurado<br\/>\u2705 Viaja en transporte privado con aire acondicionado<br\/>\u2705 Disfruta de una experiencia cultural flexible de medio d\u00eda<\/p>\n\n<h2 class=\"wp-block-heading has-luminous-vivid-orange-color has-text-color has-link-color wp-elements-10fdaab5c691de0ae1339ca3050d8dab\"><strong>Incluye\/No incluye<\/strong><\/h2>\n\n<p>\u2705 Transporte privado (ida y vuelta al hotel)<br\/>\u2705 Gu\u00eda local<\/p>\n\n<p>\u274c Comidas<br\/>\u274c Gastos personales<br\/>\u274c Entradas a monumentos<br\/>Palacio de la Bah\u00eda (Adultos: 100 MAD \u2013 Ni\u00f1os: 50 MAD)<br\/>Madrasa Ben Youssef (Adultos: 50 MAD \u2013 Ni\u00f1os menores de 12 a\u00f1os: 10 MAD)<\/p>\n\n<h2 class=\"wp-block-heading has-luminous-vivid-orange-color has-text-color has-link-color wp-elements-308859e79fb341666d285dfb1612ffd4\"><strong>Informaci\u00f3n importante<\/strong><\/h2>\n\n<p>Qu\u00e9 llevar:<\/p>\n\n<ul class=\"wp-block-list\">\n<li>Zapatos c\u00f3modos<\/li>\n\n\n\n<li>Gafas de sol<\/li>\n\n\n\n<li>sombrero para el sol<\/li>\n\n\n\n<li>Protector solar<\/li>\n<\/ul>\n\n<h2 class=\"wp-block-heading has-luminous-vivid-orange-color has-text-color has-link-color wp-elements-bfb6dee5d5fe7cf6b0530b4210171ee1\"><strong>Preguntas frecuentes<\/strong><\/h2>\n<div id=\"rank-math-faq\" class=\"rank-math-block\">\n<div class=\"rank-math-list \">\n<div id=\"faq-question-1744301706910\" class=\"rank-math-list-item\">\n<h3 class=\"rank-math-question \"><strong>P: \u00bfLas entradas est\u00e1n incluidas en el precio?<\/strong><\/h3>\n<div class=\"rank-math-answer \">\n\n<p>R: No, las entradas al Palacio de la Bah\u00eda y a la Madraza de Ben Youssef no est\u00e1n incluidas. Puede pagarlas directamente en cada sitio. Su gu\u00eda le ayudar\u00e1 con la compra de entradas.  <\/p>\n\n<\/div>\n<\/div>\n<div id=\"faq-question-1744301750559\" class=\"rank-math-list-item\">\n<h3 class=\"rank-math-question \"><strong>P: \u00bfPuedo entrar a la Mezquita Koutoubia?<\/strong><\/h3>\n<div class=\"rank-math-answer \">\n\n<p>R: No se permite la entrada a los no musulmanes, pero podr\u00e1s explorar su impresionante exterior y escuchar su historia completa de boca de tu gu\u00eda.<\/p>\n\n<\/div>\n<\/div>\n<div id=\"faq-question-1744301763427\" class=\"rank-math-list-item\">\n<h3 class=\"rank-math-question \"><strong>P: \u00bfEl tour es privado?<\/strong><\/h3>\n<div class=\"rank-math-answer \">\n\n<p>R: S\u00ed, este es un tour privado con su propio gu\u00eda y veh\u00edculo privado, ofreciendo comodidad y atenci\u00f3n personalizada.<\/p>\n\n<\/div>\n<\/div>\n<div id=\"faq-question-1744301776343\" class=\"rank-math-list-item\">\n<h3 class=\"rank-math-question \"><strong>P: \u00bfCu\u00e1nto dura el recorrido?<\/strong><\/h3>\n<div class=\"rank-math-answer \">\n\n<p>R: La experiencia dura alrededor de 3 horas, dependiendo de tu ritmo e inter\u00e9s.<\/p>\n\n<\/div>\n<\/div>\n<div id=\"faq-question-1744301792472\" class=\"rank-math-list-item\">\n<h3 class=\"rank-math-question \"><strong>P: \u00bfEn qu\u00e9 idiomas est\u00e1 disponible el tour?<\/strong><\/h3>\n<div class=\"rank-math-answer \">\n\n<p>R: Ingl\u00e9s, franc\u00e9s, espa\u00f1ol, \u00e1rabe e italiano. Simplemente ind\u00edquenos su preferencia al hacer la reserva.<\/p>\n\n<\/div>\n<\/div>\n<div id=\"faq-question-1744301802942\" class=\"rank-math-list-item\">\n<h3 class=\"rank-math-question \"><strong>P: \u00bfEst\u00e1 incluido el servicio de recogida en el hotel?<\/strong><\/h3>\n<div class=\"rank-math-answer \">\n\n<p>R: S\u00ed, ofrecemos servicio de recogida y regreso a su alojamiento en Marrakech.<\/p>\n\n<\/div>\n<\/div>\n<\/div>\n<\/div>","protected":false},"excerpt":{"rendered":"<p>Descubra el coraz\u00f3n de Marrakech a trav\u00e9s de sus monumentos m\u00e1s emblem\u00e1ticos. Visite la Mezquita Kutub\u00eda, el Palacio de la Bah\u00eda y la impresionante Madraza de Ben Youssef con un gu\u00eda oficial y transporte privado. <\/p>\n","protected":false},"featured_media":27859,"comment_status":"open","ping_status":"closed","template":"","meta":{"inline_featured_image":false,"_monsterinsights_skip_tracking":false,"_monsterinsights_sitenote_active":false,"_monsterinsights_sitenote_note":"","_monsterinsights_sitenote_category":0},"product_brand":[],"product_cat":[84,123],"product_tag":[],"class_list":{"0":"post-27870","1":"product","2":"type-product","3":"status-publish","4":"has-post-thumbnail","6":"product_cat-actividades-marrakech","7":"product_cat-tours-guiados-marrakech","9":"first","10":"instock","11":"virtual","12":"sold-individually","13":"purchasable","14":"product-type-booking"},"booking_location":"","booking_location_type":"","booking_duration":3,"booking_duration_unit":"hour","booking_buffer":0,"booking_cost":79,"booking_resources":[],"exclude_global_add_ons":[],"addons":[],"_links":{"self":[{"href":"https:\/\/www.marrakechtaxi.com\/es\/wp-json\/wp\/v2\/product\/27870","targetHints":{"allow":["GET"]}}],"collection":[{"href":"https:\/\/www.marrakechtaxi.com\/es\/wp-json\/wp\/v2\/product"}],"about":[{"href":"https:\/\/www.marrakechtaxi.com\/es\/wp-json\/wp\/v2\/types\/product"}],"replies":[{"embeddable":true,"href":"https:\/\/www.marrakechtaxi.com\/es\/wp-json\/wp\/v2\/comments?post=27870"}],"wp:featuredmedia":[{"embeddable":true,"href":"https:\/\/www.marrakechtaxi.com\/es\/wp-json\/wp\/v2\/media\/27859"}],"wp:attachment":[{"href":"https:\/\/www.marrakechtaxi.com\/es\/wp-json\/wp\/v2\/media?parent=27870"}],"wp:term":[{"taxonomy":"product_brand","embeddable":true,"href":"https:\/\/www.marrakechtaxi.com\/es\/wp-json\/wp\/v2\/product_brand?post=27870"},{"taxonomy":"product_cat","embeddable":true,"href":"https:\/\/www.marrakechtaxi.com\/es\/wp-json\/wp\/v2\/product_cat?post=27870"},{"taxonomy":"product_tag","embeddable":true,"href":"https:\/\/www.marrakechtaxi.com\/es\/wp-json\/wp\/v2\/product_tag?post=27870"}],"curies":[{"name":"wp","href":"https:\/\/api.w.org\/{rel}","templated":true}]}}