{"id":27853,"date":"2025-04-10T16:49:39","date_gmt":"2025-04-10T15:49:39","guid":{"rendered":"https:\/\/www.marrakechtaxi.com\/tour-palacios-marrakech-koutoubia-bahia-badi\/"},"modified":"2025-04-15T08:03:59","modified_gmt":"2025-04-15T07:03:59","slug":"tour-palacios-marrakech-koutoubia-bahia-badi","status":"publish","type":"product","link":"https:\/\/www.marrakechtaxi.com\/es\/tour-palacios-marrakech-koutoubia-bahia-badi\/","title":{"rendered":"Tour por los palacios imperiales de Marrakech: Koutoubia, Bah\u00eda y El Badi"},"content":{"rendered":"\n<h2 class=\"wp-block-heading\"><strong><span style=\"color: #ff6600;\">Duraci\u00f3n: Alrededor de 03 horas<\/span><\/strong><\/h2>\n\n<p>Sum\u00e9rjase en el rico patrimonio de la Marrakech imperial con este recorrido cultural seleccionado y dirigido por un gu\u00eda autorizado juramentado por el Ministerio de Turismo de Marruecos.<\/p>\n\n<p>Comience en la emblem\u00e1tica Mezquita Kutub\u00eda, s\u00edmbolo espiritual de la ciudad y una maravilla de la arquitectura almohade del siglo XII. Su gu\u00eda le compartir\u00e1 la historia y la importancia de este monumento mientras admira su elegante minarete y su tranquilo entorno. <\/p>\n\n<p>Contin\u00fae hasta el Palacio de Bah\u00eda, una obra maestra del siglo XIX llena de impresionantes patios, intrincados azulejos zellij y un tranquilo jard\u00edn que refleja el lujo real marroqu\u00ed.<\/p>\n\n<p>Finalmente, recorra las impresionantes ruinas del Palacio El Badi, anta\u00f1o uno de los palacios m\u00e1s suntuosos del mundo. Aunque ahora es una estructura majestuosa, narra historias de poder, arte y gloria marroqu\u00ed. <\/p>\n\n<p>Viajar\u00e1 c\u00f3modamente en un transporte privado con aire acondicionado, con recogida y regreso al hotel incluidos. Este tour es perfecto para quienes desean descubrir el legado imperial de Marrakech con comodidad, guiados por un aut\u00e9ntico experto local. <\/p>\n\n<h2 class=\"wp-block-heading\"><strong><span style=\"color: #ff6600;\">Destacar<\/span><\/strong><\/h2>\n\n<p>\u2705 Visita la ic\u00f3nica Mezquita Koutoubia y aprende sobre su significado espiritual e hist\u00f3rico<br\/>\u2705 Explora el elegante Palacio de la Bah\u00eda, conocido por su intrincada arquitectura y sus tranquilos jardines<br\/>\u2705 Recorre las impresionantes ruinas del otrora magn\u00edfico Palacio El Badi<br\/>\u2705 Disfruta de la informaci\u00f3n de un gu\u00eda autorizado por el Ministerio de Turismo<br\/>\u2705 Viaja en un c\u00f3modo transporte privado con recogida y regreso al hotel<br\/>\u2705 Vive una experiencia de medio d\u00eda enriquecedora y sin complicaciones, ideal para amantes de la cultura y quienes visitan la ciudad por primera vez<\/p>\n\n<h2 class=\"wp-block-heading has-luminous-vivid-orange-color has-text-color has-link-color wp-elements-2075edf7ad95c7fa6867e9d541d7ee2d\"><strong><span style=\"color: #ff6600;\">Incluye\/No incluye<\/span><\/strong><\/h2>\n\n<p>\u2705 Transporte privado (ida y vuelta al hotel)<br\/>\u2705 Gu\u00eda local<\/p>\n\n<p>\u274c Comidas<br\/>\u274c Gastos personales<br\/>\u274c Entradas a monumentos<br\/>Palacio de la Bah\u00eda (Adultos: 100 MAD &#8211; Ni\u00f1os: 50 MAD)<br\/>Palacio El Badi (Adultos: 100 MAD &#8211; Ni\u00f1os: 50 MAD)<\/p>\n\n<h2 class=\"wp-block-heading has-luminous-vivid-orange-color has-text-color has-link-color wp-elements-1caebb44060f98761d32fffee2ae3792\"><strong><span style=\"color: #ff6600;\">Informaci\u00f3n importante<\/span><\/strong><\/h2>\n\n<p>Qu\u00e9 llevar:<\/p>\n\n<ul class=\"wp-block-list\">\n<li>Zapatos c\u00f3modos<\/li>\n\n\n\n<li>Gafas de sol<\/li>\n\n\n\n<li>sombrero para el sol<\/li>\n\n\n\n<li>Protector solar<\/li>\n<\/ul>\n\n<h2 class=\"wp-block-heading\"><strong><span style=\"color: #ff6600;\">Preguntas frecuentes<\/span><\/strong><\/h2>\n<div id=\"rank-math-faq\" class=\"rank-math-block\">\n<div class=\"rank-math-list \">\n<div id=\"faq-question-1744299217217\" class=\"rank-math-list-item\">\n<h3 class=\"rank-math-question \">P: \u00bfLas entradas est\u00e1n incluidas en el precio?<\/h3>\n<div class=\"rank-math-answer \">\n\n<p>R: No, las entradas al Palacio de la Bah\u00eda y al Palacio El Badi no est\u00e1n incluidas. Puede pagarlas directamente en los sitios. Su gu\u00eda le ayudar\u00e1 con las entradas all\u00ed mismo.  <\/p>\n\n<\/div>\n<\/div>\n<div id=\"faq-question-1744299232329\" class=\"rank-math-list-item\">\n<h3 class=\"rank-math-question \">P: \u00bfPodemos entrar a la Mezquita Koutoubia?<\/h3>\n<div class=\"rank-math-answer \">\n\n<p>A: No se permite la entrada a la mezquita a los no musulmanes. Sin embargo, podr\u00e1 explorar su hermoso exterior y jardines mientras aprende sobre su fascinante historia. <\/p>\n\n<\/div>\n<\/div>\n<div id=\"faq-question-1744299257463\" class=\"rank-math-list-item\">\n<h3 class=\"rank-math-question \">Q: \u00bfQui\u00e9n ser\u00e1 nuestro gu\u00eda?<\/h3>\n<div class=\"rank-math-answer \">\n\n<p>R: Le acompa\u00f1ar\u00e1 un gu\u00eda profesional autorizado y jurado por el Ministerio de Turismo de Marruecos, experimentado, conocedor y apasionado por compartir la historia de Marrakech.<\/p>\n\n<\/div>\n<\/div>\n<div id=\"faq-question-1744299273246\" class=\"rank-math-list-item\">\n<h3 class=\"rank-math-question \">P: \u00bfEl tour es privado o compartido?<\/h3>\n<div class=\"rank-math-answer \">\n\n<p>R: Este es un tour privado con transporte privado, solo para su grupo. Ofrece mayor comodidad y flexibilidad que los tours grupales. <\/p>\n\n<\/div>\n<\/div>\n<div id=\"faq-question-1744299292968\" class=\"rank-math-list-item\">\n<h3 class=\"rank-math-question \">P: \u00bfQu\u00e9 incluye el tour?<\/h3>\n<div class=\"rank-math-answer \">\n\n<p>R: El tour incluye gu\u00eda certificado, transporte privado con aire acondicionado, recogida y regreso al hotel, y visitas guiadas completas. No incluye entradas ni gastos personales. <\/p>\n\n<\/div>\n<\/div>\n<div id=\"faq-question-1744299325302\" class=\"rank-math-list-item\">\n<h3 class=\"rank-math-question \">P: \u00bfCu\u00e1nto dura el recorrido?<\/h3>\n<div class=\"rank-math-answer \">\n\n<p>R: La experiencia dura aproximadamente 3 horas, dependiendo de tu ritmo e inter\u00e9s en cada sitio.<\/p>\n\n<\/div>\n<\/div>\n<div id=\"faq-question-1744299354285\" class=\"rank-math-list-item\">\n<h3 class=\"rank-math-question \">P: \u00bfEl tour est\u00e1 disponible en otros idiomas?<\/h3>\n<div class=\"rank-math-answer \">\n\n<p>R: \u00a1S\u00ed! El tour est\u00e1 disponible en ingl\u00e9s, franc\u00e9s, espa\u00f1ol, \u00e1rabe e italiano. Solo ind\u00edquenos su preferencia al hacer la reserva. <\/p>\n\n<\/div>\n<\/div>\n<\/div>\n<\/div>","protected":false},"excerpt":{"rendered":"<p>Explora los legendarios monumentos de Marrakech con un gu\u00eda certificado y transporte privado. Descubre la Mezquita Kutub\u00eda, el Palacio de la Bah\u00eda y las ruinas del Palacio El Badi. <\/p>\n","protected":false},"featured_media":27847,"comment_status":"open","ping_status":"closed","template":"","meta":{"inline_featured_image":false,"_monsterinsights_skip_tracking":false,"_monsterinsights_sitenote_active":false,"_monsterinsights_sitenote_note":"","_monsterinsights_sitenote_category":0},"product_brand":[],"product_cat":[84,123],"product_tag":[],"class_list":{"0":"post-27853","1":"product","2":"type-product","3":"status-publish","4":"has-post-thumbnail","6":"product_cat-actividades-marrakech","7":"product_cat-tours-guiados-marrakech","9":"first","10":"instock","11":"virtual","12":"sold-individually","13":"purchasable","14":"product-type-booking"},"booking_location":"","booking_location_type":"","booking_duration":3,"booking_duration_unit":"hour","booking_buffer":0,"booking_cost":79,"booking_resources":[],"exclude_global_add_ons":[],"addons":[],"_links":{"self":[{"href":"https:\/\/www.marrakechtaxi.com\/es\/wp-json\/wp\/v2\/product\/27853","targetHints":{"allow":["GET"]}}],"collection":[{"href":"https:\/\/www.marrakechtaxi.com\/es\/wp-json\/wp\/v2\/product"}],"about":[{"href":"https:\/\/www.marrakechtaxi.com\/es\/wp-json\/wp\/v2\/types\/product"}],"replies":[{"embeddable":true,"href":"https:\/\/www.marrakechtaxi.com\/es\/wp-json\/wp\/v2\/comments?post=27853"}],"wp:featuredmedia":[{"embeddable":true,"href":"https:\/\/www.marrakechtaxi.com\/es\/wp-json\/wp\/v2\/media\/27847"}],"wp:attachment":[{"href":"https:\/\/www.marrakechtaxi.com\/es\/wp-json\/wp\/v2\/media?parent=27853"}],"wp:term":[{"taxonomy":"product_brand","embeddable":true,"href":"https:\/\/www.marrakechtaxi.com\/es\/wp-json\/wp\/v2\/product_brand?post=27853"},{"taxonomy":"product_cat","embeddable":true,"href":"https:\/\/www.marrakechtaxi.com\/es\/wp-json\/wp\/v2\/product_cat?post=27853"},{"taxonomy":"product_tag","embeddable":true,"href":"https:\/\/www.marrakechtaxi.com\/es\/wp-json\/wp\/v2\/product_tag?post=27853"}],"curies":[{"name":"wp","href":"https:\/\/api.w.org\/{rel}","templated":true}]}}