{"id":27841,"date":"2025-04-09T13:50:27","date_gmt":"2025-04-09T12:50:27","guid":{"rendered":"https:\/\/www.marrakechtaxi.com\/tour-monumentos-marrakech-koutoubia-bahia-saadies\/"},"modified":"2025-05-27T21:28:43","modified_gmt":"2025-05-27T20:28:43","slug":"tour-monumentos-marrakech-koutoubia-bahia-saadies","status":"publish","type":"product","link":"https:\/\/www.marrakechtaxi.com\/es\/tour-monumentos-marrakech-koutoubia-bahia-saadies\/","title":{"rendered":"Tour de los monumentos de Marrakech: Koutoubia, Palacio de la Bah\u00eda y Tumbas Saad\u00edes"},"content":{"rendered":"\n<h2 class=\"wp-block-heading has-luminous-vivid-orange-color has-text-color has-link-color wp-elements-0ca6e50112d04ecbe043d5fee3b80f62\"><strong><span style=\"color: #ff6600;\">Duraci\u00f3n: Alrededor de 03 horas<\/span><\/strong><\/h2>\n\n<p>Ad\u00e9ntrese en el coraz\u00f3n de la rica historia de Marrakech con esta visita guiada por los monumentos m\u00e1s famosos de la ciudad.<\/p>\n\n<p>Comience su viaje en la magn\u00edfica Mezquita Kutub\u00eda, s\u00edmbolo espiritual de Marrakech, con su minarete del siglo XII que domina la medina. Contin\u00fae hasta el impresionante Palacio de la Bah\u00eda, una obra maestra de la arquitectura marroqu\u00ed con sus intrincados mosaicos, exuberantes jardines e historia real. A continuaci\u00f3n, descubra el misterio de las Tumbas Saad\u00edes, ocultas durante siglos y ahora bellamente restauradas, que ofrecen una visi\u00f3n de la grandeza de la dinast\u00eda saad\u00ed de Marruecos.  <\/p>\n\n<p>Le acompa\u00f1ar\u00e1 un gu\u00eda jurado acreditado por el Ministerio de Turismo de Marruecos, quien compartir\u00e1 con usted historias fascinantes, informaci\u00f3n local y contexto cultural. Disfrute de la comodidad de un transporte privado con aire acondicionado durante toda la experiencia. <\/p>\n\n<p>Esto es m\u00e1s que un tour: es un viaje cultural a trav\u00e9s del tiempo. Perfecto para quienes visitan Marrakech por primera vez, para amantes de la historia y para cualquiera que desee una conexi\u00f3n m\u00e1s profunda con ella. <\/p>\n\n<h2 class=\"wp-block-heading has-luminous-vivid-orange-color has-text-color has-link-color wp-elements-e98eda27e536ad79d2a4b56b842b0a50\"><strong><span style=\"color: #ff6600;\">Destacar<\/span><\/strong><\/h2>\n\n<p>\u2705 Visita la ic\u00f3nica Mezquita Koutoubia desde el exterior<br\/>\u2705 Explora el elegante Palacio de la Bah\u00eda y sus jardines reales<br\/>\u2705 Descubre las Tumbas Saad\u00edes, ocultas durante siglos<br\/>\u2705 Aprende con un gu\u00eda profesional certificado<br\/>\u2705 Viaja en un c\u00f3modo transporte privado<br\/>\u2705 Opciones de tours privados o en grupos peque\u00f1os disponibles<br\/>\u2705 Recogida y regreso al hotel<\/p>\n\n<h2 class=\"wp-block-heading has-luminous-vivid-orange-color has-text-color has-link-color wp-elements-2075edf7ad95c7fa6867e9d541d7ee2d\"><strong><span style=\"color: #ff6600;\">Incluye\/No incluye<\/span><\/strong><\/h2>\n\n<p>\u2705 Transporte privado (ida y vuelta al hotel)<br\/>\u2705 Gu\u00eda local<\/p>\n\n<p>\u274c Comidas<br\/>\u274c Gastos personales<br\/>\u274c Entradas a monumentos<br\/>Palacio de la Bah\u00eda (Adultos: 100 MAD &#8211; Ni\u00f1os: 50 MAD)<br\/>Tumbas Saad\u00edes (Adultos: 100 MAD &#8211; Ni\u00f1os: 50 MAD)<\/p>\n\n<h2 class=\"wp-block-heading has-luminous-vivid-orange-color has-text-color has-link-color wp-elements-1caebb44060f98761d32fffee2ae3792\"><strong><span style=\"color: #ff6600;\">Informaci\u00f3n importante<\/span><\/strong><\/h2>\n\n<p>Qu\u00e9 llevar:<\/p>\n\n<ul class=\"wp-block-list\">\n<li>Zapatos c\u00f3modos<\/li>\n\n\n\n<li>Gafas de sol<\/li>\n\n\n\n<li>sombrero para el sol<\/li>\n\n\n\n<li>Protector solar<\/li>\n<\/ul>\n\n<h2 class=\"wp-block-heading has-luminous-vivid-orange-color has-text-color has-link-color wp-elements-279d29914bd59ed39ebc9171903a93ea\"><strong><span style=\"color: #ff6600;\">Preguntas frecuentes<\/span><\/strong><\/h2>\n<div id=\"rank-math-faq\" class=\"rank-math-block\">\n<div class=\"rank-math-list \">\n<div id=\"faq-question-1744235635607\" class=\"rank-math-list-item\">\n<h3 class=\"rank-math-question \">P: \u00bfEst\u00e1 incluida la entrada a todos los monumentos?<\/h3>\n<div class=\"rank-math-answer \">\n\n<p>No, las entradas al Palacio de Bah\u00eda y a las Tumbas Saad\u00edes no est\u00e1n incluidas en el precio.<\/p>\n\n<\/div>\n<\/div>\n<div id=\"faq-question-1744235679340\" class=\"rank-math-list-item\">\n<h3 class=\"rank-math-question \">P: \u00bfPuedo entrar a la Mezquita Koutoubia?<\/h3>\n<div class=\"rank-math-answer \">\n\n<p>Como no musulm\u00e1n, puedes visitar el exterior y los jardines circundantes, pero la entrada al interior est\u00e1 restringida.<\/p>\n\n<\/div>\n<\/div>\n<div id=\"faq-question-1744235694172\" class=\"rank-math-list-item\">\n<h3 class=\"rank-math-question \">P: \u00bfEste tour es privado?<\/h3>\n<div class=\"rank-math-answer \">\n\n<p>S\u00ed, ofrecemos tours privados por defecto. Tambi\u00e9n podemos ofrecer opciones para grupos peque\u00f1os si se solicitan. <\/p>\n\n<\/div>\n<\/div>\n<div id=\"faq-question-1744235706614\" class=\"rank-math-list-item\">\n<h3 class=\"rank-math-question \">P: \u00bfQu\u00e9 tipo de veh\u00edculo se utiliza?<\/h3>\n<div class=\"rank-math-answer \">\n\n<p>Ponemos a su disposici\u00f3n un veh\u00edculo moderno, con aire acondicionado y adaptado al tama\u00f1o de su grupo, con un conductor profesional.<\/p>\n\n<\/div>\n<\/div>\n<div id=\"faq-question-1744235718592\" class=\"rank-math-list-item\">\n<h3 class=\"rank-math-question \">P: \u00bfPuedo personalizar el recorrido?<\/h3>\n<div class=\"rank-math-answer \">\n\n<p>\u00a1Por supuesto! Av\u00edsanos si quieres a\u00f1adir m\u00e1s paradas o ajustar el itinerario. <\/p>\n\n<\/div>\n<\/div>\n<div id=\"faq-question-1744235731941\" class=\"rank-math-list-item\">\n<h3 class=\"rank-math-question \">P: \u00bfEl gu\u00eda est\u00e1 certificado oficialmente?<\/h3>\n<div class=\"rank-math-answer \">\n\n<p>S\u00ed, su gu\u00eda est\u00e1 autorizado y juramentado oficialmente por el Ministerio de Turismo de Marruecos.<\/p>\n\n<\/div>\n<\/div>\n<\/div>\n<\/div>\n<p><\/p>\n","protected":false},"excerpt":{"rendered":"<p>Visite los lugares m\u00e1s emblem\u00e1ticos de Marrakech con un gu\u00eda oficial y transporte privado. Descubra la Mezquita Kutub\u00eda, el Palacio de la Bah\u00eda y las Tumbas Saad\u00edes en este inolvidable recorrido cultural. <\/p>\n","protected":false},"featured_media":27803,"comment_status":"open","ping_status":"closed","template":"","meta":{"inline_featured_image":false,"_monsterinsights_skip_tracking":false,"_monsterinsights_sitenote_active":false,"_monsterinsights_sitenote_note":"","_monsterinsights_sitenote_category":0},"product_brand":[],"product_cat":[84,123],"product_tag":[],"class_list":{"0":"post-27841","1":"product","2":"type-product","3":"status-publish","4":"has-post-thumbnail","6":"product_cat-actividades-marrakech","7":"product_cat-tours-guiados-marrakech","9":"first","10":"instock","11":"virtual","12":"sold-individually","13":"purchasable","14":"product-type-booking"},"booking_location":"","booking_location_type":"","booking_duration":3,"booking_duration_unit":"hour","booking_buffer":0,"booking_cost":79,"booking_resources":[],"exclude_global_add_ons":[],"addons":[],"_links":{"self":[{"href":"https:\/\/www.marrakechtaxi.com\/es\/wp-json\/wp\/v2\/product\/27841","targetHints":{"allow":["GET"]}}],"collection":[{"href":"https:\/\/www.marrakechtaxi.com\/es\/wp-json\/wp\/v2\/product"}],"about":[{"href":"https:\/\/www.marrakechtaxi.com\/es\/wp-json\/wp\/v2\/types\/product"}],"replies":[{"embeddable":true,"href":"https:\/\/www.marrakechtaxi.com\/es\/wp-json\/wp\/v2\/comments?post=27841"}],"wp:featuredmedia":[{"embeddable":true,"href":"https:\/\/www.marrakechtaxi.com\/es\/wp-json\/wp\/v2\/media\/27803"}],"wp:attachment":[{"href":"https:\/\/www.marrakechtaxi.com\/es\/wp-json\/wp\/v2\/media?parent=27841"}],"wp:term":[{"taxonomy":"product_brand","embeddable":true,"href":"https:\/\/www.marrakechtaxi.com\/es\/wp-json\/wp\/v2\/product_brand?post=27841"},{"taxonomy":"product_cat","embeddable":true,"href":"https:\/\/www.marrakechtaxi.com\/es\/wp-json\/wp\/v2\/product_cat?post=27841"},{"taxonomy":"product_tag","embeddable":true,"href":"https:\/\/www.marrakechtaxi.com\/es\/wp-json\/wp\/v2\/product_tag?post=27841"}],"curies":[{"name":"wp","href":"https:\/\/api.w.org\/{rel}","templated":true}]}}