{"id":27783,"date":"2025-04-09T12:30:42","date_gmt":"2025-04-09T11:30:42","guid":{"rendered":"https:\/\/www.marrakechtaxi.com\/tour-compras-zocos-marrakech\/"},"modified":"2025-10-15T15:12:14","modified_gmt":"2025-10-15T14:12:14","slug":"tour-compras-zocos-marrakech","status":"publish","type":"product","link":"https:\/\/www.marrakechtaxi.com\/es\/tour-compras-zocos-marrakech\/","title":{"rendered":"Tour de Compras por los Zocos de Marrakech con Gu\u00eda Local"},"content":{"rendered":"&#13;\n<h2 class=\"wp-block-heading has-luminous-vivid-orange-color has-text-color has-link-color wp-elements-dfabf78ea3525016dfccf4bce168d151\"><strong>Duraci\u00f3n: Alrededor de 03 horas<\/strong><\/h2>&#13;\n&#13;\n<p>\u00a1Ad\u00e9ntrate en el coraz\u00f3n de los bulliciosos zocos de Marrakech con un amable gu\u00eda local! Este tour de compras inmersivo te lleva a las profundidades del laberinto de la medina, donde te esperan puestos coloridos, patios escondidos y artesan\u00edas centenarias. <\/p>&#13;\n&#13;\n<p>Evita las trampas para turistas y descubre d\u00f3nde compran realmente los locales. Desde alfombras hechas a mano y art\u00edculos de cuero hasta especias, faroles y productos de belleza tradicionales, encontrar\u00e1s aut\u00e9nticas joyas marroqu\u00edes a los mejores precios. <\/p>&#13;\n&#13;\n<p>Su gu\u00eda le ayudar\u00e1 a navegar, traducir y negociar como un profesional, garantizando una experiencia divertida y sin estr\u00e9s. Ya sea que busque recuerdos o simplemente disfrute del ambiente, este tour se centra en conectar con la aut\u00e9ntica Marrakech. <\/p>&#13;\n&#13;\n<h2 class=\"wp-block-heading has-luminous-vivid-orange-color has-text-color has-link-color wp-elements-0fed741e9cc014bd83686cc7cb977725\"><strong>Destacar<\/strong><\/h2>&#13;\n\r\n<ul class=\"wp-block-list\">&#13;\n<li>Visita talleres artesanales ocultos y boutiques tradicionales.<\/li>&#13;\n\r\n\r\n&#13;\n<li>Aprenda consejos de negociaci\u00f3n local y la etiqueta de compra cultural.<\/li>&#13;\n\r\n\r\n&#13;\n<li>Disfrute de un relajado paseo por los zocos y la medina.<\/li>&#13;\n\r\n\r\n&#13;\n<li>Personaliza el recorrido seg\u00fan tus intereses de compra.<\/li>&#13;\n<\/ul>\r\n&#13;\n<p>\u00a1Prep\u00e1rese para comprar inteligentemente, apoyar a los artesanos locales y enamorarse del alma vibrante de Marrakech!<\/p>&#13;\n&#13;\n<h2 class=\"wp-block-heading has-luminous-vivid-orange-color has-text-color has-link-color wp-elements-6e38d8e486ab774b6b88e90e0814d18c\"><strong>Incluye\/No incluye<\/strong><\/h2>&#13;\n&#13;\n<p>\u2705 Transporte privado (ida y vuelta al hotel)<br\/>\u2705 Gu\u00eda local<\/p>&#13;\n&#13;\n<p>\u274c Comidas<br\/>\u274c Gastos personales<\/p>&#13;\n&#13;\n<h2 class=\"wp-block-heading has-luminous-vivid-orange-color has-text-color has-link-color wp-elements-4f713f65e3fe38749b0fd1887f2f6157\"><strong>Informaci\u00f3n importante<\/strong><\/h2>&#13;\n&#13;\n<p>Qu\u00e9 llevar:<\/p>&#13;\n\r\n<ul class=\"wp-block-list\">&#13;\n<li>Zapatos c\u00f3modos<\/li>&#13;\n\r\n\r\n&#13;\n<li>Gafas de sol<\/li>&#13;\n\r\n\r\n&#13;\n<li>sombrero para el sol<\/li>&#13;\n\r\n\r\n&#13;\n<li>Protector solar<\/li>&#13;\n<\/ul>\r\n&#13;\n<h2 class=\"wp-block-heading has-luminous-vivid-orange-color has-text-color has-link-color wp-elements-a7d4d8d67fae395468057051ffbffae8\"><strong>Preguntas frecuentes<\/strong><\/h2>&#13;\n<div id=\"rank-math-faq\" class=\"rank-math-block\">\n<div class=\"rank-math-list \">\n<div id=\"faq-question-1744189235327\" class=\"rank-math-list-item\">\n<h3 class=\"rank-math-question \">P: \u00bfCu\u00e1nto dura el tour?<\/h3>\n<div class=\"rank-math-answer \">\n\n<p>El recorrido de compras dura aproximadamente 3 horas, dependiendo de tu ritmo e intereses.<\/p>\n\n<\/div>\n<\/div>\n<div id=\"faq-question-1744189294208\" class=\"rank-math-list-item\">\n<h3 class=\"rank-math-question \">P: \u00bfEl tour es privado o en grupo?<\/h3>\n<div class=\"rank-math-answer \">\n\n<p>R: Ofrecemos opciones tanto privadas como para grupos peque\u00f1os. \u00a1Los tours privados son totalmente personalizables! <\/p>\n\n<\/div>\n<\/div>\n<div id=\"faq-question-1744189316564\" class=\"rank-math-list-item\">\n<h3 class=\"rank-math-question \">P: \u00bfPuedo elegir lo que quiero comprar?<\/h3>\n<div class=\"rank-math-answer \">\n\n<p>R: \u00a1Por supuesto! Simplemente expl\u00edcale a tu gu\u00eda tus intereses, ya sean especias, alfombras, cuero o artesan\u00eda. <\/p>\n\n<\/div>\n<\/div>\n<div id=\"faq-question-1744189326900\" class=\"rank-math-list-item\">\n<h3 class=\"rank-math-question \">P: \u00bfNecesito llevar dinero en efectivo para comprar?<\/h3>\n<div class=\"rank-math-answer \">\n\n<p>R: S\u00ed, muchos comercios peque\u00f1os solo aceptan efectivo (d\u00edrhams marroqu\u00edes). Su gu\u00eda puede ayudarle con el cambio de divisas si lo necesita. <\/p>\n\n<\/div>\n<\/div>\n<div id=\"faq-question-1744189339272\" class=\"rank-math-list-item\">\n<h3 class=\"rank-math-question \">P: \u00bfEste tour es adecuado para quienes lo visitan por primera vez?<\/h3>\n<div class=\"rank-math-answer \">\n\n<p>R: \u00a1S\u00ed! Esta es la introducci\u00f3n perfecta a los zocos y a la cultura marroqu\u00ed. <\/p>\n\n<\/div>\n<\/div>\n<div id=\"faq-question-1744189360178\" class=\"rank-math-list-item\">\n<h3 class=\"rank-math-question \">P: \u00bfEl gu\u00eda me ayudar\u00e1 a negociar precios?<\/h3>\n<div class=\"rank-math-answer \">\n\n<p>R: \u00a1Claro! Tu gu\u00eda te ense\u00f1ar\u00e1 el arte del regateo e incluso te ayudar\u00e1 a conseguir precios justos. <\/p>\n\n<\/div>\n<\/div>\n<\/div>\n<\/div>","protected":false},"excerpt":{"rendered":"<p>\u00a1Descubre la magia de los zocos de Marrakech con un gu\u00eda local! Explora sus coloridos callejones, conoce a artesanos y compra tesoros mientras aprendes a regatear como un aut\u00e9ntico local. <\/p>\n","protected":false},"featured_media":34824,"comment_status":"open","ping_status":"closed","template":"","meta":{"inline_featured_image":false,"_monsterinsights_skip_tracking":false,"_monsterinsights_sitenote_active":false,"_monsterinsights_sitenote_note":"","_monsterinsights_sitenote_category":0},"product_brand":[],"product_cat":[84,123],"product_tag":[],"class_list":{"0":"post-27783","1":"product","2":"type-product","3":"status-publish","4":"has-post-thumbnail","6":"product_cat-actividades-marrakech","7":"product_cat-tours-guiados-marrakech","9":"first","10":"instock","11":"virtual","12":"sold-individually","13":"purchasable","14":"product-type-booking"},"booking_location":"","booking_location_type":"","booking_duration":3,"booking_duration_unit":"hour","booking_buffer":0,"booking_cost":79,"booking_resources":[],"exclude_global_add_ons":false,"addons":[{"name":"Coche de lujo (+20\u20ac)","type":"checkbox","position":0,"required":false,"title_format":"hide","default":"","description_enable":false,"description":null,"placeholder_enable":false,"placeholder":null,"display":"select","restrictions_type":"any_text","adjust_price":false,"price":"","price_type":"flat_fee","restrictions":false,"min":"0","max":"0","options":[{"label":"Coche de lujo (+20\u20ac)","price":"20","price_type":"flat_fee","image":0,"visibility":true}],"id":1760541082},{"name":"Gu\u00eda local (+50\u20ac)","type":"checkbox","position":1,"required":false,"title_format":"hide","default":"0","description_enable":false,"description":null,"placeholder_enable":false,"placeholder":null,"display":"select","restrictions_type":"any_text","adjust_price":false,"price":"","price_type":"flat_fee","restrictions":false,"min":"0","max":"0","options":[{"label":"Gu\u00eda local (+50\u20ac)","price":"50","price_type":"flat_fee","image":0,"visibility":true}],"id":1760541083}],"_links":{"self":[{"href":"https:\/\/www.marrakechtaxi.com\/es\/wp-json\/wp\/v2\/product\/27783","targetHints":{"allow":["GET"]}}],"collection":[{"href":"https:\/\/www.marrakechtaxi.com\/es\/wp-json\/wp\/v2\/product"}],"about":[{"href":"https:\/\/www.marrakechtaxi.com\/es\/wp-json\/wp\/v2\/types\/product"}],"replies":[{"embeddable":true,"href":"https:\/\/www.marrakechtaxi.com\/es\/wp-json\/wp\/v2\/comments?post=27783"}],"wp:featuredmedia":[{"embeddable":true,"href":"https:\/\/www.marrakechtaxi.com\/es\/wp-json\/wp\/v2\/media\/34824"}],"wp:attachment":[{"href":"https:\/\/www.marrakechtaxi.com\/es\/wp-json\/wp\/v2\/media?parent=27783"}],"wp:term":[{"taxonomy":"product_brand","embeddable":true,"href":"https:\/\/www.marrakechtaxi.com\/es\/wp-json\/wp\/v2\/product_brand?post=27783"},{"taxonomy":"product_cat","embeddable":true,"href":"https:\/\/www.marrakechtaxi.com\/es\/wp-json\/wp\/v2\/product_cat?post=27783"},{"taxonomy":"product_tag","embeddable":true,"href":"https:\/\/www.marrakechtaxi.com\/es\/wp-json\/wp\/v2\/product_tag?post=27783"}],"curies":[{"name":"wp","href":"https:\/\/api.w.org\/{rel}","templated":true}]}}