{"id":26293,"date":"2025-02-28T14:37:43","date_gmt":"2025-02-28T14:37:43","guid":{"rendered":"https:\/\/www.marrakechtaxi.com\/excursion-privada-cascadas-ouzoud\/"},"modified":"2026-01-05T19:02:49","modified_gmt":"2026-01-05T18:02:49","slug":"excursion-privada-cascadas-ouzoud","status":"publish","type":"product","link":"https:\/\/www.marrakechtaxi.com\/es\/excursion-privada-cascadas-ouzoud\/","title":{"rendered":"Excursi\u00f3n privada de un d\u00eda a las cascadas de Ouzoud"},"content":{"rendered":"\n<h2 class=\"wp-block-heading has-luminous-vivid-orange-color has-text-color has-link-color wp-elements-195dce8ea251ac1986468dd7d849c550\"><strong>\ud83c\udf04 Resumen de la experiencia<\/strong><\/h2>\n\n<p>La <strong>excursi\u00f3n privada de un d\u00eda a las cascadas de Ouzoud<\/strong> ofrece una escapada de un d\u00eda completo a uno de los parajes naturales m\u00e1s espectaculares de Marruecos. Ubicadas en la cordillera del Atlas, las cascadas caen m\u00e1s de 100 metros hacia el ca\u00f1\u00f3n, ofreciendo vistas impresionantes, una refrescante neblina y una experiencia refrescante lejos del bullicio de Marrakech. <\/p>\n\n<p>Disfrute de la flexibilidad de un viaje privado con recogida y regreso al hotel, una caminata guiada opcional hasta la base de las cataratas y mucho tiempo para relajarse junto al r\u00edo o dar un paseo en bote cerca de las cascadas.<\/p>\n\n<h2 class=\"wp-block-heading has-luminous-vivid-orange-color has-text-color has-link-color wp-elements-ad40b274455c87cd45111f5bf48d48d0\"><strong>\u2b50 Aspectos destacados<\/strong><\/h2>\n\n<p>\u2714\ufe0f Traslado privado de Marrakech a Ouzoud (ida y vuelta)<br\/>\u2714\ufe0f Visita una de las cascadas m\u00e1s altas y hermosas de Marruecos<br\/>\u2714\ufe0f Senderismo guiado opcional a los miradores y a la base de las cataratas<br\/>\u2714\ufe0f Disfruta de un almuerzo en una cafeter\u00eda junto al r\u00edo (no incluido)<br\/>\u2714\ufe0f Explora pueblos bereberes y conoce a los monos locales<br\/>\u2714\ufe0f Tiempo libre para fotos, paseos por la naturaleza o un paseo en barco<\/p>\n\n<h2 class=\"wp-block-heading has-luminous-vivid-orange-color has-text-color has-link-color wp-elements-bf3cf8c234ff0d42e720ceae3ab33321\"><strong>\ud83d\uddfa\ufe0f Qu\u00e9 esperar<\/strong><\/h2>\n\n<ul class=\"wp-block-list\">\n<li>\ud83d\ude97 Recogida en el hotel sobre las 08:00 h desde Marrakech<\/li>\n\n\n\n<li>\u26f0\ufe0f Recorrido panor\u00e1mico de 2,5 a 3 horas por la campi\u00f1a del Atlas<\/li>\n\n\n\n<li>\ud83d\udc12 Observe monos de Berber\u00eda y la vida silvestre local alrededor de las cataratas<\/li>\n\n\n\n<li>\ud83e\udd7e Caminata opcional de 1 hora con gu\u00eda local (nivel moderado)<\/li>\n\n\n\n<li>\ud83d\udef6 Paseo en barco opcional cerca de la base de la cascada (peque\u00f1a tarifa)<\/li>\n\n\n\n<li>\ud83c\udf7d\ufe0f Tiempo libre para almorzar en un restaurante local (no incluido)<\/li>\n\n\n\n<li>\ud83c\udf05 Regreso a Marrakech al final de la tarde.<\/li>\n<\/ul>\n\n<h2 class=\"wp-block-heading has-luminous-vivid-orange-color has-text-color has-link-color wp-elements-5d7744ec443152da9f40472dcbff2872\"><strong>\u2139\ufe0f Informaci\u00f3n adicional<\/strong><\/h2>\n\n<ul class=\"wp-block-list\">\n<li>\ud83d\udd57 Duraci\u00f3n: Jornada completa (aproximadamente 10 horas)<\/li>\n\n\n\n<li>\ud83e\uddd2 Apto para todas las edades: el senderismo moderado es opcional<\/li>\n\n\n\n<li>\ud83e\udde2 Use calzado c\u00f3modo y lleve protector solar.<\/li>\n\n\n\n<li>\u2744\ufe0f Temperaturas m\u00e1s frescas en el valle: trae una chaqueta ligera<\/li>\n\n\n\n<li>\ud83e\udded Este es un <strong>viaje privado<\/strong>, totalmente personalizable.<\/li>\n<\/ul>\n\n<h2 class=\"wp-block-heading has-luminous-vivid-orange-color has-text-color has-link-color wp-elements-ff8697e042df55cd4ba6698c31369c39\"><strong>\ud83d\udccd Informaci\u00f3n de recogida<\/strong><\/h2>\n\n<ul class=\"wp-block-list\">\n<li>\u2705 Recogida en hotel o riad incluida (centro de Marrakech)<\/li>\n\n\n\n<li>\ud83d\udccd Si su alojamiento no es accesible en coche, se organizar\u00e1 un punto de encuentro cercano.<\/li>\n<\/ul>\n\n<h2 class=\"wp-block-heading has-luminous-vivid-orange-color has-text-color has-link-color wp-elements-9fee9c2ef26b995509552a55f054d174\"><strong>\ud83d\udcc5 Informaci\u00f3n de reserva<\/strong><\/h2>\n\n<ul class=\"wp-block-list\">\n<li>\u2705 Se realizan tours privados diariamente<\/li>\n\n\n\n<li>\ud83d\udd52 Hora de inicio flexible (predeterminada 08:00 AM)<\/li>\n\n\n\n<li>\ud83d\udcb3 Pago: Se requiere dep\u00f3sito (no reembolsable en caso de cancelaci\u00f3n de \u00faltimo momento)<\/li>\n\n\n\n<li>\ud83d\udcde Cont\u00e1ctanos por <em>WhatsApp<\/em> o <em>correo electr\u00f3nico<\/em> para solicitudes especiales<\/li>\n<\/ul>\n\n<hr class=\"wp-block-separator has-alpha-channel-opacity\"\/>\n\n<h2 class=\"wp-block-heading has-luminous-vivid-orange-color has-text-color has-link-color wp-elements-bfb6dee5d5fe7cf6b0530b4210171ee1\"><strong>Preguntas frecuentes<\/strong><\/h2>\n<div id=\"rank-math-faq\" class=\"rank-math-block\">\n<div class=\"rank-math-list \">\n<div id=\"faq-question-1740785237962\" class=\"rank-math-list-item\">\n<h3 class=\"rank-math-question \"><strong>\u00bfA qu\u00e9 distancia est\u00e1n las cascadas de Ouzoud de Marrakech?<\/strong><\/h3>\n<div class=\"rank-math-answer \">\n\n<p>Aproximadamente 160 km (unas 2,5 a 3 horas en coche).<\/p>\n\n<\/div>\n<\/div>\n<div id=\"faq-question-1740785281856\" class=\"rank-math-list-item\">\n<h3 class=\"rank-math-question \"><strong>\u00bfMerece la pena visitar las cascadas de Ouzoud?<\/strong><\/h3>\n<div class=\"rank-math-answer \">\n\n<p>\u00a1Por supuesto! Son uno de los atractivos naturales m\u00e1s emblem\u00e1ticos de Marruecos, perfectos para los amantes de la fotograf\u00eda, el relax y la naturaleza. <\/p>\n\n<\/div>\n<\/div>\n<div id=\"faq-question-1740785294978\" class=\"rank-math-list-item\">\n<h3 class=\"rank-math-question \"><strong>\u00bfHay mucho que caminar o hacer senderismo?<\/strong><\/h3>\n<div class=\"rank-math-answer \">\n\n<p>Hay una caminata moderada opcional, pero no es obligatoria. Puedes disfrutar de las cataratas desde diferentes niveles sin necesidad de caminar. <\/p>\n\n<\/div>\n<\/div>\n<div id=\"faq-question-1740785315469\" class=\"rank-math-list-item\">\n<h3 class=\"rank-math-question \"><strong>\u00bfPuedo nadar en las cascadas de Ouzoud?<\/strong><\/h3>\n<div class=\"rank-math-answer \">\n\n<p>Oficialmente no se permite nadar, pero los lugare\u00f1os a veces nadan en la base cuando el tiempo es tranquilo. Depende de las condiciones y la temporada. <\/p>\n\n<\/div>\n<\/div>\n<div id=\"faq-question-1740785322405\" class=\"rank-math-list-item\">\n<h3 class=\"rank-math-question \"><strong>\u00bfQu\u00e9 debo llevar para el viaje?<\/strong><\/h3>\n<div class=\"rank-math-answer \">\n\n<p>Zapatos c\u00f3modos, agua, c\u00e1mara, chaqueta ligera y dinero en efectivo para almuerzo o actividades opcionales.<\/p>\n\n<\/div>\n<\/div>\n<\/div>\n<\/div>","protected":false},"excerpt":{"rendered":"<p data-start=\"218\" data-end=\"502\">Esc\u00e1pate a Marrakech por un d\u00eda y descubre las impresionantes cascadas de Ouzoud en una excursi\u00f3n privada. Viaja con comodidad, disfruta de vistas panor\u00e1micas y explora los pueblos bereberes y los olivares que rodean esta maravilla natural. \u00a1Una escapada inolvidable a la naturaleza a solo 2 horas y media de la ciudad!  <\/p>\n","protected":false},"featured_media":34747,"comment_status":"open","ping_status":"closed","template":"","meta":{"inline_featured_image":false,"_monsterinsights_skip_tracking":false,"_monsterinsights_sitenote_active":false,"_monsterinsights_sitenote_note":"","_monsterinsights_sitenote_category":0},"product_brand":[],"product_cat":[78,79],"product_tag":[],"class_list":{"0":"post-26293","1":"product","2":"type-product","3":"status-publish","4":"has-post-thumbnail","6":"product_cat-mejores-excursiones-marrakech","7":"product_cat-excursiones-privadas-marrakech","9":"first","10":"instock","11":"virtual","12":"sold-individually","13":"purchasable","14":"product-type-booking"},"booking_location":"","booking_location_type":"","booking_duration":1,"booking_duration_unit":"day","booking_buffer":0,"booking_cost":149,"booking_resources":[],"exclude_global_add_ons":false,"addons":[{"name":"Gu\u00eda local (+30\u20ac)","type":"checkbox","position":0,"required":false,"title_format":"hide","default":"","description_enable":false,"description":null,"placeholder_enable":false,"placeholder":null,"display":"select","restrictions_type":"any_text","adjust_price":false,"price":"","price_type":"flat_fee","restrictions":false,"min":"0","max":"0","options":[{"label":"Gu\u00eda local (+30\u20ac)","price":"30","price_type":"flat_fee","image":0,"visibility":true}],"id":1740785337},{"name":"Coche de lujo (+20\u20ac)","type":"checkbox","position":1,"required":false,"title_format":"hide","default":"","description_enable":false,"description":null,"placeholder_enable":false,"placeholder":null,"display":"select","restrictions_type":"any_text","adjust_price":false,"price":"","price_type":"flat_fee","restrictions":false,"min":"0","max":"0","options":[{"label":"Coche de lujo (+20\u20ac)","price":"20","price_type":"flat_fee","image":0,"visibility":true}],"id":1759589097}],"_links":{"self":[{"href":"https:\/\/www.marrakechtaxi.com\/es\/wp-json\/wp\/v2\/product\/26293","targetHints":{"allow":["GET"]}}],"collection":[{"href":"https:\/\/www.marrakechtaxi.com\/es\/wp-json\/wp\/v2\/product"}],"about":[{"href":"https:\/\/www.marrakechtaxi.com\/es\/wp-json\/wp\/v2\/types\/product"}],"replies":[{"embeddable":true,"href":"https:\/\/www.marrakechtaxi.com\/es\/wp-json\/wp\/v2\/comments?post=26293"}],"wp:featuredmedia":[{"embeddable":true,"href":"https:\/\/www.marrakechtaxi.com\/es\/wp-json\/wp\/v2\/media\/34747"}],"wp:attachment":[{"href":"https:\/\/www.marrakechtaxi.com\/es\/wp-json\/wp\/v2\/media?parent=26293"}],"wp:term":[{"taxonomy":"product_brand","embeddable":true,"href":"https:\/\/www.marrakechtaxi.com\/es\/wp-json\/wp\/v2\/product_brand?post=26293"},{"taxonomy":"product_cat","embeddable":true,"href":"https:\/\/www.marrakechtaxi.com\/es\/wp-json\/wp\/v2\/product_cat?post=26293"},{"taxonomy":"product_tag","embeddable":true,"href":"https:\/\/www.marrakechtaxi.com\/es\/wp-json\/wp\/v2\/product_tag?post=26293"}],"curies":[{"name":"wp","href":"https:\/\/api.w.org\/{rel}","templated":true}]}}