{"id":26051,"date":"2025-02-19T23:54:45","date_gmt":"2025-02-19T22:54:45","guid":{"rendered":"https:\/\/www.marrakechtaxi.com\/excursion-privada-valle-ourika\/"},"modified":"2026-03-04T17:42:05","modified_gmt":"2026-03-04T17:42:05","slug":"excursion-privada-valle-ourika","status":"publish","type":"product","link":"https:\/\/www.marrakechtaxi.com\/es\/excursion-privada-valle-ourika\/","title":{"rendered":"Excursi\u00f3n Privada al Valle de Ourika"},"content":{"rendered":"\n<p>Descubra el impresionante <strong>Valle de Ourika<\/strong>, enclavado en el coraz\u00f3n del <strong>Alto Atlas<\/strong>, a solo una hora de Marrakech. Disfrute de una <strong>excursi\u00f3n guiada privada<\/strong> por paisajes espectaculares, pueblos bereberes tradicionales, caf\u00e9s junto al r\u00edo y cascadas. <\/p>\n\n<p>Un <strong>d\u00eda relajante lejos de la ciudad<\/strong>, perfecto para parejas, familias o viajeros solos.<\/p>\n\n<h2 class=\"wp-block-heading has-luminous-vivid-orange-color has-text-color has-link-color wp-elements-585d667f069be6ab85195816c8f753ed\"><strong>\ud83c\udf1f Lo m\u00e1s destacado del tour: Excursi\u00f3n privada de un d\u00eda al valle de Ourika<\/strong><\/h2>\n\n<p>\u2705 <em>Transporte privado<\/em> de ida y vuelta desde su hotel o riad de Marrakech <br\/>\u2705 Descubra <strong>aut\u00e9nticos pueblos bereberes<\/strong> y la vida tradicional en la monta\u00f1a <br\/>\u2705 Parada opcional en una <strong>cooperativa de aceite de arg\u00e1n dirigida por mujeres<\/strong><br\/>\u2705 Visita a una <strong>aut\u00e9ntica casa familiar bereber<\/strong> para una inmersi\u00f3n cultural  <br\/>\u2705 Disfrute de una <strong>caminata panor\u00e1mica<\/strong> a las cascadas de Setti Fatma con un gu\u00eda local. <br\/>\u2705 Disfrute de un <strong>almuerzo tradicional marroqu\u00ed<\/strong> junto al r\u00edo Ourika <br\/>\u2705 Explora el <strong>mercado bereber semanal de los lunes o jueves<\/strong> (si corresponde) <br\/>\u2705 Disfrute de la comodidad de un <strong>conductor personal y un horario flexible<\/strong>.<br\/>\u2705 Perfecto para parejas, familias y amantes de la fotograf\u00eda. <br\/>\u2705 Una de las mejores valoradas <strong>Escapar de Marrakech a las monta\u00f1as del Atlas<\/strong><\/p>\n\n<h2 class=\"wp-block-heading has-luminous-vivid-orange-color has-text-color has-link-color wp-elements-70c2b33924b9b47e779b708eb8e54c81\"><strong>\ud83e\udded Itinerario: Qu\u00e9 esperar en su excursi\u00f3n privada de un d\u00eda al valle de Ourika<\/strong><\/h2>\n\n<p>\ud83d\ude97 <strong>Recogida en el hotel y comienzo del viaje<\/strong><br\/>Te recogeremos en tu hotel o en un punto de encuentro cercano si tu alojamiento no es accesible en coche. Prep\u00e1rate para explorar los impresionantes paisajes y la vibrante cultura del <strong>valle de Ourika<\/strong>. <\/p>\n\n<p>\ud83c\udfe1 <strong>Descubre los pueblos bereberes tradicionales<\/strong><br\/>Tu primera parada te llevar\u00e1 a <strong>aut\u00e9nticos pueblos bereberes<\/strong>, donde experimentar\u00e1s el estilo de vida \u00fanico del pueblo amazigh, un pueblo ind\u00edgena de Marruecos. Pasea por el pueblo, admira la arquitectura tradicional y, si visitas <strong>el lunes o el jueves<\/strong>, explora el <strong>zoco semanal<\/strong>, un animado mercado repleto de artesan\u00eda local y productos frescos. <\/p>\n\n<p>\ud83c\udf3f <strong>Visita una Cooperativa de Mujeres Productoras de Arg\u00e1n (Opcional)<\/strong><br\/>Descubre el famoso <strong>aceite de arg\u00e1n<\/strong> de Marruecos en una cooperativa local dirigida por mujeres bereberes. Observa c\u00f3mo elaboran artesanalmente este preciado aceite mientras apoyan una <strong>iniciativa comunitari<\/strong>a que empodera a las mujeres locales. <\/p>\n\n<p>\ud83c\udfe0 <strong>Experimenta una Casa Bereber Tradicional<\/strong><br\/>Entra en una aut\u00e9ntica <strong>casa bereber<\/strong> y descubre la vida cotidiana, las tradiciones culturales y la hospitalidad familiar. Esta visita \u00fanica te permitir\u00e1 comprender en profundidad la <strong>calidez y la sencillez del patrimonio bereber<\/strong>. <\/p>\n\n<p>\u26f0\ufe0f <strong>Senderismo a las cascadas del valle de Ourika<\/strong><br\/>Al llegar a <strong>Setti Fadma<\/strong>, re\u00fanase con su gu\u00eda local y emprenda una caminata panor\u00e1mica hacia las <strong>impresionantes cascadas<\/strong>. El sendero ofrece vistas espectaculares, aire fresco y muchas oportunidades para tomar fotos. <\/p>\n\n<p>\ud83c\udf7d\ufe0f <strong>Almuerzo junto al r\u00edo Ourika<\/strong><br\/>Despu\u00e9s de la caminata, disfruta de una deliciosa comida <strong>local junto<\/strong> al r\u00edo, rodeado del <strong>exuberante valle verde<\/strong> y un ambiente sereno. Admira la apacible belleza de la zona antes de regresar a Marrakech. <\/p>\n\n<p>\ud83d\udee3\ufe0f <strong>Regreso a Marrakech<\/strong><br\/>Al finalizar el d\u00eda, si\u00e9ntate y rel\u00e1jate en tu viaje de regreso, llev\u00e1ndote a casa recuerdos inolvidables de la <strong>cultura bereber, los paisajes del Atlas y la belleza natural.<\/strong><\/p>\n\n<h2 class=\"wp-block-heading has-luminous-vivid-orange-color has-text-color has-link-color wp-elements-f61a7e7f159dbc1cc423d5dd58f2c0b7\"><strong>\u2705 Qu\u00e9 incluye<\/strong><\/h2>\n\n<ul class=\"wp-block-list\">\n<li>Veh\u00edculo privado y conductor profesional<\/li>\n\n\n\n<li>Recogida y regreso a su hotel o riad.<\/li>\n\n\n\n<li>Combustible, tasas de circulaci\u00f3n y transporte con aire acondicionado<\/li>\n\n\n\n<li>Tiempo libre para explorar pueblos y cascadas.<\/li>\n\n\n\n<li>Opci\u00f3n de contratar gu\u00eda local (en el lugar, pago extra)<\/li>\n<\/ul>\n\n<h2 class=\"wp-block-heading has-luminous-vivid-orange-color has-text-color has-link-color wp-elements-33b85e7a651063e8494066815f17c6ee\"><strong>\u274c No incluido<\/strong><\/h2>\n\n<ul class=\"wp-block-list\">\n<li>Almuerzo o bebidas<\/li>\n\n\n\n<li>Gu\u00eda local de monta\u00f1a (opcional ~ 25 \u20ac)<\/li>\n\n\n\n<li>Propinas al conductor o gu\u00eda<\/li>\n<\/ul>\n\n<h2 class=\"wp-block-heading has-luminous-vivid-orange-color has-text-color has-link-color wp-elements-ff8697e042df55cd4ba6698c31369c39\"><strong>\ud83d\udccd Informaci\u00f3n de recogida<\/strong><\/h2>\n\n<p>La recogida comienza a las <strong>9:00 h<\/strong> en su alojamiento en Marrakech. Regreso a la ciudad aproximadamente a las <strong>17:00 h<\/strong>. <\/p>\n\n<h2 class=\"wp-block-heading has-luminous-vivid-orange-color has-text-color has-link-color wp-elements-9fee9c2ef26b995509552a55f054d174\"><strong>\ud83d\udcc5 Informaci\u00f3n de reserva<\/strong><\/h2>\n\n<ul class=\"wp-block-list\">\n<li>Duraci\u00f3n del tour: D\u00eda completo (aprox. 8 horas)<\/li>\n\n\n\n<li>Salidas diarias \u2013 <em>se recomienda reservar con antelaci\u00f3n<\/em><\/li>\n\n\n\n<li>Confirmaci\u00f3n instant\u00e1nea<\/li>\n\n\n\n<li>Experiencia privada \u2013 sin otros participantes<\/li>\n<\/ul>\n\n<h2 class=\"wp-block-heading has-luminous-vivid-orange-color has-text-color has-link-color wp-elements-bfb6dee5d5fe7cf6b0530b4210171ee1\"><strong>Preguntas frecuentes<\/strong><\/h2>\n<div id=\"rank-math-faq\" class=\"rank-math-block\">\n<div class=\"rank-math-list \">\n<div id=\"faq-question-1754291817960\" class=\"rank-math-list-item\">\n<h3 class=\"rank-math-question \"><strong>\u00bfLa excursi\u00f3n de un d\u00eda al valle de Ourika es adecuada para familias con ni\u00f1os?<\/strong><\/h3>\n<div class=\"rank-math-answer \">\n\n<p>S\u00ed, esta excursi\u00f3n privada de un d\u00eda es ideal para familias. A los ni\u00f1os les encanta el recorrido panor\u00e1mico, la oportunidad de explorar pueblos bereberes y la tranquila caminata hasta las cascadas. Av\u00edsenos si necesita una silla infantil.  <\/p>\n\n<\/div>\n<\/div>\n<div id=\"faq-question-1754291831865\" class=\"rank-math-list-item\">\n<h3 class=\"rank-math-question \"><strong>\u00bfQu\u00e9 tan dif\u00edcil es la caminata a las cascadas de Ourika?<\/strong><\/h3>\n<div class=\"rank-math-answer \">\n\n<p>La caminata es moderada y dura unos 45 minutos ida y vuelta. Incluye senderos irregulares y algo de escalada, por lo que se recomienda llevar calzado c\u00f3modo. Si no puede caminar, puede relajarse en los caf\u00e9s cercanos junto al r\u00edo.  <\/p>\n\n<\/div>\n<\/div>\n<div id=\"faq-question-1754291847045\" class=\"rank-math-list-item\">\n<h3 class=\"rank-math-question \"><strong>\u00bfPuedo reservar un gu\u00eda privado para la caminata a las cascadas?<\/strong><\/h3>\n<div class=\"rank-math-answer \">\n\n<p>S\u00ed, podemos organizar un gu\u00eda local experto para que lo acompa\u00f1e a las cascadas. Esto enriquecer\u00e1 su experiencia al brindarle informaci\u00f3n sobre la naturaleza, la cultura y la historia de la zona. <\/p>\n\n<\/div>\n<\/div>\n<div id=\"faq-question-1754291863147\" class=\"rank-math-list-item\">\n<h3 class=\"rank-math-question \"><strong>\u00bfQu\u00e9 incluye la excursi\u00f3n de un d\u00eda al valle de Ourika?<\/strong><\/h3>\n<div class=\"rank-math-answer \">\n\n<p>Su tour privado incluye recogida y regreso al hotel, un veh\u00edculo con aire acondicionado y conductor, y tiempo para explorar pueblos, visitar una cooperativa de arg\u00e1n y hacer senderismo hasta las cascadas. El almuerzo no est\u00e1 incluido, pero se puede organizar junto al r\u00edo. <\/p>\n\n<\/div>\n<\/div>\n<div id=\"faq-question-1754292984013\" class=\"rank-math-list-item\">\n<h3 class=\"rank-math-question \"><strong>\u00bfCu\u00e1nto dura la excursi\u00f3n de un d\u00eda al valle de Ourika desde Marrakech?<\/strong><\/h3>\n<div class=\"rank-math-answer \">\n\n<p>La experiencia completa dura alrededor de 7 a 8 horas, comenzando desde Marrakech por la ma\u00f1ana y regresando por la tarde.<\/p>\n\n<\/div>\n<\/div>\n<div id=\"faq-question-1754291878088\" class=\"rank-math-list-item\">\n<h3 class=\"rank-math-question \">\u00bfPuedo personalizar mi tour privado al Valle de Ourika?<\/h3>\n<div class=\"rank-math-answer \">\n\n<p>Por supuesto. Este es un viaje privado, as\u00ed que podemos ajustar el horario o a\u00f1adir paradas seg\u00fan tus intereses. Solo av\u00edsanos con antelaci\u00f3n al reservar. <\/p>\n\n<\/div>\n<\/div>\n<div id=\"faq-question-1754293014907\" class=\"rank-math-list-item\">\n<h3 class=\"rank-math-question \"><strong>\u00bfQu\u00e9 debo vestir o llevar para el recorrido por el valle de Ourika?<\/strong><\/h3>\n<div class=\"rank-math-answer \">\n\n<p>Recomendamos llevar calzado c\u00f3modo para caminar, sombrero y protector solar. Traer una botella de agua y una chaqueta ligera, seg\u00fan la temporada. <\/p>\n\n<\/div>\n<\/div>\n<\/div>\n<\/div>","protected":false},"excerpt":{"rendered":"<p>Esc\u00e1pate de Marrakech y explora el hermoso valle de Ourika en el Atlas con un conductor privado. Ideal para amantes de la naturaleza y la cultura. <\/p>\n","protected":false},"featured_media":34694,"comment_status":"open","ping_status":"closed","template":"","meta":{"inline_featured_image":false,"_monsterinsights_skip_tracking":false,"_monsterinsights_sitenote_active":false,"_monsterinsights_sitenote_note":"","_monsterinsights_sitenote_category":0},"product_brand":[],"product_cat":[78,79],"product_tag":[],"class_list":{"0":"post-26051","1":"product","2":"type-product","3":"status-publish","4":"has-post-thumbnail","6":"product_cat-mejores-excursiones-marrakech","7":"product_cat-excursiones-privadas-marrakech","9":"first","10":"instock","11":"virtual","12":"sold-individually","13":"purchasable","14":"product-type-booking"},"booking_location":"","booking_location_type":"","booking_duration":1,"booking_duration_unit":"day","booking_buffer":0,"booking_cost":60,"booking_resources":[],"exclude_global_add_ons":false,"addons":[{"name":"Coche de lujo (+25\u20ac)","type":"checkbox","position":0,"required":false,"title_format":"hide","default":"","description_enable":false,"description":"Contratar gu\u00eda local","placeholder_enable":false,"placeholder":null,"display":"select","restrictions_type":"any_text","adjust_price":false,"price":"","price_type":"flat_fee","restrictions":false,"min":"0","max":"0","options":[{"label":"Coche de lujo (+25\u20ac)","price":"25","price_type":"flat_fee","image":0,"visibility":true}],"id":1740271228},{"name":"Gu\u00eda local (+25\u20ac)","type":"checkbox","position":1,"required":false,"title_format":"hide","default":"","description_enable":false,"description":null,"placeholder_enable":false,"placeholder":null,"display":"select","restrictions_type":"any_text","adjust_price":false,"price":"","price_type":"flat_fee","restrictions":false,"min":"0","max":"0","options":[{"label":"Gu\u00eda local (+25\u20ac)","price":"25","price_type":"flat_fee","image":0,"visibility":true}],"id":1754293914}],"_links":{"self":[{"href":"https:\/\/www.marrakechtaxi.com\/es\/wp-json\/wp\/v2\/product\/26051","targetHints":{"allow":["GET"]}}],"collection":[{"href":"https:\/\/www.marrakechtaxi.com\/es\/wp-json\/wp\/v2\/product"}],"about":[{"href":"https:\/\/www.marrakechtaxi.com\/es\/wp-json\/wp\/v2\/types\/product"}],"replies":[{"embeddable":true,"href":"https:\/\/www.marrakechtaxi.com\/es\/wp-json\/wp\/v2\/comments?post=26051"}],"wp:featuredmedia":[{"embeddable":true,"href":"https:\/\/www.marrakechtaxi.com\/es\/wp-json\/wp\/v2\/media\/34694"}],"wp:attachment":[{"href":"https:\/\/www.marrakechtaxi.com\/es\/wp-json\/wp\/v2\/media?parent=26051"}],"wp:term":[{"taxonomy":"product_brand","embeddable":true,"href":"https:\/\/www.marrakechtaxi.com\/es\/wp-json\/wp\/v2\/product_brand?post=26051"},{"taxonomy":"product_cat","embeddable":true,"href":"https:\/\/www.marrakechtaxi.com\/es\/wp-json\/wp\/v2\/product_cat?post=26051"},{"taxonomy":"product_tag","embeddable":true,"href":"https:\/\/www.marrakechtaxi.com\/es\/wp-json\/wp\/v2\/product_tag?post=26051"}],"curies":[{"name":"wp","href":"https:\/\/api.w.org\/{rel}","templated":true}]}}