{"id":25928,"date":"2025-02-13T18:50:47","date_gmt":"2025-02-13T17:50:47","guid":{"rendered":"https:\/\/www.marrakechtaxi.com\/terminos-y-condiciones\/"},"modified":"2025-03-16T18:14:18","modified_gmt":"2025-03-16T18:14:18","slug":"terminos-y-condiciones","status":"publish","type":"page","link":"https:\/\/www.marrakechtaxi.com\/es\/terminos-y-condiciones\/","title":{"rendered":"T\u00e9rminos y Condiciones de Venta"},"content":{"rendered":"\t\t<div data-elementor-type=\"wp-page\" data-elementor-id=\"25928\" class=\"elementor elementor-25928 elementor-24199\" data-elementor-post-type=\"page\">\n\t\t\t\t<div class=\"elementor-element elementor-element-3f72159 e-flex e-con-boxed e-con e-parent\" data-id=\"3f72159\" data-element_type=\"container\" data-e-type=\"container\">\n\t\t\t\t\t<div class=\"e-con-inner\">\n\t\t\t\t<div class=\"elementor-element elementor-element-c88e8d2 elementor-widget elementor-widget-heading\" data-id=\"c88e8d2\" data-element_type=\"widget\" data-e-type=\"widget\" data-widget_type=\"heading.default\">\n\t\t\t\t<div class=\"elementor-widget-container\">\n\t\t\t\t\t<h2 class=\"elementor-heading-title elementor-size-default\">T\u00e9rminos y Condiciones de Venta<\/h2>\t\t\t\t<\/div>\n\t\t\t\t<\/div>\n\t\t\t\t<div class=\"elementor-element elementor-element-efdc9d6 elementor-widget elementor-widget-heading\" data-id=\"efdc9d6\" data-element_type=\"widget\" data-e-type=\"widget\" data-widget_type=\"heading.default\">\n\t\t\t\t<div class=\"elementor-widget-container\">\n\t\t\t\t\t<h6 class=\"elementor-heading-title elementor-size-default\">\u00daltima actualizaci\u00f3n: 13 de febrero de 2025<\/h6>\t\t\t\t<\/div>\n\t\t\t\t<\/div>\n\t\t\t\t<div class=\"elementor-element elementor-element-6750988 elementor-widget elementor-widget-text-editor\" data-id=\"6750988\" data-element_type=\"widget\" data-e-type=\"widget\" data-widget_type=\"text-editor.default\">\n\t\t\t\t<div class=\"elementor-widget-container\">\n\t\t\t\t\t\t\t\t\t<p>Estos T\u00e9rminos y Condiciones de Venta (TCV) rigen la relaci\u00f3n contractual entre \u00abMarrakech Go Adventures SARL\u00bb, operador del sitio web MarrakechTaxi.com, y cualquier persona que realice una compra o reserva en el sitio. Al confirmar una reserva, el cliente acepta plenamente estos t\u00e9rminos sin reservas.<\/p>\t\t\t\t\t\t\t\t<\/div>\n\t\t\t\t<\/div>\n\t\t\t\t<div class=\"elementor-element elementor-element-3dd1235 elementor-widget elementor-widget-heading\" data-id=\"3dd1235\" data-element_type=\"widget\" data-e-type=\"widget\" data-widget_type=\"heading.default\">\n\t\t\t\t<div class=\"elementor-widget-container\">\n\t\t\t\t\t<h2 class=\"elementor-heading-title elementor-size-default\">1. Prop\u00f3sito<\/h2>\t\t\t\t<\/div>\n\t\t\t\t<\/div>\n\t\t\t\t<div class=\"elementor-element elementor-element-c781818 elementor-widget elementor-widget-text-editor\" data-id=\"c781818\" data-element_type=\"widget\" data-e-type=\"widget\" data-widget_type=\"text-editor.default\">\n\t\t\t\t<div class=\"elementor-widget-container\">\n\t\t\t\t\t\t\t\t\tLas presentes TCV definen los derechos y obligaciones de ambas partes en relaci\u00f3n con la venta de servicios de transporte, reservas de hotel y otros servicios relacionados con el turismo ofrecidos en MarrakechTaxi.com.\t\t\t\t\t\t\t\t<\/div>\n\t\t\t\t<\/div>\n\t\t\t\t<div class=\"elementor-element elementor-element-7c2916f elementor-widget elementor-widget-heading\" data-id=\"7c2916f\" data-element_type=\"widget\" data-e-type=\"widget\" data-widget_type=\"heading.default\">\n\t\t\t\t<div class=\"elementor-widget-container\">\n\t\t\t\t\t<h2 class=\"elementor-heading-title elementor-size-default\">2. Pedidos y disponibilidad<\/h2>\t\t\t\t<\/div>\n\t\t\t\t<\/div>\n\t\t\t\t<div class=\"elementor-element elementor-element-21dac5e elementor-widget elementor-widget-text-editor\" data-id=\"21dac5e\" data-element_type=\"widget\" data-e-type=\"widget\" data-widget_type=\"text-editor.default\">\n\t\t\t\t<div class=\"elementor-widget-container\">\n\t\t\t\t\t\t\t\t\t<ul><li>Cualquier reserva realizada a trav\u00e9s de nuestro sitio web est\u00e1 sujeta a confirmaci\u00f3n por parte de nuestros socios (hoteles, proveedores de transporte, etc.).<\/li><li>The sale is considered final once availability has been confirmed by our partners and a confirmation email has been sent to the customer.<\/li><li>En caso de que el servicio reservado no est\u00e9 disponible, ofreceremos una alternativa o el reembolso total del importe pagado.<\/li><\/ul>\t\t\t\t\t\t\t\t<\/div>\n\t\t\t\t<\/div>\n\t\t\t\t<div class=\"elementor-element elementor-element-5037dea elementor-widget elementor-widget-heading\" data-id=\"5037dea\" data-element_type=\"widget\" data-e-type=\"widget\" data-widget_type=\"heading.default\">\n\t\t\t\t<div class=\"elementor-widget-container\">\n\t\t\t\t\t<h2 class=\"elementor-heading-title elementor-size-default\">3. Precios y pagos<\/h2>\t\t\t\t<\/div>\n\t\t\t\t<\/div>\n\t\t\t\t<div class=\"elementor-element elementor-element-d08810e elementor-widget elementor-widget-text-editor\" data-id=\"d08810e\" data-element_type=\"widget\" data-e-type=\"widget\" data-widget_type=\"text-editor.default\">\n\t\t\t\t<div class=\"elementor-widget-container\">\n\t\t\t\t\t\t\t\t\t<ul>\n \t<li>Los precios mostrados en nuestro sitio web pueden estar en <strong>MAD (d\u00edrhams marroqu\u00edes), EUR (euros) o USD (d\u00f3lares estadounidenses)<\/strong>, dependiendo de la selecci\u00f3n del cliente y del tipo de cambio aplicable.<\/li>\n \t<li>El pago deber\u00e1 realizarse online utilizando los m\u00e9todos de pago seguros aceptados en nuestra plataforma.<\/li>\n \t<li><strong>Los dep\u00f3sitos no son reembolsables<\/strong>, excepto en los casos en que el servicio sea cancelado por nosotros o no est\u00e9 disponible por parte del proveedor.<\/li>\n<\/ul>\t\t\t\t\t\t\t\t<\/div>\n\t\t\t\t<\/div>\n\t\t\t\t<div class=\"elementor-element elementor-element-356f91a elementor-widget elementor-widget-heading\" data-id=\"356f91a\" data-element_type=\"widget\" data-e-type=\"widget\" data-widget_type=\"heading.default\">\n\t\t\t\t<div class=\"elementor-widget-container\">\n\t\t\t\t\t<h2 class=\"elementor-heading-title elementor-size-default\">4. Pol\u00edtica de cancelaci\u00f3n y reembolso<\/h2>\t\t\t\t<\/div>\n\t\t\t\t<\/div>\n\t\t\t\t<div class=\"elementor-element elementor-element-9f3ecb3 elementor-widget elementor-widget-heading\" data-id=\"9f3ecb3\" data-element_type=\"widget\" data-e-type=\"widget\" data-widget_type=\"heading.default\">\n\t\t\t\t<div class=\"elementor-widget-container\">\n\t\t\t\t\t<h3 class=\"elementor-heading-title elementor-size-default\">4.1 Servicios de transporte y excursiones<\/h3>\t\t\t\t<\/div>\n\t\t\t\t<\/div>\n\t\t\t\t<div class=\"elementor-element elementor-element-c7e735c elementor-widget elementor-widget-text-editor\" data-id=\"c7e735c\" data-element_type=\"widget\" data-e-type=\"widget\" data-widget_type=\"text-editor.default\">\n\t\t\t\t<div class=\"elementor-widget-container\">\n\t\t\t\t\t\t\t\t\t<ul>\n \t<li><strong>Las solicitudes de cancelaci\u00f3n deben enviarse por correo electr\u00f3nico o a trav\u00e9s de nuestro servicio de atenci\u00f3n al cliente.<\/strong><\/li>\n \t<li>No se conceder\u00e1n reembolsos por <strong>determinados servicios espec\u00edficos<\/strong>, como se indica en el momento de la reserva.<\/li>\n \t<li><strong>No se otorgar\u00e1n reembolsos por cancelaciones realizadas dentro de las 24 horas previas al servicio programado.<\/strong><\/li>\n \t<li>Si el cliente no se presenta a la hora acordada, no se emitir\u00e1 ning\u00fan reembolso.<\/li>\n \t<li>Si nosotros o uno de nuestros socios cancelamos el servicio, se ofrecer\u00e1 un reembolso o una reprogramaci\u00f3n.<\/li>\n<\/ul>\t\t\t\t\t\t\t\t<\/div>\n\t\t\t\t<\/div>\n\t\t\t\t<div class=\"elementor-element elementor-element-33d6ca3 elementor-widget elementor-widget-heading\" data-id=\"33d6ca3\" data-element_type=\"widget\" data-e-type=\"widget\" data-widget_type=\"heading.default\">\n\t\t\t\t<div class=\"elementor-widget-container\">\n\t\t\t\t\t<h3 class=\"elementor-heading-title elementor-size-default\">4.2 Reservas que incluyen reservas de hotel<\/h3>\t\t\t\t<\/div>\n\t\t\t\t<\/div>\n\t\t\t\t<div class=\"elementor-element elementor-element-8fbb329 elementor-widget elementor-widget-text-editor\" data-id=\"8fbb329\" data-element_type=\"widget\" data-e-type=\"widget\" data-widget_type=\"text-editor.default\">\n\t\t\t\t<div class=\"elementor-widget-container\">\n\t\t\t\t\t\t\t\t\t<ul><li>Cualquier solicitud de cancelaci\u00f3n debe realizarse al menos 15 d\u00edas antes del servicio programado para ser elegible a un reembolso.<\/li><li>Despu\u00e9s de este per\u00edodo, no se conceder\u00e1n reembolsos.<\/li><\/ul>\t\t\t\t\t\t\t\t<\/div>\n\t\t\t\t<\/div>\n\t\t\t\t<div class=\"elementor-element elementor-element-6a1aab8 elementor-widget elementor-widget-heading\" data-id=\"6a1aab8\" data-element_type=\"widget\" data-e-type=\"widget\" data-widget_type=\"heading.default\">\n\t\t\t\t<div class=\"elementor-widget-container\">\n\t\t\t\t\t<h2 class=\"elementor-heading-title elementor-size-default\">5. Responsabilidades y compromisos<\/h2>\t\t\t\t<\/div>\n\t\t\t\t<\/div>\n\t\t\t\t<div class=\"elementor-element elementor-element-374e489 elementor-widget elementor-widget-text-editor\" data-id=\"374e489\" data-element_type=\"widget\" data-e-type=\"widget\" data-widget_type=\"text-editor.default\">\n\t\t\t\t<div class=\"elementor-widget-container\">\n\t\t\t\t\t\t\t\t\t<ul> \t<li><strong>Marrakech Go act\u00faa como intermediario<\/strong> entre el cliente y los proveedores de servicios (hoteles, empresas de transporte, etc.). Por lo tanto, no podemos ser considerados responsables de ning\u00fan fallo por parte de un proveedor de servicios.<\/li>\n \t<li>Nos esforzamos por proporcionar la informaci\u00f3n m\u00e1s precisa posible sobre nuestros servicios, pero pueden ocurrir cambios debido a circunstancias imprevistas.<\/li>\n \t<li>Los clientes deben cumplir con los t\u00e9rminos establecidos por los proveedores de servicios, particularmente en materia de seguridad y regulaciones locales.<\/li>\n<\/ul>\t\t\t\t\t\t\t\t<\/div>\n\t\t\t\t<\/div>\n\t\t\t\t<div class=\"elementor-element elementor-element-ae7d336 elementor-widget elementor-widget-heading\" data-id=\"ae7d336\" data-element_type=\"widget\" data-e-type=\"widget\" data-widget_type=\"heading.default\">\n\t\t\t\t<div class=\"elementor-widget-container\">\n\t\t\t\t\t<h2 class=\"elementor-heading-title elementor-size-default\">6. Protecci\u00f3n de datos y privacidad<\/h2>\t\t\t\t<\/div>\n\t\t\t\t<\/div>\n\t\t\t\t<div class=\"elementor-element elementor-element-2285bc7 elementor-widget elementor-widget-text-editor\" data-id=\"2285bc7\" data-element_type=\"widget\" data-e-type=\"widget\" data-widget_type=\"text-editor.default\">\n\t\t\t\t<div class=\"elementor-widget-container\">\n\t\t\t\t\t\t\t\t\t<ul><li>De acuerdo con las leyes de protecci\u00f3n de datos marroqu\u00edes, la informaci\u00f3n personal recopilada se utiliza \u00fanicamente para procesar pedidos y mejorar nuestros servicios.<\/li><li>No compartimos datos personales con terceros, excepto cuando sea necesario para la ejecuci\u00f3n del servicio reservado.<\/li><\/ul>\t\t\t\t\t\t\t\t<\/div>\n\t\t\t\t<\/div>\n\t\t\t\t<div class=\"elementor-element elementor-element-deb2e5f elementor-widget elementor-widget-heading\" data-id=\"deb2e5f\" data-element_type=\"widget\" data-e-type=\"widget\" data-widget_type=\"heading.default\">\n\t\t\t\t<div class=\"elementor-widget-container\">\n\t\t\t\t\t<h2 class=\"elementor-heading-title elementor-size-default\">7. Fuerza mayor<\/h2>\t\t\t\t<\/div>\n\t\t\t\t<\/div>\n\t\t\t\t<div class=\"elementor-element elementor-element-e899d90 elementor-widget elementor-widget-text-editor\" data-id=\"e899d90\" data-element_type=\"widget\" data-e-type=\"widget\" data-widget_type=\"text-editor.default\">\n\t\t\t\t<div class=\"elementor-widget-container\">\n\t\t\t\t\t\t\t\t\t<p>Marrakech Go no ser\u00e1 responsable del incumplimiento total o parcial de sus obligaciones en caso de fuerza mayor (cat\u00e1strofes naturales, huelgas, pandemias, etc.).<\/p>\t\t\t\t\t\t\t\t<\/div>\n\t\t\t\t<\/div>\n\t\t\t\t<div class=\"elementor-element elementor-element-1742dfe elementor-widget elementor-widget-heading\" data-id=\"1742dfe\" data-element_type=\"widget\" data-e-type=\"widget\" data-widget_type=\"heading.default\">\n\t\t\t\t<div class=\"elementor-widget-container\">\n\t\t\t\t\t<h2 class=\"elementor-heading-title elementor-size-default\">8. Ley aplicable y controversias<\/h2>\t\t\t\t<\/div>\n\t\t\t\t<\/div>\n\t\t\t\t<div class=\"elementor-element elementor-element-4155bc2 elementor-widget elementor-widget-text-editor\" data-id=\"4155bc2\" data-element_type=\"widget\" data-e-type=\"widget\" data-widget_type=\"text-editor.default\">\n\t\t\t\t<div class=\"elementor-widget-container\">\n\t\t\t\t\t\t\t\t\t<ul><li>Estos TCV se rigen por la ley marroqu\u00ed.<\/li><li>En caso de disputa, se buscar\u00e1 primero una soluci\u00f3n amistosa. En caso de no llegar a un acuerdo, ser\u00e1n competentes los tribunales de Marrakech.<\/li><\/ul>\t\t\t\t\t\t\t\t<\/div>\n\t\t\t\t<\/div>\n\t\t\t\t<div class=\"elementor-element elementor-element-e5d12b7 elementor-widget elementor-widget-heading\" data-id=\"e5d12b7\" data-element_type=\"widget\" data-e-type=\"widget\" data-widget_type=\"heading.default\">\n\t\t\t\t<div class=\"elementor-widget-container\">\n\t\t\t\t\t<h2 class=\"elementor-heading-title elementor-size-default\">9. Contacto<\/h2>\t\t\t\t<\/div>\n\t\t\t\t<\/div>\n\t\t\t\t<div class=\"elementor-element elementor-element-958b3d0 elementor-widget elementor-widget-text-editor\" data-id=\"958b3d0\" data-element_type=\"widget\" data-e-type=\"widget\" data-widget_type=\"text-editor.default\">\n\t\t\t\t<div class=\"elementor-widget-container\">\n\t\t\t\t\t\t\t\t\t<p>Para cualquier consulta o reclamaci\u00f3n, cont\u00e1ctenos en:<br>\ud83d\udce7 Correo electr\u00f3nico: <strong>contact [a] marrakechtaxi.com<br><\/strong>\ud83d\udcde WhatsApp: <strong>+212 6 00 31 66 81<\/strong><\/p><p>Al confirmar su compra, usted acepta plenamente estos t\u00e9rminos y condiciones.<\/p>\t\t\t\t\t\t\t\t<\/div>\n\t\t\t\t<\/div>\n\t\t\t\t\t<\/div>\n\t\t\t\t<\/div>\n\t\t\t\t<\/div>\n\t\t","protected":false},"excerpt":{"rendered":"<p>T\u00e9rminos y Condiciones de Venta \u00daltima actualizaci\u00f3n: 13 de febrero de 2025 Estos T\u00e9rminos y Condiciones de Venta (TCV) rigen la relaci\u00f3n contractual entre \u00abMarrakech Go Adventures SARL\u00bb, operador del sitio web MarrakechTaxi.com, y cualquier persona que realice una compra o reserva en el sitio. Al confirmar una reserva, el cliente acepta plenamente estos t\u00e9rminos [&hellip;]<\/p>\n","protected":false},"author":1,"featured_media":0,"parent":0,"menu_order":0,"comment_status":"closed","ping_status":"closed","template":"elementor_header_footer","meta":{"inline_featured_image":false,"_monsterinsights_skip_tracking":false,"_monsterinsights_sitenote_active":false,"_monsterinsights_sitenote_note":"","_monsterinsights_sitenote_category":0,"footnotes":""},"class_list":["post-25928","page","type-page","status-publish","hentry"],"_links":{"self":[{"href":"https:\/\/www.marrakechtaxi.com\/es\/wp-json\/wp\/v2\/pages\/25928","targetHints":{"allow":["GET"]}}],"collection":[{"href":"https:\/\/www.marrakechtaxi.com\/es\/wp-json\/wp\/v2\/pages"}],"about":[{"href":"https:\/\/www.marrakechtaxi.com\/es\/wp-json\/wp\/v2\/types\/page"}],"author":[{"embeddable":true,"href":"https:\/\/www.marrakechtaxi.com\/es\/wp-json\/wp\/v2\/users\/1"}],"replies":[{"embeddable":true,"href":"https:\/\/www.marrakechtaxi.com\/es\/wp-json\/wp\/v2\/comments?post=25928"}],"version-history":[{"count":0,"href":"https:\/\/www.marrakechtaxi.com\/es\/wp-json\/wp\/v2\/pages\/25928\/revisions"}],"wp:attachment":[{"href":"https:\/\/www.marrakechtaxi.com\/es\/wp-json\/wp\/v2\/media?parent=25928"}],"curies":[{"name":"wp","href":"https:\/\/api.w.org\/{rel}","templated":true}]}}